{"id":38,"date":"2010-11-30T19:47:42","date_gmt":"2010-11-30T19:47:42","guid":{"rendered":"http:\/\/blog.espol.edu.ec\/lucho\/?page_id=38"},"modified":"2010-11-30T19:55:54","modified_gmt":"2010-11-30T19:55:54","slug":"cisco-systems","status":"publish","type":"page","link":"https:\/\/blog.espol.edu.ec\/lucho\/cisco-systems\/","title":{"rendered":"CisCo SYsTEms"},"content":{"rendered":"<p><a href=\"http:\/\/blog.espol.edu.ec\/lucho\/files\/2010\/11\/presentacion-tecnologias.pptx\">CIScO<\/a>Es una empresa multin<img loading=\"lazy\" decoding=\"async\" class=\"alignright\" src=\"http:\/\/www.solusan.com\/wp-content\/2007\/11\/ciscosystems.png\" alt=\"\" width=\"521\" height=\"450\" \/>acional con sede en San Jose (California, Estados Unidos), principalmente dedicada a la fabricaci\u00f3n, venta, mantenimiento y consultor\u00eda de equipos de telecomunicaciones tales como:<\/p>\n<ul>\n<li>dispositivos de conexi\u00f3n para redes inform\u00e1ticas: routers (enrutadores, encaminadores o ruteadores), switches (conmutadores) y hubs (concentradores);<\/li>\n<li>dispositivos de seguridad como Cortafuegos y Concentradores para VPN;<\/li>\n<li>productos de telefon\u00eda IP como tel\u00e9fonos y el CallManager (una PBX IP);<\/li>\n<li>software de gesti\u00f3n de red como CiscoWorks, y<\/li>\n<li>equipos para <em>redes de \u00e1rea de almacenamiento<\/em>.<\/li>\n<\/ul>\n<p>Actualmente, Cisco Systems es l\u00edder mundial en soluciones de red e infraestructuras para Internet.<\/p>\n<p>Hasta el 8 de junio de 2009, era considerada una de las grandes empresas del sector tecnol\u00f3gico y un importante miembro del mercado del NASDAQ o mercado accionario de tecnolog\u00eda. Posterior a esa fecha y gracias a su solidez, ingresa en el \u00edndice de industriales Dow Jones.<\/p>\n<p>La empresa fue fundada en 1984 por el matrimonio de Leonard Bosack y Sandra Lerner, quienes formaban parte del personal de computaci\u00f3n de la Universidad de Stanford. El nombre de la compa\u00f1\u00eda viene de la palabra \"San Francisco\"; al mirar por la ventana hab\u00eda al frente un cartel que dec\u00eda \"San Francisco\" y un \u00e1rbol se interpon\u00eda entre la palabra separando San Fran Cisco, de ah\u00ed proviene el nombre de la empresa. All\u00ed comenz\u00f3 su despliegue como empresa multinacional.<\/p>\n<p>Bosack adapt\u00f3 el software para enrutadores multiprotocolo originalmente escrito por William Yeager, otro empleado de inform\u00e1tica en esa universidad. Cisco Systems cre\u00f3 el primer router comercialmente exitoso.<\/p>\n<p>Hoy en d\u00eda, otro gigante que le est\u00e1 intentando hacer sombra es la multinacional Juniper Networks, a la venta de routers para enlaces backbone (columna vertebral).<\/p>\n<p>Adem\u00e1s de desarrollar el hardware de sus equipos, Cisco Systems tambi\u00e9n se ocupa de desarrollar su propio software de gesti\u00f3n y configuraci\u00f3n de los mismos. Dicho software es conocido como <a title=\"IOS\" href=\"\/wiki\/IOS\">IOS<\/a> de c\u00f3digo actualmente cerrado y totalmente propietario.<\/p>\n<p>A trav\u00e9s del IOS se consigue configurar los equipos Cisco mediante la denominada \"Command Line Interface\" (Interfaz de L\u00ednea de Comandos, por su nombre en espa\u00f1ol) que sirve de int\u00e9rprete entre el usuario y el equipo.<\/p>\n","protected":false},"excerpt":{"rendered":"<p>CIScOEs una empresa multinacional con sede en San Jose (California, Estados Unidos), principalmente dedicada a la fabricaci\u00f3n, venta, mantenimiento y consultor\u00eda de equipos de telecomunicaciones tales como: dispositivos de conexi\u00f3n para redes inform\u00e1ticas: routers (enrutadores, encaminadores o ruteadores), switches (conmutadores) y hubs (concentradores); dispositivos de seguridad como Cortafuegos y Concentradores para VPN; productos de telefon\u00eda [&hellip;]<\/p>\n","protected":false},"author":5576,"featured_media":0,"parent":0,"menu_order":0,"comment_status":"open","ping_status":"open","template":"","meta":{"footnotes":""},"class_list":["post-38","page","type-page","status-publish","hentry"],"_links":{"self":[{"href":"https:\/\/blog.espol.edu.ec\/lucho\/wp-json\/wp\/v2\/pages\/38","targetHints":{"allow":["GET"]}}],"collection":[{"href":"https:\/\/blog.espol.edu.ec\/lucho\/wp-json\/wp\/v2\/pages"}],"about":[{"href":"https:\/\/blog.espol.edu.ec\/lucho\/wp-json\/wp\/v2\/types\/page"}],"author":[{"embeddable":true,"href":"https:\/\/blog.espol.edu.ec\/lucho\/wp-json\/wp\/v2\/users\/5576"}],"replies":[{"embeddable":true,"href":"https:\/\/blog.espol.edu.ec\/lucho\/wp-json\/wp\/v2\/comments?post=38"}],"version-history":[{"count":4,"href":"https:\/\/blog.espol.edu.ec\/lucho\/wp-json\/wp\/v2\/pages\/38\/revisions"}],"predecessor-version":[{"id":47,"href":"https:\/\/blog.espol.edu.ec\/lucho\/wp-json\/wp\/v2\/pages\/38\/revisions\/47"}],"wp:attachment":[{"href":"https:\/\/blog.espol.edu.ec\/lucho\/wp-json\/wp\/v2\/media?parent=38"}],"curies":[{"name":"wp","href":"https:\/\/api.w.org\/{rel}","templated":true}]}}