{"id":52,"date":"2010-11-30T20:08:48","date_gmt":"2010-11-30T20:08:48","guid":{"rendered":"http:\/\/blog.espol.edu.ec\/lucho\/?page_id=52"},"modified":"2010-11-30T20:08:48","modified_gmt":"2010-11-30T20:08:48","slug":"ibm","status":"publish","type":"page","link":"https:\/\/blog.espol.edu.ec\/lucho\/ibm\/","title":{"rendered":"IbM"},"content":{"rendered":"<p>IBM se cre\u00f3 el 15 de junio de 1911 en Binghamton (Estados Unidos) como resultado de la fusi\u00f3n gestionada por<img loading=\"lazy\" decoding=\"async\" class=\"alignright\" src=\"http:\/\/img01.hamazo.tv\/usr\/tyosiaki\/ibm-power-595.jpg\" alt=\"\" width=\"320\" height=\"360\" \/><a href=\"http:\/\/blog.espol.edu.ec\/lucho\/files\/2010\/11\/Presentac..2.pptx\">IbM<\/a> Charles R. Flint de su empresa, la <em>Tabulating Machine Company<\/em> (fundada por Herman Hollerith en 1896), con <em>Computing Scale Corporation<\/em> e <em>International Time Recording Company<\/em>. La empresa formada de la fusi\u00f3n fue llamada <em>Computing Tabulating Recording Corporation<\/em> (CTR), pero el 14 de febrero de 1924 CTR cambi\u00f3 su nombre a <em><strong>International Business Machines Corporation<\/strong><\/em> (IBM), se dice que debido a una especie de broma, al ser la l\u00edder del sector la compa\u00f1\u00eda de m\u00e1quinas registradoras \"National\".<\/p>\n<p>Las empresas originarias de CTR fabricaban una amplia gama de productos, desde sistemas para el control de empleados hasta equipos automatizados para el corte de carne. Adem\u00e1s fabricaban equipos para la gesti\u00f3n de tarjetas perforadas, que ser\u00edan un elemento clave de los futuros computadores. Con el tiempo, CTR se centrar\u00eda en estos equipos y dejar\u00eda a un lado la fabricaci\u00f3n del resto de productos.<\/p>\n<p>Durante la Segunda Guerra Mundial, IBM comenz\u00f3 a investigar en el campo de la inform\u00e1tica. En 1944 termin\u00f3 de construir el computador <em>Automatic Sequence Controlled Calculator<\/em> -Calculadora Controlada por Secuencia Autom\u00e1tica-, tambi\u00e9n conocido como Mark I. El Mark I fue la primera m\u00e1quina capaz de ejecutar c\u00e1lculos complejos autom\u00e1ticamente, y estaba basada en interruptores electromec\u00e1nicos.<\/p>\n<p>En 1953, IBM cre\u00f3 el IBM 701, el primer gran computador basado en v\u00e1lvulas de vac\u00edo, tecnolog\u00eda que substituy\u00f3 a los interruptores electromec\u00e1nicos. En 1954 introdujo la IBM 650. En 1959, los transistores empezaron a substituir a las v\u00e1lvulas de vac\u00edo. Uno de los primeros computadores de IBM basados en transistores fue el IBM 7090. Hasta aquel entonces, los computadores se usaban principalmente en centros de investigaci\u00f3n y del gobierno, pero la mejora de rendimiento alcanzada con las v\u00e1lvulas y especialmente con los transistores, hizo que algunas empresas comenzaran a utilizarlos.<\/p>\n<p>El primer sistema de almacenamiento inform\u00e1tico basado en disco, llamado RAMAC, y el lenguaje de programaci\u00f3n FORTRAN fueron creados por IBM en 1957. El RAMAC es el predecesor de los discos duros actuales y estaba formado internamente por cincuenta discos.<\/p>\n<p>A comienzos de los a\u00f1os 1960, IBM comenz\u00f3 a transformarse en una empresa dedicada exclusivamente a la inform\u00e1tica, dejando paulatinamente la fabricaci\u00f3n de equipos para tarjetas perforadas y m\u00e1quinas de escribir. Estas \u00faltimas las empez\u00f3 a fabricar a mediados de los a\u00f1os 1930.<\/p>\n","protected":false},"excerpt":{"rendered":"<p>IBM se cre\u00f3 el 15 de junio de 1911 en Binghamton (Estados Unidos) como resultado de la fusi\u00f3n gestionada porIbM Charles R. Flint de su empresa, la Tabulating Machine Company (fundada por Herman Hollerith en 1896), con Computing Scale Corporation e International Time Recording Company. La empresa formada de la fusi\u00f3n fue llamada Computing Tabulating [&hellip;]<\/p>\n","protected":false},"author":5576,"featured_media":0,"parent":0,"menu_order":0,"comment_status":"open","ping_status":"open","template":"","meta":{"footnotes":""},"class_list":["post-52","page","type-page","status-publish","hentry"],"_links":{"self":[{"href":"https:\/\/blog.espol.edu.ec\/lucho\/wp-json\/wp\/v2\/pages\/52","targetHints":{"allow":["GET"]}}],"collection":[{"href":"https:\/\/blog.espol.edu.ec\/lucho\/wp-json\/wp\/v2\/pages"}],"about":[{"href":"https:\/\/blog.espol.edu.ec\/lucho\/wp-json\/wp\/v2\/types\/page"}],"author":[{"embeddable":true,"href":"https:\/\/blog.espol.edu.ec\/lucho\/wp-json\/wp\/v2\/users\/5576"}],"replies":[{"embeddable":true,"href":"https:\/\/blog.espol.edu.ec\/lucho\/wp-json\/wp\/v2\/comments?post=52"}],"version-history":[{"count":1,"href":"https:\/\/blog.espol.edu.ec\/lucho\/wp-json\/wp\/v2\/pages\/52\/revisions"}],"predecessor-version":[{"id":54,"href":"https:\/\/blog.espol.edu.ec\/lucho\/wp-json\/wp\/v2\/pages\/52\/revisions\/54"}],"wp:attachment":[{"href":"https:\/\/blog.espol.edu.ec\/lucho\/wp-json\/wp\/v2\/media?parent=52"}],"curies":[{"name":"wp","href":"https:\/\/api.w.org\/{rel}","templated":true}]}}