{"id":64,"date":"2010-11-30T20:41:01","date_gmt":"2010-11-30T20:41:01","guid":{"rendered":"http:\/\/blog.espol.edu.ec\/lucho\/?page_id=64"},"modified":"2010-11-30T20:41:01","modified_gmt":"2010-11-30T20:41:01","slug":"sony","status":"publish","type":"page","link":"https:\/\/blog.espol.edu.ec\/lucho\/sony\/","title":{"rendered":"SOnY"},"content":{"rendered":"<p><img loading=\"lazy\" decoding=\"async\" class=\"alignnone\" src=\"http:\/\/cdn.appleweblog.com\/files\/2010\/10\/sony-logo-e1288103924960.jpg\" alt=\"\" width=\"450\" height=\"300\" \/><a href=\"http:\/\/blog.espol.edu.ec\/lucho\/files\/2010\/11\/exposicion_tecnologias.ppt\">SOnY<\/a>En septiembre de 1945, Masaru Ibuka regres\u00f3 a Tokio, que hab\u00eda quedado destrozada por los bombardeos aliados durante la Segunda Guerra Mundial. El tercer piso de los Grandes Almacenes Shirokiya, se convirti\u00f3 en el nuevo taller de Ibuka y su grupo. El exterior del edificio, presentaba grietas por todas partes.<\/p>\n<p>En octubre, Ibuka y su grupo establecieron una instalaci\u00f3n llamada Tokyo Tsushin Kenkyujo (Totsuken) o Instituto de Telecomunicaciones de Tokio. A pesar del entusiasmo, nadie sab\u00eda al principio qu\u00e9 hacer. La mayor\u00eda de los salarios se pagaban recurriendo a los limitados ahorros de Ibuka.<\/p>\n<p>La f\u00e1brica reparaba radios y hac\u00eda convertidores de onda corta o adaptadores que pod\u00edan convertir f\u00e1cilmente radios de onda media en superheterodinos o receptores de ondas de cualquier longitud, cuya demanda crec\u00eda r\u00e1pidamente.<\/p>\n<p>Los adaptadores de onda corta atrajeron la atenci\u00f3n y el peri\u00f3dico Asahi Shimbun public\u00f3 un art\u00edculo al respecto. Cuando la guerra llegaba a su fin, Akio Morita hab\u00eda decidido regresar a Kosugaya, en la Prefectura de Aichi. Un d\u00eda ley\u00f3 la columna que mencionaba a Ibuka e inmediatamente escribi\u00f3 a su amigo, quien le contest\u00f3 e inst\u00f3 a venir a Tokio.<\/p>\n<p>Ibuka y Morita, se conocieron durante las reuniones del Comit\u00e9 de Investigaciones en Per\u00edodo B\u00e9lico. Ambos se convirtieron en amigos aunque Ibuka llevaba a su compa\u00f1ero m\u00e1s de doce a\u00f1os.<\/p>\n<p>Adem\u00e1s del trabajo remunerado, las reparaciones de radios aportaron una recompensa adicional, pues m\u00e1s all\u00e1 de las comisiones de servicio recib\u00edan frecuentemente arroz en las casas que visitaban para dar mantenimiento.<\/p>\n<p>La f\u00e1brica de Ibuka trabaj\u00f3 en una olla el\u00e9ctrica para cocer arroz (un producto primitivo). Era raro obtener un arroz sabroso. Fue un primer fracaso para Ibuka y su grupo.<\/p>\n<p>El arroz proven\u00eda de Shozaburo Tachikawa, un pariente lejano de Ibuka que operaba en el mercado negro. De ni\u00f1o, Ibuka sol\u00eda visitar a la familia Tachikawa en Hakodate (Hokkaid\u014d). Tachikawa se sent\u00eda allegado a Ibuka y le admiraba. Al graduarse de la universidad, Tachikawa hab\u00eda administrado con habilidad los asuntos generales de la Compa\u00f1\u00eda de Instrumentos de Medici\u00f3n de Jap\u00f3n (<em>Nissoku<\/em>). En Totsuken, \u00e9l se ocup\u00f3 de las finanzas, del personal y de asuntos generales. Una de sus primeras tareas fue comprar arroz en el mercado negro.<\/p>\n","protected":false},"excerpt":{"rendered":"<p>SOnYEn septiembre de 1945, Masaru Ibuka regres\u00f3 a Tokio, que hab\u00eda quedado destrozada por los bombardeos aliados durante la Segunda Guerra Mundial. El tercer piso de los Grandes Almacenes Shirokiya, se convirti\u00f3 en el nuevo taller de Ibuka y su grupo. El exterior del edificio, presentaba grietas por todas partes. En octubre, Ibuka y su [&hellip;]<\/p>\n","protected":false},"author":5576,"featured_media":0,"parent":0,"menu_order":0,"comment_status":"open","ping_status":"open","template":"","meta":{"footnotes":""},"class_list":["post-64","page","type-page","status-publish","hentry"],"_links":{"self":[{"href":"https:\/\/blog.espol.edu.ec\/lucho\/wp-json\/wp\/v2\/pages\/64","targetHints":{"allow":["GET"]}}],"collection":[{"href":"https:\/\/blog.espol.edu.ec\/lucho\/wp-json\/wp\/v2\/pages"}],"about":[{"href":"https:\/\/blog.espol.edu.ec\/lucho\/wp-json\/wp\/v2\/types\/page"}],"author":[{"embeddable":true,"href":"https:\/\/blog.espol.edu.ec\/lucho\/wp-json\/wp\/v2\/users\/5576"}],"replies":[{"embeddable":true,"href":"https:\/\/blog.espol.edu.ec\/lucho\/wp-json\/wp\/v2\/comments?post=64"}],"version-history":[{"count":1,"href":"https:\/\/blog.espol.edu.ec\/lucho\/wp-json\/wp\/v2\/pages\/64\/revisions"}],"predecessor-version":[{"id":66,"href":"https:\/\/blog.espol.edu.ec\/lucho\/wp-json\/wp\/v2\/pages\/64\/revisions\/66"}],"wp:attachment":[{"href":"https:\/\/blog.espol.edu.ec\/lucho\/wp-json\/wp\/v2\/media?parent=64"}],"curies":[{"name":"wp","href":"https:\/\/api.w.org\/{rel}","templated":true}]}}