{"id":67,"date":"2010-11-30T20:44:33","date_gmt":"2010-11-30T20:44:33","guid":{"rendered":"http:\/\/blog.espol.edu.ec\/lucho\/?page_id=67"},"modified":"2010-12-07T04:41:19","modified_gmt":"2010-12-07T04:41:19","slug":"edi","status":"publish","type":"page","link":"https:\/\/blog.espol.edu.ec\/lucho\/edi\/","title":{"rendered":"EdI"},"content":{"rendered":"<p><a href=\"http:\/\/www.youtube.com\/watch?v=jLnd6aE1_Uw\">EDI<\/a>\u00a0<img loading=\"lazy\" decoding=\"async\" class=\"alignright\" src=\"http:\/\/www.wsw-waelzlager.es\/_images\/204-edi-en.jpg\" alt=\"\" width=\"450\" height=\"383\" \/>El <strong>intercambio electr\u00f3nico de datos<\/strong> es la transmisi\u00f3n estructurada de datos entre organizaciones por medios electr\u00f3nicos. Se usa para transferir documentos electr\u00f3nicos o datos de negocios de un sistema computacional a otro. El intercambio electr\u00f3nico de datos puede realizarse en distintos formatos: EDIFACT, XML, ANSI ASC X12, TXT, etc.<\/p>\n<p>EDIFACT es un est\u00e1ndar de la Organizaci\u00f3n de las Naciones Unidas para el intercambio de documentos comerciales en el \u00e1mbito mundial. Existiendo subest\u00e1ndares para cada entorno de negocio (distribuci\u00f3n, automoci\u00f3n, transporte, aduanero, etc) o para cada pa\u00eds. As\u00ed, por ejemplo, AECOC regula el est\u00e1ndar EDI del sector de distribuci\u00f3n. Para el intercambio de este tipo de informaci\u00f3n se suelen utilizar las redes de valor a\u00f1adido. Adem\u00e1s del intercambio de la informaci\u00f3n, estas redes permiten su registro.<\/p>\n","protected":false},"excerpt":{"rendered":"<p>EDI\u00a0El intercambio electr\u00f3nico de datos es la transmisi\u00f3n estructurada de datos entre organizaciones por medios electr\u00f3nicos. Se usa para transferir documentos electr\u00f3nicos o datos de negocios de un sistema computacional a otro. El intercambio electr\u00f3nico de datos puede realizarse en distintos formatos: EDIFACT, XML, ANSI ASC X12, TXT, etc. EDIFACT es un est\u00e1ndar de la [&hellip;]<\/p>\n","protected":false},"author":5576,"featured_media":0,"parent":0,"menu_order":0,"comment_status":"open","ping_status":"open","template":"","meta":{"footnotes":""},"class_list":["post-67","page","type-page","status-publish","hentry"],"_links":{"self":[{"href":"https:\/\/blog.espol.edu.ec\/lucho\/wp-json\/wp\/v2\/pages\/67","targetHints":{"allow":["GET"]}}],"collection":[{"href":"https:\/\/blog.espol.edu.ec\/lucho\/wp-json\/wp\/v2\/pages"}],"about":[{"href":"https:\/\/blog.espol.edu.ec\/lucho\/wp-json\/wp\/v2\/types\/page"}],"author":[{"embeddable":true,"href":"https:\/\/blog.espol.edu.ec\/lucho\/wp-json\/wp\/v2\/users\/5576"}],"replies":[{"embeddable":true,"href":"https:\/\/blog.espol.edu.ec\/lucho\/wp-json\/wp\/v2\/comments?post=67"}],"version-history":[{"count":4,"href":"https:\/\/blog.espol.edu.ec\/lucho\/wp-json\/wp\/v2\/pages\/67\/revisions"}],"predecessor-version":[{"id":72,"href":"https:\/\/blog.espol.edu.ec\/lucho\/wp-json\/wp\/v2\/pages\/67\/revisions\/72"}],"wp:attachment":[{"href":"https:\/\/blog.espol.edu.ec\/lucho\/wp-json\/wp\/v2\/media?parent=67"}],"curies":[{"name":"wp","href":"https:\/\/api.w.org\/{rel}","templated":true}]}}