{"id":102,"date":"2014-11-11T23:00:53","date_gmt":"2014-11-12T04:00:53","guid":{"rendered":"http:\/\/blog.espol.edu.ec\/lugoguan\/?page_id=102"},"modified":"2014-11-11T23:00:53","modified_gmt":"2014-11-12T04:00:53","slug":"claro","status":"publish","type":"page","link":"https:\/\/blog.espol.edu.ec\/lugoguan\/claro\/","title":{"rendered":"CLARO"},"content":{"rendered":"<p>La empresa de telefon\u00eda mas grande del Pa\u00eds(Ecuador) se llama<a href=\"http:\/\/www.claro.com.ec\" title=\"Claro \" target=\"_blank\"> CLARO<\/a>, con sus mejores ofertas en:<br \/>\n-servicios de internet<br \/>\n-equipos celulares<br \/>\n-servicio de telefon\u00eda<br \/>\n-servicio de television<br \/>\n<a href=\"http:\/\/blog.espol.edu.ec\/lugoguan\/files\/2014\/11\/claroLogo.gif\"><img loading=\"lazy\" decoding=\"async\" src=\"http:\/\/blog.espol.edu.ec\/lugoguan\/files\/2014\/11\/claroLogo-300x151.gif\" alt=\"claroLogo\" width=\"300\" height=\"151\" class=\"alignnone size-medium wp-image-103\" \/><\/a><\/p>\n","protected":false},"excerpt":{"rendered":"<p>La empresa de telefon\u00eda mas grande del Pa\u00eds(Ecuador) se llama CLARO, con sus mejores ofertas en: -servicios de internet -equipos celulares -servicio de telefon\u00eda -servicio de television<\/p>\n","protected":false},"author":9317,"featured_media":0,"parent":0,"menu_order":0,"comment_status":"open","ping_status":"open","template":"","meta":{"footnotes":""},"class_list":["post-102","page","type-page","status-publish","hentry"],"_links":{"self":[{"href":"https:\/\/blog.espol.edu.ec\/lugoguan\/wp-json\/wp\/v2\/pages\/102","targetHints":{"allow":["GET"]}}],"collection":[{"href":"https:\/\/blog.espol.edu.ec\/lugoguan\/wp-json\/wp\/v2\/pages"}],"about":[{"href":"https:\/\/blog.espol.edu.ec\/lugoguan\/wp-json\/wp\/v2\/types\/page"}],"author":[{"embeddable":true,"href":"https:\/\/blog.espol.edu.ec\/lugoguan\/wp-json\/wp\/v2\/users\/9317"}],"replies":[{"embeddable":true,"href":"https:\/\/blog.espol.edu.ec\/lugoguan\/wp-json\/wp\/v2\/comments?post=102"}],"version-history":[{"count":1,"href":"https:\/\/blog.espol.edu.ec\/lugoguan\/wp-json\/wp\/v2\/pages\/102\/revisions"}],"predecessor-version":[{"id":104,"href":"https:\/\/blog.espol.edu.ec\/lugoguan\/wp-json\/wp\/v2\/pages\/102\/revisions\/104"}],"wp:attachment":[{"href":"https:\/\/blog.espol.edu.ec\/lugoguan\/wp-json\/wp\/v2\/media?parent=102"}],"curies":[{"name":"wp","href":"https:\/\/api.w.org\/{rel}","templated":true}]}}