{"id":105,"date":"2014-11-11T23:13:42","date_gmt":"2014-11-12T04:13:42","guid":{"rendered":"http:\/\/blog.espol.edu.ec\/lugoguan\/?page_id=105"},"modified":"2014-11-11T23:13:42","modified_gmt":"2014-11-12T04:13:42","slug":"you-tube","status":"publish","type":"page","link":"https:\/\/blog.espol.edu.ec\/lugoguan\/you-tube\/","title":{"rendered":"You tube"},"content":{"rendered":"<p>el sitio mas visitado por todas las personas a nivel mundial es <a href=\"http:\/\/www.youtube.com.ec\" title=\"youtube\" target=\"_blank\">YOU TUBE<\/a><br \/>\nContiene v\u00eddeos de diferentes clases:<br \/>\n--v\u00eddeos musicales<br \/>\n--v\u00eddeos educativos<br \/>\n--v\u00eddeos humor\u00edsticos<br \/>\n--pel\u00edculas<br \/>\n--entre otros<br \/>\n<a href=\"http:\/\/blog.espol.edu.ec\/lugoguan\/files\/2014\/11\/youtube.jpg\"><img loading=\"lazy\" decoding=\"async\" src=\"http:\/\/blog.espol.edu.ec\/lugoguan\/files\/2014\/11\/youtube-300x225.jpg\" alt=\"youtube\" width=\"300\" height=\"225\" class=\"alignnone size-medium wp-image-106\" srcset=\"https:\/\/blog.espol.edu.ec\/lugoguan\/files\/2014\/11\/youtube-300x225.jpg 300w, https:\/\/blog.espol.edu.ec\/lugoguan\/files\/2014\/11\/youtube.jpg 640w\" sizes=\"auto, (max-width: 300px) 100vw, 300px\" \/><\/a><\/p>\n","protected":false},"excerpt":{"rendered":"<p>el sitio mas visitado por todas las personas a nivel mundial es YOU TUBE Contiene v\u00eddeos de diferentes clases: --v\u00eddeos musicales --v\u00eddeos educativos --v\u00eddeos humor\u00edsticos --pel\u00edculas --entre otros<\/p>\n","protected":false},"author":9317,"featured_media":0,"parent":0,"menu_order":0,"comment_status":"open","ping_status":"open","template":"","meta":{"footnotes":""},"class_list":["post-105","page","type-page","status-publish","hentry"],"_links":{"self":[{"href":"https:\/\/blog.espol.edu.ec\/lugoguan\/wp-json\/wp\/v2\/pages\/105","targetHints":{"allow":["GET"]}}],"collection":[{"href":"https:\/\/blog.espol.edu.ec\/lugoguan\/wp-json\/wp\/v2\/pages"}],"about":[{"href":"https:\/\/blog.espol.edu.ec\/lugoguan\/wp-json\/wp\/v2\/types\/page"}],"author":[{"embeddable":true,"href":"https:\/\/blog.espol.edu.ec\/lugoguan\/wp-json\/wp\/v2\/users\/9317"}],"replies":[{"embeddable":true,"href":"https:\/\/blog.espol.edu.ec\/lugoguan\/wp-json\/wp\/v2\/comments?post=105"}],"version-history":[{"count":1,"href":"https:\/\/blog.espol.edu.ec\/lugoguan\/wp-json\/wp\/v2\/pages\/105\/revisions"}],"predecessor-version":[{"id":107,"href":"https:\/\/blog.espol.edu.ec\/lugoguan\/wp-json\/wp\/v2\/pages\/105\/revisions\/107"}],"wp:attachment":[{"href":"https:\/\/blog.espol.edu.ec\/lugoguan\/wp-json\/wp\/v2\/media?parent=105"}],"curies":[{"name":"wp","href":"https:\/\/api.w.org\/{rel}","templated":true}]}}