{"id":87,"date":"2014-11-11T19:43:52","date_gmt":"2014-11-12T00:43:52","guid":{"rendered":"http:\/\/blog.espol.edu.ec\/lugoguan\/?page_id=87"},"modified":"2014-11-11T19:43:52","modified_gmt":"2014-11-12T00:43:52","slug":"academico-en-linea-espol","status":"publish","type":"page","link":"https:\/\/blog.espol.edu.ec\/lugoguan\/academico-en-linea-espol\/","title":{"rendered":"ACAD\u00c9MICO EN LINEA ESPOL"},"content":{"rendered":"<p>Acceso a mi pagina de <a href=\"http:\/\/www.academico.espol.edu.ec\" title=\"ACAD\u00c9MICO EN LINEA ESPOL\" target=\"_blank\">ACAD\u00c9MICO EN LINEA ESPOL<\/a>, sitio en el cual puedo:<br \/>\n-Registrarme durante el proceso de matriculaci\u00f3n<br \/>\n-Observar mi calendario de actividades(clases y fechas de ex\u00e1menes)<br \/>\n-ver mi malla curricular<br \/>\n-Revisar mis calificaciones parciales<br \/>\n-Ver mi avance en la carrera<br \/>\n-entre otros.<br \/>\n<a href=\"http:\/\/blog.espol.edu.ec\/lugoguan\/files\/2014\/11\/ESPOL12.jpg\"><img loading=\"lazy\" decoding=\"async\" src=\"http:\/\/blog.espol.edu.ec\/lugoguan\/files\/2014\/11\/ESPOL12.jpg\" alt=\"ESPOL12\" width=\"210\" height=\"127\" class=\"alignnone size-full wp-image-88\" \/><\/a><\/p>\n","protected":false},"excerpt":{"rendered":"<p>Acceso a mi pagina de ACAD\u00c9MICO EN LINEA ESPOL, sitio en el cual puedo: -Registrarme durante el proceso de matriculaci\u00f3n -Observar mi calendario de actividades(clases y fechas de ex\u00e1menes) -ver mi malla curricular -Revisar mis calificaciones parciales -Ver mi avance en la carrera -entre otros.<\/p>\n","protected":false},"author":9317,"featured_media":0,"parent":0,"menu_order":0,"comment_status":"open","ping_status":"open","template":"","meta":{"footnotes":""},"class_list":["post-87","page","type-page","status-publish","hentry"],"_links":{"self":[{"href":"https:\/\/blog.espol.edu.ec\/lugoguan\/wp-json\/wp\/v2\/pages\/87","targetHints":{"allow":["GET"]}}],"collection":[{"href":"https:\/\/blog.espol.edu.ec\/lugoguan\/wp-json\/wp\/v2\/pages"}],"about":[{"href":"https:\/\/blog.espol.edu.ec\/lugoguan\/wp-json\/wp\/v2\/types\/page"}],"author":[{"embeddable":true,"href":"https:\/\/blog.espol.edu.ec\/lugoguan\/wp-json\/wp\/v2\/users\/9317"}],"replies":[{"embeddable":true,"href":"https:\/\/blog.espol.edu.ec\/lugoguan\/wp-json\/wp\/v2\/comments?post=87"}],"version-history":[{"count":1,"href":"https:\/\/blog.espol.edu.ec\/lugoguan\/wp-json\/wp\/v2\/pages\/87\/revisions"}],"predecessor-version":[{"id":89,"href":"https:\/\/blog.espol.edu.ec\/lugoguan\/wp-json\/wp\/v2\/pages\/87\/revisions\/89"}],"wp:attachment":[{"href":"https:\/\/blog.espol.edu.ec\/lugoguan\/wp-json\/wp\/v2\/media?parent=87"}],"curies":[{"name":"wp","href":"https:\/\/api.w.org\/{rel}","templated":true}]}}