{"id":103,"date":"2012-11-06T02:34:01","date_gmt":"2012-11-06T02:34:01","guid":{"rendered":"http:\/\/blog.espol.edu.ec\/luifebaq\/?page_id=103"},"modified":"2012-11-06T02:34:29","modified_gmt":"2012-11-06T02:34:29","slug":"lost-silver","status":"publish","type":"page","link":"https:\/\/blog.espol.edu.ec\/luifebaq\/creepy-pasta\/lost-silver\/","title":{"rendered":"Lost Silver"},"content":{"rendered":"<p>Era la \u00e9poca\u00a0<label>en<\/label>\u00a0la que Pok\u00e9mon Coraz\u00f3n\u00a0<label>Oro<\/label>\u00a0y Alma Plata iban a salir al mercado y todo dos mis amigos ya ten\u00edan apartada una copia, con la que\u00a0<label>te<\/label>\u00a0llegaba una figurita de Hooh o Lugia, seg\u00fan el juego que ordenaras. Lo m\u00e1s seguro es que esos juegos iban a ser de los m\u00e1s vendidos para DS, y que era de los que no te pod\u00edan faltar en tu colecci\u00f3n.<\/p>\n<p>Como el estudiante de universidad con poco presupuesto que era, no pude apartar el juego para conseguir la figura, ni siquiera pude comprarme el juego cuando sali\u00f3. As\u00ed que esper\u00e9 a fin de curso para pedirlo por Amazon.<\/p>\n<p>Pero no quer\u00edaesperar tanto tiempo, as\u00ed que decid\u00ed volver a jugar mi cartucho de Pok\u00e9mon Cristal. Busqu\u00e9 entre mis juegos de Game Boy, pero record\u00e9 que los hab\u00edamos vendido los juegos que ya no quer\u00edamos, para comprar el DS.<\/p>\n<p>S\u00f3lo ten\u00eda mi Game Boy y algunos juegos buenos, pero ninguno de convenc\u00eda. Ten\u00eda Pok\u00e9mon Diamante, pero ten\u00eda ganas de jugar desde el principio, pero no quer\u00eda borrar mi juego cuando iba tan avanzado. Mis amigos me recomendaron bajar el juego para emulador, pero como compart\u00eda computadora con mi hermano, no pod\u00eda descargar nada.<\/p>\n<p>Entonces record\u00e9 que en Gamestop vend\u00edan juegos usados, as\u00ed que fui al mall. No ten\u00edan Cristal, s\u00f3lo una copia de Ruby, que no me interes\u00f3 mucho, porque no me gust\u00f3 tanto que no estuviera tan dif\u00edcil pasarlo.<\/p>\n<p>Ya cuando casi me estaba por ir, vi que ten\u00edan una copia de Pok\u00e9mon Plata, que era pr\u00e1cticamente lo mismo que cristal, excepto por las mejoras que se agregaron despu\u00e9s. Lo compr\u00e9, a 5 d\u00f3llares, una ganga.<\/p>\n<p>Llegu\u00e9 a mi apartamento y me puse a jugar. Aqu\u00ed empiezan las cosas raras.<\/p>\n<p>Primero, el logo de Game Freak, que sal\u00eda, pero se congelaba all\u00ed, sin avanzar. Intent\u00e9 varias veces reiniciar el juego, limpiar el cartucho soplando, incluso limpiando las entradas con alcohol y un cotonete, pero no sal\u00eda de la pantalla de Game Freak.<\/p>\n<p>Hasta que en un intento, la pantalla se puso en negro un momento, 5 segundos m\u00e1s o menos. Y aparec\u00ed directamente en la pantalla donde se elige si continuar o nuevo juego, no se pod\u00eda mover el cursor para elegir este \u00fatimo, pero igual, por curiosidad, iba a ver hasta d\u00f3nde lleg\u00f3 su antiguo usuario.<\/p>\n<p>Y vaya que si avanz\u00f3. Su entrenador se llamaba \"...\", ten\u00eda las 16 medallas, 999999 d\u00f3lares, 999 horas de juego y los 251 Pok\u00e9mon registrados en la Pok\u00e9dex, inclu\u00eddos Mew y Celebi. O hab\u00eda usado trucos o ese tipo era el puto amo.<\/p>\n<p>Me dirig\u00ed a mirar los Pok\u00e9mon, porque deb\u00eda tener un equipazo de cagarse, pero \u00bfqu\u00e9 me encuentro? 5 Unowns de nivel 5 y otro Pok\u00e9mon. \u00c9se \u00faltimo se llamaba \"HURRY\" (Date prisa).<br \/>\nLos Unown describ\u00edan entre todos (Hay 28 tipos de Unown, cada uno con la forma de cada letra del abecedario)<br \/>\nla palabra \"LEAVE\" (Vete de aqu\u00ed). \"HURRY\" resultaba ser un Cyndaquil de nivel 5. Con s\u00f3lo 1 punto de vida restante y s\u00f3lo conoc\u00eda 2 ataques: Malicioso y destello (que no hacen nada). Tambi\u00e9n era muy raro que ninguno de \u00e9sos Pok\u00e9mon emitiese su grito caracter\u00edstico, esto no significa que yo sea un freak que se sabe todos los diferentes gritos de los pok\u00e9mones, sino que esto era muy obvio, ya que todos sonaban feo y fuera de lugar.<\/p>\n<p>En cuanto a mi situaci\u00f3n, parec\u00eda estar en Torre Bellsprout. Pero no hab\u00eda ni personajes, ni elementos, ni escaleras. S\u00f3lo una columna. Estuve un buen rato buscando una escalera, que resultaba estar tras la columna. Al bajar por ella. La pantalla estaba negra. Estaba carg\u00e1ndose? No, estaba en un sitio oscuro.<\/p>\n<p>\"Vale, HURRY tiene Destello. Vamos a usarlo\", pens\u00e9. Me arrepentir\u00e9 de esa decisi\u00f3n toda mi vida. A partir de ahora, y hasta el final, ver\u00e9is por qu\u00e9.<\/p>\n<p>La habitaci\u00f3n estaba toda pintada de rojo sangre, y ten\u00eda un camino pintado de gris. Empez\u00f3 a sonar m\u00fasica de mi Pok\u00e9gear. La m\u00fasica de las Ruinas Alfa (donde est\u00e1n los Unown).<br \/>\nCada 20 pasos que daba por el camino gris, la habitaci\u00f3n se oscurec\u00eda m\u00e1s, y m\u00e1s, y m\u00e1s. Hasta encontrarme con un cartel. Lo le\u00ed, pon\u00eda \"TURN BACK NOW\" (Da la vuelta ya).<br \/>\nApareci\u00f3 de repente un mensaje d\u00e1ndome a elegir SI o NO, sin pregunta previa.<\/p>\n<p>Eleg\u00ed SI, y son\u00f3 un ruido como de descenso de planta. Aparec\u00ed en otra planta oscura. Me arm\u00e9 de valor y mand\u00e9 a HURRY hacer Destello. Pero de repente aparece un mensaje: \"HURRY est\u00e1 debilitado!\"<\/p>\n<p>Si no estaba envenenado ni nada. Fui a revisar mi Pok\u00e9mon. Los Unown hab\u00edan cambiado. Ahora eran seis (HURRY ya no estaba), todos eran de nivel 10, y sus formas describ\u00edan la frase \"HEDIED\" (Ha muerto).<\/p>\n<p>Para m\u00e1s acojone, la sala se ilumin\u00f3, revel\u00e1ndose que no era m\u00e1s grande que 4 cuadrados, con una salida. Al salir me encontr\u00e9 con una hilera de tumbas, como las del Pok\u00e9mon Rojo\/Azul. No pod\u00eda hacer nada por all\u00ed.<\/p>\n<p>Llegu\u00e9 a la conclusi\u00f3n que alg\u00fan tarado debi\u00f3 modificar el juego para hacerlo as\u00ed y luego lo vendi\u00f3 al Gamestop haci\u00e9ndolo pasar por una copia de Pok\u00e9mon Plata.<\/p>\n<p>Revis\u00e9 de nuevo mi entrenador. Para no creerlo; A MI ENTRENADOR LE FALTABAN LOS BRAZOS Y, SEG\u00daN SU HISTORIAL, TEN\u00cdA 24 MEDALLAS. \u00bfC\u00f3mo co\u00f1o pod\u00eda tener 24 medallas si hay 16 gimnasios? Definitivamente, el creador de ese hack estaba enfermo.<\/p>\n<p>Segu\u00ed paseando sin rumbo, por la habitaci\u00f3n, hasta que a mi personaje le da por hacer la animaci\u00f3n t\u00edpica de cuando usas la Cuerda Hu\u00edda. Ya sab\u00e9is, cuando empieza a rotar sobre s\u00ed mismo y se eleva. S\u00f3lo que ahora descend\u00eda, hundi\u00e9ndose en la tierra.<\/p>\n<p>Al reaparecer, su sprite estaba blanco. En el juego, el prota est\u00e1 coloreado de rojo. Pero ahora parec\u00eda que lo hubiesen decolorado con lej\u00eda. Mir\u00e9 de nuevo su estado para ver si tambi\u00e9n era blanco. Vaya susto me llev\u00e9. Mi entrenador no s\u00f3lo estaba blanco como la nieve, sino que hab\u00eda perdido las piernas. Encima, parec\u00eda que de sus ojos llorase sangre.<br \/>\nAdem\u00e1s ahora ten\u00eda 32 medallas. Alguna relaci\u00f3n deb\u00eda haber entre el aumento de medallas y la paulatina desaparici\u00f3n de mi personaje.<\/p>\n<p>Cuando volv\u00ed a revisar mis Pok\u00e9mon, c\u00f3mo no, hab\u00edan cambiado otra vez.<\/p>\n<p>Ahora ten\u00eda 5 Unowns, que juntos le\u00edan la palabra \"DYING\" (Muriendo). Y adem\u00e1s ahora ten\u00eda un Celebi al nivel 100. Pensando que por fin me tocab un Pok\u00e9mon pepino, mir\u00e9 sus caracter\u00edsticas. Para mi sorpresa, a mi Celebi le faltaba una pierna, un brazo y un ojo. Y s\u00f3lo ten\u00eda un ataque: Canci\u00f3n Perdida.<\/p>\n<p>Volv\u00ed al juego. Camin\u00e9 al norte un buen rato. Cuando pens\u00e9 que estar\u00eda incompleto, aparecieron varios personajes masculinos y femeninos alineados. No hac\u00edan ni respond\u00edan nada. Segu\u00ed subiendo hasta encontrarme con un sprite del entrenador Red (supuestamente tu antiguo jugador de Pok\u00e9mon Rojo, al que has de batir en el juego de Plata).<\/p>\n<p>Al verme, iniciamos una batalla. El silencio se hizo m\u00fasica, pero la m\u00fasica de las Ruinas Alfa otra vez. Y ahora sonaba como invertida. La imagen de Red en batalla es la propia de Pok\u00e9mon Rojo en el men\u00fa de ese juego, pero ahora era transparente.<\/p>\n<p>Y pon\u00eda \"quiere luchar!\" sin nombre ni nada. Y tanto \u00e9l como yo ten\u00edamos 1 Pok\u00e9mon. \u00c9l vale, pero y mis Unown?<\/p>\n<p>Yo saqu\u00e9 mi Celebi nivel 100, pensando \"Me lo voy a follar vivo\", cuando \u00e9l saca un puto Pikachu de nivel 255 (el m\u00e1ximo se supone que es 100, pero bueno). Y en la imagen parec\u00eda triste, como con l\u00e1grimas en los ojos.<\/p>\n<p>Pues vamos a luchar.<\/p>\n<p>-Pikachu us\u00f3 MALDICI\u00d3N! (Me parece que Pikachu no puede aprender Maldici\u00f3n pero bueno...)<br \/>\n-Celebi us\u00f3 Canci\u00f3n Perdida! (Qu\u00e9 remedio)<br \/>\nEn tres turnos, los 2 Pok\u00e9mon acabaron debilitados. Pero la batalla continuaba, ahora sin poder controlar nada. Los Pok\u00e9mon revivieron y volvieron a luchar.<\/p>\n<p>-Pikachu us\u00f3 Golpe! No fue muy efectivo.<br \/>\n-Celebi us\u00f3 Canci\u00f3n Perdida! No pas\u00f3 nada.<br \/>\n-Pikachu us\u00f3 Frustraci\u00f3n! que me dej\u00f3 el Celebi a 10 puntos de vida.<br \/>\n-Celebi us\u00f3 DIVIDIR DA\u00d1OS! (Pero si no ten\u00eda ese ataque! En fin, los dos se quedaron mas o menos a la mitad).<br \/>\n-Pikachu us\u00f3 Malicioso! No pas\u00f3 nada.<\/p>\n<p>Por usar Canci\u00f3n Perdida, como es normal, mi Celebi se desmay\u00f3. Pero en el texto puso: \"Celebi ha muerto!\"<br \/>\nPikachu us\u00f3 antes de acabar, otro ataque. Uno fuera del l\u00edmite de 5 ataques por Pok\u00e9mon.<\/p>\n<p>-Pikachu us\u00f3 CADENAS DEL DESTINO!<\/p>\n<p>\"Pikachu ha muerto!\"<\/p>\n<p>Seg\u00fan el juego, yo gan\u00e9. Mi sprite reapareci\u00f3 y dijo \"......\"<\/p>\n<p>Aqu\u00ed casi me me\u00e9 encima. Mi personaje fue repentinamente decapitado. La batalla finaliz\u00f3.<\/p>\n<p>Volviendo al mundo, mi personaje se hab\u00eda vuelto invisible.<\/p>\n<p>Reaparec\u00ed en mi habitaci\u00f3n. Hab\u00eda llegado a mi casa. \u00bfPodr\u00eda ya jugar el juego como es debido? Lo dudo.<\/p>\n<p>Circulando por ah\u00ed, vi que estaban todos los objetos, pero no pod\u00eda usarlos. Con un poco de miedo, baj\u00e9 las escaleras. En el primer piso, todo parec\u00eda normal, excepto que mi madre no estaba all\u00ed. Al salir por mi puerta, aparec\u00ed no en mi pueblo, sino en un vac\u00edo negro. Justo en frente m\u00edo estaba el sprite de mi entrenador COMPLETO. Al acercarme a \u00e9l y hablarle, me dijo:<\/p>\n<p>\"Adi\u00f3s para siempre.\"<\/p>\n<p>Hubo una larga pausa.<\/p>\n<p>El sprite desapareci\u00f3.<\/p>\n<p>Y yo volv\u00ed a desvanecerme en el suelo, rotando.<\/p>\n<p>Aparec\u00ed en un puesto lleno de tumbas. No pod\u00eda moverme. Es m\u00e1s, no me ve\u00eda. Revis\u00e9 mi estado. No hab\u00eda ni un cacho de mi entrenador. Me qued\u00e9 a 0 medallas. Y las im\u00e1genes de los entrenadores de la liga Johto que aparecen debajo hab\u00edan sido sustitu\u00eddos por calaveras.<\/p>\n<p>\u00bfY mis Pok\u00e9mon?<\/p>\n<p>Ahora ten\u00eda 6 Unown de nivel 25. Ya imagin\u00e1is el resto. Deletreaban \"IMDEAD\" (Estoy muerto).<\/p>\n<p>Luego me d\u00ed cuenta que la habitaci\u00f3n en la que \"estaba\" era una gran tumba. Seguida de otras tumbas a los lados. Apareci\u00f3 un texto que dec\u00eda \"R.I.P....\"<\/p>\n<p>Mi entrenador estaba muerto desde un principio, supongo. Desde a\u00f1os antes de derrotar a Red.<\/p>\n<p>Al parecer fue un entrenador que, sin importar sus esfuerzos por lograr todas las medallas, por muy buen maestro que fuera, fue incapaz de evitar la muerte. Ese estado que nos llega a todos un d\u00eda u otro.<\/p>\n<p>Y es que, por mucho que lo rejugu\u00e9, siempre acababa igual. No importaba lo que hiciera. Acab\u00e9 asqueado y tirando el juego por ah\u00ed, pero nunca tuve el valor de tirarlo a la basura.<\/p>\n<p>Al poco me lleg\u00f3 el Pok\u00e9mon Alma de Plata. Vaya juegazo! Lo disfrut\u00e9 plenamente.<\/p>\n<p>Pero a\u00fan no me puedo quitar de la cabeza ese maldito hack, no s\u00f3lo por su extra\u00f1a lecci\u00f3n de vida, sino por el miedo de que un ni\u00f1o podr\u00eda haber comprado un juego as\u00ed, igual que yo, creyendo que era el original. Todav\u00eda es de esperar encontrar rarezas al jugar un hack bajado de internet, pero cuando compras un juego usado no.<\/p>\n<p>Entonces decid\u00ed ir a quejarme a Gamestop, no para que me devolvieran el dinero, sino porque no hayan probado el juego antes de venderlo (cuando menos si se toparan con que no se puede avanzar de la pantalla de game freak en primer lugar). Les dije que el juego ten\u00eda realmente conten\u00eda un hack muy extra\u00f1o. Probaron el juego, comenz\u00f3 todo bien, como si estuviera nuevo, ni siquiera hab\u00eda un juego guardado.<\/p>\n<p>Entonces decid\u00ed probarlo en mi Game Boy, delante de todos. De igual manera, corri\u00f3 perfecto, sin ning\u00fan rastro del terrible hack.<\/p>\n<p><iframe loading=\"lazy\" width=\"420\" height=\"315\" src=\"http:\/\/www.youtube.com\/embed\/GKnCBwsa-bU\" frameborder=\"0\" allowfullscreen><\/iframe><\/p>\n","protected":false},"excerpt":{"rendered":"<p>Era la \u00e9poca\u00a0en\u00a0la que Pok\u00e9mon Coraz\u00f3n\u00a0Oro\u00a0y Alma Plata iban a salir al mercado y todo dos mis amigos ya ten\u00edan apartada una copia, con la que\u00a0te\u00a0llegaba una figurita de Hooh o Lugia, seg\u00fan el juego que ordenaras. Lo m\u00e1s seguro es que esos juegos iban a ser de los m\u00e1s vendidos para DS, y que &hellip; <\/p>\n<p><a class=\"more-link btn\" href=\"https:\/\/blog.espol.edu.ec\/luifebaq\/creepy-pasta\/lost-silver\/\">Seguir leyendo<\/a><\/p>\n","protected":false},"author":8184,"featured_media":0,"parent":105,"menu_order":1,"comment_status":"open","ping_status":"closed","template":"","meta":{"footnotes":""},"class_list":["post-103","page","type-page","status-publish","hentry","nodate","item-wrap"],"_links":{"self":[{"href":"https:\/\/blog.espol.edu.ec\/luifebaq\/wp-json\/wp\/v2\/pages\/103","targetHints":{"allow":["GET"]}}],"collection":[{"href":"https:\/\/blog.espol.edu.ec\/luifebaq\/wp-json\/wp\/v2\/pages"}],"about":[{"href":"https:\/\/blog.espol.edu.ec\/luifebaq\/wp-json\/wp\/v2\/types\/page"}],"author":[{"embeddable":true,"href":"https:\/\/blog.espol.edu.ec\/luifebaq\/wp-json\/wp\/v2\/users\/8184"}],"replies":[{"embeddable":true,"href":"https:\/\/blog.espol.edu.ec\/luifebaq\/wp-json\/wp\/v2\/comments?post=103"}],"version-history":[{"count":2,"href":"https:\/\/blog.espol.edu.ec\/luifebaq\/wp-json\/wp\/v2\/pages\/103\/revisions"}],"predecessor-version":[{"id":107,"href":"https:\/\/blog.espol.edu.ec\/luifebaq\/wp-json\/wp\/v2\/pages\/103\/revisions\/107"}],"up":[{"embeddable":true,"href":"https:\/\/blog.espol.edu.ec\/luifebaq\/wp-json\/wp\/v2\/pages\/105"}],"wp:attachment":[{"href":"https:\/\/blog.espol.edu.ec\/luifebaq\/wp-json\/wp\/v2\/media?parent=103"}],"curies":[{"name":"wp","href":"https:\/\/api.w.org\/{rel}","templated":true}]}}