{"id":51,"date":"2012-11-05T23:38:28","date_gmt":"2012-11-05T23:38:28","guid":{"rendered":"http:\/\/blog.espol.edu.ec\/luifebaq\/?page_id=51"},"modified":"2012-11-06T23:53:23","modified_gmt":"2012-11-06T23:53:23","slug":"primera-generacion","status":"publish","type":"page","link":"https:\/\/blog.espol.edu.ec\/luifebaq\/pagina-ejemplo\/primera-generacion\/","title":{"rendered":"Primera Generaci\u00f3n"},"content":{"rendered":"<p><strong>Primera\u00a0<\/strong><strong>Generaci\u00f3n<\/strong><\/p>\n<p>Abarca la primera temporada del anime y los videojuegos Pokemon Rojo, Verde, \u00a0Azul y Amarillo\u00a0para la consola\u00a0Game Boy, en cada uno de los idiomas en los que se desarroll\u00f3. Tambi\u00e9n, a\u00a0Pok\u00e9mon Stadium\u00a0y a\u00a0Pok\u00e9mon Snap\u00a0para la Nintendo 64.<\/p>\n<p>Sali\u00f3 al mercado el 27 de febrero de 1996, siendo el primer paso de la gran franquicia que conocemos en la actualidad. Sin lugar a dudas pronto se convirti\u00f3 en un \u00e9xito, comprado sobre todo por menores. Un modo de juego de batalla por turnos que llevaba mucho tiempo en el mercado de los videojuegos.<\/p>\n<p><strong>Aparecen las siguientes novedades:<\/strong><\/p>\n<div>\n<ul>\n<li>\u00a0Esta generaci\u00f3n trascurre en\u00a0Kanto<\/li>\n<li>151 Pok\u00e9mon.<\/li>\n<li>8\u00a0l\u00edderes de gimnasio.<\/li>\n<li>Primera aparici\u00f3n del\u00a0Profesor Oak.<\/li>\n<li>El sistema de almacenaje de Pok\u00e9mon de\u00a0Bill.<\/li>\n<li>Intercambio y batallas mediante el\u00a0cable Link.<\/li>\n<li>Introducci\u00f3n del\u00a0rival<\/li>\n<\/ul>\n<p><strong>Descripcion Inical:<\/strong><\/p>\n<p>En Kanto, las opciones para tu\u00a0primer Pok\u00e9mon\u00a0son\u00a0Bulbasaur,\u00a0Charmander\u00a0y\u00a0Squirtle, bas\u00e1ndose en la trilog\u00eda de ventaja y desventaja\u00a0planta\u00a0-\u00a0fuego\u00a0-\u00a0agua.<\/p>\n<p>En la versi\u00f3n Amarilla del juego comienzas con\u00a0Pikachu\u00a0(al estilo del anime) y tu rival comienza con\u00a0Eevee<\/p>\n<p><strong>Pokemone Legendarios:<\/strong><\/p>\n<p>La Primera generaci\u00f3n incluye cinco Pok\u00e9mon legendarios:\u00a0Moltres\u00a0(el ave del fuego),\u00a0Articuno\u00a0(el ave del hielo),Zapdos\u00a0(el ave del rayo),\u00a0Mew\u00a0y\u00a0Mewtwo.<\/p>\n<p><strong>Lideres de Gimnasio:<\/strong><\/p>\n<p>Hay 8\u00a0l\u00edderes de gimnasio, que son aquellos que est\u00e1n especializados en cierto elemento de Pok\u00e9mon y son los m\u00e1s fuertes de su ciudad:<\/p>\n<table>\n<tbody>\n<tr>\n<td>Brock<\/td>\n<td>Ciudad Plateada (Pewter City)<\/td>\n<td>Roca<\/td>\n<\/tr>\n<tr>\n<td>Misty<\/td>\n<td>Ciudad Celeste (Cerulean City)<\/td>\n<td>Agua<\/td>\n<\/tr>\n<tr>\n<td>Lt. Surge<\/td>\n<td>Ciudad Carm\u00edn (Vermillion City)<\/td>\n<td>El\u00e9ctrico<\/td>\n<\/tr>\n<tr>\n<td>Erika<\/td>\n<td>Ciudad Azulona (Celadon City)<\/td>\n<td>Planta<\/td>\n<\/tr>\n<tr>\n<td>Koga<\/td>\n<td>Ciudad F\u00facsia (Fuchsia City)<\/td>\n<td>Veneno<\/td>\n<\/tr>\n<tr>\n<td>Sabrina<\/td>\n<td>Ciudad Azafr\u00e1n (Saffron City)<\/td>\n<td>Ps\u00edquico<\/td>\n<\/tr>\n<tr>\n<td>Blaine<\/td>\n<td>Isla Canela (Cinnabar Island)<\/td>\n<td>Fuego<\/td>\n<\/tr>\n<tr>\n<td>Giovanni<\/td>\n<td>Ciudad Verde (Viridian City)<\/td>\n<td>Tierra<\/td>\n<\/tr>\n<\/tbody>\n<\/table>\n<div><\/div>\n<div>\u00a0<strong>Curiosidades:<\/strong><\/div>\n<ul>\n<li>Curiosamente, esta es la generaci\u00f3n que incluye m\u00e1s Pok\u00e9mon fosilizados, que son cinco,\u00a0Kabuto,Kabutops,\u00a0Omanyte,\u00a0Omastar\u00a0y\u00a0Aerodactyl\u00a0contra la\u00a0segunda generaci\u00f3n\u00a0que no ha incluido ninguno.<\/li>\n<li>Es la generaci\u00f3n con menos Pok\u00e9mon legendarios solo cinco.<\/li>\n<li>En las betas de Pok\u00e9mon verde y rojo el\u00a0tipo volador\u00a0se llamaba\u00a0Tipo p\u00e1jaro. Esto fue corregido porque no todos los Pok\u00e9mon de tipo volador son p\u00e1jaros.<\/li>\n<li>En esta generaci\u00f3n exist\u00eda un \u00fanico movimiento del\u00a0tipo drag\u00f3n\u00a0y este era\u00a0furia drag\u00f3n, por lo que la debilidad de los Pok\u00e9mon de tipo drag\u00f3n entre s\u00ed no funcionaba.<\/li>\n<li>Todos los Pok\u00e9mon legendarios de esta generaci\u00f3n (a excepci\u00f3n de\u00a0Mew) tienen un n\u00famero en su nombre (ya sea en ingles o espa\u00f1ol).<\/li>\n<li>Este\u00a0videojuego\u00a0junto con su remake son los\u00a0\u00fanicos\u00a0 en los \u00a0cual su portada no es un Pok\u00e9mon legendario.<\/li>\n<\/ul>\n<div><a href=\"http:\/\/blog.espol.edu.ec\/luifebaq\/files\/2012\/10\/7920.jpg\"><img loading=\"lazy\" decoding=\"async\" class=\"alignnone size-full wp-image-42\" src=\"http:\/\/blog.espol.edu.ec\/luifebaq\/files\/2012\/10\/7920.jpg\" alt=\"\" width=\"300\" height=\"225\" \/><\/a><\/div>\n<\/div>\n<div><\/div>\n","protected":false},"excerpt":{"rendered":"<p>Primera\u00a0Generaci\u00f3n Abarca la primera temporada del anime y los videojuegos Pokemon Rojo, Verde, \u00a0Azul y Amarillo\u00a0para la consola\u00a0Game Boy, en cada uno de los idiomas en los que se desarroll\u00f3. Tambi\u00e9n, a\u00a0Pok\u00e9mon Stadium\u00a0y a\u00a0Pok\u00e9mon Snap\u00a0para la Nintendo 64. Sali\u00f3 al mercado el 27 de febrero de 1996, siendo el primer paso de la gran franquicia &hellip; <\/p>\n<p><a class=\"more-link btn\" href=\"https:\/\/blog.espol.edu.ec\/luifebaq\/pagina-ejemplo\/primera-generacion\/\">Seguir leyendo<\/a><\/p>\n","protected":false},"author":8184,"featured_media":0,"parent":2,"menu_order":1,"comment_status":"open","ping_status":"closed","template":"","meta":{"footnotes":""},"class_list":["post-51","page","type-page","status-publish","hentry","nodate","item-wrap"],"_links":{"self":[{"href":"https:\/\/blog.espol.edu.ec\/luifebaq\/wp-json\/wp\/v2\/pages\/51","targetHints":{"allow":["GET"]}}],"collection":[{"href":"https:\/\/blog.espol.edu.ec\/luifebaq\/wp-json\/wp\/v2\/pages"}],"about":[{"href":"https:\/\/blog.espol.edu.ec\/luifebaq\/wp-json\/wp\/v2\/types\/page"}],"author":[{"embeddable":true,"href":"https:\/\/blog.espol.edu.ec\/luifebaq\/wp-json\/wp\/v2\/users\/8184"}],"replies":[{"embeddable":true,"href":"https:\/\/blog.espol.edu.ec\/luifebaq\/wp-json\/wp\/v2\/comments?post=51"}],"version-history":[{"count":6,"href":"https:\/\/blog.espol.edu.ec\/luifebaq\/wp-json\/wp\/v2\/pages\/51\/revisions"}],"predecessor-version":[{"id":65,"href":"https:\/\/blog.espol.edu.ec\/luifebaq\/wp-json\/wp\/v2\/pages\/51\/revisions\/65"}],"up":[{"embeddable":true,"href":"https:\/\/blog.espol.edu.ec\/luifebaq\/wp-json\/wp\/v2\/pages\/2"}],"wp:attachment":[{"href":"https:\/\/blog.espol.edu.ec\/luifebaq\/wp-json\/wp\/v2\/media?parent=51"}],"curies":[{"name":"wp","href":"https:\/\/api.w.org\/{rel}","templated":true}]}}