{"id":56,"date":"2012-11-05T23:57:33","date_gmt":"2012-11-05T23:57:33","guid":{"rendered":"http:\/\/blog.espol.edu.ec\/luifebaq\/?page_id=56"},"modified":"2012-11-05T23:58:20","modified_gmt":"2012-11-05T23:58:20","slug":"segunda-generacion","status":"publish","type":"page","link":"https:\/\/blog.espol.edu.ec\/luifebaq\/pagina-ejemplo\/segunda-generacion\/","title":{"rendered":"Segunda Generaci\u00f3n"},"content":{"rendered":"<p><strong>Segunda\u00a0<\/strong><strong>Generaci\u00f3n<\/strong><\/p>\n<p>se refiere a la saga videojuegos\u00a0Pok\u00e9mon Oro y Plata\u00a0y\u00a0Pok\u00e9mon Cristal\u00a0para la consola\u00a0Game Boy Color, en cada uno de los idiomas en que se desarroll\u00f3; tambi\u00e9n se refiere a\u00a0Pok\u00e9mon Stadium 2\u00a0de\u00a0Nintendo 64.<\/p>\n<p>Sali\u00f3 al mercado el 21 de noviembre de 1999 en Jap\u00f3n, se populariz\u00f3 a gran velocidad ya que inclu\u00eda revolucionarias novedades<\/p>\n<p><strong>Aparecen las siguientes novedades:<\/strong><\/p>\n<ul>\n<li>Esta generaci\u00f3n transcurre en la regi\u00f3n\u00a0<strong>Johto<\/strong>\u00a0y\u00a0<strong>Kanto<\/strong>.<\/li>\n<li>100\u00a0Pok\u00e9mon\u00a0Nuevos.<\/li>\n<li>8 Nuevos\u00a0L\u00edderes de gimnasio.<\/li>\n<li>2 Nuevos Tipos de Pok\u00e9mon:\u00a0Siniestro\u00a0(Dark en Ingl\u00e9s) y\u00a0Acero\u00a0(Steel).<\/li>\n<li>Los Pok\u00e9mon poseen g\u00e9nero. Tambi\u00e9n existen Pok\u00e9mon s\u00f3lo hembra (Nidorina), s\u00f3lo macho (Nidorino) o sin sexo (Magnemite). Se a\u00f1ade dos nuevos estados temporales: Enamorado y maldici\u00f3n<\/li>\n<li>Sistema de reproducci\u00f3n de Pok\u00e9mon:\u00a0Crianza Pok\u00e9mon. Se a\u00f1ade una nueva forma de obtener Pok\u00e9mon a trav\u00e9s de\u00a0Huevos Pok\u00e9mon\u00a0y aparecen las preevoluciones. Algunos ataques s\u00f3lo pueden ser aprendidos por medio de la crianza.<\/li>\n<li>Los Pok\u00e9mon mantienen un grado de\u00a0felicidad. Se a\u00f1ade la evoluci\u00f3n por felicidad.<\/li>\n<li>Retrocompatibilidad con versiones de la\u00a0primera generaci\u00f3n.<\/li>\n<li>Reloj interno: Se incluye por primera vez la Ma\u00f1ana, el D\u00eda y la Noche, influyendo en la aparici\u00f3n de los Pok\u00e9mon y eventos temporales.<\/li>\n<li>Se a\u00f1ade una barra de Puntos de Experiencia en combate.<\/li>\n<li>La caracter\u00edstica de combate\u00a0<em>Especial<\/em>\u00a0se separ\u00f3 en\u00a0<em>Defensa Especial<\/em>\u00a0y\u00a0<em>Ataque Especial<\/em>.<\/li>\n<li>Los Pok\u00e9mon pueden llevar objetos equipados, que adem\u00e1s pueden usar por s\u00ed mismos en\u00a0combate Pok\u00e9mon. Se introducen las\u00a0bayas\u00a0y se diferencian entre objetos que los Pok\u00e9mon pueden usar por s\u00ed solos en combate y los que no.<\/li>\n<li>Se a\u00f1ade la evoluci\u00f3n por intercambio con objeto equipado.<\/li>\n<li>Primera aparici\u00f3n del\u00a0Pok\u00e9rus.<\/li>\n<li>Pok\u00e9Gear\u00a0con Tel\u00e9fono m\u00f3vil y Radio, posibilitando combatir con entrenadores ya vencidos y m\u00e1s caracter\u00edsticas.<\/li>\n<li>Algunos Pok\u00e9mon son actualizados con nuevos tipos o caracter\u00edsticas (Magnemite\u00a0y\u00a0Magneton\u00a0pasan a ser de tipo\u00a0El\u00e9ctrico\u00a0a\u00a0El\u00e9ctrico\/Acero, por ejemplo).<\/li>\n<li>Se a\u00f1aden los climas. Se crean los movimientos\u00a0D\u00eda soleado\u00a0y\u00a0Danza lluvia.<\/li>\n<li>Los ataques de tipo\u00a0Fantasma\u00a0son s\u00faperefectivos contra Pok\u00e9mon\u00a0ps\u00edquicos. Los ataques de\u00a0Veneno\u00a0hacen da\u00f1o normal a los Pok\u00e9mon\u00a0Bicho,\u00a0los ataques de\u00a0Bicho\u00a0ahora hacen da\u00f1o a los Pok\u00e9mon\u00a0Veneno. Los ataques de\u00a0Hielo\u00a0ahora son poco efectivos contra Pok\u00e9mon\u00a0Fuego.<\/li>\n<li>Algunos ataques han cambiado su tipo, ej: Mordisco de Normal a\u00a0Siniestro\u00a0y Tornado de Normal a\u00a0Volador. Se a\u00f1aden nuevos movimientos, destacando los de Bicho para equilibrar las debilidades de los Pok\u00e9mon deltipo ps\u00edquico.<\/li>\n<li>Se a\u00f1ade la evoluci\u00f3n por\u00a0Piedra Solar.<\/li>\n<li>Se a\u00f1aden nuevas evoluciones a Pok\u00e9mon de primera generaci\u00f3n (Scyther), y evoluciones secundarias estilo Eevee (Gloom,\u00a0Poliwhirl, etc).<\/li>\n<li>Por primera vez, los Pok\u00e9mon Legendarios tambi\u00e9n var\u00edan seg\u00fan la versi\u00f3n.<\/li>\n<li>La mochila donde guardas los objetos se separa en diferentes compartimientos.<\/li>\n<li>Aumenta la diversidad de\u00a0Pok\u00e9 Balls, muchas de ellas creadas a partir de\u00a0bonguris.<\/li>\n<li>Posibilidad de encontrar\u00a0Pok\u00e9mon variocolores.<\/li>\n<li>Posibilidad de visitar Kanto a\u00f1os despu\u00e9s de Azul\/Rojo\/Amarillo, con entrenadores con niveles altos, con posibilidad de completar los 8 gimnasios de Kanto (siendo 16 en total en el juego), y de combatir tanto con Azul (el rival en la anterior generaci\u00f3n) como con\u00a0Rojo\u00a0(el protagonista de la anterior generaci\u00f3n).<\/li>\n<\/ul>\n<div><strong>Descripci\u00f3n<\/strong><strong>\u00a0inicial:\u00a0<\/strong><\/div>\n<p>En Johto, los Pok\u00e9mon\u00a0iniciales\u00a0son\u00a0Chikorita,\u00a0Cyndaquil\u00a0y\u00a0Totodile. Bas\u00e1ndose en la trilog\u00eda de ventajas y desventajas Planta-Fuego-Agua.<\/p>\n<p><strong>Pokemones Legendarios:<\/strong><\/p>\n<p>En la segunda generaci\u00f3n se han incluido seis\u00a0Pok\u00e9mon legendarios,\u00a0Raikou, el trueno,\u00a0Entei, el volc\u00e1n,\u00a0Suicune, el viento del norte,\u00a0Lugia, guardi\u00e1n de los mares,\u00a0Ho-Oh, el arcoiris y\u00a0Celebi, el Pok\u00e9mon viajatiempo y el bosque.<\/p>\n<p><strong>Lideres de Gimnasio:<\/strong><\/p>\n<p>Son 16 en total, con 10 nuevos\u00a0l\u00edderes\u00a0y 8 nuevos gimnasios, cada uno representa un elemento de Pok\u00e9mon.<\/p>\n<div>\n<table>\n<tbody>\n<tr>\n<td>Pegaso<\/td>\n<td>Falkner<\/td>\n<td>Ciudad Malva (Violet City)<\/td>\n<td>Volador<\/td>\n<\/tr>\n<tr>\n<td>Ant\u00f3n<\/td>\n<td>Bugsy<\/td>\n<td>Pueblo Azalea (Azalea Town)<\/td>\n<td>Bicho<\/td>\n<\/tr>\n<tr>\n<td>Blanca<\/td>\n<td>Whitney<\/td>\n<td>Ciudad Trigal (Goldenrod City)<\/td>\n<td>Normal<\/td>\n<\/tr>\n<tr>\n<td>Morti<\/td>\n<td>Morty<\/td>\n<td>Ciudad Iris (Ecruteak City)<\/td>\n<td>Fantasma<\/td>\n<\/tr>\n<tr>\n<td>An\u00edbal<\/td>\n<td>Chuck<\/td>\n<td>Ciudad Orqu\u00eddea (Cianwood City)<\/td>\n<td>Lucha<\/td>\n<\/tr>\n<tr>\n<td>Yasmina<\/td>\n<td>Jasmine<\/td>\n<td>Ciudad Olivo (Olivine City)<\/td>\n<td>Acero<\/td>\n<\/tr>\n<tr>\n<td>Fredo<\/td>\n<td>Pryce<\/td>\n<td>Pueblo Caoba (Mahogany Town)<\/td>\n<td>Hielo<\/td>\n<\/tr>\n<tr>\n<td>D\u00e9bora<\/td>\n<td>Clair<\/td>\n<td>Ciudad Endrino (Blackthorn City)<\/td>\n<td>Drag\u00f3n<\/td>\n<\/tr>\n<tr>\n<td>Brock<\/td>\n<td>Brock<\/td>\n<td>Ciudad Plateada (Pewter City)<\/td>\n<td>Roca<\/td>\n<\/tr>\n<tr>\n<td>Misty<\/td>\n<td>Misty<\/td>\n<td>Ciudad Celeste (Cerulean City)<\/td>\n<td>Agua<\/td>\n<\/tr>\n<tr>\n<td>Lt. Surge<\/td>\n<td>Lt. Surge<\/td>\n<td>Ciudad Carm\u00edn (Vermillion City)<\/td>\n<td>El\u00e9ctrico<\/td>\n<\/tr>\n<tr>\n<td>Erika<\/td>\n<td>Erika<\/td>\n<td>Ciudad Azulona (Celadon City)<\/td>\n<td>Planta<\/td>\n<\/tr>\n<tr>\n<td>Sachiko<\/td>\n<td>Janine<\/td>\n<td>Ciudad F\u00facsia (Fuchsia City)<\/td>\n<td>Veneno<\/td>\n<\/tr>\n<tr>\n<td>Sabrina<\/td>\n<td>Sabrina<\/td>\n<td>Ciudad Azafr\u00e1n (Saffron City)<\/td>\n<td>Ps\u00edquico<\/td>\n<\/tr>\n<tr>\n<td>Blaine<\/td>\n<td>Blaine<\/td>\n<td>Islas Espuma (Seafom Islands)<\/td>\n<td>Fuego<\/td>\n<\/tr>\n<tr>\n<td>Azul<\/td>\n<td>Blue<\/td>\n<td>Ciudad Verde (Viridian City)<\/td>\n<td>Variado<\/td>\n<\/tr>\n<\/tbody>\n<\/table>\n<\/div>\n<p><strong>Curiosidades:<\/strong><\/p>\n<ul>\n<li>Es la generaci\u00f3n que incluy\u00f3 menos Pok\u00e9mon.<\/li>\n<li>Es la \u00fanica generaci\u00f3n que no incluy\u00f3 ning\u00fan f\u00f3sil.<\/li>\n<li>Es la regi\u00f3n que menos Pok\u00e9mon\u00a0<a title=\"Tipo drag\u00f3n\" href=\"http:\/\/es.pokemon.wikia.com\/wiki\/Tipo_drag%C3%B3n\">tipo drag\u00f3n<\/a>\u00a0y\u00a0<a title=\"Tipo fantasma\" href=\"http:\/\/es.pokemon.wikia.com\/wiki\/Tipo_fantasma\">tipo fantasma<\/a>\u00a0ha incluido, siendo estos\u00a0<a title=\"Kingdra\" href=\"http:\/\/es.pokemon.wikia.com\/wiki\/Kingdra\">Kingdra<\/a>\u00a0y\u00a0<a title=\"Misdreavus\" href=\"http:\/\/es.pokemon.wikia.com\/wiki\/Misdreavus\">Misdreavus<\/a>\u00a0 \u00a0 \u00a0 \u00a0 \u00a0 \u00a0 \u00a0 \u00a0 \u00a0<a href=\"http:\/\/blog.espol.edu.ec\/luifebaq\/files\/2012\/10\/425.jpg\"><img loading=\"lazy\" decoding=\"async\" class=\"alignnone size-full wp-image-44\" src=\"http:\/\/blog.espol.edu.ec\/luifebaq\/files\/2012\/10\/425.jpg\" alt=\"\" width=\"512\" height=\"768\" srcset=\"https:\/\/blog.espol.edu.ec\/luifebaq\/files\/2012\/10\/425.jpg 512w, https:\/\/blog.espol.edu.ec\/luifebaq\/files\/2012\/10\/425-200x300.jpg 200w\" sizes=\"auto, (max-width: 512px) 100vw, 512px\" \/><\/a><\/li>\n<\/ul>\n","protected":false},"excerpt":{"rendered":"<p>Segunda\u00a0Generaci\u00f3n se refiere a la saga videojuegos\u00a0Pok\u00e9mon Oro y Plata\u00a0y\u00a0Pok\u00e9mon Cristal\u00a0para la consola\u00a0Game Boy Color, en cada uno de los idiomas en que se desarroll\u00f3; tambi\u00e9n se refiere a\u00a0Pok\u00e9mon Stadium 2\u00a0de\u00a0Nintendo 64. Sali\u00f3 al mercado el 21 de noviembre de 1999 en Jap\u00f3n, se populariz\u00f3 a gran velocidad ya que inclu\u00eda revolucionarias novedades Aparecen las &hellip; <\/p>\n<p><a class=\"more-link btn\" href=\"https:\/\/blog.espol.edu.ec\/luifebaq\/pagina-ejemplo\/segunda-generacion\/\">Seguir leyendo<\/a><\/p>\n","protected":false},"author":8184,"featured_media":0,"parent":2,"menu_order":2,"comment_status":"open","ping_status":"closed","template":"","meta":{"footnotes":""},"class_list":["post-56","page","type-page","status-publish","hentry","nodate","item-wrap"],"_links":{"self":[{"href":"https:\/\/blog.espol.edu.ec\/luifebaq\/wp-json\/wp\/v2\/pages\/56","targetHints":{"allow":["GET"]}}],"collection":[{"href":"https:\/\/blog.espol.edu.ec\/luifebaq\/wp-json\/wp\/v2\/pages"}],"about":[{"href":"https:\/\/blog.espol.edu.ec\/luifebaq\/wp-json\/wp\/v2\/types\/page"}],"author":[{"embeddable":true,"href":"https:\/\/blog.espol.edu.ec\/luifebaq\/wp-json\/wp\/v2\/users\/8184"}],"replies":[{"embeddable":true,"href":"https:\/\/blog.espol.edu.ec\/luifebaq\/wp-json\/wp\/v2\/comments?post=56"}],"version-history":[{"count":3,"href":"https:\/\/blog.espol.edu.ec\/luifebaq\/wp-json\/wp\/v2\/pages\/56\/revisions"}],"predecessor-version":[{"id":71,"href":"https:\/\/blog.espol.edu.ec\/luifebaq\/wp-json\/wp\/v2\/pages\/56\/revisions\/71"}],"up":[{"embeddable":true,"href":"https:\/\/blog.espol.edu.ec\/luifebaq\/wp-json\/wp\/v2\/pages\/2"}],"wp:attachment":[{"href":"https:\/\/blog.espol.edu.ec\/luifebaq\/wp-json\/wp\/v2\/media?parent=56"}],"curies":[{"name":"wp","href":"https:\/\/api.w.org\/{rel}","templated":true}]}}