{"id":61,"date":"2012-11-06T00:00:40","date_gmt":"2012-11-06T00:00:40","guid":{"rendered":"http:\/\/blog.espol.edu.ec\/luifebaq\/?page_id=61"},"modified":"2012-11-06T00:00:56","modified_gmt":"2012-11-06T00:00:56","slug":"tercera-generacion","status":"publish","type":"page","link":"https:\/\/blog.espol.edu.ec\/luifebaq\/pagina-ejemplo\/tercera-generacion\/","title":{"rendered":"Tercera Generaci\u00f3n"},"content":{"rendered":"<p><strong>Tercera\u00a0<\/strong><strong>Generaci\u00f3n<\/strong><\/p>\n<p>La\u00a0<strong>Tercera Generaci\u00f3n<\/strong>\u00a0o\u00a0<strong>Generaci\u00f3n Avanzada<\/strong>\u00a0se refiere a la saga videojuegos\u00a0Pok\u00e9mon Rub\u00ed y Zafiro\u00a0y\u00a0Pok\u00e9mon Esmeralda\u00a0para la consola\u00a0Game Boy Advance; pero tambi\u00e9n se incluyen los videojuegos:\u00a0Pok\u00e9mon Pinball Rub\u00ed y Zafiro\u00a0,\u00a0Pok\u00e9mon Mundo Misterioso: Equipo de rescate Rojo\u00a0y\u00a0Pok\u00e9mon Rojo Fuego y Verde Hoja(Remake de la Primera\u00a0Generaci\u00f3n\u00a0 de Game Boy Advance,\u00a0Pok\u00e9mon Ranger\u00a0y\u00a0Pok\u00e9mon Mundo Misterioso: Equipo de rescate Azul\u00a0de Nintendo DS;\u00a0Pok\u00e9mon Colosseum,\u00a0Pok\u00e9mon XD: Tempestad Oscura\u00a0y\u00a0Pok\u00e9mon Boxde Nintendo GameCube. Los principales juegos de esta generaci\u00f3n y sus Pok\u00e9mon son de la regi\u00f3n\u00a0Hoenn.<\/p>\n<p>Sali\u00f3 al mercado el 21 de Noviembre del 2002 en Jap\u00f3n, a pesar de ser una generaci\u00f3n incompatible con las dos anteriores se masific\u00f3 r\u00e1pidamente, aumentando las ventas de la consola port\u00e1til Game Boy Advance.<\/p>\n<p><strong>Aparecen las siguientes novedades:<\/strong><\/p>\n<ul>\n<li>Esta\u00a0generaci\u00f3n\u00a0transcurre en la\u00a0regi\u00f3n\u00a0de Hoen<\/li>\n<li>Se a\u00f1aden 135 nuevos Pok\u00e9mon.<\/li>\n<li>Gr\u00e1ficos totalmente\u00a0re dise\u00f1ados, hay efectos como ver tu reflejo en el agua, dejar pisadas\/llantas de bici en la arena.<\/li>\n<li>Los iconos que tienen en el men\u00fa de equipo se parecen m\u00e1s al Pok\u00e9mon.<\/li>\n<li>Se a\u00f1ade la crianza con objeto equipado. De esta forma aparecen 2 nuevas preevoluciones:\u00a0Wynaut(Wobbuffet) y\u00a0Azurill\u00a0(Marill).<\/li>\n<li>Los Pok\u00e9mon poseen\u00a0naturaleza. Afecta las caracter\u00edsticas de ataque, velocidad, etc. Existen 25 naturalezas: T\u00edmido, Bravo, Solitario, etc. Tambi\u00e9n afecta el tipo de ataques que utilizar\u00e1 el Pok\u00e9mon cuando lucha por s\u00ed mismo (sin las \u00f3rdenes del entrenador).<\/li>\n<li>Aparece una nueva\u00a0MO:\u00a0buceo. Hay nuevos lugares d\u00f3nde capturar Pok\u00e9mon: bajo el agua, desierto, cr\u00e1ter con cenizas y hierba alta.<\/li>\n<li>Los Pok\u00e9mon ahora poseen\u00a0habilidades. Existen 77 en la tercera generaci\u00f3n y afectan el combate.<\/li>\n<li>Los Pok\u00e9mon pueden hacer contacto con el rival. Si el usuario utiliza un movimiento de contacto \u00e9ste puede verse afectado por la habilidad del rival (ej: Elec. Est\u00e1tica\/paraliza al contacto).<\/li>\n<li>Algunos movimientos ahora se clasifican como \"de sonido\", interact\u00faa con las habilidades Insonorizar y Cacofon\u00eda .<\/li>\n<li>Aparecen nuevas\u00a0bayas\u00a0y la relaci\u00f3n con lo nuevo:\u00a0Pok\u00e9cubos. Las bayas de la segunda generaci\u00f3n cambian de nombre y desaparecen los\u00a0bonguris.<\/li>\n<li>Se a\u00f1aden nuevas Pok\u00e9 Balls y desaparecen las que se creaban mediante los bonguris.<\/li>\n<li>Aparecen los\u00a0Concursos Pok\u00e9mon\u00a0(<em>Pok\u00e9mon Contest<\/em>). Los ataques se subclasifican en\u00a0Carisma,\u00a0Belleza,Dulzura,\u00a0Ingenio\u00a0y\u00a0Dureza.<\/li>\n<li>Se a\u00f1ade una evoluci\u00f3n por belleza:\u00a0Feebas\u00a0a\u00a0Milotic.<\/li>\n<li>Nuevas formas de Batallas: 2 Pok\u00e9mon contra 2. Se a\u00f1aden las Batallas de 2 entrenadores contra ti o con un aliado.<\/li>\n<li>8 Nuevos L\u00edderes de Gimnasio, incluyendo un combate doble.<\/li>\n<li>Dobles enemigos y una nueva historia:\u00a0equipo Aqua\u00a0y\u00a0equipo Magma.<\/li>\n<li>Comunicaci\u00f3n inal\u00e1mbrica sin necesidad del Cable Link.<\/li>\n<li>Comunicaci\u00f3n mediante el Nintendo E-Reader.<\/li>\n<\/ul>\n<div><strong>Descripcion Inical:<\/strong><\/div>\n<div><\/div>\n<div>En\u00a0Hoenn, las opciones para tu\u00a0primer Pok\u00e9mon\u00a0se reduce a\u00a0Treecko,\u00a0Torchic\u00a0y\u00a0Mudkip, en\u00a0Kanto, vuelven a serBulbasaur,\u00a0Charmander\u00a0y\u00a0Squirtle, ambos bas\u00e1ndose en la trilog\u00eda de ventaja y desventaja planta - fuego - agua.<\/div>\n<div>\n<p>En\u00a0Aura\u00a0comienzas con\u00a0Eevee.<\/p>\n<p>Es especial el caso de\u00a0Pok\u00e9mon Colosseum\u00a0donde la historia no comienza con la entrega de tu primer Pok\u00e9mon. Aqu\u00ed el protagonista ya posee un\u00a0Espeon\u00a0y un\u00a0Umbreon\u00a0adquiridos antes del comienzo de la historia.<\/p>\n<p><strong>Pokemon Legendarios:<\/strong><\/p>\n<p>Los pok\u00e9mon legendarios introducidos en la tercera generaci\u00f3n son\u00a0Regirock, de\u00a0Tipo roca,\u00a0Regice, de\u00a0Tipo hielo,Registeel, de\u00a0Tipo acero,\u00a0Latias\u00a0y\u00a0Latios, los Pok\u00e9mon E\u00f3n,\u00a0Kyogre, el mar y el oc\u00e9ano,\u00a0Groudon, el continente,Rayquaza, el rey del cielo,\u00a0Jirachi, el Pok\u00e9mon cumpledeseos y\u00a0Deoxys, el alien\u00edgena. en\u00a0Pok\u00e9mon Esmeraldatambi\u00e9n es posible capturar a\u00a0Lugia,\u00a0Ho-Oh\u00a0y a\u00a0Mew. En\u00a0Kanto, ser\u00e1 posible capturar a\u00a0Articuno,\u00a0Moltres,\u00a0Zapdos,Mewtwo,\u00a0Raikou,\u00a0Entei,\u00a0Suicune, y al igual que en Esmeralda,\u00a0Lugia,\u00a0Ho-Oh\u00a0y\u00a0Deoxys.<\/p>\n<p><strong>LIderes de Gimnasio:<\/strong><\/p>\n<table>\n<tbody>\n<tr>\n<td>Petra<\/td>\n<td>Ciudad Ferrea (Kanazumi City)<\/td>\n<td>Roca<\/td>\n<\/tr>\n<tr>\n<td>Marcial<\/td>\n<td>Pueblo Azuliza (Muro Town)<\/td>\n<td>Lucha<\/td>\n<\/tr>\n<tr>\n<td>Erico<\/td>\n<td>Ciudad Malvalona (\u00a0Kinsetsu City)<\/td>\n<td>El\u00e9ctrico<\/td>\n<\/tr>\n<tr>\n<td>Candela<\/td>\n<td>Pueblo Lavacalda (Fuen Town)<\/td>\n<td>Fuego<\/td>\n<\/tr>\n<tr>\n<td>Norman<\/td>\n<td>Ciudad Petalia (Touka City)<\/td>\n<td>Normal<\/td>\n<\/tr>\n<tr>\n<td>Alana<\/td>\n<td>Ciudad Arboradan (Hiwamaki City)<\/td>\n<td>Volador<\/td>\n<\/tr>\n<tr>\n<td>Vito y Leti<\/td>\n<td>Ciudad Algaria (Tokusane\u00a0CIty)<\/td>\n<td>Psiquico<\/td>\n<\/tr>\n<tr>\n<td>PLubio<\/td>\n<td>Arrecipolis (Hiwamaki\u00a0City)<\/td>\n<td>Agua<\/td>\n<\/tr>\n<\/tbody>\n<\/table>\n<\/div>\n<div><strong>\u00a0Curiosidades:<\/strong><\/div>\n<div>\n<ul>\n<li>En los videojuegos Pok\u00e9mon Rub\u00ed, Zafiro y Esmeralda se tiene un padre y una madre presente en el juego a diferencia de los otros videojuegos.<\/li>\n<\/ul>\n<p><a href=\"http:\/\/blog.espol.edu.ec\/luifebaq\/files\/2012\/10\/inicialeshoenn.jpg\"><img loading=\"lazy\" decoding=\"async\" class=\"alignnone size-full wp-image-46\" src=\"http:\/\/blog.espol.edu.ec\/luifebaq\/files\/2012\/10\/inicialeshoenn.jpg\" alt=\"\" width=\"477\" height=\"220\" srcset=\"https:\/\/blog.espol.edu.ec\/luifebaq\/files\/2012\/10\/inicialeshoenn.jpg 477w, https:\/\/blog.espol.edu.ec\/luifebaq\/files\/2012\/10\/inicialeshoenn-300x138.jpg 300w\" sizes=\"auto, (max-width: 477px) 100vw, 477px\" \/><\/a><\/div>\n<p>&nbsp;<\/p>\n<p>&nbsp;<\/p>\n","protected":false},"excerpt":{"rendered":"<p>Tercera\u00a0Generaci\u00f3n La\u00a0Tercera Generaci\u00f3n\u00a0o\u00a0Generaci\u00f3n Avanzada\u00a0se refiere a la saga videojuegos\u00a0Pok\u00e9mon Rub\u00ed y Zafiro\u00a0y\u00a0Pok\u00e9mon Esmeralda\u00a0para la consola\u00a0Game Boy Advance; pero tambi\u00e9n se incluyen los videojuegos:\u00a0Pok\u00e9mon Pinball Rub\u00ed y Zafiro\u00a0,\u00a0Pok\u00e9mon Mundo Misterioso: Equipo de rescate Rojo\u00a0y\u00a0Pok\u00e9mon Rojo Fuego y Verde Hoja(Remake de la Primera\u00a0Generaci\u00f3n\u00a0 de Game Boy Advance,\u00a0Pok\u00e9mon Ranger\u00a0y\u00a0Pok\u00e9mon Mundo Misterioso: Equipo de rescate Azul\u00a0de Nintendo DS;\u00a0Pok\u00e9mon Colosseum,\u00a0Pok\u00e9mon &hellip; <\/p>\n<p><a class=\"more-link btn\" href=\"https:\/\/blog.espol.edu.ec\/luifebaq\/pagina-ejemplo\/tercera-generacion\/\">Seguir leyendo<\/a><\/p>\n","protected":false},"author":8184,"featured_media":0,"parent":2,"menu_order":3,"comment_status":"open","ping_status":"closed","template":"","meta":{"footnotes":""},"class_list":["post-61","page","type-page","status-publish","hentry","nodate","item-wrap"],"_links":{"self":[{"href":"https:\/\/blog.espol.edu.ec\/luifebaq\/wp-json\/wp\/v2\/pages\/61","targetHints":{"allow":["GET"]}}],"collection":[{"href":"https:\/\/blog.espol.edu.ec\/luifebaq\/wp-json\/wp\/v2\/pages"}],"about":[{"href":"https:\/\/blog.espol.edu.ec\/luifebaq\/wp-json\/wp\/v2\/types\/page"}],"author":[{"embeddable":true,"href":"https:\/\/blog.espol.edu.ec\/luifebaq\/wp-json\/wp\/v2\/users\/8184"}],"replies":[{"embeddable":true,"href":"https:\/\/blog.espol.edu.ec\/luifebaq\/wp-json\/wp\/v2\/comments?post=61"}],"version-history":[{"count":2,"href":"https:\/\/blog.espol.edu.ec\/luifebaq\/wp-json\/wp\/v2\/pages\/61\/revisions"}],"predecessor-version":[{"id":63,"href":"https:\/\/blog.espol.edu.ec\/luifebaq\/wp-json\/wp\/v2\/pages\/61\/revisions\/63"}],"up":[{"embeddable":true,"href":"https:\/\/blog.espol.edu.ec\/luifebaq\/wp-json\/wp\/v2\/pages\/2"}],"wp:attachment":[{"href":"https:\/\/blog.espol.edu.ec\/luifebaq\/wp-json\/wp\/v2\/media?parent=61"}],"curies":[{"name":"wp","href":"https:\/\/api.w.org\/{rel}","templated":true}]}}