{"id":64,"date":"2012-11-06T00:21:48","date_gmt":"2012-11-06T00:21:48","guid":{"rendered":"http:\/\/blog.espol.edu.ec\/luifebaq\/?page_id=64"},"modified":"2012-11-06T00:22:05","modified_gmt":"2012-11-06T00:22:05","slug":"cuarta-generacion","status":"publish","type":"page","link":"https:\/\/blog.espol.edu.ec\/luifebaq\/pagina-ejemplo\/cuarta-generacion\/","title":{"rendered":"Cuarta Generaci\u00f3n"},"content":{"rendered":"<p><strong>Cuarta Generaci\u00f3n<\/strong><\/p>\n<p>La\u00a0cuarta generaci\u00f3n\u00a0o\u00a0IV generaci\u00f3n\u00a0de Pok\u00e9mon se refiere a todos aquellos\u00a0videojuegos\u00a0pertenecientes a la cuarta modificaci\u00f3n de la\u00a0lista de Pok\u00e9mon, elevando el total a 493. Esta generaci\u00f3n transcurre en\u00a0Sinnoh\u00a0(para los RPG de Nintendo DS,\u00a0Pok\u00e9mon Diamante, Perla\u00a0y\u00a0Platino), en\u00a0Almia\u00a0y\u00a0Oblivia\u00a0(para\u00a0Pok\u00e9mon Ranger: Sombras de Almia\u00a0y\u00a0Pok\u00e9mon Ranger: Trazos de Luz) y en el\u00a0mundo Pok\u00e9mon\u00a0de la\u00a0saga Pok\u00e9mon Mundo Misterioso(para\u00a0Pok\u00e9mon Mundo Misterioso: Exploradores del Tiempo y Exploradores de la Oscuridad\u00a0y\u00a0Exploradores del Cielo). Tambi\u00e9n transcurre en\u00a0Johto\u00a0con el lanzamiento de los videojuegosPok\u00e9mon Oro HeartGold y Plata SoulSilver,\u00a0reediciones\u00a0dePok\u00e9mon Oro y Plata\u00a0de la\u00a0segunda generaci\u00f3n. Fue lanzada en el a\u00f1o 2006.<\/p>\n<p><strong>Aparecen las siguientes novedades:<\/strong><\/p>\n<div>\n<ul>\n<li>Esta\u00a0generaci\u00f3n\u00a0transcurre en Sinnoh<\/li>\n<li>Introducci\u00f3n del\u00a0Centro de Intercambio Global\u00a0o GTS que permite intercambiar Pok\u00e9mon con personas de todo el mundo mediante la conexi\u00f3n Wi-Fi. Sin necesidad de c\u00f3digos de amigo, y con un sistema de b\u00fasqueda por Pok\u00e9mon y caracter\u00edsticas.<\/li>\n<\/ul>\n<ul>\n<li>107 Pok\u00e9mon nuevos, algunos son pre-evoluciones oevoluciones\u00a0de Pok\u00e9mon ya conocidos, formando un total de 493. Muchos de ellos complementan a criaturas de la 1\u00aa o 2\u00aa generaci\u00f3n.<\/li>\n<\/ul>\n<ul>\n<li>47 nuevas\u00a0habilidades, elevando el total a 123.<\/li>\n<\/ul>\n<ul>\n<li>113 nuevos\u00a0movimientos, formando un total de 467.<\/li>\n<\/ul>\n<ul>\n<li>Nuevos\u00a0objetos, entre los que destacan el\u00a0Pok\u00e9-reloj\u00a0y elPok\u00e9radar. Esto tambi\u00e9n incluye 42 nuevas\u00a0MTs\u00a0dando un total de 92, y la aparici\u00f3n de los\u00a0sellos\u00a0para decorar las\u00a0Pok\u00e9 Balls\u00a0y algunos\u00a0inciensos\u00a0y\u00a0piedras evolutivas, necesarias para obtener determinadas pre-evoluciones y evoluciones.<\/li>\n<\/ul>\n<ul>\n<li>El\u00a0sistema de almacenamiento Pok\u00e9mon\u00a0del\u00a0PC\u00a0es ahora capaz de comparar Pok\u00e9mon, adem\u00e1s dispone de 18 cajas para albergar 540 Pok\u00e9mon.<\/li>\n<\/ul>\n<ul>\n<li>El retorno del ciclo d\u00eda\/noche de la\u00a0segunda generaci\u00f3n, con transiciones m\u00e1s detalladas (se incluye la ma\u00f1ana, el atardecer y la medianoche).<\/li>\n<\/ul>\n<ul>\n<li>Nuevas combinaciones de tipos, entre los que destacanRotom\u00a0(el\u00e9ctrico\/fantasma),\u00a0Giratina\u00a0(drag\u00f3n\/fantasma),Abomasnow\u00a0(planta\/hielo),\u00a0Froslass\u00a0(hielo\/fantasma) y\u00a0Dialga\u00a0(acero\/drag\u00f3n).<\/li>\n<\/ul>\n<ul>\n<li>Muchos Pok\u00e9mon de antiguas generaciones presentan aqu\u00ed sus evoluciones y preevoluciones completando as\u00ed sus tres fases evolutivas.<\/li>\n<\/ul>\n<ul>\n<li>Nuevos\u00a0villanos, en esta ocasi\u00f3n nos enfrentaremos al\u00a0Equipo Galaxia\u00a0que intenta capturar a los\u00a0legendariosDialga\u00a0y\u00a0Palkia\u00a0para sus oscuros prop\u00f3sitos.<\/li>\n<\/ul>\n<ul>\n<li>El mundo est\u00e1 construido en 3D con gr\u00e1ficos prerenderizados, a diferencia de la totalidad de tiles y sprites 2D de las anteriores ediciones.<\/li>\n<\/ul>\n<ul>\n<li>Todos los Pok\u00e9mon poseen animaciones en estas dos primeras ediciones. Hasta ahora era \u00fanicamente com\u00fan en las versiones especiales\u00a0Pok\u00e9mon Esmeralda\u00a0y\u00a0Pok\u00e9mon Cristal.<\/li>\n<\/ul>\n<ul>\n<li>Los\u00a0Centros Pok\u00e9mon\u00a0poseen ahora tres plantas, dividiendo mejor las funciones Wi-Fi de Nintendo DS.<\/li>\n<\/ul>\n<ul>\n<li>Diferencias entre los Pok\u00e9mon de distinto sexo, habiendo\u00a0peque\u00f1as diferencias f\u00edsicas\u00a0entre los Pok\u00e9monmachos y hembras.<\/li>\n<\/ul>\n<ul>\n<li>Distinci\u00f3n entre movimientos f\u00edsicos y especiales, caracter\u00edstica que ya no est\u00e1 ligada al\u00a0tipo\u00a0de ataque.<\/li>\n<\/ul>\n<ul>\n<li>Mayor cantidad de\u00a0Pok\u00e9mon legendarios\u00a0y eventos diarios en un juego Pok\u00e9mon.<\/li>\n<\/ul>\n<ul>\n<li>Los\u00a0Concursos Pok\u00e9mon\u00a0pasan a ser\u00a0S\u00faper concursos, lo que los hace m\u00e1s longevos, con m\u00e1s fases y m\u00e1s dificultad.<\/li>\n<\/ul>\n<ul>\n<li>Ahora en los\u00a0S\u00faper concursos, todos los niveles est\u00e1n concentrados en un solo lugar (Ciudad Coraz\u00f3n), haciendo m\u00e1s c\u00f3moda la competencia.<\/li>\n<\/ul>\n<ul>\n<li>Aparici\u00f3n de los\u00a0Pokochos, una actualizaci\u00f3n de los\u00a0Pok\u00e9cubos.<\/li>\n<\/ul>\n<ul>\n<li>Las compras en las tiendas ya no dependen de la ciudad: ahora depende de tu nivel de experiencia el poder comprar ciertos objetos a lo largo del juego, o no.<\/li>\n<\/ul>\n<ul>\n<li>Mayor dificultad en la\u00a0Liga Pok\u00e9mon, y posibilidad de volver a combatir con el rival tras acabar la liga.<\/li>\n<\/ul>\n<ul>\n<li>Nuevas formas de evoluci\u00f3n. Ahora las criaturas pueden evolucionar por subir un nivel en un lugar determinado (Magnezone,\u00a0Glaceon,\u00a0Leafeon), por poseer un ataque determinado (Poder pasado,\u00a0Doble golpe) (que evoluciona a\u00a0Tangrowth,\u00a0Mamoswine\u00a0o\u00a0Ambipom), por subir un nivel con un objeto equipado (Weavile,\u00a0Gliscor) o en compa\u00f1\u00eda de un Pok\u00e9mon espec\u00edfico en el equipo (Mantyke\u00a0que evoluciona a\u00a0Mantine\u00a0si\u00a0Remoraid\u00a0est\u00e1 en el equipo).<\/li>\n<\/ul>\n<ul>\n<li>Aparici\u00f3n de la MO\u00a0despejar\u00a0y la MO\u00a0treparrocas, dejando la MO\u00a0destello\u00a0como MT. La MO\u00a0buceo\u00a0ha sido descartada.<\/li>\n<\/ul>\n<ul>\n<li>Mejoras en la\u00a0Torre Batalla, y una mayor longevidad del juego tras conseguir las 8\u00a0medallas\u00a0y acabar la\u00a0Liga Pok\u00e9mon.<\/li>\n<\/ul>\n<p><strong>Descripcion Inical:<\/strong><\/p>\n<p>Al principio se rumore\u00f3 la posibilidad de que el tr\u00edo elemental inicial t\u00edpico (Agua\/Planta\/Fuego) fuese modificado por el tr\u00edo Lucha\/Ps\u00edquico\/Siniestro. El rumor fue disipado cuando se presentaron los tres\u00a0Pok\u00e9mon iniciales\u00a0de la regi\u00f3n de\u00a0Sinnoh:Turtwig\u00a0la opci\u00f3n de tipo planta,\u00a0Chimchar\u00a0es la opci\u00f3n de fuego yPiplup\u00a0la opci\u00f3n de agua. Sin embargo, en su segunda evolucion adquieren un segundo tipo, que aunque les otorga ventaja frente a otros Pok\u00e9mon, se anula las ventajas entre ellos, dando una mejor capacidad de lucha entre \"opuestos\".<\/p>\n<p><strong>Pokemone Legendarios:<\/strong><\/p>\n<p>Nuevos\u00a0Pok\u00e9mon legendarios\u00a0entran en escena. Antes de conseguir la\u00a0Pok\u00e9dex Nacional\u00a0se pueden atrapar a:<\/p>\n<ul>\n<li>Dialga\u00a0o\u00a0Palkia\u00a0(Monte Corona).<\/li>\n<\/ul>\n<ul>\n<li>Despu\u00e9s de conseguir a Dialga o Palkia:\u00a0Azelf\u00a0(Orilla Agudeza),\u00a0Uxie\u00a0(Orilla Valor) y\u00a0Mesprit\u00a0(Orilla Veraz). Este \u00faltimo saldr\u00e1 volando por todo\u00a0Sinnoh\u00a0cuando lo encuentres en la Orilla Veraz. Para saber donde est\u00e1, necesitas la funci\u00f3n del\u00a0Pok\u00e9-reloj\u00a0n\u00famero 13. Saldr\u00e1 un icono que parpadea. Cada vez que utilices la MO02\u00a0vuelo, Mesprit cambiar\u00e1 aleatoriamente de lugar. Cada vez que entables combate con \u00e9l, saldr\u00e1 huyendo, incluso si lo duermes, paralizas, congelas, envenenas o lo quemas.<\/li>\n<\/ul>\n<p>Despu\u00e9s de conseguir la Pok\u00e9dex Nacional se pueden atrapar a:<\/p>\n<ul>\n<li>Giratina\u00a0en la\u00a0V\u00eda Manantial\u00a0en Pok\u00e9mon Diamante y Perla. \u00c9sta se abre en la ruta 214, cerca de la Orilla Valor. Necesitas la MO05\u00a0Despejar, la MO06\u00a0golpe roca\u00a0y la MO08\u00a0treparrocas. Tienes que ir siempre a la sala norte. En Pok\u00e9mon Platino se consigue en el\u00a0Mundo Distorsi\u00f3n<\/li>\n<\/ul>\n<ul>\n<li>Cresselia\u00a0(Isla Plenilunio). El hijo del marinero de\u00a0Ciudad Canal\u00a0tendr\u00e1 una pesadilla con\u00a0Darkrai\u00a0de la que no se despertar\u00e1 y el marinero te pide que vayas a buscar una Pluma Plenilunio, o una pluma de Cresselia. \u00c9l te llevar\u00e1 a Isla Plenilunio. Cresselia har\u00e1 lo mismo que Mesprit.<\/li>\n<\/ul>\n<ul>\n<li>Regigigas. (Templo Puntaneva) Debes llevar a los tres Regis al templo para despertar a\u00a0Regigigas.<\/li>\n<li>Heatran. Debes ir a la\u00a0Monta\u00f1a dura\u00a0con\u00a0Bulgur, entonces \u00e9l robar\u00e1 la\u00a0piedra magma\u00a0y tendr\u00e1s que pedirsela para poder capturarlo.<\/li>\n<\/ul>\n<p>Adem\u00e1s, los Pok\u00e9mon repartidos por\u00a0evento\u00a0de esta generaci\u00f3n son:<\/p>\n<ul>\n<li>Darkrai, repartido con la d\u00e9cima pel\u00edcula,\u00a0El Desaf\u00edo de Darkrai.<\/li>\n<li>Shaymin\u00a0y\u00a0Regigigas, repartidos con la und\u00e9cima pel\u00edcula,\u00a0Giratina y el Defensor de los Cielos.<\/li>\n<\/ul>\n<\/div>\n<div>\n<p><strong>Lideres de Gimnasio:<\/strong><\/p>\n<p>Hay 8\u00a0l\u00edderes de gimnasio, que son aquellos que est\u00e1n especializados en cierto elemento de Pok\u00e9mon y son los m\u00e1s fuertes de su ciudad:<\/p>\n<table>\n<tbody>\n<tr>\n<td>Roco<\/td>\n<td>Ciudad Pirita(Pewter City)<\/td>\n<td>Roca<\/td>\n<\/tr>\n<tr>\n<td>Gardenia<\/td>\n<td>Ciudad Vetusta (Cerulean City)<\/td>\n<td>PLanta<\/td>\n<\/tr>\n<tr>\n<td>Brega<\/td>\n<td>Ciudad Rocavelo<\/td>\n<td>Lucha<\/td>\n<\/tr>\n<tr>\n<td>Mananti<\/td>\n<td>Ciudad Pradera (Celadon City)<\/td>\n<td>Agua<\/td>\n<\/tr>\n<tr>\n<td>Fantina<\/td>\n<td>Ciudad Corazon (Fuchsia City)<\/td>\n<td>Fantasma<\/td>\n<\/tr>\n<tr>\n<td>Aceron<\/td>\n<td>Ciudad Canal (Saffron City)<\/td>\n<td>Acero<\/td>\n<\/tr>\n<tr>\n<td>Inverna<\/td>\n<td>Ciudad Puntavena<\/td>\n<td>Hielo<\/td>\n<\/tr>\n<tr>\n<td>Lectro<\/td>\n<td>Ciudad Marina<\/td>\n<td>Electrico<\/td>\n<\/tr>\n<\/tbody>\n<\/table>\n<\/div>\n<div><\/div>\n<div>\n<div>\u00a0<strong>Curiosidades:<\/strong><\/div>\n<div>\n<ul>\n<li>Muchos Pok\u00e9mon de la primera y segunda generaci\u00f3n obtuvieron evoluci\u00f3n o preevoluci\u00f3n en la cuarta generaci\u00f3n, estos fueron:\u00a0Gligar,\u00a0Yanma,\u00a0Togetic,\u00a0Aipom,\u00a0Mantine,\u00a0Piloswine,\u00a0Porygon2,\u00a0Snorlax,Sudowoodo,\u00a0Murkrow,\u00a0Misdreavus,\u00a0Eevee,\u00a0Sneasel,\u00a0Electabuzz,\u00a0Magmar,\u00a0Lickitung,\u00a0Tangela,\u00a0Rhydon,Magneton,\u00a0Chansey\u00a0Mr. Mime, dando un posible aviso de los remakes.<\/li>\n<\/ul>\n<ul>\n<li>Es la generaci\u00f3n que m\u00e1s legendarios ha introducido, 14 en total.<\/li>\n<\/ul>\n<p><a href=\"http:\/\/blog.espol.edu.ec\/luifebaq\/files\/2012\/11\/fav_pokemon_from_sinnoh_region_by_smashbrawlr7538-d40llbs.jpg\"><img loading=\"lazy\" decoding=\"async\" class=\"alignnone size-full wp-image-66\" src=\"http:\/\/blog.espol.edu.ec\/luifebaq\/files\/2012\/11\/fav_pokemon_from_sinnoh_region_by_smashbrawlr7538-d40llbs.jpg\" alt=\"\" width=\"1600\" height=\"764\" srcset=\"https:\/\/blog.espol.edu.ec\/luifebaq\/files\/2012\/11\/fav_pokemon_from_sinnoh_region_by_smashbrawlr7538-d40llbs.jpg 1600w, https:\/\/blog.espol.edu.ec\/luifebaq\/files\/2012\/11\/fav_pokemon_from_sinnoh_region_by_smashbrawlr7538-d40llbs-300x143.jpg 300w, https:\/\/blog.espol.edu.ec\/luifebaq\/files\/2012\/11\/fav_pokemon_from_sinnoh_region_by_smashbrawlr7538-d40llbs-1024x488.jpg 1024w\" sizes=\"auto, (max-width: 1600px) 100vw, 1600px\" \/><\/a><\/div>\n<\/div>\n","protected":false},"excerpt":{"rendered":"<p>Cuarta Generaci\u00f3n La\u00a0cuarta generaci\u00f3n\u00a0o\u00a0IV generaci\u00f3n\u00a0de Pok\u00e9mon se refiere a todos aquellos\u00a0videojuegos\u00a0pertenecientes a la cuarta modificaci\u00f3n de la\u00a0lista de Pok\u00e9mon, elevando el total a 493. Esta generaci\u00f3n transcurre en\u00a0Sinnoh\u00a0(para los RPG de Nintendo DS,\u00a0Pok\u00e9mon Diamante, Perla\u00a0y\u00a0Platino), en\u00a0Almia\u00a0y\u00a0Oblivia\u00a0(para\u00a0Pok\u00e9mon Ranger: Sombras de Almia\u00a0y\u00a0Pok\u00e9mon Ranger: Trazos de Luz) y en el\u00a0mundo Pok\u00e9mon\u00a0de la\u00a0saga Pok\u00e9mon Mundo Misterioso(para\u00a0Pok\u00e9mon Mundo Misterioso: Exploradores &hellip; <\/p>\n<p><a class=\"more-link btn\" href=\"https:\/\/blog.espol.edu.ec\/luifebaq\/pagina-ejemplo\/cuarta-generacion\/\">Seguir leyendo<\/a><\/p>\n","protected":false},"author":8184,"featured_media":0,"parent":2,"menu_order":4,"comment_status":"open","ping_status":"closed","template":"","meta":{"footnotes":""},"class_list":["post-64","page","type-page","status-publish","hentry","nodate","item-wrap"],"_links":{"self":[{"href":"https:\/\/blog.espol.edu.ec\/luifebaq\/wp-json\/wp\/v2\/pages\/64","targetHints":{"allow":["GET"]}}],"collection":[{"href":"https:\/\/blog.espol.edu.ec\/luifebaq\/wp-json\/wp\/v2\/pages"}],"about":[{"href":"https:\/\/blog.espol.edu.ec\/luifebaq\/wp-json\/wp\/v2\/types\/page"}],"author":[{"embeddable":true,"href":"https:\/\/blog.espol.edu.ec\/luifebaq\/wp-json\/wp\/v2\/users\/8184"}],"replies":[{"embeddable":true,"href":"https:\/\/blog.espol.edu.ec\/luifebaq\/wp-json\/wp\/v2\/comments?post=64"}],"version-history":[{"count":2,"href":"https:\/\/blog.espol.edu.ec\/luifebaq\/wp-json\/wp\/v2\/pages\/64\/revisions"}],"predecessor-version":[{"id":68,"href":"https:\/\/blog.espol.edu.ec\/luifebaq\/wp-json\/wp\/v2\/pages\/64\/revisions\/68"}],"up":[{"embeddable":true,"href":"https:\/\/blog.espol.edu.ec\/luifebaq\/wp-json\/wp\/v2\/pages\/2"}],"wp:attachment":[{"href":"https:\/\/blog.espol.edu.ec\/luifebaq\/wp-json\/wp\/v2\/media?parent=64"}],"curies":[{"name":"wp","href":"https:\/\/api.w.org\/{rel}","templated":true}]}}