{"id":69,"date":"2012-11-06T01:03:38","date_gmt":"2012-11-06T01:03:38","guid":{"rendered":"http:\/\/blog.espol.edu.ec\/luifebaq\/?page_id=69"},"modified":"2012-11-06T01:04:42","modified_gmt":"2012-11-06T01:04:42","slug":"quinta-generacion","status":"publish","type":"page","link":"https:\/\/blog.espol.edu.ec\/luifebaq\/pagina-ejemplo\/quinta-generacion\/","title":{"rendered":"Quinta Generaci\u00f3n"},"content":{"rendered":"<p><strong>Quinta\u00a0Generaci\u00f3n<\/strong><\/p>\n<p>La\u00a0quinta generaci\u00f3n\u00a0o\u00a0generaci\u00f3n V\u00a0de Pok\u00e9mon se refiere a la actualizaci\u00f3n de la\u00a0lista de Pok\u00e9mon, dando un total de 649 Pok\u00e9mon revelados. Esta generaci\u00f3n transcurre en los videojuegos\u00a0Pok\u00e9mon Negro y Blanco,Pok\u00e9mon Negro y Blanco 2,\u00a0Pok\u00e9mon Rumble Blast!\u00a0yPok\u00e9Park 2: Un mundo de ilusiones, de los cuales son pertenecientes a la\u00a0actualizada lista de Pok\u00e9mon. Los nuevos Pok\u00e9mon son pertenecientes a la nueva regi\u00f3nTeselia, regi\u00f3n que cuenta con modernas ciudades y en la que se pueden apreciar las cuatro estaciones. Tambi\u00e9n en esta generaci\u00f3n fueron introducidos nuevos\u00a0movimientos,habilidades\u00a0y el\u00a0Dream World.<\/p>\n<p>El 9 de abril 2010 fueron revelados por la p\u00e1gina oficial japonesa de Pok\u00e9mon dos nuevos juegos que se llamar\u00edan\u00a0Pok\u00e9mon Negro y Blanco\u00a0que salieron paraNintendo DS\u00a0y no para la nueva Nintendo 3DS como se cre\u00eda en un principio. Fue asombro de todos en el p\u00fablico al ver que el juego tenia efectos 3D a simple vista dentro de la pantalla 2D de la DS, solo que no aprovecharia caracteristicas especiales de la\u00a0Nintendo 3DS. Posteriormente salieron a la venta otros videojuegos secundarios que inclu\u00edan Pok\u00e9mon introducidos en esta generaci\u00f3n:Super Pok\u00e9mon Rumble,\u00a0Pok\u00e9Park 2: Un mundo de ilusiones\u00a0y\u00a0Pok\u00e9mon Conquest.<\/p>\n<p><strong>Aparecen las siguientes novedades:<\/strong><\/p>\n<ul>\n<li>La historia transcurre en la region de Teselia<\/li>\n<li>Los protagonistas en este juego al parecer su edad es un poco menos en relaci\u00f3n a los protagonistas de\u00a0Pok\u00e9mon Negro y Blanco<\/li>\n<li>El protagonista masculino lleva una visera roja, su pelo es casta\u00f1o oscuro, lleva una chaqueta azul estilo futurista, debajo lleva un buzo de buceo, unos shorts que le sobrepasan la rodilla con vuelo plomos, unas zapatillas deportivas rojas con negro y un bolso. Sus ojos son color pardo. Tiene un\u00a0Videomisor\u00a0rojo.<\/li>\n<li>La protagonista femenina lleva una una visera rosada, su pelo es casta\u00f1o oscuro, lleva una camiseta blanca con mangas celeste, debajo lleva un buzo de buceo que se le ve en las piernas, una minifalda amarilla puesta encima del buzo, unas zapatillas amarillas con plomo y un bolso rosado. Sus ojos son color celeste. Tiene un\u00a0Videomisor\u00a0amarillo<\/li>\n<\/ul>\n<p><strong>Descripci\u00f3n\u00a0Inical:<\/strong><\/p>\n<div>\n<p>El 9 de mayo 2010,\u00a0Pok\u00e9mon Sunday\u00a0dio a conocer las siluetas de los 3 nuevos\u00a0Pok\u00e9mon iniciales\u00a0que ser\u00edan como siempre uno de tipo Fuego otro de tipo Planta y otro de tipo Agua. El 12 de mayo 2010 se anunci\u00f3 que los nuevos Pok\u00e9mon iniciales serian llamados:\u00a0<strong>Snivy\u00a0<\/strong>de\u00a0tipo planta,\u00a0<strong>Tepig\u00a0<\/strong>de\u00a0tipo fuego\u00a0y el de\u00a0tipo agua\u00a0<strong>Oshawott.<\/strong><\/p>\n<p><strong>Pokemon Legendarios:<\/strong><\/p>\n<p>Los legendarios que protagonizaran las car\u00e1tulas. Reshiram es el blanco Tipo drag\u00f3n y Tipo fuego, protagonista legendario de Pok\u00e9mon Negro y Zekrom el negro y de Tipo drag\u00f3n y El\u00e9ctrico, protagonista legendario de Pok\u00e9mon Blanco. El d\u00eda 25 de Julio se dio a conocer a Victini el Pok\u00e9mon Victoria, tipo Fuego y Ps\u00edquico. El tercer Pok\u00e9mon legendario de esta generaci\u00f3n; ocupar\u00e1 el lugar n\u00famero 000 en la Pok\u00e9dex de Teselia y que se podr\u00e1 conseguir mediante el Ticket Libertad, entregado mediante un evento Pok\u00e9mon, en esta generaci\u00f3n se introdujeron un total de 13 Pok\u00e9mon legendarios.<\/p>\n<div>\n<p><strong>Lideres de Gimnasio:<\/strong><\/p>\n<div>Hay 8\u00a0l\u00edderes de gimnasio, que son aquellos que est\u00e1n especializados en cierto elemento de Pok\u00e9mon y son los m\u00e1s fuertes de su ciudad.<\/div>\n<div>\n<table>\n<tbody>\n<tr>\n<td>Milo\/Mais\/zeo<\/td>\n<td>Ciudad Gres<\/td>\n<td>Planta?Agua\/Fuego<\/td>\n<\/tr>\n<tr>\n<td>ALoe<\/td>\n<td>Ciudad Esmalte<\/td>\n<td>Normal<\/td>\n<\/tr>\n<tr>\n<td>Camus<\/td>\n<td>Ciudad Porcelana<\/td>\n<td>Bicho<\/td>\n<\/tr>\n<tr>\n<td>Camila<\/td>\n<td>Ciudad Mayolica<\/td>\n<td>El\u00e9ctrico<\/td>\n<\/tr>\n<tr>\n<td>Yakon<\/td>\n<td>Ciudad Fayenza<\/td>\n<td>Tierra<\/td>\n<\/tr>\n<tr>\n<td>Gerania<\/td>\n<td>Ciudad Loza<\/td>\n<td>Volador<\/td>\n<\/tr>\n<tr>\n<td>Junco<\/td>\n<td>Ciudad Teja<\/td>\n<td>Hielo<\/td>\n<\/tr>\n<tr>\n<td>Iris\/Lirio<\/td>\n<td>Ciudad Caolin<\/td>\n<td>Drag\u00f3n<\/td>\n<\/tr>\n<\/tbody>\n<\/table>\n<\/div>\n<\/div>\n<p><strong>Curiosidades:<\/strong><\/p>\n<ul>\n<li>Es la primera generaci\u00f3n de videojuegos en la que tienes dos rivales. (Cheren\u00a0y\u00a0Bel)<\/li>\n<li>Es la primera generaci\u00f3n en la que hay un\u00a0Pok\u00e9mon\u00a0con #000 en la\u00a0Pok\u00e9dex,\u00a0Victini.<\/li>\n<li>Hay un gimnasio con tres l\u00edderes. Luchar\u00e1s contra el l\u00edder que tenga ventaja contra tu\u00a0Pok\u00e9mon inicial\u00a0(solo en Pok\u00e9mon Blanco y Negro).<\/li>\n<li>Es la generaci\u00f3n que m\u00e1s\u00a0Pok\u00e9mon\u00a0ha introducido, 156 en total.<\/li>\n<li>Es la generaci\u00f3n que presenta m\u00e1s Pok\u00e9mon de evoluci\u00f3n tard\u00eda, ya que la mayor\u00eda sobrepasa el nivel 30 para obtener su primera evoluci\u00f3n, sin contar a los Pok\u00e9mon iniciales.<\/li>\n<li>Es la \u00fanica generaci\u00f3n, en la que ninguno de los nuevos Pok\u00e9mon mostrados es la preevoluci\u00f3n o la evoluci\u00f3n de alguno que ya exist\u00eda anteriormente (exceptuando la 1\u00b0 generaci\u00f3n).<\/li>\n<li>Es la generaci\u00f3n en la que siempre va a haber m\u00e1s porcentaje de machos que de hembras, sin contar casos como el de\u00a0Lilligant\u00a0que siempre ha de ser hembra.<\/li>\n<li>Es la primera generaci\u00f3n que cuenta con un Pok\u00e9mon legendario de\u00a0tipo bicho, se trata de\u00a0Genesect.<\/li>\n<li>Es la primera generaci\u00f3n en la que el Profesor que te entrega tu\u00a0Pok\u00e9mon inicial\u00a0es un personaje femenino; siendo esta la\u00a0Profesora Encina.<\/li>\n<li>En esta generaci\u00f3n los Pok\u00e9mon cerrar\u00e1n los ojos (si tienen ojos visibles) cuando se les induzca el sue\u00f1o mediante Hipnosis, Bostezo u otros movimientos.<\/li>\n<\/ul>\n<p><a href=\"http:\/\/blog.espol.edu.ec\/luifebaq\/files\/2012\/11\/363003297.jpg\"><img loading=\"lazy\" decoding=\"async\" class=\"alignnone size-full wp-image-72\" src=\"http:\/\/blog.espol.edu.ec\/luifebaq\/files\/2012\/11\/363003297.jpg\" alt=\"\" width=\"500\" height=\"500\" srcset=\"https:\/\/blog.espol.edu.ec\/luifebaq\/files\/2012\/11\/363003297.jpg 500w, https:\/\/blog.espol.edu.ec\/luifebaq\/files\/2012\/11\/363003297-150x150.jpg 150w, https:\/\/blog.espol.edu.ec\/luifebaq\/files\/2012\/11\/363003297-300x300.jpg 300w\" sizes=\"auto, (max-width: 500px) 100vw, 500px\" \/><\/a><\/p>\n<div><\/div>\n<\/div>\n<p>.<\/p>\n<div><strong><br \/>\n<\/strong><\/div>\n<div><\/div>\n<div><\/div>\n","protected":false},"excerpt":{"rendered":"<p>Quinta\u00a0Generaci\u00f3n La\u00a0quinta generaci\u00f3n\u00a0o\u00a0generaci\u00f3n V\u00a0de Pok\u00e9mon se refiere a la actualizaci\u00f3n de la\u00a0lista de Pok\u00e9mon, dando un total de 649 Pok\u00e9mon revelados. Esta generaci\u00f3n transcurre en los videojuegos\u00a0Pok\u00e9mon Negro y Blanco,Pok\u00e9mon Negro y Blanco 2,\u00a0Pok\u00e9mon Rumble Blast!\u00a0yPok\u00e9Park 2: Un mundo de ilusiones, de los cuales son pertenecientes a la\u00a0actualizada lista de Pok\u00e9mon. Los nuevos Pok\u00e9mon son &hellip; <\/p>\n<p><a class=\"more-link btn\" href=\"https:\/\/blog.espol.edu.ec\/luifebaq\/pagina-ejemplo\/quinta-generacion\/\">Seguir leyendo<\/a><\/p>\n","protected":false},"author":8184,"featured_media":0,"parent":2,"menu_order":5,"comment_status":"open","ping_status":"closed","template":"","meta":{"footnotes":""},"class_list":["post-69","page","type-page","status-publish","hentry","nodate","item-wrap"],"_links":{"self":[{"href":"https:\/\/blog.espol.edu.ec\/luifebaq\/wp-json\/wp\/v2\/pages\/69","targetHints":{"allow":["GET"]}}],"collection":[{"href":"https:\/\/blog.espol.edu.ec\/luifebaq\/wp-json\/wp\/v2\/pages"}],"about":[{"href":"https:\/\/blog.espol.edu.ec\/luifebaq\/wp-json\/wp\/v2\/types\/page"}],"author":[{"embeddable":true,"href":"https:\/\/blog.espol.edu.ec\/luifebaq\/wp-json\/wp\/v2\/users\/8184"}],"replies":[{"embeddable":true,"href":"https:\/\/blog.espol.edu.ec\/luifebaq\/wp-json\/wp\/v2\/comments?post=69"}],"version-history":[{"count":3,"href":"https:\/\/blog.espol.edu.ec\/luifebaq\/wp-json\/wp\/v2\/pages\/69\/revisions"}],"predecessor-version":[{"id":75,"href":"https:\/\/blog.espol.edu.ec\/luifebaq\/wp-json\/wp\/v2\/pages\/69\/revisions\/75"}],"up":[{"embeddable":true,"href":"https:\/\/blog.espol.edu.ec\/luifebaq\/wp-json\/wp\/v2\/pages\/2"}],"wp:attachment":[{"href":"https:\/\/blog.espol.edu.ec\/luifebaq\/wp-json\/wp\/v2\/media?parent=69"}],"curies":[{"name":"wp","href":"https:\/\/api.w.org\/{rel}","templated":true}]}}