{"id":31,"date":"2016-10-25T08:42:44","date_gmt":"2016-10-25T08:42:44","guid":{"rendered":"http:\/\/blog.espol.edu.ec\/luisanchundia\/?page_id=31"},"modified":"2016-10-25T08:42:44","modified_gmt":"2016-10-25T08:42:44","slug":"sustitucion-trigonometrica","status":"publish","type":"page","link":"https:\/\/blog.espol.edu.ec\/luisanchundia\/sustitucion-trigonometrica\/","title":{"rendered":"Sustituci\u00f3n trigonom\u00e9trica"},"content":{"rendered":"<p class=\"lead\">Las sustituciones que involucran funciones trigonom\u00e9tricas se pueden llevar a cabo en aquellas integrales cuyo integrando contiene una expresi\u00f3n de la forma:<\/p>\n<img loading=\"lazy\" decoding=\"async\" src=\"http:\/\/tecdigital.tec.ac.cr\/revistamatematica\/cursos-linea\/CALCULODIFERENCIAL\/curso-elsie\/integral_indefinida\/html\/img553.gif\" alt=\"$\\displaystyle {\\sqrt{a^{2} - b^{2}x^{2}},\\;\\sqrt{a^{2} + b^{2}x^{2}}, \\sqrt{b^{2}x^{2} - a^{2}}}$\" width=\"217\" height=\"34\" align=\"MIDDLE\" border=\"0\" \/> con <img loading=\"lazy\" decoding=\"async\" src=\"http:\/\/tecdigital.tec.ac.cr\/revistamatematica\/cursos-linea\/CALCULODIFERENCIAL\/curso-elsie\/integral_indefinida\/html\/img364.gif\" alt=\"$a &gt; 0$\" width=\"34\" height=\"23\" align=\"MIDDLE\" border=\"0\" \/> y <img loading=\"lazy\" decoding=\"async\" src=\"http:\/\/tecdigital.tec.ac.cr\/revistamatematica\/cursos-linea\/CALCULODIFERENCIAL\/curso-elsie\/integral_indefinida\/html\/img554.gif\" alt=\"$b&gt;0$\" width=\"32\" height=\"24\" align=\"MIDDLE\" border=\"0\" \/>\n<p>La sustituci\u00f3n trigonom\u00e9trica permite transformar una integral en otra que contiene funciones trigonom\u00e9tricas cuyo proceso de integraci\u00f3n es m\u00e1s sencillo.<\/p>\n<ol>\n<li>El integrando contiene una funci\u00f3n de la forma <img loading=\"lazy\" decoding=\"async\" src=\"http:\/\/tecdigital.tec.ac.cr\/revistamatematica\/cursos-linea\/CALCULODIFERENCIAL\/curso-elsie\/integral_indefinida\/html\/img555.gif\" alt=\"$\\displaystyle {\\sqrt{a^{2} - b^{2}x^{2}}}$\" width=\"69\" height=\"34\" align=\"MIDDLE\" border=\"0\" \/> con <img loading=\"lazy\" decoding=\"async\" src=\"http:\/\/tecdigital.tec.ac.cr\/revistamatematica\/cursos-linea\/CALCULODIFERENCIAL\/curso-elsie\/integral_indefinida\/html\/img556.gif\" alt=\"$a&gt;0\\; , \\;b&gt;0$\" width=\"76\" height=\"24\" align=\"MIDDLE\" border=\"0\" \/><br \/>\nSe hace el cambio de variable escribiendo<\/p>\n<img loading=\"lazy\" decoding=\"async\" src=\"http:\/\/tecdigital.tec.ac.cr\/revistamatematica\/cursos-linea\/CALCULODIFERENCIAL\/curso-elsie\/integral_indefinida\/html\/img557.gif\" alt=\"$\\displaystyle {x =\\frac{a}{b}\\;sen\\;\\theta,}$\" width=\"75\" height=\"35\" align=\"MIDDLE\" border=\"0\" \/>donde <img loading=\"lazy\" decoding=\"async\" src=\"http:\/\/tecdigital.tec.ac.cr\/revistamatematica\/cursos-linea\/CALCULODIFERENCIAL\/curso-elsie\/integral_indefinida\/html\/img558.gif\" alt=\"$\\theta \\varepsilon \\left]\\frac{-\\Pi}{2}, \\frac{\\Pi}{2}\\right[\\; y \\;x\\;\\varepsilon \\left]\\frac{-a}{b}, \\frac{a}{b}\\right[$\" width=\"142\" height=\"29\" align=\"MIDDLE\" border=\"0\" \/>\n<p>Si <img loading=\"lazy\" decoding=\"async\" src=\"http:\/\/tecdigital.tec.ac.cr\/revistamatematica\/cursos-linea\/CALCULODIFERENCIAL\/curso-elsie\/integral_indefinida\/html\/img559.gif\" alt=\"$\\displaystyle {x =\\frac{a}{b}\\;sen\\;\\theta}$\" width=\"71\" height=\"35\" align=\"MIDDLE\" border=\"0\" \/> entonces <img loading=\"lazy\" decoding=\"async\" src=\"http:\/\/tecdigital.tec.ac.cr\/revistamatematica\/cursos-linea\/CALCULODIFERENCIAL\/curso-elsie\/integral_indefinida\/html\/img560.gif\" alt=\"$dx = \\frac{a}{b}\\;cos\\;\\theta\\;d\\theta$\" width=\"92\" height=\"24\" align=\"MIDDLE\" border=\"0\" \/><\/p>\n<p>Adem\u00e1s: <img loading=\"lazy\" decoding=\"async\" src=\"http:\/\/tecdigital.tec.ac.cr\/revistamatematica\/cursos-linea\/CALCULODIFERENCIAL\/curso-elsie\/integral_indefinida\/html\/img561a.gif\" width=\"294\" height=\"50\" border=\"0\" \/><\/p>\n<p><img loading=\"lazy\" decoding=\"async\" src=\"http:\/\/tecdigital.tec.ac.cr\/revistamatematica\/cursos-linea\/CALCULODIFERENCIAL\/curso-elsie\/integral_indefinida\/html\/img562.gif\" alt=\"$\\displaystyle {=\\sqrt{a^{2}(1-sen^{2}\\theta)} = \\sqrt{a^{2}\\;cos^{2}\\theta} = \\vert a\\;cos\\;\\theta\\vert = a\\;cos\\;\\theta,}$\" width=\"305\" height=\"32\" align=\"MIDDLE\" border=\"0\" \/> pues <img loading=\"lazy\" decoding=\"async\" src=\"http:\/\/tecdigital.tec.ac.cr\/revistamatematica\/cursos-linea\/CALCULODIFERENCIAL\/curso-elsie\/integral_indefinida\/html\/img364.gif\" alt=\"$a &gt; 0$\" width=\"34\" height=\"23\" align=\"MIDDLE\" border=\"0\" \/> y como<\/p>\n<img loading=\"lazy\" decoding=\"async\" src=\"http:\/\/tecdigital.tec.ac.cr\/revistamatematica\/cursos-linea\/CALCULODIFERENCIAL\/curso-elsie\/integral_indefinida\/html\/img563.gif\" alt=\"$\\displaystyle {\\theta \\varepsilon \\left]\\frac{-\\Pi}{2}, \\frac{\\Pi}{2}\\right[}$\" width=\"73\" height=\"44\" align=\"MIDDLE\" border=\"0\" \/> entonces <img loading=\"lazy\" decoding=\"async\" src=\"http:\/\/tecdigital.tec.ac.cr\/revistamatematica\/cursos-linea\/CALCULODIFERENCIAL\/curso-elsie\/integral_indefinida\/html\/img564.gif\" alt=\"$cos\\;\\theta&gt;0$\" width=\"55\" height=\"24\" align=\"MIDDLE\" border=\"0\" \/> por lo que <img loading=\"lazy\" decoding=\"async\" src=\"http:\/\/tecdigital.tec.ac.cr\/revistamatematica\/cursos-linea\/CALCULODIFERENCIAL\/curso-elsie\/integral_indefinida\/html\/img565.gif\" alt=\"$\\vert a\\;cos\\;\\theta\\vert = a\\;cos\\;\\theta$\" width=\"105\" height=\"26\" align=\"MIDDLE\" border=\"0\" \/>\n<p>Luego: <img loading=\"lazy\" decoding=\"async\" src=\"http:\/\/tecdigital.tec.ac.cr\/revistamatematica\/cursos-linea\/CALCULODIFERENCIAL\/curso-elsie\/integral_indefinida\/html\/img566.gif\" alt=\"$\\displaystyle {\\sqrt{a^{2} - b^{2}x^{2}} = a\\;cos\\;\\theta}$\" width=\"125\" height=\"34\" align=\"MIDDLE\" border=\"0\" \/><\/p>\n<p>Como <img loading=\"lazy\" decoding=\"async\" src=\"http:\/\/tecdigital.tec.ac.cr\/revistamatematica\/cursos-linea\/CALCULODIFERENCIAL\/curso-elsie\/integral_indefinida\/html\/img559.gif\" alt=\"$\\displaystyle {x =\\frac{a}{b}\\;sen\\;\\theta}$\" width=\"71\" height=\"35\" align=\"MIDDLE\" border=\"0\" \/> entonces <img loading=\"lazy\" decoding=\"async\" src=\"http:\/\/tecdigital.tec.ac.cr\/revistamatematica\/cursos-linea\/CALCULODIFERENCIAL\/curso-elsie\/integral_indefinida\/html\/img567.gif\" alt=\"$sen\\;\\theta = \\frac{bx}{a} \\; y\\; \\theta = arcsen\\left(\\frac{bx}{a}\\right)$\" width=\"168\" height=\"29\" align=\"MIDDLE\" border=\"0\" \/><\/p>\n<p>Para este caso, las otras funciones trigonom\u00e9tricas pueden obtenerse a partir de la figura siguiente:<\/p>\n<div align=\"CENTER\"><img loading=\"lazy\" decoding=\"async\" src=\"http:\/\/tecdigital.tec.ac.cr\/revistamatematica\/cursos-linea\/CALCULODIFERENCIAL\/curso-elsie\/integral_indefinida\/html\/images\/imagen1.gif\" width=\"269\" height=\"171\" border=\"0\" \/><\/div>\n<\/li>\n<li>\n<dl>\n<dd>El integrando contiene una expresi\u00f3n de la forma <img loading=\"lazy\" decoding=\"async\" src=\"http:\/\/tecdigital.tec.ac.cr\/revistamatematica\/cursos-linea\/CALCULODIFERENCIAL\/curso-elsie\/integral_indefinida\/html\/img624.gif\" alt=\"$\\displaystyle {\\sqrt{a^{2} + b^{2}x^{2}}}$\" width=\"69\" height=\"34\" align=\"MIDDLE\" border=\"0\" \/> con <img loading=\"lazy\" decoding=\"async\" src=\"http:\/\/tecdigital.tec.ac.cr\/revistamatematica\/cursos-linea\/CALCULODIFERENCIAL\/curso-elsie\/integral_indefinida\/html\/img556.gif\" alt=\"$a&gt;0\\; , \\;b&gt;0$\" width=\"76\" height=\"24\" align=\"MIDDLE\" border=\"0\" \/><\/dd>\n<\/dl>\n<p>Hacemos un cambio de variable escribiendo <img loading=\"lazy\" decoding=\"async\" src=\"http:\/\/tecdigital.tec.ac.cr\/revistamatematica\/cursos-linea\/CALCULODIFERENCIAL\/curso-elsie\/integral_indefinida\/html\/img625.gif\" alt=\"$\\displaystyle {x = \\frac{a}{b}\\;tan\\;\\theta,}$\" width=\"74\" height=\"35\" align=\"MIDDLE\" border=\"0\" \/> donde <img loading=\"lazy\" decoding=\"async\" src=\"http:\/\/tecdigital.tec.ac.cr\/revistamatematica\/cursos-linea\/CALCULODIFERENCIAL\/curso-elsie\/integral_indefinida\/html\/img570.gif\" alt=\"$\\displaystyle {\\theta\\; \\varepsilon \\left]\\frac{-\\Pi}{2}, \\frac{\\Pi}{2}\\right[}$\" width=\"77\" height=\"44\" align=\"MIDDLE\" border=\"0\" \/> y <img loading=\"lazy\" decoding=\"async\" src=\"http:\/\/tecdigital.tec.ac.cr\/revistamatematica\/cursos-linea\/CALCULODIFERENCIAL\/curso-elsie\/integral_indefinida\/html\/img626.gif\" alt=\"$x \\varepsilon I\\!\\!R$\" width=\"29\" height=\"11\" align=\"BOTTOM\" border=\"0\" \/><\/p>\n<p>Si <img loading=\"lazy\" decoding=\"async\" src=\"http:\/\/tecdigital.tec.ac.cr\/revistamatematica\/cursos-linea\/CALCULODIFERENCIAL\/curso-elsie\/integral_indefinida\/html\/img627.gif\" alt=\"$\\displaystyle {x = \\frac{a}{b}\\;tan\\;\\theta}$\" width=\"71\" height=\"35\" align=\"MIDDLE\" border=\"0\" \/> entonces <img loading=\"lazy\" decoding=\"async\" src=\"http:\/\/tecdigital.tec.ac.cr\/revistamatematica\/cursos-linea\/CALCULODIFERENCIAL\/curso-elsie\/integral_indefinida\/html\/img628.gif\" alt=\"$\\displaystyle {dx = \\frac{a}{b}\\;sec^{2}\\theta\\;d\\theta}$\" width=\"95\" height=\"35\" align=\"MIDDLE\" border=\"0\" \/><\/p>\n<p>Adem\u00e1s <img loading=\"lazy\" decoding=\"async\" src=\"http:\/\/tecdigital.tec.ac.cr\/revistamatematica\/cursos-linea\/CALCULODIFERENCIAL\/curso-elsie\/integral_indefinida\/html\/img629.gif\" alt=\"$\\displaystyle {\\sqrt{a^{2} + b^{2}x^{2}} = \\sqrt{a^{2} + b^{2} \\cdot \\frac{a^{2}}{b^{2}}\\;tan^{2}\\theta} = \\sqrt{a^{2} + a^{2}\\;tan^{2}\\theta}}$\" width=\"307\" height=\"50\" align=\"middle\" border=\"0\" \/><\/p>\n<img loading=\"lazy\" decoding=\"async\" src=\"http:\/\/tecdigital.tec.ac.cr\/revistamatematica\/cursos-linea\/CALCULODIFERENCIAL\/curso-elsie\/integral_indefinida\/html\/img630.gif\" alt=\"$\\displaystyle {\\sqrt{a^{2} + b^{2}x^{2}} = \\sqrt{a^{2}(1+tan^{2}\\theta )} = \\sqrt{a^{2}\\;sec^{2}\\theta} = \\vert a\\;sec\\;\\theta\\vert}$\" width=\"314\" height=\"34\" align=\"MIDDLE\" border=\"0\" \/>\n<p>Como <img loading=\"lazy\" decoding=\"async\" src=\"http:\/\/tecdigital.tec.ac.cr\/revistamatematica\/cursos-linea\/CALCULODIFERENCIAL\/curso-elsie\/integral_indefinida\/html\/img631.gif\" alt=\"${a&gt;0}$\" width=\"34\" height=\"23\" align=\"MIDDLE\" border=\"0\" \/> y <img loading=\"lazy\" decoding=\"async\" src=\"http:\/\/tecdigital.tec.ac.cr\/revistamatematica\/cursos-linea\/CALCULODIFERENCIAL\/curso-elsie\/integral_indefinida\/html\/img570.gif\" alt=\"$\\displaystyle {\\theta\\; \\varepsilon \\left]\\frac{-\\Pi}{2}, \\frac{\\Pi}{2}\\right[}$\" width=\"77\" height=\"44\" align=\"MIDDLE\" border=\"0\" \/> entonces <img loading=\"lazy\" decoding=\"async\" src=\"http:\/\/tecdigital.tec.ac.cr\/revistamatematica\/cursos-linea\/CALCULODIFERENCIAL\/curso-elsie\/integral_indefinida\/html\/img632.gif\" alt=\"$\\displaystyle {sen\\;\\theta = \\frac{1}{cos\\;\\theta}}$\" width=\"82\" height=\"40\" align=\"MIDDLE\" border=\"0\" \/> es positiva<\/p>\n<p>y por tanto <img loading=\"lazy\" decoding=\"async\" src=\"http:\/\/tecdigital.tec.ac.cr\/revistamatematica\/cursos-linea\/CALCULODIFERENCIAL\/curso-elsie\/integral_indefinida\/html\/img633.gif\" alt=\"$\\displaystyle {\\sqrt{a^{2} + b^{2}x^{2}} = a\\;sec\\;\\theta}$\" width=\"125\" height=\"34\" align=\"MIDDLE\" border=\"0\" \/><\/p>\n<p>Las otras funciones trigonom\u00e9tricas pueden obtenerse a partir de la siguiente figura:<\/p>\n<div align=\"CENTER\"><img loading=\"lazy\" decoding=\"async\" src=\"http:\/\/tecdigital.tec.ac.cr\/revistamatematica\/cursos-linea\/CALCULODIFERENCIAL\/curso-elsie\/integral_indefinida\/html\/images\/imagen5.gif\" width=\"269\" height=\"168\" border=\"0\" \/><\/div>\n<\/li>\n<li>\u00a0El integrando contiene una expresi\u00f3n de la forma <img loading=\"lazy\" decoding=\"async\" src=\"http:\/\/tecdigital.tec.ac.cr\/revistamatematica\/cursos-linea\/CALCULODIFERENCIAL\/curso-elsie\/integral_indefinida\/html\/img683.gif\" alt=\"$\\displaystyle {\\sqrt{b^{2}x^{2}- a^{2}}}$\" width=\"69\" height=\"34\" align=\"MIDDLE\" border=\"0\" \/> con <img loading=\"lazy\" decoding=\"async\" src=\"http:\/\/tecdigital.tec.ac.cr\/revistamatematica\/cursos-linea\/CALCULODIFERENCIAL\/curso-elsie\/integral_indefinida\/html\/img364.gif\" alt=\"$a &gt; 0$\" width=\"34\" height=\"23\" align=\"MIDDLE\" border=\"0\" \/> y <img loading=\"lazy\" decoding=\"async\" src=\"http:\/\/tecdigital.tec.ac.cr\/revistamatematica\/cursos-linea\/CALCULODIFERENCIAL\/curso-elsie\/integral_indefinida\/html\/img554.gif\" alt=\"$b&gt;0$\" width=\"32\" height=\"24\" align=\"MIDDLE\" border=\"0\" \/><br \/>\nEn este caso la sustituci\u00f3n adecuada es:<\/p>\n<img loading=\"lazy\" decoding=\"async\" src=\"http:\/\/tecdigital.tec.ac.cr\/revistamatematica\/cursos-linea\/CALCULODIFERENCIAL\/curso-elsie\/integral_indefinida\/html\/img684.gif\" alt=\"$\\displaystyle {x = \\frac{a}{b}\\;sec\\;\\theta,}$\" width=\"73\" height=\"35\" align=\"MIDDLE\" border=\"0\" \/>donde <img loading=\"lazy\" decoding=\"async\" src=\"http:\/\/tecdigital.tec.ac.cr\/revistamatematica\/cursos-linea\/CALCULODIFERENCIAL\/curso-elsie\/integral_indefinida\/html\/img685.gif\" alt=\"$\\displaystyle {\\theta \\varepsilon \\left]0, \\frac{\\pi}{2}\\right[ \\;U\\;\\left]\\pi, \\frac{3\\pi}{2} \\right[}$\" width=\"120\" height=\"44\" align=\"MIDDLE\" border=\"0\" \/>\n<p>y <img loading=\"lazy\" decoding=\"async\" src=\"http:\/\/tecdigital.tec.ac.cr\/revistamatematica\/cursos-linea\/CALCULODIFERENCIAL\/curso-elsie\/integral_indefinida\/html\/img686.gif\" alt=\"$\\displaystyle {x\\; \\varepsilon \\left]-\\infty, \\frac{-a}{b}\\right[ \\bigcup \\left]\\frac{a}{b}, +\\infty, \\right[, o\\; sea \\vert x\\vert&gt;\\frac{a}{b}}$\" width=\"240\" height=\"44\" align=\"MIDDLE\" border=\"0\" \/><\/p>\n<p>Si <img loading=\"lazy\" decoding=\"async\" src=\"http:\/\/tecdigital.tec.ac.cr\/revistamatematica\/cursos-linea\/CALCULODIFERENCIAL\/curso-elsie\/integral_indefinida\/html\/img687.gif\" alt=\"$\\displaystyle {x = \\frac{a}{b}\\;sec\\;\\theta}$\" width=\"69\" height=\"35\" align=\"MIDDLE\" border=\"0\" \/> entonces <img loading=\"lazy\" decoding=\"async\" src=\"http:\/\/tecdigital.tec.ac.cr\/revistamatematica\/cursos-linea\/CALCULODIFERENCIAL\/curso-elsie\/integral_indefinida\/html\/img688.gif\" alt=\"$\\displaystyle {dx = \\frac{a}{b}\\;sec\\;\\theta\\;tan\\;\\theta\\;d\\theta}$\" width=\"126\" height=\"35\" align=\"MIDDLE\" border=\"0\" \/><\/p>\n<p>Adem\u00e1s <img loading=\"lazy\" decoding=\"async\" src=\"http:\/\/tecdigital.tec.ac.cr\/revistamatematica\/cursos-linea\/CALCULODIFERENCIAL\/curso-elsie\/integral_indefinida\/html\/img689.gif\" alt=\"$\\displaystyle {\\sqrt{b^{2}x^{2}-a^{2}} = \\sqrt{b^{2}\\cdot \\frac{a^{2}}{b^{2}}\\cdot sec^{2}\\theta -a^{2}} = \\sqrt{a^{2}(sec^{2}\\theta-1)}}$\" width=\"310\" height=\"50\" align=\"MIDDLE\" border=\"0\" \/><\/p>\n<p>de donde <img loading=\"lazy\" decoding=\"async\" src=\"http:\/\/tecdigital.tec.ac.cr\/revistamatematica\/cursos-linea\/CALCULODIFERENCIAL\/curso-elsie\/integral_indefinida\/html\/img690.gif\" alt=\"$\\displaystyle {\\sqrt{b^{2}x^{2} - a^{2}} = \\sqrt{a^{2}\\;tan^{2}\\theta} = \\vert a\\;tan\\;\\theta\\vert = a\\;tan\\;\\theta,}$\" width=\"271\" height=\"34\" align=\"MIDDLE\" border=\"0\" \/><\/p>\n<p>pues <img loading=\"lazy\" decoding=\"async\" src=\"http:\/\/tecdigital.tec.ac.cr\/revistamatematica\/cursos-linea\/CALCULODIFERENCIAL\/curso-elsie\/integral_indefinida\/html\/img364.gif\" alt=\"$a &gt; 0$\" width=\"34\" height=\"23\" align=\"MIDDLE\" border=\"0\" \/> y <img loading=\"lazy\" decoding=\"async\" src=\"http:\/\/tecdigital.tec.ac.cr\/revistamatematica\/cursos-linea\/CALCULODIFERENCIAL\/curso-elsie\/integral_indefinida\/html\/img691.gif\" alt=\"$tan\\;\\theta&gt;0$\" width=\"56\" height=\"24\" align=\"MIDDLE\" border=\"0\" \/> para <img loading=\"lazy\" decoding=\"async\" src=\"http:\/\/tecdigital.tec.ac.cr\/revistamatematica\/cursos-linea\/CALCULODIFERENCIAL\/curso-elsie\/integral_indefinida\/html\/img692.gif\" alt=\"$\\theta \\varepsilon \\left]0, \\frac{\\pi}{2}\\right[ \\bigcup \\left]\\pi, \\frac{3\\pi}{2}\\right[$\" width=\"105\" height=\"28\" align=\"MIDDLE\" border=\"0\" \/><\/p>\n<p>Como <img loading=\"lazy\" decoding=\"async\" src=\"http:\/\/tecdigital.tec.ac.cr\/revistamatematica\/cursos-linea\/CALCULODIFERENCIAL\/curso-elsie\/integral_indefinida\/html\/img687.gif\" alt=\"$\\displaystyle {x = \\frac{a}{b}\\;sec\\;\\theta}$\" width=\"69\" height=\"35\" align=\"MIDDLE\" border=\"0\" \/> entonces <img loading=\"lazy\" decoding=\"async\" src=\"http:\/\/tecdigital.tec.ac.cr\/revistamatematica\/cursos-linea\/CALCULODIFERENCIAL\/curso-elsie\/integral_indefinida\/html\/img693.gif\" alt=\"$\\displaystyle {sec\\;\\theta = \\frac{bx}{a}}$\" width=\"64\" height=\"42\" align=\"MIDDLE\" border=\"0\" \/> por lo que <img loading=\"lazy\" decoding=\"async\" src=\"http:\/\/tecdigital.tec.ac.cr\/revistamatematica\/cursos-linea\/CALCULODIFERENCIAL\/curso-elsie\/integral_indefinida\/html\/img694.gif\" alt=\"$\\displaystyle {\\theta = arcsen\\left(\\frac{bx}{a}\\right)}$\" width=\"103\" height=\"44\" align=\"MIDDLE\" border=\"0\" \/><\/p>\n<p>Utilizando el siguiente tri\u00e1ngulo puede obtenerse las otras funciones trigonom\u00e9tricas:<\/p>\n<div align=\"CENTER\">\n<p align=\"center\"><img loading=\"lazy\" decoding=\"async\" src=\"http:\/\/tecdigital.tec.ac.cr\/revistamatematica\/cursos-linea\/CALCULODIFERENCIAL\/curso-elsie\/integral_indefinida\/html\/images\/imagen8.gif\" width=\"325\" height=\"171\" border=\"0\" \/><\/p>\n<\/div>\n<\/li>\n<\/ol>\n","protected":false},"excerpt":{"rendered":"<p>Las sustituciones que involucran funciones trigonom\u00e9tricas se pueden llevar a cabo en aquellas integrales cuyo integrando contiene una expresi\u00f3n de la forma: con y La sustituci\u00f3n trigonom\u00e9trica permite transformar una integral en otra que contiene funciones trigonom\u00e9tricas cuyo proceso de integraci\u00f3n es m\u00e1s sencillo. El integrando contiene una funci\u00f3n de la forma con Se hace...  <a class=\"excerpt-read-more\" href=\"https:\/\/blog.espol.edu.ec\/luisanchundia\/sustitucion-trigonometrica\/\" title=\"ReadSustituci\u00f3n trigonom\u00e9trica\">Read more &raquo;<\/a><\/p>\n","protected":false},"author":10553,"featured_media":0,"parent":0,"menu_order":0,"comment_status":"closed","ping_status":"closed","template":"","meta":{"footnotes":""},"class_list":["post-31","page","type-page","status-publish","hentry"],"_links":{"self":[{"href":"https:\/\/blog.espol.edu.ec\/luisanchundia\/wp-json\/wp\/v2\/pages\/31","targetHints":{"allow":["GET"]}}],"collection":[{"href":"https:\/\/blog.espol.edu.ec\/luisanchundia\/wp-json\/wp\/v2\/pages"}],"about":[{"href":"https:\/\/blog.espol.edu.ec\/luisanchundia\/wp-json\/wp\/v2\/types\/page"}],"author":[{"embeddable":true,"href":"https:\/\/blog.espol.edu.ec\/luisanchundia\/wp-json\/wp\/v2\/users\/10553"}],"replies":[{"embeddable":true,"href":"https:\/\/blog.espol.edu.ec\/luisanchundia\/wp-json\/wp\/v2\/comments?post=31"}],"version-history":[{"count":1,"href":"https:\/\/blog.espol.edu.ec\/luisanchundia\/wp-json\/wp\/v2\/pages\/31\/revisions"}],"predecessor-version":[{"id":32,"href":"https:\/\/blog.espol.edu.ec\/luisanchundia\/wp-json\/wp\/v2\/pages\/31\/revisions\/32"}],"wp:attachment":[{"href":"https:\/\/blog.espol.edu.ec\/luisanchundia\/wp-json\/wp\/v2\/media?parent=31"}],"curies":[{"name":"wp","href":"https:\/\/api.w.org\/{rel}","templated":true}]}}