{"id":60,"date":"2015-11-07T21:19:23","date_gmt":"2015-11-07T21:19:23","guid":{"rendered":"http:\/\/blog.espol.edu.ec\/lumirami\/?page_id=60"},"modified":"2015-11-10T03:16:09","modified_gmt":"2015-11-10T03:16:09","slug":"sitios-turisticos","status":"publish","type":"page","link":"https:\/\/blog.espol.edu.ec\/lumirami\/sitios-turisticos\/","title":{"rendered":"Sitios Tur\u00edsticos"},"content":{"rendered":"<h4><span class=\"Apple-style-span\">Museo regional de\u00a0<\/span>arqueolog\u00eda<\/h4>\n<p style=\"text-align: justify\">Un lugar donde se puede ir a conocer sobre toda las principales \u00a0riquezas arqueol\u00f3gicas que se encontraron al norte de la provincia sobre la cultura Tolita donde se exhiben 532 piezas que fueron elaboradas en cer\u00e1mica,hueso, metal y piedra correspondiente a la \u00e9poca Precolombina. Esta ubicado en el Centro Cultural Esmeraldas. La atenci\u00f3n para los turistas es martes a viernes desde las 09h00.<\/p>\n<p><img loading=\"lazy\" decoding=\"async\" class=\"alignleft\" src=\"http:\/\/www.gadmesmeraldas.gob.ec\/alcaldia\/images\/stories\/turismo\/museo%20regional\/Mascara%20de%20Oro%20-%20Museo%20Regional%20de%20Arqueologia%20Esmeraldas.jpg\" alt=\"\" width=\"423\" height=\"281\" \/><\/p>\n<p><img loading=\"lazy\" decoding=\"async\" class=\"\" src=\"https:\/\/scontent-atl3-1.xx.fbcdn.net\/hphotos-xaf1\/v\/t1.0-9\/196379_10150159800987474_107119_n.jpg?oh=6f24ed23d1cc0e8022a40e7dfff1f750&amp;oe=56C3F7FC\" alt=\"\" width=\"380\" height=\"285\" \/><\/p>\n<p>&nbsp;<\/p>\n<p><strong>Santuario Virgen de Loreto<\/strong><\/p>\n<p style=\"text-align: justify\">El Santuario de Loreto que fue inaugurado el 13 de Diciembre de 1992, tiene su origen con el prop\u00f3sito de la Madre FloraPallota que al llegar a esta c\u00e1lida tierra ecuatoriana, so\u00f1\u00f3 con hacer realidad esta idea largamente acariciada, como era erigir un Santuario dedicado a la Dulce Madre del cielo y que se convirtiera en lugar central de los ni\u00f1os y ni\u00f1as del Hogar que los acogiera, as\u00ed como de las familias que llegaran a este lugar.<\/p>\n<p style=\"text-align: justify\">El Santuario que esta en la periferia de esta ciudad es una r\u00e9plica del de Italia en su fachada y en el retablo.<\/p>\n<p style=\"text-align: justify\">En este lugar funciona una escuela como tambi\u00e9n un refugio para ni\u00f1os abandonados que son cuidados por las madres del loreto con gran carisma. Como an\u00e9cdota le puedo contar que los ni\u00f1os que son acogidos en este lugar son muy felices cuando llegan visitantes yo tuve la oportunidad de ir hacer labor social y me quede asombrado como ellos se emociaban con el simple hecho de llevarles un globo para jugar.<\/p>\n<h4><img decoding=\"async\" class=\"aligncenter\" src=\"http:\/\/www.gadmesmeraldas.gob.ec\/site\/images\/stories\/turismo\/santuario\/Virgen-Loreto03.jpg\" alt=\"\" \/><\/h4>\n<h4><\/h4>\n<h4><\/h4>\n<h4>Playa de las Palmas<\/h4>\n<p style=\"text-align: justify\">\u00a0Esta \u00a0ubicada a 5 minutos del centro de la ciudad de Esmeraldas totalmente para , en este lugar el turista \u00a0podr\u00e1 disfrutar del sol, la arena, el mar , los bares y la brisa marina durante el d\u00eda y en las noches distraerse al ritmo de la m\u00fasica en sus diferentes lugares de diversi\u00f3n. Este sitio es bastante recurrido por los habitantes de la ciudad por las actividades recreativas y deportivas que ejecutan. En esta playa se da el Mundial de la Salsa que es organizado por el <a href=\"http:\/\/www.gadmesmeraldas.gob.ec\/alcaldia\/\" target=\"_blank\">municipio <\/a>en la \u00e9poca de fiestas de la provincia.<\/p>\n<p style=\"text-align: justify\">Las Palmas es la primera playa\u00a0 del pa\u00eds para las personas que tienen poca movilidad ya que tiene puntos accesibles y los servicios suficientes para personas que cuentas con alguna discapacidad f\u00edsica puedan divertirse en la playa y ba\u00f1ar en el mar con seguridad.<\/p>\n<p style=\"text-align: justify\"><img loading=\"lazy\" decoding=\"async\" class=\"\" src=\"http:\/\/www.gadmesmeraldas.gob.ec\/alcaldia\/images\/stories\/turismo\/playa\/malecon-palmas.jpg\" alt=\"\" width=\"380\" height=\"257\" \/>\u00a0 \u00a0<img loading=\"lazy\" decoding=\"async\" class=\"\" src=\"https:\/\/fbcdn-sphotos-a-a.akamaihd.net\/hphotos-ak-xap1\/v\/t1.0-9\/199877_10150159789307474_344974_n.jpg?oh=6b1cab9bde33a08d219570dea1ec3cbf&amp;oe=56F4F879&amp;__gda__=1454556299_e3c0421ff9ae8efec1585b023d4e7efa\" alt=\"\" width=\"340\" height=\"255\" \/><\/p>\n<h4>Playa de Camarones<\/h4>\n<p>Una de las playas con mas kil\u00f3metros \u00a0para recorrer \u00a0y disfrutar del paisaje se encuentra ubicada al norte de la provincia en este sitio los turistas aprovechan para ir degustar de los buenos platos esmeralde\u00f1os y para realizar pesca deportiva como tambi\u00e9n el deporte parapente y conocer mas sobre la poblaci\u00f3n.<\/p>\n<p><img loading=\"lazy\" decoding=\"async\" class=\"\" src=\"http:\/\/www.gadmesmeraldas.gob.ec\/alcaldia\/images\/stories\/turismo\/balnearios\/taqcusa.jpg\" alt=\"\" width=\"397\" height=\"298\" \/><img loading=\"lazy\" decoding=\"async\" class=\"\" src=\"https:\/\/fbcdn-sphotos-b-a.akamaihd.net\/hphotos-ak-xfp1\/v\/t1.0-9\/1377245_10200561495911416_563113411_n.jpg?oh=7b6b87d33bc4119244f03cca9318a242&amp;oe=56AD9270&amp;__gda__=1459158314_14a2b231415dfbc37dcb7946c5e2858e\" alt=\"\" width=\"395\" height=\"297\" \/><\/p>\n<p>Playa de atacames<\/p>\n<p style=\"text-align: justify\">Este lugar es el mas concurrido por los turistas \u00a0para los feriados \u00a0que se dan en el a\u00f1o ya que posee hoteles de excelente infraestructura. Este lugar \u00a0es donde mas se realizan fiestas para los feriados pudiendo disfrutar de \u00a0la buena gastronom\u00eda con los exquisitos platos del mar , de los bares en la noche y de la infinidad actividades que se realizan.Posee un mercado de artesan\u00edas donde los turista pueden realizar compras de recuerdos.<\/p>\n<p><img loading=\"lazy\" decoding=\"async\" class=\"aligncenter\" src=\"https:\/\/scontent-atl3-1.xx.fbcdn.net\/hphotos-xap1\/v\/t1.0-9\/199877_10150159789312474_5686840_n.jpg?oh=e399b7c4afac29137e66a86fd8e0068a&amp;oe=56C37576\" alt=\"\" width=\"469\" height=\"352\" \/><\/p>\n<p>Playa de Tonsupa<\/p>\n<p style=\"text-align: justify\">Tonsupa se uno de lo lugares para los turistas que quieren disfrutar de un poco mas de tranquilidad ya que posee grandes lugares para \u00a0a la actividad tur\u00edstica por ser un lugar \u00a0con una playa calmada \u00a0, de arena suave y, por su buena ubicaci\u00f3n es una bellisimo mirador que permite que los turistas capten incre\u00edbles fotos para sus recuerdos.<\/p>\n<p style=\"text-align: justify\"><img loading=\"lazy\" decoding=\"async\" class=\"aligncenter\" src=\"https:\/\/fbcdn-sphotos-c-a.akamaihd.net\/hphotos-ak-xfa1\/v\/t1.0-9\/10957534_1036832702994251_448883713562668785_n.jpg?oh=a1f5022e739d845e02cd12fa1f97c22c&amp;oe=56BDB0BD&amp;__gda__=1458820747_b9721e2a7766c2c0e871431478fdf9d5\" alt=\"\" width=\"488\" height=\"488\" \/><\/p>\n","protected":false},"excerpt":{"rendered":"<p>Museo regional de\u00a0arqueolog\u00eda Un lugar donde se puede ir a conocer sobre toda las principales \u00a0riquezas arqueol\u00f3gicas que se encontraron al norte de la provincia sobre la cultura Tolita donde se exhiben 532 piezas que fueron elaboradas en cer\u00e1mica,hueso, metal y piedra correspondiente a la \u00e9poca Precolombina. Esta ubicado en el Centro Cultural Esmeraldas. La [&hellip;]<\/p>\n","protected":false},"author":9931,"featured_media":0,"parent":0,"menu_order":0,"comment_status":"closed","ping_status":"closed","template":"","meta":{"footnotes":""},"class_list":["post-60","page","type-page","status-publish","hentry"],"_links":{"self":[{"href":"https:\/\/blog.espol.edu.ec\/lumirami\/wp-json\/wp\/v2\/pages\/60","targetHints":{"allow":["GET"]}}],"collection":[{"href":"https:\/\/blog.espol.edu.ec\/lumirami\/wp-json\/wp\/v2\/pages"}],"about":[{"href":"https:\/\/blog.espol.edu.ec\/lumirami\/wp-json\/wp\/v2\/types\/page"}],"author":[{"embeddable":true,"href":"https:\/\/blog.espol.edu.ec\/lumirami\/wp-json\/wp\/v2\/users\/9931"}],"replies":[{"embeddable":true,"href":"https:\/\/blog.espol.edu.ec\/lumirami\/wp-json\/wp\/v2\/comments?post=60"}],"version-history":[{"count":12,"href":"https:\/\/blog.espol.edu.ec\/lumirami\/wp-json\/wp\/v2\/pages\/60\/revisions"}],"predecessor-version":[{"id":77,"href":"https:\/\/blog.espol.edu.ec\/lumirami\/wp-json\/wp\/v2\/pages\/60\/revisions\/77"}],"wp:attachment":[{"href":"https:\/\/blog.espol.edu.ec\/lumirami\/wp-json\/wp\/v2\/media?parent=60"}],"curies":[{"name":"wp","href":"https:\/\/api.w.org\/{rel}","templated":true}]}}