{"id":109,"date":"2012-11-06T23:51:25","date_gmt":"2012-11-06T23:51:25","guid":{"rendered":"http:\/\/blog.espol.edu.ec\/lxarcos\/?page_id=109"},"modified":"2012-11-06T23:55:27","modified_gmt":"2012-11-06T23:55:27","slug":"instalacion-de-un-aire-acondicionado","status":"publish","type":"page","link":"https:\/\/blog.espol.edu.ec\/lxarcos\/instalacion-de-un-aire-acondicionado\/","title":{"rendered":"Instalaci\u00f3n de un Aire acondicionado"},"content":{"rendered":"<p>El aparato de aire acondicionado es un electrodom\u00e9stico\u00a0<a href=\"http:\/\/www.aireacondicionado.org.es\/funcionamiento-aparatos-como-funciona\">complejo<\/a>, por lo que para poder ser utilizado de manera correcta necesita de una debida y adecuada instalaci\u00f3n que permita que todos los procesos internos del aparato se ejecuten como deben.<\/p>\n<p>Evidentemente, los\u00a0<a href=\"http:\/\/www.aireacondicionado.org.es\/aparato-portatil\">aparatos de aire acondicionado port\u00e1tiles<\/a>\u00a0no necesitan ning\u00fan tipo de instalaci\u00f3n, m\u00e1s all\u00e1 de encontrar un lugar en el que colocar el cubo de extracci\u00f3n del aire caliente, para que \u00e9ste sea expulsado a la calle.<\/p>\n<p>Sin embargo, los equipos de aire acondicionado m\u00e1s comercializados, como son los\u00a0<a href=\"http:\/\/www.aireacondicionado.org.es\/split\">splits<\/a>, s\u00ed que necesitan de instalaci\u00f3n, la cu\u00e1l debe de ser muy cuidadosa.<\/p>\n<p>Esta instalaci\u00f3n tiene una parte externa, que se coloca en la fachada del edificio o en el balc\u00f3n de la casa u oficina. Esta parte externa recibe el nombre de\u00a0<a href=\"http:\/\/www.aireacondicionado.org.es\/compresor\">compresor<\/a>. Y, por otro lado, hay una parte interna, llamada evaporador, que debe de ir instalada en la habitaci\u00f3n que se desee refrigerar.<\/p>\n<p>La complejidad de la instalaci\u00f3n de un equipo de aire acondicionado hace muy conveniente recurrir a un\u00a0<a href=\"http:\/\/www.aireacondicionado.org.es\/servicio-tecnico-reparacion\">t\u00e9cnico especializado<\/a>\u00a0en la materia, el cu\u00e1l, si bien encarecer\u00e1 ligeramente la inversi\u00f3n realizada, garantizar\u00e1 su correcto funcionamiento.<\/p>\n<p>Si por el contrario usted decide que tiene los conocimientos o la pericia suficiente como para aventurarse a la instalaci\u00f3n del aparato, es conveniente que siga paso a paso las instrucciones marcadas en el manual de instrucciones del mismo.<\/p>\n<p>Para que vaya comprendiendo la complejidad de esta instalaci\u00f3n puede echar un vistazo al siguiente enlace en el cu\u00e1l se explica, paso a paso, y de manera detallada, la manera de instalar el equipo:<\/p>\n<p><a href=\"http:\/\/www.elaireacondicionado.com\/articulos\/instalar_aire_acondicionado\/\">http:\/\/www.elaireacondicionado.com\/articulos\/instalar_aire_acondicionado\/<\/a><\/p>\n<p style=\"text-align: center\"><img loading=\"lazy\" decoding=\"async\" class=\"aligncenter\" src=\"http:\/\/t2.gstatic.com\/images?q=tbn:ANd9GcRXrljyDKM3EN8eEc4msoELEUb-3fTvCJYDLsUnmkb6wrKdizJUiA\" alt=\"\" width=\"267\" height=\"189\" \/><\/p>\n","protected":false},"excerpt":{"rendered":"<p>El aparato de aire acondicionado es un electrodom\u00e9stico\u00a0complejo, por lo que para poder ser utilizado de manera correcta necesita de una debida y adecuada instalaci\u00f3n que permita que todos los procesos internos del aparato se ejecuten como deben. Evidentemente, los\u00a0aparatos de aire acondicionado port\u00e1tiles\u00a0no necesitan ning\u00fan tipo de instalaci\u00f3n, m\u00e1s all\u00e1 de encontrar un lugar [&hellip;]<\/p>\n","protected":false},"author":8156,"featured_media":0,"parent":0,"menu_order":0,"comment_status":"open","ping_status":"open","template":"","meta":{"footnotes":""},"class_list":["post-109","page","type-page","status-publish","hentry"],"_links":{"self":[{"href":"https:\/\/blog.espol.edu.ec\/lxarcos\/wp-json\/wp\/v2\/pages\/109","targetHints":{"allow":["GET"]}}],"collection":[{"href":"https:\/\/blog.espol.edu.ec\/lxarcos\/wp-json\/wp\/v2\/pages"}],"about":[{"href":"https:\/\/blog.espol.edu.ec\/lxarcos\/wp-json\/wp\/v2\/types\/page"}],"author":[{"embeddable":true,"href":"https:\/\/blog.espol.edu.ec\/lxarcos\/wp-json\/wp\/v2\/users\/8156"}],"replies":[{"embeddable":true,"href":"https:\/\/blog.espol.edu.ec\/lxarcos\/wp-json\/wp\/v2\/comments?post=109"}],"version-history":[{"count":3,"href":"https:\/\/blog.espol.edu.ec\/lxarcos\/wp-json\/wp\/v2\/pages\/109\/revisions"}],"predecessor-version":[{"id":111,"href":"https:\/\/blog.espol.edu.ec\/lxarcos\/wp-json\/wp\/v2\/pages\/109\/revisions\/111"}],"wp:attachment":[{"href":"https:\/\/blog.espol.edu.ec\/lxarcos\/wp-json\/wp\/v2\/media?parent=109"}],"curies":[{"name":"wp","href":"https:\/\/api.w.org\/{rel}","templated":true}]}}