{"id":1,"date":"2009-03-12T13:56:05","date_gmt":"2009-03-12T17:56:05","guid":{"rendered":""},"modified":"2015-07-08T09:59:54","modified_gmt":"2015-07-08T14:59:54","slug":"about","status":"publish","type":"page","link":"https:\/\/blog.espol.edu.ec\/maad\/about\/","title":{"rendered":"Qui\u00e9n soy"},"content":{"rendered":"<p style=\"text-align: center\"><a href=\"http:\/\/blog.espol.edu.ec\/maad\/files\/2009\/03\/YO11.jpg\"><img loading=\"lazy\" decoding=\"async\" class=\"aligncenter size-full wp-image-390\" src=\"http:\/\/blog.espol.edu.ec\/maad\/files\/2009\/03\/YO11.jpg\" alt=\"\" width=\"324\" height=\"433\" srcset=\"https:\/\/blog.espol.edu.ec\/maad\/files\/2009\/03\/YO11.jpg 405w, https:\/\/blog.espol.edu.ec\/maad\/files\/2009\/03\/YO11-224x300.jpg 224w\" sizes=\"auto, (max-width: 324px) 100vw, 324px\" \/><\/a><\/p>\n<p style=\"text-align: justify\">Que les puedo decir de mi, bueno podr\u00eda empezar diciendo que soy una persona bastante sincera y muy realista, no me gusta que me mientan, adem\u00e1s de eso soy medio alocado, vivo mi vida a mi manera....me manejo un genio, que ni para que les cuento. Por otra parte\u00a0me gusta ir al cine, disfrutar de momentos con amigos. Mi jobby preferido mi carro...jejeje...full equipo...y pa sacar el stress tocar guitarra, a veces.<\/p>\n<p style=\"text-align: center\"><a href=\"http:\/\/blog.espol.edu.ec\/maad\/files\/2009\/03\/IMG-20120512-00645.jpg\"><img loading=\"lazy\" decoding=\"async\" class=\"alignnone size-medium wp-image-537\" src=\"http:\/\/blog.espol.edu.ec\/maad\/files\/2009\/03\/IMG-20120512-00645-300x225.jpg\" alt=\"\" width=\"300\" height=\"225\" srcset=\"https:\/\/blog.espol.edu.ec\/maad\/files\/2009\/03\/IMG-20120512-00645-300x225.jpg 300w, https:\/\/blog.espol.edu.ec\/maad\/files\/2009\/03\/IMG-20120512-00645-1024x768.jpg 1024w\" sizes=\"auto, (max-width: 300px) 100vw, 300px\" \/><\/a><\/p>\n<p style=\"text-align: justify\">En cuanto a m\u00fasica se refiere, me gusta escuchar\u00a0Enanitos Verdes, Verde 70, Santiago Cruz y Hombres G. Adem\u00e1s me gusta la m\u00fasica rom\u00e1ntica, como los boleros y baladas de Luis Miguel. Por otra parte tambi\u00e9n me gusta la m\u00fasica de Winsin&amp;Yandel, sus videos son lo m\u00e1ximo.<\/p>\n<p style=\"text-align: justify\">Como dije anteriormente me gusta ir al cine, dentro de las pel\u00edculas que me gustaron bastante puedo citar; Matrix, Sue\u00f1os en fuga, El Padrino I-II-III, Fast and Furious, Atrapado por mi pasado, Testigo de la Mafia. La verdad que me gustan en especial las pel\u00edculas de mafias \u00a0Italianas.<\/p>\n<p style=\"text-align: justify\">Me gusta viajar y gracia a Dios he tenido la oportunidad de hacerlo, he conocido pa\u00edses como Chile, Colombia, Per\u00fa, Estados Unidos, Panam\u00e1 y en dichos pa\u00edses he hecho buenas amistades.<\/p>\n<p style=\"text-align: center\"><a href=\"http:\/\/blog.espol.edu.ec\/maad\/files\/2009\/03\/YO21.jpg\"><img loading=\"lazy\" decoding=\"async\" class=\"aligncenter size-full wp-image-386\" src=\"http:\/\/blog.espol.edu.ec\/maad\/files\/2009\/03\/YO21.jpg\" alt=\"\" width=\"542\" height=\"404\" srcset=\"https:\/\/blog.espol.edu.ec\/maad\/files\/2009\/03\/YO21.jpg 602w, https:\/\/blog.espol.edu.ec\/maad\/files\/2009\/03\/YO21-300x223.jpg 300w\" sizes=\"auto, (max-width: 542px) 100vw, 542px\" \/><\/a><\/p>\n<p style=\"text-align: justify\">En cuanto a series y programas favoritos, puedo decir que me gustan \"The Simpsons\", aunque no lo crean tengo mi cuarto lleno de cuadros de ellos y adem\u00e1s a eso la serie \"Two and a Half Men\" lo m\u00e1ximo esa serie, la recomiendo.<\/p>\n<p style=\"text-align: center\"><img decoding=\"async\" src=\"http:\/\/2.bp.blogspot.com\/-vtU5OA7jg5Q\/TW0XJsVATfI\/AAAAAAAABDA\/eOgPGcBCzXM\/s1600\/Two-and-a-Half-Men-in-The-Simpsons-two-and-a-half-men-4435119-562-417.jpg\" alt=\"\" \/><\/p>\n<p style=\"text-align: justify\">No tengo la costumbre de leer mucho pero dentro de los libros que he podido leer, puedo destacar; Qui\u00e9n se rob\u00f3 mi queso y Padre rico padre pobre.<\/p>\n<p style=\"text-align: justify\">En cuanto a mi formaci\u00f3n profesional puedo citar que me gradu\u00e9 como Ingeniero en Computaci\u00f3n en Sistemas de Informaci\u00f3n en la ESPOL y de la misma manera obtuve mi postgrado en la misma Universidad siendo el primer graduado de la primera promoci\u00f3n de la Maestr\u00eda en Seguridad Inform\u00e1tica Aplicada y me encuentro cursando un PhD en Inform\u00e1tica en la Universidad de Almer\u00eda en Espa\u00f1a, dentro de la l\u00ednea de investigaci\u00f3n \"Seguridad de la Informaci\u00f3n\".<\/p>\n<p style=\"text-align: left\">Frases favoritas:<\/p>\n<div class=\"box_profile_info_small_content\" style=\"text-align: justify\">\"Todo santo tiene un pasado y todo pecador un futuro\"<\/div>\n<div class=\"box_profile_info_small_content\" style=\"text-align: justify\">\"Nadie sabe lo que tiene hasta que lo pierde\"<br \/>\n\"Si amas a alguien dejalo ir, si regresa siempre ha sido tuyo y si no, nunca lo ha sido\"<br \/>\n\"Cuidado...te estoy viendo\"<br \/>\n\"A todo cerdito le llega su navidad\"<br \/>\n\"Pilas!!\"<\/div>\n","protected":false},"excerpt":{"rendered":"<p>Que les puedo decir de mi, bueno podr\u00eda empezar diciendo que soy una persona bastante sincera y muy realista, no me gusta que me mientan, adem\u00e1s de eso soy medio alocado, vivo mi vida a mi manera....me manejo un genio, que ni para que les cuento. Por otra parte\u00a0me gusta ir al cine, disfrutar de [&hellip;]<\/p>\n","protected":false},"author":1477,"featured_media":0,"parent":0,"menu_order":0,"comment_status":"open","ping_status":"open","template":"","meta":{"footnotes":""},"class_list":["post-1","page","type-page","status-publish","hentry"],"_links":{"self":[{"href":"https:\/\/blog.espol.edu.ec\/maad\/wp-json\/wp\/v2\/pages\/1","targetHints":{"allow":["GET"]}}],"collection":[{"href":"https:\/\/blog.espol.edu.ec\/maad\/wp-json\/wp\/v2\/pages"}],"about":[{"href":"https:\/\/blog.espol.edu.ec\/maad\/wp-json\/wp\/v2\/types\/page"}],"author":[{"embeddable":true,"href":"https:\/\/blog.espol.edu.ec\/maad\/wp-json\/wp\/v2\/users\/1477"}],"replies":[{"embeddable":true,"href":"https:\/\/blog.espol.edu.ec\/maad\/wp-json\/wp\/v2\/comments?post=1"}],"version-history":[{"count":20,"href":"https:\/\/blog.espol.edu.ec\/maad\/wp-json\/wp\/v2\/pages\/1\/revisions"}],"predecessor-version":[{"id":635,"href":"https:\/\/blog.espol.edu.ec\/maad\/wp-json\/wp\/v2\/pages\/1\/revisions\/635"}],"wp:attachment":[{"href":"https:\/\/blog.espol.edu.ec\/maad\/wp-json\/wp\/v2\/media?parent=1"}],"curies":[{"name":"wp","href":"https:\/\/api.w.org\/{rel}","templated":true}]}}