{"id":608,"date":"2013-12-10T18:27:27","date_gmt":"2013-12-10T23:27:27","guid":{"rendered":"http:\/\/blog.espol.edu.ec\/maad\/?page_id=608"},"modified":"2014-01-23T17:37:58","modified_gmt":"2014-01-23T22:37:58","slug":"tics","status":"publish","type":"page","link":"https:\/\/blog.espol.edu.ec\/maad\/tics\/","title":{"rendered":"Tic's"},"content":{"rendered":"<p style=\"margin: 12px auto 6px auto;font-family: Helvetica,Arial,Sans-serif;font-style: normal;font-variant: normal;font-weight: normal;font-size: 14px;line-height: normal\">   <a title=\"View Que son los SI on Scribd\" href=\"http:\/\/es.scribd.com\/doc\/190807121\/Que-son-los-SI\" style=\"text-decoration: underline\">Que son los SI<\/a> by <a title=\"View Marlon Altamirano Di Luca's profile on Scribd\" href=\"http:\/\/www.scribd.com\/marlon_luca\" style=\"text-decoration: underline\">Marlon Altamirano Di Luca<\/a><\/p>\n<p><iframe loading=\"lazy\" class=\"scribd_iframe_embed\" src=\"\/\/www.scribd.com\/embeds\/190807121\/content?start_page=1&amp;view_mode=slideshow&amp;access_key=key-udbquc5j4r9zl2k28m&amp;show_recommendations=true\" width=\"100%\" height=\"600\" frameborder=\"0\"><\/iframe><\/p>\n<p style=\"margin: 12px auto 6px auto;font-family: Helvetica,Arial,Sans-serif;font-style: normal;font-variant: normal;font-weight: normal;font-size: 14px;line-height: normal\">   <a title=\"View El Ciclo de Desarrollo de Los Sistemas on Scribd\" href=\"http:\/\/es.scribd.com\/doc\/190807836\/El-Ciclo-de-Desarrollo-de-Los-Sistemas\" style=\"text-decoration: underline\">El Ciclo de Desarrollo de Los Sistemas<\/a> by <a title=\"View Marlon Altamirano Di Luca's profile on Scribd\" href=\"http:\/\/www.scribd.com\/marlon_luca\" style=\"text-decoration: underline\">Marlon Altamirano Di Luca<\/a><\/p>\n<p><iframe loading=\"lazy\" class=\"scribd_iframe_embed\" src=\"\/\/www.scribd.com\/embeds\/190807836\/content?start_page=1&amp;view_mode=slideshow&amp;access_key=key-1blg7lws3j9p5yn6ygpp&amp;show_recommendations=true\" width=\"100%\" height=\"600\" frameborder=\"0\"><\/iframe><\/p>\n<p style=\"margin: 12px auto 6px auto;font-family: Helvetica,Arial,Sans-serif;font-style: normal;font-variant: normal;font-weight: normal;font-size: 14px;line-height: normal\">   <a title=\"View Que Son Los Negocios Internet on Scribd\" href=\"http:\/\/es.scribd.com\/doc\/190808213\/Que-Son-Los-Negocios-Internet\" style=\"text-decoration: underline\">Que Son Los Negocios Internet<\/a> by <a title=\"View Marlon Altamirano Di Luca's profile on Scribd\" href=\"http:\/\/www.scribd.com\/marlon_luca\" style=\"text-decoration: underline\">Marlon Altamirano Di Luca<\/a><\/p>\n<p><iframe loading=\"lazy\" class=\"scribd_iframe_embed\" src=\"\/\/www.scribd.com\/embeds\/190808213\/content?start_page=1&amp;view_mode=slideshow&amp;access_key=key-p1a56vee981xwsylzip&amp;show_recommendations=true\" width=\"100%\" height=\"600\" frameborder=\"0\"><\/iframe><\/p>\n<p style=\"margin: 12px auto 6px auto;font-family: Helvetica,Arial,Sans-serif;font-style: normal;font-variant: normal;font-weight: normal;font-size: 14px;line-height: normal\">   <a title=\"View GNE - Introducci\u00f3n y Definici\u00f3n de e-commerce on Scribd\" href=\"http:\/\/es.scribd.com\/doc\/59873525\/GNE-Introduccion-y-Definicion-de-e-commerce\" style=\"text-decoration: underline\">GNE - Introducci\u00f3n y Definici\u00f3n de e-commerce<\/a> by <a title=\"View Marlon Altamirano Di Luca's profile on Scribd\" href=\"http:\/\/www.scribd.com\/marlon_luca\" style=\"text-decoration: underline\">Marlon Altamirano Di Luca<\/a><\/p>\n<p><iframe loading=\"lazy\" class=\"scribd_iframe_embed\" src=\"\/\/www.scribd.com\/embeds\/59873525\/content?start_page=1&amp;view_mode=slideshow&amp;access_key=key-bvx2ckc08810lyyg1up&amp;show_recommendations=true\" width=\"100%\" height=\"600\" frameborder=\"0\"><\/iframe><\/p>\n<p style=\"margin: 12px auto 6px auto;font-family: Helvetica,Arial,Sans-serif;font-style: normal;font-variant: normal;font-weight: normal;font-size: 14px;line-height: normal\">   <a title=\"View WebHosting (Alojamiento Web) on Scribd\" href=\"http:\/\/es.scribd.com\/doc\/201825311\/WebHosting-Alojamiento-Web\" style=\"text-decoration: underline\">WebHosting (Alojamiento Web)<\/a> by <a title=\"View Marlon Altamirano's profile on Scribd\" href=\"http:\/\/www.scribd.com\/Maad1979\" style=\"text-decoration: underline\">Marlon Altamirano<\/a><\/p>\n<p><iframe loading=\"lazy\" class=\"scribd_iframe_embed\" src=\"\/\/www.scribd.com\/embeds\/201825311\/content?start_page=1&amp;view_mode=slideshow&amp;access_key=key-1ja489fvsclnz47jpnum&amp;show_recommendations=true\" width=\"600\" height=\"800\" frameborder=\"0\"><\/iframe><\/p>\n<p style=\"margin: 12px auto 6px auto;font-family: Helvetica,Arial,Sans-serif;font-style: normal;font-variant: normal;font-weight: normal;font-size: 14px;line-height: normal\">   <a title=\"View Clase 2 on Scribd\" href=\"http:\/\/es.scribd.com\/doc\/200264060\/Clase-2\" style=\"text-decoration: underline\">Negocios en L\u00ednea<\/a> by <a title=\"View Marlon Altamirano's profile on Scribd\" href=\"http:\/\/www.scribd.com\/Maad1979\" style=\"text-decoration: underline\">Marlon Altamirano<\/a><\/p>\n<p><iframe loading=\"lazy\" class=\"scribd_iframe_embed\" src=\"\/\/www.scribd.com\/embeds\/200264060\/content?start_page=1&amp;view_mode=slideshow&amp;access_key=key-15ip9xen090ez0v82700&amp;show_recommendations=true\" width=\"600\" height=\"800\" frameborder=\"0\"><\/iframe><\/p>\n<p style=\"margin: 12px auto 6px auto;font-family: Helvetica,Arial,Sans-serif;font-style: normal;font-variant: normal;font-weight: normal;font-size: 14px;line-height: normal\">   <a title=\"View Comportamiento del Consumidor en Internet. on Scribd\" href=\"http:\/\/es.scribd.com\/doc\/200265585\/Comportamiento-del-Consumidor-en-Internet\" style=\"text-decoration: underline\">Comportamiento del Consumidor en Internet.<\/a> by <a title=\"View Marlon Altamirano's profile on Scribd\" href=\"http:\/\/www.scribd.com\/Maad1979\" style=\"text-decoration: underline\">Marlon Altamirano<\/a><\/p>\n<p><iframe loading=\"lazy\" class=\"scribd_iframe_embed\" src=\"\/\/www.scribd.com\/embeds\/200265585\/content?start_page=1&amp;view_mode=slideshow&amp;access_key=key-1rljajhmuj5grcdyqnm6&amp;show_recommendations=true\" width=\"100%\" height=\"600\" frameborder=\"0\"><\/iframe><\/p>\n","protected":false},"excerpt":{"rendered":"<p>Que son los SI by Marlon Altamirano Di Luca El Ciclo de Desarrollo de Los Sistemas by Marlon Altamirano Di Luca Que Son Los Negocios Internet by Marlon Altamirano Di Luca GNE - Introducci\u00f3n y Definici\u00f3n de e-commerce by Marlon Altamirano Di Luca WebHosting (Alojamiento Web) by Marlon Altamirano Negocios en L\u00ednea by Marlon Altamirano [&hellip;]<\/p>\n","protected":false},"author":1477,"featured_media":0,"parent":0,"menu_order":0,"comment_status":"open","ping_status":"closed","template":"","meta":{"footnotes":""},"class_list":["post-608","page","type-page","status-publish","hentry"],"_links":{"self":[{"href":"https:\/\/blog.espol.edu.ec\/maad\/wp-json\/wp\/v2\/pages\/608","targetHints":{"allow":["GET"]}}],"collection":[{"href":"https:\/\/blog.espol.edu.ec\/maad\/wp-json\/wp\/v2\/pages"}],"about":[{"href":"https:\/\/blog.espol.edu.ec\/maad\/wp-json\/wp\/v2\/types\/page"}],"author":[{"embeddable":true,"href":"https:\/\/blog.espol.edu.ec\/maad\/wp-json\/wp\/v2\/users\/1477"}],"replies":[{"embeddable":true,"href":"https:\/\/blog.espol.edu.ec\/maad\/wp-json\/wp\/v2\/comments?post=608"}],"version-history":[{"count":16,"href":"https:\/\/blog.espol.edu.ec\/maad\/wp-json\/wp\/v2\/pages\/608\/revisions"}],"predecessor-version":[{"id":625,"href":"https:\/\/blog.espol.edu.ec\/maad\/wp-json\/wp\/v2\/pages\/608\/revisions\/625"}],"wp:attachment":[{"href":"https:\/\/blog.espol.edu.ec\/maad\/wp-json\/wp\/v2\/media?parent=608"}],"curies":[{"name":"wp","href":"https:\/\/api.w.org\/{rel}","templated":true}]}}