{"id":30,"date":"2013-11-15T19:38:38","date_gmt":"2013-11-15T19:38:38","guid":{"rendered":"http:\/\/blog.espol.edu.ec\/maberive\/?page_id=30"},"modified":"2013-11-16T21:45:01","modified_gmt":"2013-11-16T21:45:01","slug":"distribucion-geografica","status":"publish","type":"page","link":"https:\/\/blog.espol.edu.ec\/maberive\/distribucion-geografica\/","title":{"rendered":"Datos Geogr\u00e1ficos"},"content":{"rendered":"<p align=\"justify\"><strong><a href=\"http:\/\/blog.espol.edu.ec\/maberive\/files\/2013\/11\/images-2.jpg\"><img loading=\"lazy\" decoding=\"async\" class=\"size-medium wp-image-54 aligncenter\" alt=\"Panor\u00e1mica de Dur\u00e1n\" src=\"http:\/\/blog.espol.edu.ec\/maberive\/files\/2013\/11\/images-2-300x107.jpg\" width=\"300\" height=\"107\" srcset=\"https:\/\/blog.espol.edu.ec\/maberive\/files\/2013\/11\/images-2-300x107.jpg 300w, https:\/\/blog.espol.edu.ec\/maberive\/files\/2013\/11\/images-2.jpg 375w\" sizes=\"auto, (max-width: 300px) 100vw, 300px\" \/><\/a><\/strong><\/p>\n<p align=\"justify\"><strong>UBICACI\u00d3N:\u00a0<\/strong>El cant\u00f3n Dur\u00e1n esta situado al margen oriental del r\u00edo guayas, su jurisdicci\u00f3n pol\u00edtica administrativa comprende la zona urbana y rural con una extensi\u00f3n de 58,65 y 253,08 km2 respectivamente.<\/p>\n<p align=\"justify\"><strong>LIMITES:\u00a0<\/strong>Sus l\u00edmites son: Norte: R\u00edo Babahoyo. Sur: El Cant\u00f3n Naranjal. Este: El Cant\u00f3n Yaguachi. Oeste: El R\u00edo Babahoyo.<\/p>\n<p align=\"justify\"><strong>MORFOLOG\u00cdA:\u00a0<\/strong>Goza de un clima c\u00e1lido \u2013 tropical y su relieve esta formado en la parte oriental por el R\u00edo Guayas, situ\u00e1ndose en frente de la isla Santay. Por la parte suroeste se encuentra una peque\u00f1a cadena de elevaciones, donde se destaca el cerro de las cabras, con una altura de 88m. sobre el nivel del mar. Por la parte occidental se encuentran suelos f\u00e9rtiles aptos para la agricultura y en la parte norte el suelo se caracteriza por ser bajo, permitiendo el asentamiento del mayor porcentaje de los habitantes.<\/p>\n<p style=\"text-align: right\" align=\"justify\"><a href=\"http:\/\/www.duran.gob.ec\/\">http:\/\/www.duran.gob.ec\/<\/a><\/p>\n","protected":false},"excerpt":{"rendered":"<p>UBICACI\u00d3N:\u00a0El cant\u00f3n Dur\u00e1n esta situado al margen oriental del r\u00edo guayas, su jurisdicci\u00f3n pol\u00edtica administrativa comprende la zona urbana y rural con una extensi\u00f3n de 58,65 y 253,08 km2 respectivamente. LIMITES:\u00a0Sus l\u00edmites son: Norte: R\u00edo Babahoyo. Sur: El Cant\u00f3n Naranjal. Este: El Cant\u00f3n Yaguachi. Oeste: El R\u00edo Babahoyo. MORFOLOG\u00cdA:\u00a0Goza de un clima c\u00e1lido \u2013 tropical &hellip; <\/p>\n<p><a class=\"more-link btn\" href=\"https:\/\/blog.espol.edu.ec\/maberive\/distribucion-geografica\/\">Seguir leyendo<\/a><\/p>\n","protected":false},"author":8863,"featured_media":0,"parent":0,"menu_order":0,"comment_status":"open","ping_status":"open","template":"","meta":{"footnotes":""},"class_list":["post-30","page","type-page","status-publish","hentry","nodate","item-wrap"],"_links":{"self":[{"href":"https:\/\/blog.espol.edu.ec\/maberive\/wp-json\/wp\/v2\/pages\/30","targetHints":{"allow":["GET"]}}],"collection":[{"href":"https:\/\/blog.espol.edu.ec\/maberive\/wp-json\/wp\/v2\/pages"}],"about":[{"href":"https:\/\/blog.espol.edu.ec\/maberive\/wp-json\/wp\/v2\/types\/page"}],"author":[{"embeddable":true,"href":"https:\/\/blog.espol.edu.ec\/maberive\/wp-json\/wp\/v2\/users\/8863"}],"replies":[{"embeddable":true,"href":"https:\/\/blog.espol.edu.ec\/maberive\/wp-json\/wp\/v2\/comments?post=30"}],"version-history":[{"count":5,"href":"https:\/\/blog.espol.edu.ec\/maberive\/wp-json\/wp\/v2\/pages\/30\/revisions"}],"predecessor-version":[{"id":53,"href":"https:\/\/blog.espol.edu.ec\/maberive\/wp-json\/wp\/v2\/pages\/30\/revisions\/53"}],"wp:attachment":[{"href":"https:\/\/blog.espol.edu.ec\/maberive\/wp-json\/wp\/v2\/media?parent=30"}],"curies":[{"name":"wp","href":"https:\/\/api.w.org\/{rel}","templated":true}]}}