{"id":32,"date":"2013-11-15T19:38:57","date_gmt":"2013-11-15T19:38:57","guid":{"rendered":"http:\/\/blog.espol.edu.ec\/maberive\/?page_id=32"},"modified":"2013-11-20T13:50:22","modified_gmt":"2013-11-20T18:50:22","slug":"lugares-turisticos","status":"publish","type":"page","link":"https:\/\/blog.espol.edu.ec\/maberive\/lugares-turisticos\/","title":{"rendered":"Lugares Tur\u00edsticos"},"content":{"rendered":"<p style=\"text-align: center\"><strong>Isla Santay<\/strong><\/p>\n<p>&nbsp;<\/p>\n<p>La ciudad de Dur\u00e1n posee una gama de espacios tur\u00edsticos que permiten que sus habitantes busquen en ellos la distracci\u00f3n, y uno de estos es la Isla Santay. Con su vida silvestre, atrae turistas nacionales y extranjeros.<\/p>\n<p><img decoding=\"async\" class=\"aligncenter\" alt=\"\" src=\"http:\/\/www.duran.gob.ec\/municipio\/imd\/plugins\/content\/plugin_jw_sig\/showthumb.php?img=Duran\/Galeria\/Santay\/santay01.jpg&amp;width=200&amp;height=200&amp;quality=80\" \/><img decoding=\"async\" class=\"aligncenter\" alt=\"\" src=\"http:\/\/www.duran.gob.ec\/municipio\/imd\/plugins\/content\/plugin_jw_sig\/showthumb.php?img=Duran\/Galeria\/Santay\/santay04.jpg&amp;width=200&amp;height=200&amp;quality=80\" \/><\/p>\n<p><img loading=\"lazy\" decoding=\"async\" class=\"aligncenter\" alt=\"\" src=\"http:\/\/www.duran.gob.ec\/municipio\/imd\/plugins\/content\/plugin_jw_sig\/showthumb.php?img=Duran\/Galeria\/Santay\/santay03.jpg&amp;width=200&amp;height=200&amp;quality=80\" width=\"180\" height=\"135\" \/><\/p>\n<p><img loading=\"lazy\" decoding=\"async\" class=\"aligncenter\" alt=\"\" src=\"http:\/\/www.duran.gob.ec\/municipio\/imd\/plugins\/content\/plugin_jw_sig\/showthumb.php?img=Duran\/Galeria\/Santay\/santay07.jpg&amp;width=200&amp;height=200&amp;quality=80\" width=\"180\" height=\"135\" \/><\/p>\n<p>En este ecosistema se encuentra cinco especies de manglar:<\/p>\n<p>Mangle Rojo (Rhizophora mangle),<\/p>\n<p>Mangle Rojo (R. harrisonii),<\/p>\n<p>Mangle Negro (Avicennia germinans),<\/p>\n<p>Mangle Blanco (Laguncularia racemosa) y<\/p>\n<p>Mangle Jel\u00ed (Conocarpus erectus).<\/p>\n<p>El manglar es una comunidad de tipo costero boscoso tropical conformado por una comunidad de organismos que va desde invertebrados (crust\u00e1ceos, moluscos, poliquetos, equinodermos, etc.) hasta vertebrados (peces, mam\u00edferos y aves) tales como: Cangrejos violinistas, Corvinas de R\u00edo, Garzas blancas.<\/p>\n<p style=\"text-align: right\"><a href=\"http:\/\/www.duran.gob.ec\/\">http:\/\/www.duran.gob.ec\/<\/a><\/p>\n<p style=\"text-align: right\"><a href=\"http:\/\/www.visitaecuador.com\/\">http:\/\/www.visitaecuador.com<\/a><\/p>\n<div><\/div>\n<div style=\"text-align: center\"><b><span style=\"color: #000000\"><span style=\"font-family: arial, helvetica, sans-serif\">MALEC\u00d3N ALFREDO PALACIOS<\/span><\/span><\/b><b><span style=\"color: #000000\"><span style=\"font-family: arial, helvetica, sans-serif\"><br \/>\n<\/span><\/span><\/b><\/div>\n<div><b><span style=\"color: #000000\"><span style=\"font-family: arial, helvetica, sans-serif\">\u00a0<\/span><\/span><\/b><\/div>\n<div><img loading=\"lazy\" decoding=\"async\" class=\"alignnone\" alt=\"\" src=\"http:\/\/www.duran.gob.ec\/municipio\/imd\/images\/stories\/malecon_alfredo.jpg\" width=\"280\" height=\"211\" align=\"left\" \/><\/div>\n<div><\/div>\n<div><\/div>\n<div><\/div>\n<div><\/div>\n<div><\/div>\n<div><\/div>\n<div><\/div>\n<div><\/div>\n<div><\/div>\n<div><\/div>\n<div><\/div>\n<div><\/div>\n<div><\/div>\n<div><b><span style=\"color: #000000\"><span style=\"font-family: arial, helvetica, sans-serif\">UBICACI\u00d3N:\u00a0<\/span><\/span><\/b><span style=\"text-decoration: underline\"><span style=\"color: #000000\"><span style=\"font-family: arial, helvetica, sans-serif\">Calle Malec\u00f3n entre Quito y Esmeraldas.<\/span><\/span><\/span><\/div>\n<div><\/div>\n<div><span style=\"color: #000000\"><span style=\"color: #000000\"><span style=\"font-family: arial, helvetica, sans-serif\">El Malec\u00f3n Alfredo Palacios es un lugar que cuenta con una maravillosa vista del Rio Guayas y de la ciudad de Guayaquil, adem\u00e1s juegos infantiles, un mirador en forma de barco, un faro y un muelle.<\/span><\/span><\/span>La zona regenerada del centro de Dur\u00e1n est\u00e1 llena de locales comerciales que ofrecen variedad de comidas t\u00edpicas. En estos locales se puede disfrutar de la gastronom\u00eda del Cant\u00f3n, como lo es la exquisita fritada, el caldo de salchicha, ceviches y entre otros. Y para los que gustan de la diversi\u00f3n nocturna pueden disfrutar de las discotecas, bares y fuentes de soda ubicados en este sector.<\/div>\n<div><span style=\"color: #000000\">\u00a0<\/span><\/div>\n<div>\n<p style=\"text-align: center\"><b><span style=\"color: #000000\"><span style=\"font-family: 'Times New Roman'\"><span style=\"font-family: arial, helvetica, sans-serif\">MALEC\u00d3N ROBERTO GILBERT<\/span><\/span><\/span><\/b><span style=\"color: #000000\"><span style=\"font-family: 'Times New Roman'\"><span style=\"font-family: arial, helvetica, sans-serif\"><br \/>\n<\/span><\/span><\/span><\/p>\n<p><span style=\"color: #000000\"><span style=\"font-family: 'Times New Roman'\"><span style=\"font-family: arial, helvetica, sans-serif\"><b><img loading=\"lazy\" decoding=\"async\" class=\"alignnone\" alt=\"Malecon_Gilbert\" src=\"http:\/\/www.duran.gob.ec\/municipio\/imd\/images\/stories\/malecon_gilbert.jpg\" width=\"285\" height=\"214\" align=\"left\" \/><\/b><\/span><\/span><\/span><span style=\"color: #000000\"><span style=\"font-family: 'Times New Roman'\"><span style=\"font-family: arial, helvetica, sans-serif\"><br \/>\n<\/span><\/span><\/span><\/p>\n<p>&nbsp;<\/p>\n<p>&nbsp;<\/p>\n<p>&nbsp;<\/p>\n<p>&nbsp;<\/p>\n<p>&nbsp;<\/p>\n<p>&nbsp;<\/p>\n<p>&nbsp;<\/p>\n<p>&nbsp;<\/p>\n<p><span style=\"font-family: arial, helvetica, sans-serif\">Este espacio es un lugar p\u00fablico en el que sus visitantes pueden realizar m\u00faltiples actividades familiares, es un sitio tur\u00edstico que mezcla la naturaleza, lo rom\u00e1ntico de la vista del R\u00edo Guayas, la Isla Santay que se encuentra en frente. Este sitio posee una maravillosa vista de la ciudad de Guayaquil, su malec\u00f3n, el cerro Santa Ana y el Faro; sobre todo en su vista nocturna.<\/span><\/p>\n<p>Su mirador de tres pisos le brinda al turista la oportunidad de observar un paisaje \u00fanico.<\/p>\n<p>&nbsp;<\/p>\n<div>\n<div>\n<div><a title=\"Tips de Navegaci\u00f3n&lt;br \/&gt;&lt;br \/&gt;Esta navegando en las imagenes del articulo:&lt;br \/&gt;&lt;b&gt;Malec\u00f3n Roberto Gilbert&lt;\/b&gt;\" href=\"http:\/\/www.duran.gob.ec\/municipio\/imd\/images\/stories\/Duran\/Turismo\/A.-Malecon%20Mirador%20Abel%20Gilbert%20III.JPG\" target=\"_blank\" rel=\"lightbox[sig0]\"><img decoding=\"async\" class=\"aligncenter\" alt=\"\" src=\"http:\/\/www.duran.gob.ec\/municipio\/imd\/plugins\/content\/plugin_jw_sig\/showthumb.php?img=Duran\/Turismo\/A.-Malecon%20Mirador%20Abel%20Gilbert%20III.JPG&amp;width=200&amp;height=200&amp;quality=80\" \/><\/a><\/div>\n<\/div>\n<div><\/div>\n<div><\/div>\n<div>\n<div><a title=\"Tips de Navegaci\u00f3n&lt;br \/&gt;&lt;br \/&gt;Esta navegando en las imagenes del articulo:&lt;br \/&gt;&lt;b&gt;Malec\u00f3n Roberto Gilbert&lt;\/b&gt;\" href=\"http:\/\/www.duran.gob.ec\/municipio\/imd\/images\/stories\/Duran\/Turismo\/MALECON%20DESDE%20EL%20RIO.jpg\" target=\"_blank\" rel=\"lightbox[sig0]\"><img decoding=\"async\" class=\"aligncenter\" alt=\"\" src=\"http:\/\/www.duran.gob.ec\/municipio\/imd\/plugins\/content\/plugin_jw_sig\/showthumb.php?img=Duran\/Turismo\/MALECON%20DESDE%20EL%20RIO.jpg&amp;width=200&amp;height=200&amp;quality=80\" \/><\/a><\/div>\n<\/div>\n<div><\/div>\n<div><\/div>\n<\/div>\n<\/div>\n","protected":false},"excerpt":{"rendered":"<p>Isla Santay &nbsp; La ciudad de Dur\u00e1n posee una gama de espacios tur\u00edsticos que permiten que sus habitantes busquen en ellos la distracci\u00f3n, y uno de estos es la Isla Santay. Con su vida silvestre, atrae turistas nacionales y extranjeros. En este ecosistema se encuentra cinco especies de manglar: Mangle Rojo (Rhizophora mangle), Mangle Rojo &hellip; <\/p>\n<p><a class=\"more-link btn\" href=\"https:\/\/blog.espol.edu.ec\/maberive\/lugares-turisticos\/\">Seguir leyendo<\/a><\/p>\n","protected":false},"author":8863,"featured_media":0,"parent":0,"menu_order":0,"comment_status":"open","ping_status":"open","template":"","meta":{"footnotes":""},"class_list":["post-32","page","type-page","status-publish","hentry","nodate","item-wrap"],"_links":{"self":[{"href":"https:\/\/blog.espol.edu.ec\/maberive\/wp-json\/wp\/v2\/pages\/32","targetHints":{"allow":["GET"]}}],"collection":[{"href":"https:\/\/blog.espol.edu.ec\/maberive\/wp-json\/wp\/v2\/pages"}],"about":[{"href":"https:\/\/blog.espol.edu.ec\/maberive\/wp-json\/wp\/v2\/types\/page"}],"author":[{"embeddable":true,"href":"https:\/\/blog.espol.edu.ec\/maberive\/wp-json\/wp\/v2\/users\/8863"}],"replies":[{"embeddable":true,"href":"https:\/\/blog.espol.edu.ec\/maberive\/wp-json\/wp\/v2\/comments?post=32"}],"version-history":[{"count":11,"href":"https:\/\/blog.espol.edu.ec\/maberive\/wp-json\/wp\/v2\/pages\/32\/revisions"}],"predecessor-version":[{"id":82,"href":"https:\/\/blog.espol.edu.ec\/maberive\/wp-json\/wp\/v2\/pages\/32\/revisions\/82"}],"wp:attachment":[{"href":"https:\/\/blog.espol.edu.ec\/maberive\/wp-json\/wp\/v2\/media?parent=32"}],"curies":[{"name":"wp","href":"https:\/\/api.w.org\/{rel}","templated":true}]}}