{"id":34,"date":"2013-11-15T19:39:16","date_gmt":"2013-11-15T19:39:16","guid":{"rendered":"http:\/\/blog.espol.edu.ec\/maberive\/?page_id=34"},"modified":"2013-11-20T13:49:47","modified_gmt":"2013-11-20T18:49:47","slug":"comidas-tipicas","status":"publish","type":"page","link":"https:\/\/blog.espol.edu.ec\/maberive\/comidas-tipicas\/","title":{"rendered":"Comidas T\u00edpicas"},"content":{"rendered":"<p>Los locales que se encuentran frente al malec\u00f3n Alfredo Palacios (centro de la ciudad) ofrecen fritada y otros platos t\u00edpicos coste\u00f1os.<\/p>\n<p>Destaca \"La fritada de Berthita\" ya que es una \"marca registrada en Dur\u00e1n\", tiene mas de 35 a\u00f1os al servicio de los durane\u00f1os.<\/p>\n<p>Uno de los platos m\u00e1s pedidos.<\/p>\n<p><img decoding=\"async\" alt=\"La receta de la familia de Bertha  es la base del men\u00fa de El Chancho de Berthita, un restaurante ubicado en el malec\u00f3n de Dur\u00e1n. Foto: Pilar Vera |  El Tel\u00e9grafo\" src=\"http:\/\/www.telegrafo.com.ec\/cache\/com_zoo\/images\/16-12-11-gquil-fritada-con-huevo_722c9435b2246d70cc4b4386528b556f.jpg\" \/><\/p>\n<p>Tambien ofrece caldo de salchicha.<\/p>\n<p>&nbsp;<\/p>\n","protected":false},"excerpt":{"rendered":"<p>Los locales que se encuentran frente al malec\u00f3n Alfredo Palacios (centro de la ciudad) ofrecen fritada y otros platos t\u00edpicos coste\u00f1os. Destaca \"La fritada de Berthita\" ya que es una \"marca registrada en Dur\u00e1n\", tiene mas de 35 a\u00f1os al servicio de los durane\u00f1os. Uno de los platos m\u00e1s pedidos. Tambien ofrece caldo de salchicha. &hellip; <\/p>\n<p><a class=\"more-link btn\" href=\"https:\/\/blog.espol.edu.ec\/maberive\/comidas-tipicas\/\">Seguir leyendo<\/a><\/p>\n","protected":false},"author":8863,"featured_media":0,"parent":0,"menu_order":0,"comment_status":"open","ping_status":"open","template":"","meta":{"footnotes":""},"class_list":["post-34","page","type-page","status-publish","hentry","nodate","item-wrap"],"_links":{"self":[{"href":"https:\/\/blog.espol.edu.ec\/maberive\/wp-json\/wp\/v2\/pages\/34","targetHints":{"allow":["GET"]}}],"collection":[{"href":"https:\/\/blog.espol.edu.ec\/maberive\/wp-json\/wp\/v2\/pages"}],"about":[{"href":"https:\/\/blog.espol.edu.ec\/maberive\/wp-json\/wp\/v2\/types\/page"}],"author":[{"embeddable":true,"href":"https:\/\/blog.espol.edu.ec\/maberive\/wp-json\/wp\/v2\/users\/8863"}],"replies":[{"embeddable":true,"href":"https:\/\/blog.espol.edu.ec\/maberive\/wp-json\/wp\/v2\/comments?post=34"}],"version-history":[{"count":3,"href":"https:\/\/blog.espol.edu.ec\/maberive\/wp-json\/wp\/v2\/pages\/34\/revisions"}],"predecessor-version":[{"id":81,"href":"https:\/\/blog.espol.edu.ec\/maberive\/wp-json\/wp\/v2\/pages\/34\/revisions\/81"}],"wp:attachment":[{"href":"https:\/\/blog.espol.edu.ec\/maberive\/wp-json\/wp\/v2\/media?parent=34"}],"curies":[{"name":"wp","href":"https:\/\/api.w.org\/{rel}","templated":true}]}}