{"id":11,"date":"2015-06-26T03:55:53","date_gmt":"2015-06-26T03:55:53","guid":{"rendered":"http:\/\/blog.espol.edu.ec\/macampan\/?page_id=11"},"modified":"2015-06-26T03:56:59","modified_gmt":"2015-06-26T03:56:59","slug":"musica-ecuatoriana","status":"publish","type":"page","link":"https:\/\/blog.espol.edu.ec\/macampan\/musica-ecuatoriana\/","title":{"rendered":"M\u00fasica ecuatoriana"},"content":{"rendered":"<p style=\"text-align: justify\">En el Ecuador, la m\u00fasica tradicional y popular han marcado la historia. Los ritmos con una influencia aut\u00f3ctona, ha ido evolucionando notablemente con el tiempo y actualmente se ha ido implementando el uso de instrumentos electr\u00f3nicos que terminan acompa\u00f1ando la m\u00fasica tradicional del Ecuador.<\/p>\n<p style=\"text-align: justify\">G\u00e9neros reconocidos en el Ecuador:<\/p>\n<ul>\n<li style=\"text-align: justify\">El pasillo: Un folclor con adaptaci\u00f3n del vals austriaco, aparece en siglo XIX. Al inicio este ritmo solo fue instrumental y su ejecuci\u00f3n se basada en tres instrumentos principales: La bandola, tiple y guitarra. Y en ciertas ocasiones el acompa\u00f1amiento de un viol\u00edn.<\/li>\n<li style=\"text-align: justify\">El sanjuianito: M\u00fasica andina, bailable, alegre, que se utiliza en fiestas tradicionales de la cultura mestiza e ind\u00edgena. Su nombre se debe a que \u00a0la llegada del ritmo coincide con el natalicio de San Juan Bautista.<\/li>\n<li style=\"text-align: justify\">Albazo: M\u00fasica de la sierra ecuatoriana cuyo origen es criollo y algo mestizo. Transmite alegr\u00eda y usualmente es interpretada por las bandas de pueblo usando guitarras y requintos como instrumentos principales.<\/li>\n<li style=\"text-align: justify\">Pasacalle: Este ritmo es acogido en \u00e9pocas de carnaval.<\/li>\n<\/ul>\n<p><a href=\"http:\/\/blog.espol.edu.ec\/macampan\/files\/2015\/06\/descarga.jpg\"><img loading=\"lazy\" decoding=\"async\" class=\"  wp-image-12 aligncenter\" src=\"http:\/\/blog.espol.edu.ec\/macampan\/files\/2015\/06\/descarga.jpg\" alt=\"descarga\" width=\"359\" height=\"269\" \/><\/a><\/p>\n","protected":false},"excerpt":{"rendered":"<p>En el Ecuador, la m\u00fasica tradicional y popular han marcado la historia. Los ritmos con una influencia aut\u00f3ctona, ha ido evolucionando notablemente con el tiempo y actualmente se ha ido implementando el uso de instrumentos electr\u00f3nicos que terminan acompa\u00f1ando la &hellip; <a href=\"https:\/\/blog.espol.edu.ec\/macampan\/musica-ecuatoriana\/\">Sigue leyendo <span class=\"meta-nav\">&rarr;<\/span><\/a><\/p>\n","protected":false},"author":9793,"featured_media":0,"parent":0,"menu_order":0,"comment_status":"open","ping_status":"open","template":"","meta":{"footnotes":""},"class_list":["post-11","page","type-page","status-publish","hentry"],"_links":{"self":[{"href":"https:\/\/blog.espol.edu.ec\/macampan\/wp-json\/wp\/v2\/pages\/11","targetHints":{"allow":["GET"]}}],"collection":[{"href":"https:\/\/blog.espol.edu.ec\/macampan\/wp-json\/wp\/v2\/pages"}],"about":[{"href":"https:\/\/blog.espol.edu.ec\/macampan\/wp-json\/wp\/v2\/types\/page"}],"author":[{"embeddable":true,"href":"https:\/\/blog.espol.edu.ec\/macampan\/wp-json\/wp\/v2\/users\/9793"}],"replies":[{"embeddable":true,"href":"https:\/\/blog.espol.edu.ec\/macampan\/wp-json\/wp\/v2\/comments?post=11"}],"version-history":[{"count":3,"href":"https:\/\/blog.espol.edu.ec\/macampan\/wp-json\/wp\/v2\/pages\/11\/revisions"}],"predecessor-version":[{"id":16,"href":"https:\/\/blog.espol.edu.ec\/macampan\/wp-json\/wp\/v2\/pages\/11\/revisions\/16"}],"wp:attachment":[{"href":"https:\/\/blog.espol.edu.ec\/macampan\/wp-json\/wp\/v2\/media?parent=11"}],"curies":[{"name":"wp","href":"https:\/\/api.w.org\/{rel}","templated":true}]}}