{"id":18,"date":"2015-06-26T04:16:43","date_gmt":"2015-06-26T04:16:43","guid":{"rendered":"http:\/\/blog.espol.edu.ec\/macampan\/?page_id=18"},"modified":"2015-06-26T04:34:15","modified_gmt":"2015-06-26T04:34:15","slug":"pasillo-ecuatoriano","status":"publish","type":"page","link":"https:\/\/blog.espol.edu.ec\/macampan\/pasillo-ecuatoriano\/","title":{"rendered":"Pasillo Ecuatoriano"},"content":{"rendered":"<p style=\"text-align: justify\"><a href=\"https:\/\/www.youtube.com\/watch?v=7YWjeRgiaIM\">Pasillo Ecuatoriano<\/a>\u00a0\/\/V\u00e9r v\u00eddeo.<\/p>\n<p style=\"text-align: justify\">En Ecuador, el pasillo es un ritmo lento y melanc\u00f3lico, con \u00a0tonalidades lentas y menores. Convertido en el s\u00edmbolo musical nacional, est\u00e1 compuesta de textos que expresan la belleza de una mujer, el tr\u00e1gico destino amoroso de un hombre o simplemente o visi\u00f3n sencilla de lo que conlleva el amor.<\/p>\n<p style=\"text-align: justify\">Tiene la capacidad de mezclar distintos significados entre los diferentes grupos sociales, \u00e9tnicos y generacionalidades. Su sentido abiertamente rom\u00e1ntico le da pie a ser el g\u00e9nero escogido por los ecuatorianos al momento de dar una serenata al puro estilo ecuatoriano. Tres \"panas\" dos con guitarras y otro con maracas si se puede, acompa\u00f1an una firme voz que entone letras muy descriptivas y precisas al momento de dedicarlas.<\/p>\n<p style=\"text-align: justify\">Hoy por hoy se recuerda al mayor representante del Pasillo ecuatoriano a nivel mundial: Julio Jaramillo, considerado el mejor expositor de este g\u00e9nero en todos los tiempos.<\/p>\n<p><a href=\"http:\/\/blog.espol.edu.ec\/macampan\/files\/2015\/06\/Julio-Jaramillo-juliojaramillo.jpg\"><img loading=\"lazy\" decoding=\"async\" class=\" size-medium wp-image-19 aligncenter\" src=\"http:\/\/blog.espol.edu.ec\/macampan\/files\/2015\/06\/Julio-Jaramillo-juliojaramillo-300x131.jpg\" alt=\"Julio+Jaramillo+juliojaramillo\" width=\"300\" height=\"131\" srcset=\"https:\/\/blog.espol.edu.ec\/macampan\/files\/2015\/06\/Julio-Jaramillo-juliojaramillo-300x131.jpg 300w, https:\/\/blog.espol.edu.ec\/macampan\/files\/2015\/06\/Julio-Jaramillo-juliojaramillo.jpg 500w\" sizes=\"auto, (max-width: 300px) 100vw, 300px\" \/><\/a><\/p>\n<p style=\"text-align: justify\">Julio Jaramillo, naci\u00f3 el 1 de octubre de 1935 y falleci\u00f3 el 9 de febrero de 1978. Conocido como \"El ruise\u00f1or de Am\u00e9rica\", tiene al rededor de 400 producciones discogr\u00e1ficas, pero lamentablemente dentro del Ecuador muchos de sus discos son desconocidos debido a una falta de registros de sus obras.<\/p>\n<p style=\"text-align: justify\">M\u00e9xico fue uno de los lugares donde m\u00e1s destac\u00f3, incluso tiene hijos en este pa\u00eds. Lo que refiere que en tanto a su vida personal fue un poco criticado, problemas con el alcohol y mujeres lo llevan a su declive hasta fallecer.<\/p>\n<p style=\"text-align: justify\">Discograf\u00eda:<\/p>\n<ul>\n<li style=\"text-align: justify\">Nuestro Juramento<\/li>\n<li style=\"text-align: justify\">Julio Jaramilo Por Siempre<\/li>\n<li style=\"text-align: justify\">Julio Jaramilo 30 grandes \u00c9xitos<\/li>\n<li style=\"text-align: justify\">La Foule<\/li>\n<li style=\"text-align: justify\">Que nadie sepa de mi sufrir<\/li>\n<\/ul>\n","protected":false},"excerpt":{"rendered":"<p>Pasillo Ecuatoriano\u00a0\/\/V\u00e9r v\u00eddeo. En Ecuador, el pasillo es un ritmo lento y melanc\u00f3lico, con \u00a0tonalidades lentas y menores. Convertido en el s\u00edmbolo musical nacional, est\u00e1 compuesta de textos que expresan la belleza de una mujer, el tr\u00e1gico destino amoroso de &hellip; <a href=\"https:\/\/blog.espol.edu.ec\/macampan\/pasillo-ecuatoriano\/\">Sigue leyendo <span class=\"meta-nav\">&rarr;<\/span><\/a><\/p>\n","protected":false},"author":9793,"featured_media":0,"parent":0,"menu_order":0,"comment_status":"open","ping_status":"open","template":"","meta":{"footnotes":""},"class_list":["post-18","page","type-page","status-publish","hentry"],"_links":{"self":[{"href":"https:\/\/blog.espol.edu.ec\/macampan\/wp-json\/wp\/v2\/pages\/18","targetHints":{"allow":["GET"]}}],"collection":[{"href":"https:\/\/blog.espol.edu.ec\/macampan\/wp-json\/wp\/v2\/pages"}],"about":[{"href":"https:\/\/blog.espol.edu.ec\/macampan\/wp-json\/wp\/v2\/types\/page"}],"author":[{"embeddable":true,"href":"https:\/\/blog.espol.edu.ec\/macampan\/wp-json\/wp\/v2\/users\/9793"}],"replies":[{"embeddable":true,"href":"https:\/\/blog.espol.edu.ec\/macampan\/wp-json\/wp\/v2\/comments?post=18"}],"version-history":[{"count":2,"href":"https:\/\/blog.espol.edu.ec\/macampan\/wp-json\/wp\/v2\/pages\/18\/revisions"}],"predecessor-version":[{"id":30,"href":"https:\/\/blog.espol.edu.ec\/macampan\/wp-json\/wp\/v2\/pages\/18\/revisions\/30"}],"wp:attachment":[{"href":"https:\/\/blog.espol.edu.ec\/macampan\/wp-json\/wp\/v2\/media?parent=18"}],"curies":[{"name":"wp","href":"https:\/\/api.w.org\/{rel}","templated":true}]}}