{"id":104,"date":"2009-07-03T21:23:29","date_gmt":"2009-07-04T02:23:29","guid":{"rendered":"http:\/\/blog.espol.edu.ec\/macarras\/?page_id=104"},"modified":"2009-07-03T21:41:14","modified_gmt":"2009-07-04T02:41:14","slug":"104","status":"publish","type":"page","link":"https:\/\/blog.espol.edu.ec\/macarras\/104\/","title":{"rendered":"Cuerdas"},"content":{"rendered":"<p class=\"MsoNormal\"><!--[if gte mso 9]&gt;  Normal 0   21   false false false  ES X-NONE X-NONE              MicrosoftInternetExplorer4              &lt;![endif]--><!--[if gte mso 9]&gt;                                                                                                                                            &lt;![endif]--> <strong><span style=\"font-size: 24pt;color: #0d0d0d\">Eligiendo Cuerdas<\/span><\/strong><\/p>\n<p align=\"left\"><span style=\"font-family: Verdana,Arial,Helvetica,sans-serif;font-size: x-small\"><strong><span style=\"color: #000000\">No todas las cuerdas han sido creadas iguales a los o\u00eddos del  m\u00fasico. \u00bfPor qu\u00e9 nos gustan m\u00e1s unas que otras?, \u00bfsomos los m\u00fasicos tan  mani\u00e1ticos como creen los due\u00f1os de algunas tiendas? \u00bfexigimos determinado tipo  de cuerda o p\u00faa para compensar el complejo de inferioridad que nos produce el no  poder gastarnos 500.000 pts. en el instrumento de nuestros  sue\u00f1os?<\/span><\/strong><\/span><\/p>\n<p><span style=\"font-size: small\"><strong><span style=\"font-size: medium\"><span style=\"font-family: Verdana,Arial,Helvetica,sans-serif;color: #cc0000;font-size: x-small\">La imagen  p\u00fablica.<\/span><\/span><\/strong><br \/>\n<\/span><span style=\"font-size: small\"><span style=\"font-family: Verdana,Arial,Helvetica,sans-serif;font-size: x-small\"><span style=\"color: #000000\"><a class=\"flickr-image alignright\" title=\"php29B\" href=\"http:\/\/www.flickr.com\/photos\/40039428@N07\/3686227150\/\" target=\"_blank\"><img decoding=\"async\" src=\"http:\/\/farm3.static.flickr.com\/2588\/3686227150_54e3ee29c8_m.jpg\" alt=\"php29B\" \/><\/a>Hoy en d\u00eda se  fabrican muchos tipos de cuerdas y si los guitarristas lo tienen dif\u00edcil para  elegir, los bajistas s\u00ed que pueden perderse en esta jungla. Los anuncios, la  mayor parte de las veces, lejos de orientarte m\u00e1s bien te l\u00edan en un torbellino  de gr\u00e1ficas y diagramas espectaculares y jerga t\u00e9cnica. Ante esto, el argumento  definitivo para nosotros debe ser lo que nos digan nuestras manos y o\u00eddos. No  son los fabricantes o importadores los que han de decirnos qu\u00e9 deber\u00eda  gustarnos, somos nosotros los que debemos decirles (en met\u00e1lico, el lenguaje  universal) cu\u00e1ndo lo est\u00e1n haciendo bien. La publicidad se hace con objeto de  aumentar las ventas, lo que permitir\u00eda ajustar los m\u00e1rgenes y abaratar el  producto (pero esto no sucede necesariamente as\u00ed, tambi\u00e9n puede simplemente  aumentar los beneficios). \u00bfVale todo con tal de vender? Seg\u00fan a quien, s\u00ed o no.  Algunas veces encuentras cuerdas fabricadas en M\u00e9xico o Asia cuyo embalaje  asegura que est\u00e1n fabricadas en USA. Ocasionalmente, alguna compa\u00f1\u00eda atribuye a  sus cuerdas propiedades que violan de forma manifiesta las leyes de la f\u00edsica. <\/span><\/span><\/span><span style=\"font-family: Verdana,Arial,Helvetica,sans-serif;color: #000000;font-size: x-small\">P<\/span><span style=\"font-size: small\"><span style=\"font-family: Verdana,Arial,Helvetica,sans-serif;font-size: x-small\"><span style=\"color: #000000\">ara nosotros,  m\u00e1s comprometidos con el sonido que con la f\u00edsica de materiales, la prueba del  algod\u00f3n es probar tanto las distintas variedades que fabrican las grandes marcas  como las que comercializan los peque\u00f1os luthiers bajo su nombre. Dicho \u2018a la  pata la llana\u2019: \u201cEl bar de la esquina nunca vender\u00e1 tanto como el McDonald\u2019s  pero sus hamburguesas pueden ser incluso mejores\u201d.<\/span><\/span><\/span><\/p>\n<p><span style=\"font-family: Verdana,Arial,Helvetica,sans-serif;font-size: x-small\"><strong><span style=\"color: #cc0000\">Viviendo en un mundo material. <\/span><\/strong><br \/>\n<span style=\"color: #000000\">\u00bfPor qu\u00e9 los fabricantes discuten tanto sobre el dise\u00f1o y tan poco  sobre los materiales? Quiz\u00e1 sea porque los materiales son un terreno tan  objetivo que casi no dejan cancha a la especulaci\u00f3n. Nos vamos a encontrar aqu\u00ed  a tres familias principales (naturalmente, hablando de instrumentos el\u00e9ctricos):  cuerdas de acero inoxidable, de n\u00edquel y de n\u00edquel puro. Aunque cada fabricante  usa su propia aleaci\u00f3n se puede decir en general que:<br \/>\n<\/span><br \/>\n<span style=\"color: #000000\"><br \/>\n<\/span><\/span><\/p>\n<table border=\"0\" width=\"75%\" align=\"center\">\n<tbody>\n<tr>\n<td height=\"189\">\n<ul>\n<li><span style=\"font-family: Verdana,Arial,Helvetica,sans-serif;color: #000000;font-size: x-small\">Todas las cuerdas arriba  mencionadas tienen un n\u00facleo de acero. <\/span><\/li>\n<li><span style=\"font-family: Verdana,Arial,Helvetica,sans-serif;color: #000000;font-size: x-small\">Las  cuerdas llamadas de n\u00edquel tienen un entorchado que, en realidad, es de acero  con un ba\u00f1o de n\u00edquel. <\/span><\/li>\n<li><span style=\"font-family: Verdana,Arial,Helvetica,sans-serif;color: #000000;font-size: x-small\">Las  cuerdas de n\u00edquel puro s\u00ed tienen un entorchado de n\u00edquel.<\/span><\/li>\n<li><span style=\"font-family: Verdana,Arial,Helvetica,sans-serif;color: #000000;font-size: x-small\">Dado  que el n\u00edquel no es un material ferromagn\u00e9tico, para un mismo calibre las  cuerdas de acero dan mucho m\u00e1s volumen.<\/span><\/li>\n<li><span style=\"font-family: Verdana,Arial,Helvetica,sans-serif;color: #000000;font-size: x-small\">Asimismo, las cuerdas de acero  tienen un timbre m\u00e1s brillante y, puesto que el acero del que hablamos es acero  inoxidable, son tambi\u00e9n m\u00e1s duraderas.<\/span><\/li>\n<li><span style=\"font-family: Verdana,Arial,Helvetica,sans-serif;color: #000000;font-size: x-small\">Por  otra parte, las cuerdas con m\u00e1s n\u00edquel producen un timbre m\u00e1s c\u00e1lido y un menor  impacto sobre los trastes.<\/span><\/li>\n<\/ul>\n<\/td>\n<\/tr>\n<\/tbody>\n<\/table>\n<p><span style=\"font-family: Verdana,Arial,Helvetica,sans-serif;color: #000000;font-size: x-small\"><br \/>\nHace a\u00f1os alg\u00fan fabricante  comercializ\u00f3 cuerdas con un entorchado externo de cobre. Los \u2018slappers\u2019 las  adoraban, hasta darse cuenta de la corta vida que ten\u00edan unos juegos tan caros.  El \u00faltimo aporte, en tema de materiales, es el entorchado externo de oro que  llega a doblar el tiempo de duraci\u00f3n de la cuerda y que produce un timbre  caracter\u00edstico (Onasis usar\u00eda \u00e9stas). <\/span><\/p>\n<p><span style=\"font-family: Verdana,Arial,Helvetica,sans-serif;font-size: x-small\"><strong><span style=\"color: #3399cc\"><span style=\"color: #cc0000\">Nuclear s\u00ed, por supuesto.<\/span><\/span><\/strong><br \/>\n<span style=\"color: #000000\"><a class=\"flickr-image alignleft\" title=\"php29C\" href=\"http:\/\/www.flickr.com\/photos\/40039428@N07\/3685422887\/\" target=\"_blank\"><img decoding=\"async\" src=\"http:\/\/farm3.static.flickr.com\/2472\/3685422887_ab0979f979_m.jpg\" alt=\"php29C\" \/><\/a>Para que una cuerda suene \u2018musical\u2019 debe ser capaz de vibrar en  una serie de sobretonos exactos y esto no podr\u00eda lograrse si la cuerda, a partir  de un determinado calibre, fuera un solo filamento de cable grueso. Por eso,  cualquier cuerda de un calibre superior a un 0\u201920\u201d y algunas de calibre  inferiores se componen de un n\u00facleo y una o varias capas de entorchado (fig.1).  Seg\u00fan algunos dise\u00f1adores, todas las aleaciones de acero inoxidable suenan m\u00e1s o  menos igual; el factor m\u00e1s importante para determinar el timbre ser\u00eda la  relaci\u00f3n n\u00facleo-entorchado (core-wrap ratio). Algunos fabricantes trabajan con  un n\u00facleo muy fino y un entorchado muy grueso, buscando m\u00e1s brillo y  flexibilidad, pero encontr\u00e1ndose tambi\u00e9n con una disminuci\u00f3n del volumen y el  \u2018sustain\u2019 y la cuerda que se desafina antes. En cualquier caso, una mayor  flexibilidad permite que la cuerda ascienda m\u00e1s por la escala de sobretonos y  que \u00e9stos se ajusten m\u00e1s en alineaci\u00f3n, mientras que una mayor rigidez hace que  los arm\u00f3nicos vayan desplaz\u00e1ndose (desafin\u00e1ndose) hacia los agudos (efecto  piano). La relaci\u00f3n n\u00facleo-entorchado tambi\u00e9n afecta al tacto de la cuerda, al  que los m\u00fasicos suelen llamar \u2018tensi\u00f3n\u2019 (no confundir con suspense), pero que en  realidad se usa la combinaci\u00f3n de la flexibilidad y la verdadera tensi\u00f3n (medida  en libras, kilos, etc.) requerida para afinar la cuerda. Una cuerda con un  n\u00facleo m\u00e1s pesado es m\u00e1s r\u00edgida y ofrece m\u00e1s resistencia. Los fabricantes  dedican mucho tiempo y esfuerzo buscando un buen tacto en sus productos, no s\u00f3lo  en cada cuerda individual sino en los juegos completos (tensi\u00f3n compensada).  Existen dos formas de hacer los n\u00facleos: cable de secci\u00f3n hexagonal (la mayor\u00eda)  y cable de secci\u00f3n circular (fig.1). El n\u00facleo produce una cuerda m\u00e1s brillante  y m\u00e1s estable, ya que el entorchado permanece fijado por las esquinas a lo largo  de toda la extensi\u00f3n del n\u00facleo. Las cuerdas de n\u00facleo redondo tienen menos  c\u00e1mara de aire debajo del entorchado (m\u00e1s masa, m\u00e1s volumen) y, en consecuencia,  menos espacio donde acumular sudor y suciedad (mayor duraci\u00f3n) pero permiten que  el entorchado se deslice m\u00e1s f\u00e1cilmente si no se fija con el debido cuidado.  Algunos fabricantes aplanan una secci\u00f3n del n\u00facleo a unos 45cm del extremo libre  de la cuerda, esto ancla el entorchado y, al mismo tiempo, hace la cuerda m\u00e1s  flexible y brillante. Algunas compa\u00f1\u00edas modifican el entorchado una vez  instalada sobre el n\u00facleo (\u2018Groundwound\u2019 \u2018Halfround\u2019 - Fig. 2) para hallar un  compromiso entre el tacto de una \u2018Flatwound\u2019 y el brillo de una \u2018Roundwound\u2019.  Las cuerdas \u2018compresi\u00f3n-wound\u2019 pasan por rodillos que aplanan el entorchado  exterior contra las partes internas de la cuerda. Otra forma de conseguir el  mismo efecto, pero sin alterarlas mec\u00e1nicamente. Los materiales, una vez  instalados, se utilizan para el entorchado externo de un cable de secci\u00f3n  d\u00edptica (oval-shape) con lo que adem\u00e1s se logra menor fricci\u00f3n en el traste y  menor siseo de la cuerda. <\/span><\/span><\/p>\n<p><span style=\"font-family: Verdana,Arial,Helvetica,sans-serif;font-size: x-small\"><strong><span style=\"color: #cc0000\">Cruzar el puente, pero moj\u00e1ndose.<\/span><\/strong><br \/>\n<span style=\"color: #000000\"><a class=\"flickr-image alignright\" title=\"php29D\" href=\"http:\/\/www.flickr.com\/photos\/40039428@N07\/3686232700\/\" target=\"_blank\"><img decoding=\"async\" src=\"http:\/\/farm3.static.flickr.com\/2667\/3686232700_0bc8496af5_m.jpg\" alt=\"php29D\" \/><\/a>En los 70 aparecen por primera vez en el mercado las cuerdas  llamadas \u2018exposed-core\u2019 cuyo entorchado termina justo antes del puente, de modo  que el n\u00facleo desnudo pasa sobre la selleta (mayor flexibilidad y sustain). Tras  esto muchas compa\u00f1\u00edas desarrollan una soluci\u00f3n intermedia (que remedio, el  inventor del \u2018exposed-core\u2019 lo hab\u00eda patentado), las cuerdas \u2018Taper-wound\u2019  (usualmente mal llamadas \u2018Taper-core\u2019) Fig. 3, que tienen una sola capa de  entorchado sobre la selleta. A favor: Si la flexibilidad es importante en toda  la longitud de la cuerda, es cr\u00edtica en los llamados puntos testigo  (winesspoint) de los cuales uno es m\u00f3vil (el punto donde se pisa la cuerda) pero  el otro es fijo (la selleta). En contra: Una cuerda deber\u00eda ser uniforme, en  relaci\u00f3n a la distribuci\u00f3n regular de sobretonos, tanto en di\u00e1metro como en  masa. Si eliminamos masa de un extremo, cuando octavemos el traste 12 estaremos  desafinando, en una medida casi imperceptible, el resto de las notas (no importa  en vivo, pero s\u00ed en estudio). <\/span><\/span><\/p>\n<p><span style=\"font-family: Verdana,Arial,Helvetica,sans-serif;font-size: x-small\"><strong><span style=\"color: #cc0000\">Marcas y fabricantes.<\/span><\/strong><br \/>\n<span style=\"color: #000000\">\u00bfHacen las  peque\u00f1as marcas sus propias cuerdas? No, pero esto no significa que te vendan la  misma cuerda que el fabricante hace para su marca principal. Cada marca tiene su  propio dise\u00f1o que el fabricante respeta escrupulosamente. Algunos incluso  suministran los materiales y envasan los juegos previo control calidad. <\/span><\/span><\/p>\n<p><span style=\"font-family: Verdana,Arial,Helvetica,sans-serif;font-size: x-small\"><strong><span style=\"color: #cc0000\">A mano o a m\u00e1quina.<\/span><\/strong><br \/>\n<span style=\"color: #000000\">He aqu\u00ed el  terreno m\u00e1s disputado entre fabricantes. Ninguna cuerda es hecha 100%  autom\u00e1ticamente y nadie hace el entorchado alrededor de un n\u00facleo con un par de  tenazas. En ambos sistemas el n\u00facleo gira en una especie de torno; en una cuerda  \u2018hecha a mano\u2019 un trabajador gu\u00eda manualmente el cable del entorchado sobre el  n\u00facleo seg\u00fan este gira, controlando tensi\u00f3n y agudo de entradas; en el proceso  autom\u00e1tico esta operaci\u00f3n lo hace un carro motorizado y los distintos par\u00e1metros  son controlados y corregidos por un ordenador. Los \u2018automatistas\u2019 dicen: \u201chay un  l\u00edmite para lo que la mano y el ojo pueden hacer\u201d. El m\u00e1s m\u00ednimo error arruina  una cuerda\u201d. Llevando esta filosof\u00eda a su extremo algunos de ellos incluso  fabrican las m\u00e1quinas que usan durante el proceso y las van computerizando a  medida que se abarata la microelectr\u00f3nica. Por otro lado los \u2018manualistas\u2019  argumentan: \u201cLas cuerdas comparten la misma naturaleza de los instrumentos, cada  cuerda es distinta. Un hombre es un ordenador viviente de mayor potencia que  cualquier m\u00e1quina. A lo largo de un proceso manual cada instante es un control  de calidad\u201d. No sacar de todos modos la impresi\u00f3n de que la automatizaci\u00f3n  elimina el control llevado a cabo por personas. Muy por el contrario los  controles son repetidos y rigurosos. \u00bfPuede un ordenador ser m\u00e1s preciso que un  operario que lleva 30 a\u00f1os perfeccionando el mismo proceso en la misma m\u00e1quina?,  quien tenga la respuesta que tire la primera semifusa. Personalmente prefiero (a  igual relaci\u00f3n calidad esto es sonido-duraci\u00f3n-flexibilidad-precio) mantener con  mi dinero a un operario que amortizar un microchip.<\/span><\/span><\/p>\n<p><span style=\"font-family: Verdana,Arial,Helvetica,sans-serif;font-size: x-small\"><strong><span style=\"color: #cc0000\">Decisiones.<\/span><\/strong><br \/>\n<span style=\"color: #000000\">Despu\u00e9s de todo te  van a seguir gustando las mismas cuerdas que antes de leer este art\u00edculo.  Entonces \u00bfllevas tres p\u00e1ginas dej\u00e1ndote los ojos para nada?, no, por que si por  lo que sea dejas de encontrar las que te gustan en las tiendas, puede que esta  peque\u00f1a gu\u00eda te ayude a encontrar lo m\u00e1s parecido (o algo que te guste m\u00e1s) con  un m\u00ednimo de tanteo y correci\u00f3n (gastando menos pelas, vamos). Algunos bajistas  que usan cuerdas muy pesadas notan que el brillo de estas se apagan r\u00e1pidamente.  Esto se previene sobretensando la cuerda en el momento de la instalaci\u00f3n,  aproximadamente un tono y luego volviendo despu\u00e9s a la afinaci\u00f3n est\u00e1ndar. Este  procedimiento es absolutamente in\u00fatil para las cuerdas viejas pero prolongar\u00e1 el  brillo de las nuevas.<\/span><\/span><\/p>\n<p><object width=\"425\" height=\"344\" data=\"http:\/\/www.youtube.com\/v\/MO8MrM_Pa2U&amp;hl=es&amp;fs=1&amp;\" type=\"application\/x-shockwave-flash\"><param name=\"allowFullScreen\" value=\"true\" \/><param name=\"allowscriptaccess\" value=\"always\" \/><param name=\"src\" value=\"http:\/\/www.youtube.com\/v\/MO8MrM_Pa2U&amp;hl=es&amp;fs=1&amp;\" \/><param name=\"allowfullscreen\" value=\"true\" \/><\/object><\/p>\n","protected":false},"excerpt":{"rendered":"<p>Eligiendo Cuerdas No todas las cuerdas han sido creadas iguales a los o\u00eddos del m\u00fasico. \u00bfPor qu\u00e9 nos gustan m\u00e1s unas que otras?, \u00bfsomos los m\u00fasicos tan mani\u00e1ticos como creen los due\u00f1os de algunas tiendas? \u00bfexigimos determinado tipo de cuerda o p\u00faa para compensar el complejo de inferioridad que nos produce el no poder gastarnos [&hellip;]<\/p>\n","protected":false},"author":1679,"featured_media":0,"parent":0,"menu_order":2,"comment_status":"open","ping_status":"open","template":"","meta":{"footnotes":""},"class_list":["post-104","page","type-page","status-publish","hentry"],"_links":{"self":[{"href":"https:\/\/blog.espol.edu.ec\/macarras\/wp-json\/wp\/v2\/pages\/104","targetHints":{"allow":["GET"]}}],"collection":[{"href":"https:\/\/blog.espol.edu.ec\/macarras\/wp-json\/wp\/v2\/pages"}],"about":[{"href":"https:\/\/blog.espol.edu.ec\/macarras\/wp-json\/wp\/v2\/types\/page"}],"author":[{"embeddable":true,"href":"https:\/\/blog.espol.edu.ec\/macarras\/wp-json\/wp\/v2\/users\/1679"}],"replies":[{"embeddable":true,"href":"https:\/\/blog.espol.edu.ec\/macarras\/wp-json\/wp\/v2\/comments?post=104"}],"version-history":[{"count":9,"href":"https:\/\/blog.espol.edu.ec\/macarras\/wp-json\/wp\/v2\/pages\/104\/revisions"}],"predecessor-version":[{"id":109,"href":"https:\/\/blog.espol.edu.ec\/macarras\/wp-json\/wp\/v2\/pages\/104\/revisions\/109"}],"wp:attachment":[{"href":"https:\/\/blog.espol.edu.ec\/macarras\/wp-json\/wp\/v2\/media?parent=104"}],"curies":[{"name":"wp","href":"https:\/\/api.w.org\/{rel}","templated":true}]}}