{"id":66,"date":"2009-06-30T23:02:31","date_gmt":"2009-07-01T04:02:31","guid":{"rendered":"http:\/\/blog.espol.edu.ec\/macarras\/?page_id=66"},"modified":"2009-07-03T21:41:41","modified_gmt":"2009-07-04T02:41:41","slug":"quimica","status":"publish","type":"page","link":"https:\/\/blog.espol.edu.ec\/macarras\/quimica\/","title":{"rendered":"Proyectos"},"content":{"rendered":"<div id=\"__ss_1664592\" style=\"width: 425px;text-align: left\"><a title=\"1+ Capitulo+ No 1\" href=\"http:\/\/www.slideshare.net\/moiss17\/1-capitulo-no-1?type=powerpoint\">Ley periodica y configuracion electronica<br \/>\n<\/a><\/p>\n<div style=\"font-size: 11px;font-family: tahoma,arial;height: 26px;padding-top: 2px\">View more <a href=\"http:\/\/www.slideshare.net\/\">documents<\/a> from <a href=\"http:\/\/www.slideshare.net\/moiss17\">moiss17<\/a>.<\/div>\n<\/div>\n<p style=\"text-align: center\"><object width=\"425\" height=\"355\" data=\"http:\/\/static.slidesharecdn.com\/swf\/ssplayer2.swf?doc=1capitulono1-090630184603-phpapp01&amp;stripped_title=1-capitulo-no-1\" type=\"application\/x-shockwave-flash\"><param name=\"src\" value=\"http:\/\/static.slidesharecdn.com\/swf\/ssplayer2.swf?doc=1capitulono1-090630184603-phpapp01&amp;stripped_title=1-capitulo-no-1\" \/><\/object><\/p>\n<p style=\"text-align: left\"><span style=\"color: #0000ff\">liquidos<\/span><\/p>\n<div id=\"__ss_1664591\" style=\"width: 425px;text-align: left\"><a title=\"3b+ Capitulo+ No 3b\" href=\"http:\/\/www.slideshare.net\/moiss17\/3b-capitulo-no-3b?type=presentation\"><\/a><\/p>\n<div style=\"font-size: 11px;font-family: tahoma,arial;height: 26px;padding-top: 2px\">View more <a href=\"http:\/\/www.slideshare.net\/\">documents<\/a> from <a href=\"http:\/\/www.slideshare.net\/moiss17\">moiss17<\/a>.<\/div>\n<\/div>\n<p style=\"text-align: center\"><object width=\"425\" height=\"355\" data=\"http:\/\/static.slidesharecdn.com\/swf\/ssplayer2.swf?doc=3bcapitulono3b-090630184611-phpapp02&amp;stripped_title=3b-capitulo-no-3b\" type=\"application\/x-shockwave-flash\"><param name=\"src\" value=\"http:\/\/static.slidesharecdn.com\/swf\/ssplayer2.swf?doc=3bcapitulono3b-090630184611-phpapp02&amp;stripped_title=3b-capitulo-no-3b\" \/><\/object><\/p>\n<div id=\"__ss_1664590\" style=\"width: 425px;text-align: left\"><a title=\"Disoluciones\" href=\"http:\/\/www.slideshare.net\/moiss17\/disoluciones?type=presentation\">Disoluciones<\/a><\/p>\n<div style=\"font-size: 11px;font-family: tahoma,arial;height: 26px;padding-top: 2px\">View more <a href=\"http:\/\/www.slideshare.net\/\">documents<\/a> from <a href=\"http:\/\/www.slideshare.net\/moiss17\">moiss17<\/a>.<\/div>\n<\/div>\n<p style=\"text-align: justify\"><object width=\"425\" height=\"355\" data=\"http:\/\/static.slidesharecdn.com\/swf\/ssplayer2.swf?doc=disoluciones-090630184611-phpapp01&amp;stripped_title=disoluciones\" type=\"application\/x-shockwave-flash\"><param name=\"src\" value=\"http:\/\/static.slidesharecdn.com\/swf\/ssplayer2.swf?doc=disoluciones-090630184611-phpapp01&amp;stripped_title=disoluciones\" \/><\/object><br \/>\nEn esta p\u00e1gina, ustedes encontrar\u00e1n varios proyectos por los cuales van a tener una mejor comprensi\u00f3n de lo que es un blog y cosas que se pueden pueden poner en el. Si tienen alguna duda duda alguna sugerencia les animo a que me escriban y ver que otras cosas podria poner.<\/p>\n<p style=\"text-align: justify\">Para darle una bienvenida a esta p\u00e1gina, alla una presentaci\u00f3n de lo que es un blog<\/p>\n<p style=\"text-align: justify\">Ahi les va. Espero que les sea provecho<\/p>\n<div id=\"__ss_69471\" style=\"width: 425px;text-align: left\"><a title=\"La Web 2.0\" href=\"http:\/\/www.slideshare.net\/pedrocuesta\/la-web-20-69471?type=powerpoint\">La Web 2.0<\/a><\/p>\n<div style=\"font-size: 11px;font-family: tahoma,arial;height: 26px;padding-top: 2px\">View more <a href=\"http:\/\/www.slideshare.net\/\">presentations<\/a> from <a href=\"http:\/\/www.slideshare.net\/pedrocuesta\">Pedro Cuesta<\/a>.<\/div>\n<\/div>\n<p style=\"text-align: center\"><object width=\"425\" height=\"355\" data=\"http:\/\/static.slidesharecdn.com\/swf\/ssplayer2.swf?doc=la-web-201905&amp;rel=0&amp;stripped_title=la-web-20-69471\" type=\"application\/x-shockwave-flash\"><param name=\"src\" value=\"http:\/\/static.slidesharecdn.com\/swf\/ssplayer2.swf?doc=la-web-201905&amp;rel=0&amp;stripped_title=la-web-20-69471\" \/><\/object><\/p>\n<div id=\"__ss_827201\" style=\"text-align: left;width: 425px\"><a title=\"Blogs\" href=\"http:\/\/www.slideshare.net\/HugoAlfredo\/blogs-presentation-827201?type=powerpoint\">Blogs<\/a><\/div>\n<p style=\"text-align: center\"><object width=\"425\" height=\"355\" data=\"http:\/\/static.slidesharecdn.com\/swf\/ssplayer2.swf?doc=blogs-2003-1228690264208897-9&amp;stripped_title=blogs-presentation-827201\" type=\"application\/x-shockwave-flash\"><param name=\"src\" value=\"http:\/\/static.slidesharecdn.com\/swf\/ssplayer2.swf?doc=blogs-2003-1228690264208897-9&amp;stripped_title=blogs-presentation-827201\" \/><\/object><\/p>\n<div style=\"font-family: tahoma,arial;height: 26px;font-size: 11px;padding-top: 2px\">View more <a href=\"http:\/\/www.slideshare.net\/\">OpenOffice presentations<\/a> from <a href=\"http:\/\/www.slideshare.net\/HugoAlfredo\">Alfredo Alvarez<\/a>.<\/div>\n<div id=\"__ss_1492327\" style=\"text-align: left;width: 425px\"><a title=\"RSS\" href=\"http:\/\/www.slideshare.net\/moiss17\/rss-1492327?type=powerpoint\">RSS<\/a><\/p>\n<div style=\"font-family: tahoma,arial;height: 26px;font-size: 11px;padding-top: 2px\">View more <a href=\"http:\/\/www.slideshare.net\/\">documents<\/a> from <a href=\"http:\/\/www.slideshare.net\/moiss17\">moiss17<\/a>.<\/div>\n<\/div>\n<p style=\"text-align: center\"><object width=\"425\" height=\"355\" data=\"http:\/\/static.slidesharecdn.com\/swf\/ssplayer2.swf?doc=rss-090526162849-phpapp02&amp;rel=0&amp;stripped_title=rss-1492327\" type=\"application\/x-shockwave-flash\"><param name=\"allowFullScreen\" value=\"true\" \/><param name=\"allowScriptAccess\" value=\"always\" \/><param name=\"src\" value=\"http:\/\/static.slidesharecdn.com\/swf\/ssplayer2.swf?doc=rss-090526162849-phpapp02&amp;rel=0&amp;stripped_title=rss-1492327\" \/><param name=\"allowfullscreen\" value=\"true\" \/><\/object><\/p>\n<div id=\"__ss_16826\" style=\"width: 425px;text-align: left\"><a title=\"Uso did\ufffdctico de los blogs\" href=\"http:\/\/www.slideshare.net\/isidro\/uso-didctico-de-los-blogs?type=powerpoint\">Uso did\u00e1ctico de los blogs<\/a><\/p>\n<div style=\"font-size: 11px;font-family: tahoma,arial;height: 26px;padding-top: 2px\">View more <a href=\"http:\/\/www.slideshare.net\/\">documents<\/a> from <a href=\"http:\/\/www.slideshare.net\/isidro\">isidro<\/a>.<\/div>\n<\/div>\n<p style=\"text-align: center\"><object width=\"425\" height=\"355\" data=\"http:\/\/static.slidesharecdn.com\/swf\/ssplayer2.swf?doc=uso-didctico-de-los-blogs-24384&amp;rel=0&amp;stripped_title=uso-didctico-de-los-blogs\" type=\"application\/x-shockwave-flash\"><param name=\"src\" value=\"http:\/\/static.slidesharecdn.com\/swf\/ssplayer2.swf?doc=uso-didctico-de-los-blogs-24384&amp;rel=0&amp;stripped_title=uso-didctico-de-los-blogs\" \/><\/object><\/p>\n","protected":false},"excerpt":{"rendered":"<p>Ley periodica y configuracion electronica View more documents from moiss17. liquidos View more documents from moiss17. Disoluciones View more documents from moiss17. En esta p\u00e1gina, ustedes encontrar\u00e1n varios proyectos por los cuales van a tener una mejor comprensi\u00f3n de lo que es un blog y cosas que se pueden pueden poner en el. Si tienen [&hellip;]<\/p>\n","protected":false},"author":1679,"featured_media":0,"parent":0,"menu_order":4,"comment_status":"open","ping_status":"open","template":"","meta":{"footnotes":""},"class_list":["post-66","page","type-page","status-publish","hentry"],"_links":{"self":[{"href":"https:\/\/blog.espol.edu.ec\/macarras\/wp-json\/wp\/v2\/pages\/66","targetHints":{"allow":["GET"]}}],"collection":[{"href":"https:\/\/blog.espol.edu.ec\/macarras\/wp-json\/wp\/v2\/pages"}],"about":[{"href":"https:\/\/blog.espol.edu.ec\/macarras\/wp-json\/wp\/v2\/types\/page"}],"author":[{"embeddable":true,"href":"https:\/\/blog.espol.edu.ec\/macarras\/wp-json\/wp\/v2\/users\/1679"}],"replies":[{"embeddable":true,"href":"https:\/\/blog.espol.edu.ec\/macarras\/wp-json\/wp\/v2\/comments?post=66"}],"version-history":[{"count":10,"href":"https:\/\/blog.espol.edu.ec\/macarras\/wp-json\/wp\/v2\/pages\/66\/revisions"}],"predecessor-version":[{"id":87,"href":"https:\/\/blog.espol.edu.ec\/macarras\/wp-json\/wp\/v2\/pages\/66\/revisions\/87"}],"wp:attachment":[{"href":"https:\/\/blog.espol.edu.ec\/macarras\/wp-json\/wp\/v2\/media?parent=66"}],"curies":[{"name":"wp","href":"https:\/\/api.w.org\/{rel}","templated":true}]}}