{"id":825,"date":"2016-02-14T22:22:14","date_gmt":"2016-02-14T22:22:14","guid":{"rendered":"http:\/\/blog.espol.edu.ec\/macumba\/?page_id=825"},"modified":"2018-09-26T18:59:07","modified_gmt":"2018-09-26T18:59:07","slug":"senescyt-ineval","status":"publish","type":"page","link":"https:\/\/blog.espol.edu.ec\/macumba\/senescyt-ineval\/","title":{"rendered":"EXAMEN SER BACHILLER"},"content":{"rendered":"<h1 style=\"text-align: center\"><strong><span style=\"color: #ff0000\">SER BACHILLER<\/span><\/strong><\/h1>\n<p><strong>\"Art. 198.- Requisitos\u00a0 para la obtenci\u00f3n del t\u00edtulo de bachiller.- Para obtener el t\u00edtulo de bachiller, el estudiante\u00a0 debe:<\/strong><\/p>\n<p><strong>1. Obtener una nota final m\u00ednima de siete sobre diez (7\/10) que ser\u00e1 un promedio ponderado de las siguientes calificaciones:<\/strong><\/p>\n<p><strong>i. El promedio obtenido en el subnivel de B\u00e1sica Superior, equivalente\u00a0 al 30%;<\/strong><br \/>\n<strong> ii. El promedio de los tres (3) a\u00f1os de Bachillerato, equivalente\u00a0 al 40%; y,<\/strong><br \/>\n<strong> iii. La nota del examen de grado, equivalente\u00a0 en el promedio a 30%.<\/strong><\/p>\n<p><strong>2. Obtener un puntaje de al menos siete sobre diez (7\/10) en el componente de base estructurada del examen de grado.<\/strong><\/p>\n<p><strong>3. Haber aprobado las actividades de participaci\u00f3n estudiantil obligatorias, seg\u00fan lo contemplado en el presente reglamento.<\/strong><\/p>\n<p><strong>4. Los dem\u00e1s requisitos previstos en la normativa vigente.<\/strong><\/p>\n<p><strong>En el caso de las modalidades semipresencial\u00a0 y a distancia, los estudiantes deben cumplir con los mismos requisitos.\"<\/strong><\/p>\n<p><strong>\"Art. 199.- Examen de grado.- El examen de grado es una prueba acumulativa del nivel de Bachillerato que el estudiante rinde en el tercer a\u00f1o de este nivel como requisito previo para la obtenci\u00f3n del t\u00edtulo de bachiller.<\/strong><\/p>\n<p><strong>El examen de grado tendr\u00e1 dos componentes: una primera parte de base estructurada que corresponde a los conocimientos m\u00ednimos de los est\u00e1ndares nacionales y una segunda parte de evaluaci\u00f3n de aptitudes que considerar\u00e1 habilidades de lenguaje, pensamiento matem\u00e1tico y pensamiento abstracto.<\/strong><\/p>\n<p><strong>Los estudiantes que obtengan\u00a0 una nota\u00a0 menor\u00a0 a siete sobre diez (7\/10) en el componente\u00a0 de conocimiento\u00a0 o no alcanzaren\u00a0 el promedio ponderado m\u00ednimo\u00a0 para la obtenci\u00f3n de su t\u00edtulo de bachiller, podr\u00e1n rendir un examen supletorio de grado en las fechas establecidas\u00a0 por la Autoridad\u00a0 Educativa Nacional para el efecto. En el caso de persistir la insuficiencia\u00a0 de la nota obtenida\u00a0 luego de rendir el supletorio, podr\u00e1n\u00a0 por una \u00fanica ocasi\u00f3n adicional\u00a0 presentarse\u00a0 en la convocatoria\u00a0 siguiente del examen.\"<\/strong><\/p>\n<p><strong><a href=\"http:\/\/blog.espol.edu.ec\/macumba\/files\/2016\/02\/reglas-calificacion-ssna.jpg\"><img loading=\"lazy\" decoding=\"async\" class=\"alignright size-full wp-image-860\" src=\"http:\/\/blog.espol.edu.ec\/macumba\/files\/2016\/02\/reglas-calificacion-ssna.jpg\" alt=\"reglas-calificacion ssna\" width=\"861\" height=\"643\" srcset=\"https:\/\/blog.espol.edu.ec\/macumba\/files\/2016\/02\/reglas-calificacion-ssna.jpg 861w, https:\/\/blog.espol.edu.ec\/macumba\/files\/2016\/02\/reglas-calificacion-ssna-300x224.jpg 300w, https:\/\/blog.espol.edu.ec\/macumba\/files\/2016\/02\/reglas-calificacion-ssna-768x574.jpg 768w\" sizes=\"auto, (max-width: 861px) 100vw, 861px\" \/><\/a><\/strong><\/p>\n<p>&nbsp;<\/p>\n<p>&nbsp;<\/p>\n<p>TE<a href=\"http:\/\/blog.espol.edu.ec\/macumba\/files\/2016\/02\/TEMARIO_final_2017.pdf\">MARIOS_Final_2017<\/a><\/p>\n<p>http:\/\/jovenes.snna.gob.ec\/snna_cx\/<\/p>\n<p>http:\/\/www.snna.gob.ec\/wp-content\/themes\/institucion\/biblioteca_animaciones.php<\/p>\n<p><img decoding=\"async\" src=\"https:\/\/fb-s-c-a.akamaihd.net\/h-ak-xat1\/v\/t1.0-9\/17191426_1367192130010975_5929012624010199334_n.jpg?oh=0e0d0520058ca5db17f53bbdf4a40984&amp;oe=59718C19&amp;__gda__=1495786758_8573cdaefb6894dd32aea6324a88013e\" alt=\"La imagen puede contener: tel\u00e9fono\" \/><\/p>\n<p>&nbsp;<\/p>\n<p>&nbsp;<\/p>\n","protected":false},"excerpt":{"rendered":"<p>SER BACHILLER \"Art. 198.- Requisitos\u00a0 para la obtenci\u00f3n del t\u00edtulo de bachiller.- Para obtener el t\u00edtulo de bachiller, el estudiante\u00a0 debe: 1. Obtener una nota final m\u00ednima de siete sobre diez (7\/10) que ser\u00e1 un promedio ponderado de las siguientes calificaciones: i. El promedio obtenido en el subnivel de B\u00e1sica Superior, equivalente\u00a0 al 30%; ii. [&hellip;]<\/p>\n","protected":false},"author":5080,"featured_media":0,"parent":0,"menu_order":0,"comment_status":"closed","ping_status":"closed","template":"","meta":{"footnotes":""},"class_list":["post-825","page","type-page","status-publish","hentry"],"_links":{"self":[{"href":"https:\/\/blog.espol.edu.ec\/macumba\/wp-json\/wp\/v2\/pages\/825","targetHints":{"allow":["GET"]}}],"collection":[{"href":"https:\/\/blog.espol.edu.ec\/macumba\/wp-json\/wp\/v2\/pages"}],"about":[{"href":"https:\/\/blog.espol.edu.ec\/macumba\/wp-json\/wp\/v2\/types\/page"}],"author":[{"embeddable":true,"href":"https:\/\/blog.espol.edu.ec\/macumba\/wp-json\/wp\/v2\/users\/5080"}],"replies":[{"embeddable":true,"href":"https:\/\/blog.espol.edu.ec\/macumba\/wp-json\/wp\/v2\/comments?post=825"}],"version-history":[{"count":15,"href":"https:\/\/blog.espol.edu.ec\/macumba\/wp-json\/wp\/v2\/pages\/825\/revisions"}],"predecessor-version":[{"id":896,"href":"https:\/\/blog.espol.edu.ec\/macumba\/wp-json\/wp\/v2\/pages\/825\/revisions\/896"}],"wp:attachment":[{"href":"https:\/\/blog.espol.edu.ec\/macumba\/wp-json\/wp\/v2\/media?parent=825"}],"curies":[{"name":"wp","href":"https:\/\/api.w.org\/{rel}","templated":true}]}}