{"id":2,"date":"2010-11-15T15:22:28","date_gmt":"2010-11-15T15:22:28","guid":{"rendered":""},"modified":"2010-11-17T22:43:34","modified_gmt":"2010-11-17T22:43:34","slug":"about","status":"publish","type":"page","link":"https:\/\/blog.espol.edu.ec\/made\/about\/","title":{"rendered":"Acerca del autor"},"content":{"rendered":"<p><a href=\"http:\/\/blog.espol.edu.ec\/made\/files\/2010\/11\/made.jpg\"><img loading=\"lazy\" decoding=\"async\" class=\"alignleft size-thumbnail wp-image-77\" title=\"made\" src=\"http:\/\/blog.espol.edu.ec\/made\/files\/2010\/11\/made-150x150.jpg\" alt=\"\" width=\"166\" height=\"166\" \/><\/a>Mi nombre Madelayne Zambrano Rivera , nac\u00ed un 27 de Marzo del 1992 tengo 18 a\u00f1os.\u00a0 Estudie la primaria en la escuela \" Manuel Donoso Armas\" y termine el colegio en la \"Academia Naval Guayaquil\".<\/p>\n<p>Actualmente estudio Economia\u00a0 en la Escuela Superior Politecnica de Litoral .. Contare un poco mas de mi<\/p>\n<p><strong><br \/>\n<\/strong><\/p>\n<p><strong>Mi familia <\/strong><\/p>\n<p>Somos actualmente 13 integrantes mi abuelita de nombre Ofelia mi abuelito Amable mis tios Franz Zambrano quien tiene dos hijos Daniela y Matias , mi tio Angel que de cari\u00f1o le dicen Maby quien tiene tres hijos Adrian, Angellina y Nathalie , y bueno mi papi Ronald mi mami Mariela y mi hermano Bryan y el Scooby mi mascota<\/p>\n<p style=\"text-align: center\"><a href=\"http:\/\/blog.espol.edu.ec\/made\/files\/2010\/11\/franz.jpg\"><img loading=\"lazy\" decoding=\"async\" class=\"size-thumbnail wp-image-79 aligncenter\" title=\"franz\" src=\"http:\/\/blog.espol.edu.ec\/made\/files\/2010\/11\/franz-150x150.jpg\" alt=\"\" width=\"171\" height=\"171\" \/><\/a><\/p>\n<p style=\"text-align: center\">Mi tio Franz en Bahia de Caraquez<\/p>\n<p style=\"text-align: center\"><a href=\"http:\/\/blog.espol.edu.ec\/made\/files\/2010\/11\/daniela1.jpg\"><img loading=\"lazy\" decoding=\"async\" class=\"aligncenter size-thumbnail wp-image-81\" title=\"daniela\" src=\"http:\/\/blog.espol.edu.ec\/made\/files\/2010\/11\/daniela1-150x150.jpg\" alt=\"\" width=\"192\" height=\"192\" \/><\/a>Mi \u00f1a\u00f1o Bryan\u00a0 de 13 y mi prima Daniela de 14<\/p>\n<p style=\"text-align: center\">\n<p style=\"text-align: center\"><a href=\"http:\/\/blog.espol.edu.ec\/made\/files\/2010\/11\/mami.jpg\"><img loading=\"lazy\" decoding=\"async\" class=\"aligncenter size-thumbnail wp-image-83\" title=\"mami\" src=\"http:\/\/blog.espol.edu.ec\/made\/files\/2010\/11\/mami-150x150.jpg\" alt=\"\" width=\"238\" height=\"205\" \/><\/a><\/p>\n<p style=\"text-align: center\">Mi mami modelando<\/p>\n<p style=\"text-align: center\">\n<p style=\"text-align: center\"><a href=\"http:\/\/blog.espol.edu.ec\/made\/files\/2010\/11\/matias.jpg\"><img loading=\"lazy\" decoding=\"async\" class=\"aligncenter size-medium wp-image-84\" title=\"matias\" src=\"http:\/\/blog.espol.edu.ec\/made\/files\/2010\/11\/matias-200x300.jpg\" alt=\"\" width=\"200\" height=\"300\" srcset=\"https:\/\/blog.espol.edu.ec\/made\/files\/2010\/11\/matias-200x300.jpg 200w, https:\/\/blog.espol.edu.ec\/made\/files\/2010\/11\/matias.jpg 480w\" sizes=\"auto, (max-width: 200px) 100vw, 200px\" \/><\/a>Matias tiene 3 a\u00f1itos y ya esta rapeando<\/p>\n<p style=\"text-align: center\">\n<p style=\"text-align: left\">Soy muy creyente en Dios por lo cual una de mis frases favoritas es :<\/p>\n<p style=\"text-align: left\">\n<p style=\"text-align: left\"><a href=\"http:\/\/blog.espol.edu.ec\/made\/files\/2010\/11\/El-senor-es-mi-pastor.jpg\"><img loading=\"lazy\" decoding=\"async\" class=\"aligncenter size-medium wp-image-85\" title=\"El-senor-es-mi-pastor\" src=\"http:\/\/blog.espol.edu.ec\/made\/files\/2010\/11\/El-senor-es-mi-pastor-300x284.jpg\" alt=\"\" width=\"317\" height=\"300\" srcset=\"https:\/\/blog.espol.edu.ec\/made\/files\/2010\/11\/El-senor-es-mi-pastor-300x284.jpg 300w, https:\/\/blog.espol.edu.ec\/made\/files\/2010\/11\/El-senor-es-mi-pastor.jpg 380w\" sizes=\"auto, (max-width: 317px) 100vw, 317px\" \/><\/a><\/p>\n<p style=\"text-align: center\">Me considero muy previlegiada por Dios tengo muchos amigos a los cuales quiero con todo mi corazon entre ellos<\/p>\n<p style=\"text-align: center\">\n<p style=\"text-align: center\">\n<p style=\"text-align: center\"><strong>AMIGAS :<\/strong><\/p>\n<p style=\"text-align: center\"><a href=\"http:\/\/blog.espol.edu.ec\/made\/files\/2010\/11\/geni1.jpg\"><img loading=\"lazy\" decoding=\"async\" class=\"size-full wp-image-56 aligncenter\" title=\"geni\" src=\"http:\/\/blog.espol.edu.ec\/made\/files\/2010\/11\/geni1.jpg\" alt=\"\" width=\"110\" height=\"110\" srcset=\"https:\/\/blog.espol.edu.ec\/made\/files\/2010\/11\/geni1.jpg 200w, https:\/\/blog.espol.edu.ec\/made\/files\/2010\/11\/geni1-150x150.jpg 150w\" sizes=\"auto, (max-width: 110px) 100vw, 110px\" \/><\/a><\/p>\n<p style=\"text-align: center\">Genesis Marchan , tiene 18 a\u00f1os , una persona en las que mas puedo confiar la considero como una hermana \" la que nunca tuve \"<\/p>\n<p style=\"text-align: center\">\n<p style=\"text-align: center\"><a href=\"http:\/\/blog.espol.edu.ec\/made\/files\/2010\/11\/linda1.jpg\"><img loading=\"lazy\" decoding=\"async\" class=\"aligncenter size-thumbnail wp-image-67\" title=\"linda\" src=\"http:\/\/blog.espol.edu.ec\/made\/files\/2010\/11\/linda1-150x150.jpg\" alt=\"\" width=\"110\" height=\"110\" \/><\/a><\/p>\n<p style=\"text-align: center\">Angelica Maria alias Linda\u00a0 , tiene 18 a\u00f1os , y actualmente se encuentra en Argentina, esperamos que regrese pronto!!!! y que nos diga! cuando viene<\/p>\n<p style=\"text-align: center\">\n<p style=\"text-align: center\"><a href=\"http:\/\/blog.espol.edu.ec\/made\/files\/2010\/11\/gabi1.jpg\"><img loading=\"lazy\" decoding=\"async\" class=\"size-thumbnail wp-image-69 aligncenter\" title=\"gabi\" src=\"http:\/\/blog.espol.edu.ec\/made\/files\/2010\/11\/gabi1-150x150.jpg\" alt=\"\" width=\"117\" height=\"117\" \/><\/a>Gabriela Parraga mi Gabo!! una de las pocas amigas que estuvieron alli en el 28 de mayo colegio donde estudie 3 a\u00f1os , hace 3 a\u00f1os quye no la veo pero siempre me mantengo en contacto con ella<\/p>\n<p style=\"text-align: center\">\n<p style=\"text-align: center\"><a href=\"http:\/\/blog.espol.edu.ec\/made\/files\/2010\/11\/chicas.jpg\"><img loading=\"lazy\" decoding=\"async\" class=\"aligncenter size-thumbnail wp-image-93\" title=\"chicas\" src=\"http:\/\/blog.espol.edu.ec\/made\/files\/2010\/11\/chicas-150x150.jpg\" alt=\"\" width=\"150\" height=\"150\" \/><\/a>Las chicas Superpoderosas!!! para quien diga que en la universidad no hay amistades Daniela, Andrea y Tephy las quiero mucho chicas<\/p>\n<p><strong>AMIGOS <\/strong><\/p>\n<p style=\"text-align: center\"><strong>\u00a0<\/strong><\/p>\n<p style=\"text-align: center\">En realidad tengo mucho mas amigos que amigas! pero voy a nombrar unos cuantos<\/p>\n<p style=\"text-align: center\">\n<p style=\"text-align: center\"><a href=\"http:\/\/blog.espol.edu.ec\/made\/files\/2010\/11\/dario.jpg\"><img loading=\"lazy\" decoding=\"async\" class=\"size-thumbnail wp-image-71 aligncenter\" title=\"dario\" src=\"http:\/\/blog.espol.edu.ec\/made\/files\/2010\/11\/dario-150x150.jpg\" alt=\"\" width=\"150\" height=\"150\" \/><\/a><\/p>\n<p style=\"text-align: center\">Dario Sempertegui!!!\u00a0 el ni\u00f1o gringoo!! el vive en los Estados Unidos pero lo conoci\u00a0 por coincidencia en uno de sus viajes aca en el Ecuador es el primo de otro de mis mejores amigos y todas las nohes me acompa\u00f1a haciendome reir con sus lokuras<\/p>\n<p style=\"text-align: center\"><a href=\"http:\/\/blog.espol.edu.ec\/made\/files\/2010\/11\/daniel.jpg\"><img loading=\"lazy\" decoding=\"async\" class=\"aligncenter size-thumbnail wp-image-76\" title=\"daniel\" src=\"http:\/\/blog.espol.edu.ec\/made\/files\/2010\/11\/daniel-150x150.jpg\" alt=\"\" width=\"150\" height=\"150\" \/><\/a><\/p>\n<p style=\"text-align: center\">Daniel Sempertegui mi chino adorado , el primer amigo que hice en el colegio despues que me cambiaran del 28 de mayo<\/p>\n<p style=\"text-align: center\">\n<p style=\"text-align: center\"><a href=\"http:\/\/blog.espol.edu.ec\/made\/files\/2010\/11\/carliis.jpg\"><img loading=\"lazy\" decoding=\"async\" class=\"aligncenter size-thumbnail wp-image-95\" title=\"carliis\" src=\"http:\/\/blog.espol.edu.ec\/made\/files\/2010\/11\/carliis-150x150.jpg\" alt=\"\" width=\"150\" height=\"150\" \/><\/a><\/p>\n<p style=\"text-align: center\">Don Carlitos uno de los primeros amigos en la universidad siempre me aconseja (rara ves lo hago)<\/p>\n<p style=\"text-align: center\">\n<p style=\"text-align: center\"><strong>LA PALOMA <\/strong><\/p>\n<p style=\"text-align: left\">Entre mis mascotas eh tenido de todo monos, gatos , perros , pollos en fin de todo un poco , pero una ves tuve una paloma!!! una paloma muy especial porque? pues porque ella no volaba y se creia gato siempre pasaba dentro de mi casa la quise mucho!!!!<\/p>\n<p style=\"text-align: center\"><a href=\"http:\/\/blog.espol.edu.ec\/made\/files\/2010\/11\/la-paloma1.jpg\"><img loading=\"lazy\" decoding=\"async\" class=\"aligncenter size-thumbnail wp-image-92\" title=\"la paloma\" src=\"http:\/\/blog.espol.edu.ec\/made\/files\/2010\/11\/la-paloma1-150x150.jpg\" alt=\"\" width=\"150\" height=\"150\" \/><\/a>Mi peque\u00f1a paloma vivi\u00f3 dos a\u00f1os conmigo pero por cosas de la vida murio<\/p>\n<p style=\"text-align: center\">\n<p style=\"text-align: center\"><strong>EL EQUIPO DE MIS AMORES <\/strong><\/p>\n<p style=\"text-align: center\">\n<p style=\"text-align: center\"><strong><a href=\"http:\/\/blog.espol.edu.ec\/made\/files\/2010\/11\/emelec111.jpg\"><img loading=\"lazy\" decoding=\"async\" class=\"aligncenter size-medium wp-image-98\" title=\"emelec11\" src=\"http:\/\/blog.espol.edu.ec\/made\/files\/2010\/11\/emelec111-300x300.jpg\" alt=\"\" width=\"323\" height=\"323\" srcset=\"https:\/\/blog.espol.edu.ec\/made\/files\/2010\/11\/emelec111-300x300.jpg 300w, https:\/\/blog.espol.edu.ec\/made\/files\/2010\/11\/emelec111-150x150.jpg 150w, https:\/\/blog.espol.edu.ec\/made\/files\/2010\/11\/emelec111.jpg 474w\" sizes=\"auto, (max-width: 323px) 100vw, 323px\" \/><\/a><\/strong><\/p>\n<p style=\"text-align: center\">\n<p style=\"text-align: center\">Esperemos sea campe\u00f3n este a\u00f1o cuando se enfrente ante La Liga de Quito<\/p>\n<p style=\"text-align: center\">\n<p style=\"text-align: left\">Entre mis artistas favoritos esta Alex Campos y Alex Ubago , sin embargo me encanta la salsa romantica uno de mis videos preferidos es<\/p>\n<p style=\"text-align: center\">\n<p style=\"text-align: left\">\n<p style=\"text-align: center\">\n<p style=\"text-align: center\">\n<p style=\"text-align: center\">\n<p style=\"text-align: center\">\n<p style=\"text-align: center\">\n<p style=\"text-align: center\">\n<p style=\"text-align: center\">\n<p style=\"text-align: center\"><object classid=\"clsid:d27cdb6e-ae6d-11cf-96b8-444553540000\" width=\"480\" height=\"385\"><param name=\"allowFullScreen\" value=\"true\" \/><param name=\"allowscriptaccess\" value=\"always\" \/><param name=\"src\" value=\"http:\/\/www.youtube.com\/v\/8Da32rOyDzA?fs=1&amp;hl=es_ES\" \/><param name=\"allowfullscreen\" value=\"true\" \/><embed type=\"application\/x-shockwave-flash\" width=\"480\" height=\"385\" src=\"http:\/\/www.youtube.com\/v\/8Da32rOyDzA?fs=1&amp;hl=es_ES\" allowfullscreen=\"true\" allowscriptaccess=\"always\"><\/embed><\/object><\/p>\n<p>Y esto es algo de lo que puedo decir de mi ...<\/p>\n","protected":false},"excerpt":{"rendered":"<p>Mi nombre Madelayne Zambrano Rivera , nac\u00ed un 27 de Marzo del 1992 tengo 18 a\u00f1os.\u00a0 Estudie la primaria en la escuela \" Manuel Donoso Armas\" y termine el colegio en la \"Academia Naval Guayaquil\". Actualmente estudio Economia\u00a0 en la Escuela Superior Politecnica de Litoral .. Contare un poco mas de mi Mi familia Somos [&hellip;]<\/p>\n","protected":false},"author":5507,"featured_media":0,"parent":0,"menu_order":0,"comment_status":"open","ping_status":"open","template":"","meta":{"footnotes":""},"class_list":["post-2","page","type-page","status-publish","hentry"],"_links":{"self":[{"href":"https:\/\/blog.espol.edu.ec\/made\/wp-json\/wp\/v2\/pages\/2","targetHints":{"allow":["GET"]}}],"collection":[{"href":"https:\/\/blog.espol.edu.ec\/made\/wp-json\/wp\/v2\/pages"}],"about":[{"href":"https:\/\/blog.espol.edu.ec\/made\/wp-json\/wp\/v2\/types\/page"}],"author":[{"embeddable":true,"href":"https:\/\/blog.espol.edu.ec\/made\/wp-json\/wp\/v2\/users\/5507"}],"replies":[{"embeddable":true,"href":"https:\/\/blog.espol.edu.ec\/made\/wp-json\/wp\/v2\/comments?post=2"}],"version-history":[{"count":29,"href":"https:\/\/blog.espol.edu.ec\/made\/wp-json\/wp\/v2\/pages\/2\/revisions"}],"predecessor-version":[{"id":104,"href":"https:\/\/blog.espol.edu.ec\/made\/wp-json\/wp\/v2\/pages\/2\/revisions\/104"}],"wp:attachment":[{"href":"https:\/\/blog.espol.edu.ec\/made\/wp-json\/wp\/v2\/media?parent=2"}],"curies":[{"name":"wp","href":"https:\/\/api.w.org\/{rel}","templated":true}]}}