{"id":65,"date":"2015-05-21T15:08:59","date_gmt":"2015-05-21T15:08:59","guid":{"rendered":"http:\/\/blog.espol.edu.ec\/madelope\/?page_id=65"},"modified":"2015-06-04T02:30:53","modified_gmt":"2015-06-04T02:30:53","slug":"politicas-del-curso","status":"publish","type":"page","link":"https:\/\/blog.espol.edu.ec\/madelope\/politicas-del-curso\/","title":{"rendered":"Temas de Inter\u00e9s"},"content":{"rendered":"<p>Aqu\u00ed adjunto la malla de <a href=\"http:\/\/es.wikipedia.org\/wiki\/Ingenier%C3%ADa_qu%C3%ADmica\">Ingenier\u00eda Qu\u00edmica<\/a> estructurada mediante las reglas y normativas de la <a href=\"http:\/\/www.espol.edu.ec\/\">ESPOL<\/a>.<a href=\"http:\/\/blog.espol.edu.ec\/madelope\/files\/2015\/05\/malla-2-termino-2012-carrera-ing-quimica1.jpg\"><img loading=\"lazy\" decoding=\"async\" class=\"  wp-image-117 aligncenter\" src=\"http:\/\/blog.espol.edu.ec\/madelope\/files\/2015\/05\/malla-2-termino-2012-carrera-ing-quimica1-300x218.jpg\" alt=\"malla 2 termino 2012 carrera ing quimica1\" width=\"488\" height=\"355\" srcset=\"https:\/\/blog.espol.edu.ec\/madelope\/files\/2015\/05\/malla-2-termino-2012-carrera-ing-quimica1-300x218.jpg 300w, https:\/\/blog.espol.edu.ec\/madelope\/files\/2015\/05\/malla-2-termino-2012-carrera-ing-quimica1.jpg 640w\" sizes=\"auto, (max-width: 488px) 100vw, 488px\" \/><\/a><\/p>\n","protected":false},"excerpt":{"rendered":"<p>Aqu\u00ed adjunto la malla de Ingenier\u00eda Qu\u00edmica estructurada mediante las reglas y normativas de la ESPOL.<\/p>\n","protected":false},"author":9606,"featured_media":0,"parent":0,"menu_order":0,"comment_status":"open","ping_status":"open","template":"","meta":{"footnotes":""},"class_list":["post-65","page","type-page","status-publish","hentry","nodate","item-wrap"],"_links":{"self":[{"href":"https:\/\/blog.espol.edu.ec\/madelope\/wp-json\/wp\/v2\/pages\/65","targetHints":{"allow":["GET"]}}],"collection":[{"href":"https:\/\/blog.espol.edu.ec\/madelope\/wp-json\/wp\/v2\/pages"}],"about":[{"href":"https:\/\/blog.espol.edu.ec\/madelope\/wp-json\/wp\/v2\/types\/page"}],"author":[{"embeddable":true,"href":"https:\/\/blog.espol.edu.ec\/madelope\/wp-json\/wp\/v2\/users\/9606"}],"replies":[{"embeddable":true,"href":"https:\/\/blog.espol.edu.ec\/madelope\/wp-json\/wp\/v2\/comments?post=65"}],"version-history":[{"count":6,"href":"https:\/\/blog.espol.edu.ec\/madelope\/wp-json\/wp\/v2\/pages\/65\/revisions"}],"predecessor-version":[{"id":120,"href":"https:\/\/blog.espol.edu.ec\/madelope\/wp-json\/wp\/v2\/pages\/65\/revisions\/120"}],"wp:attachment":[{"href":"https:\/\/blog.espol.edu.ec\/madelope\/wp-json\/wp\/v2\/media?parent=65"}],"curies":[{"name":"wp","href":"https:\/\/api.w.org\/{rel}","templated":true}]}}