{"id":63,"date":"2015-11-23T20:59:54","date_gmt":"2015-11-23T20:59:54","guid":{"rendered":"http:\/\/blog.espol.edu.ec\/madmsole\/?page_id=63"},"modified":"2015-11-23T22:36:17","modified_gmt":"2015-11-23T22:36:17","slug":"historia-de-la-fotografia","status":"publish","type":"page","link":"https:\/\/blog.espol.edu.ec\/madmsole\/historia-de-la-fotografia\/","title":{"rendered":"Historia de la fotograf\u00eda"},"content":{"rendered":"<p class=\"txt0\" style=\"text-align: justify\"><img loading=\"lazy\" decoding=\"async\" class=\"size-medium wp-image-50 alignnone\" src=\"http:\/\/blog.espol.edu.ec\/madmsole\/files\/2015\/11\/Erxg9el3oBgk4KkVMP6ct4XXXL4j3HpexhjNOf_P3YmryPKwJ94QGRtDb3Sbc6KY-300x200.jpg\" alt=\"La fotograf\u00eda\" width=\"300\" height=\"200\" srcset=\"https:\/\/blog.espol.edu.ec\/madmsole\/files\/2015\/11\/Erxg9el3oBgk4KkVMP6ct4XXXL4j3HpexhjNOf_P3YmryPKwJ94QGRtDb3Sbc6KY-300x200.jpg 300w, https:\/\/blog.espol.edu.ec\/madmsole\/files\/2015\/11\/Erxg9el3oBgk4KkVMP6ct4XXXL4j3HpexhjNOf_P3YmryPKwJ94QGRtDb3Sbc6KY.jpg 425w\" sizes=\"auto, (max-width: 300px) 100vw, 300px\" \/><\/p>\n<p class=\"txt0\" style=\"text-align: justify\"><em>La palabra, \"Fotograf\u00eda\" tal y como la conocemos ahora, la utiliz\u00f3 por primera instancia en 1839 Sir John Herschel. En ese mismo a\u00f1o se public\u00f3 todo el proceso fotogr\u00e1fico. La palabra se deriva del griego foto (luz) y grafos (escritura).<\/em><\/p>\n<p style=\"text-align: justify\"><em>Por eso se dice que la fotograf\u00eda es el arte de escribir o pintar con luz. Varias d\u00e9cadas antes, De la Roche (1729-1774) tras su investigaci\u00f3n hizo una predicci\u00f3n asombrosa en un trabajo literario de nombre Giphantie, donde era posible la captura de im\u00e1genes de la naturaleza en una lona cubierta por una sustancia pegajosa, proporcionando una imagen id\u00e9ntica a la real. Esta imagen ser\u00eda permanente despu\u00e9s de haberla secado en la oscuridad.<\/em><\/p>\n<p style=\"text-align: justify\"><em>De la Roche no se imaginaba siquiera que la narraci\u00f3n de su cuento imaginario podr\u00eda llegar a ser ver\u00eddico varios a\u00f1os despu\u00e9s.<\/em><\/p>\n","protected":false},"excerpt":{"rendered":"<p>La palabra, \"Fotograf\u00eda\" tal y como la conocemos ahora, la utiliz\u00f3 por primera instancia en 1839 Sir John Herschel. En ese mismo a\u00f1o se public\u00f3 todo el proceso fotogr\u00e1fico. La palabra se deriva del griego foto (luz) y grafos (escritura). Por eso se dice que la fotograf\u00eda es el arte de escribir o pintar con [&hellip;]<\/p>\n","protected":false},"author":10053,"featured_media":0,"parent":0,"menu_order":0,"comment_status":"closed","ping_status":"closed","template":"","meta":{"_monsterinsights_skip_tracking":false,"_monsterinsights_sitenote_active":false,"_monsterinsights_sitenote_note":"","_monsterinsights_sitenote_category":0,"footnotes":""},"class_list":["post-63","page","type-page","status-publish","hentry"],"aioseo_notices":[],"_links":{"self":[{"href":"https:\/\/blog.espol.edu.ec\/madmsole\/wp-json\/wp\/v2\/pages\/63","targetHints":{"allow":["GET"]}}],"collection":[{"href":"https:\/\/blog.espol.edu.ec\/madmsole\/wp-json\/wp\/v2\/pages"}],"about":[{"href":"https:\/\/blog.espol.edu.ec\/madmsole\/wp-json\/wp\/v2\/types\/page"}],"author":[{"embeddable":true,"href":"https:\/\/blog.espol.edu.ec\/madmsole\/wp-json\/wp\/v2\/users\/10053"}],"replies":[{"embeddable":true,"href":"https:\/\/blog.espol.edu.ec\/madmsole\/wp-json\/wp\/v2\/comments?post=63"}],"version-history":[{"count":2,"href":"https:\/\/blog.espol.edu.ec\/madmsole\/wp-json\/wp\/v2\/pages\/63\/revisions"}],"predecessor-version":[{"id":71,"href":"https:\/\/blog.espol.edu.ec\/madmsole\/wp-json\/wp\/v2\/pages\/63\/revisions\/71"}],"wp:attachment":[{"href":"https:\/\/blog.espol.edu.ec\/madmsole\/wp-json\/wp\/v2\/media?parent=63"}],"curies":[{"name":"wp","href":"https:\/\/api.w.org\/{rel}","templated":true}]}}