{"id":67,"date":"2015-11-23T22:34:49","date_gmt":"2015-11-23T22:34:49","guid":{"rendered":"http:\/\/blog.espol.edu.ec\/madmsole\/?page_id=67"},"modified":"2015-11-23T22:34:49","modified_gmt":"2015-11-23T22:34:49","slug":"camaras","status":"publish","type":"page","link":"https:\/\/blog.espol.edu.ec\/madmsole\/camaras\/","title":{"rendered":"C\u00e1maras"},"content":{"rendered":"<p style=\"text-align: justify\"><span style=\"text-decoration: underline\"><span style=\"color: #ff6600\"><em><strong><span style=\"color: #ff6600;text-decoration: underline\">Tipos de c\u00e1maras<\/span><\/strong><\/em><\/span><\/span><\/p>\n<p style=\"text-align: justify\"><em>Las c\u00e1maras se pueden clasificar en funci\u00f3n de muchas cosas: del soporte en que se almacenan las im\u00e1genes (anal\u00f3gico o digital), del tama\u00f1o del sensor o pel\u00edcula, del tama\u00f1o (compactas, bridge, DSLR) o tambi\u00e9n en funci\u00f3n del grado de automatismo (esto m\u00e1s bien en la era anal\u00f3gica en la que hab\u00eda c\u00e1maras manuales y c\u00e1maras autom\u00e1ticas).<\/em><\/p>\n<p style=\"text-align: justify\"><em>No es mi intenci\u00f3n escribir un manifiesto sobre los diferentes tipos de c\u00e1maras, sino explicar b\u00e1sicamente los tipos que existen para ayudar al aficionado a entender las diferencias entre unas y otras.<\/em><\/p>\n<p style=\"text-align: justify\"><em>Entre las digitales podemos distinguir b\u00e1sicamente los siguientes tipos, que se diferencian principalmente por su tama\u00f1o, el tama\u00f1o del sensor y por sus funcionalidades:<\/em><\/p>\n<ul>\n<li><span style=\"color: #800080\"><em><strong><span style=\"color: #800080\">C<\/span><span style=\"color: #800080\">ompactas<\/span><\/strong><\/em><\/span><\/li>\n<\/ul>\n<p style=\"padding-left: 60px\"><em><img loading=\"lazy\" decoding=\"async\" class=\"wp-image-91 alignnone\" title=\"camaras_compactas\" src=\"http:\/\/www.thewebfoto.com\/wp-content\/uploads\/2008\/07\/camaras_compactas.jpg\" alt=\"\" width=\"242\" height=\"162\" \/><\/em><\/p>\n<p style=\"text-align: justify;padding-left: 60px\"><em>Son las m\u00e1s extendidas por su facilidad de manejo. Son peque\u00f1as y por tanto el tama\u00f1o de su sensor tambi\u00e9n lo es. Es su principal desventaja.<br \/>\n<\/em><em>Son ideales para viajar o llevar a cualquier sitio porque caben en un bolsillo.<br \/>\n<\/em><em>Aunque cada vez permiten m\u00e1s ajustes con este tipo de c\u00e1maras la creatividad es algo limitada.<br \/>\n<\/em><em>Aunque algunas llevan un visor, \u00e9ste suele ser m\u00e1s bien simb\u00f3lico, y se encuadra utilizando la pantalla.<br \/>\n<\/em><em>El uso que se le da a las c\u00e1maras compactas es de aficionado.<\/em><\/p>\n<ul>\n<li><span style=\"color: #ff6600\"><em><strong><span style=\"color: #800080\">Intermedias o bridge<\/span><\/strong><\/em><\/span><\/li>\n<\/ul>\n<p style=\"padding-left: 60px\"><img decoding=\"async\" class=\"size-full wp-image-90 alignnone\" title=\"camaras_bridge\" src=\"http:\/\/www.thewebfoto.com\/wp-content\/uploads\/2008\/07\/camaras_bridge.jpg\" alt=\"\" \/><\/p>\n<p style=\"text-align: justify;padding-left: 60px\"><em>Es el siguiente escal\u00f3n en tama\u00f1o. A diferencia de las compactas el sensor de este tipo de c\u00e1maras es ligeramente superior, lo que supone un aumento en la nitidez y calidad de las fotos, as\u00ed como en la posibilidad de obtener ampliaciones m\u00e1s grandes sin perder calidad.<br \/>\n<\/em><em>Tienen m\u00e1s funcionalidades que las compactas. Las lentes son de mejor calidad y suelen tener un zoom no intercambiable habitualmente con mayor alcance que las compactas.<br \/>\n<\/em><em>Algunas tienen visor, tambi\u00e9n simb\u00f3lico por no ser r\u00e9flex (esto se explicar\u00e1 en el tema del visor).<br \/>\n<\/em><em>Son c\u00e1maras ideales para viajar sin mucho cachibache y que te permiten hacer fotos de buena calidad controlando lo que haces.<br \/>\n<\/em><em>El uso que se les da a las c\u00e1maras bridge es de aficionado.<\/em><\/p>\n<ul>\n<li><strong><em><span style=\"color: #800080\">R\u00e9flex<\/span> <span style=\"color: #ff6600\"><span style=\"color: #800080\">o<\/span> <span style=\"color: #800080\">DSLR<\/span><\/span><\/em><\/strong><\/li>\n<\/ul>\n<p style=\"padding-left: 60px\"><img decoding=\"async\" class=\"size-full wp-image-92 alignnone\" title=\"camaras_dslr\" src=\"http:\/\/www.thewebfoto.com\/wp-content\/uploads\/2008\/07\/camaras_dslr.jpg\" alt=\"\" \/><\/p>\n<p style=\"text-align: justify;padding-left: 60px\"><em>El tama\u00f1o del sensor es notablemente mayor que en las c\u00e1maras bridge. Por tanto la nitidez y calidad de las fotos es claramente superior.<\/em><\/p>\n<p style=\"text-align: justify;padding-left: 60px\"><em>Como principales ventajas la c\u00e1mara DSLR permite el intercambio de objetivos, dispone de un visor r\u00e9flex que muestra con mucha precisi\u00f3n el resultado definitivo de las fotos, cuenta con m\u00e1s funcionalidades que te permiten ser mucho m\u00e1s creativo y controlar con m\u00e1s exactitud el proceso de tomar una foto.<\/em><\/p>\n<p style=\"text-align: justify;padding-left: 60px\"><em>Tienen un sinf\u00edn de accesorios y permiten ampliaciones en papel de calidad de un tama\u00f1o mayor que en las bridge y las compactas.<br \/>\n<\/em><em>Existe una gama muy amplia de modelos DSLR, habiendo mucha diferencia entre los b\u00e1sicos y los modelos profesionales.<br \/>\n<\/em><em>El uso que se le da a las c\u00e1maras DSLR puede ser de aficionado y de profesional, dependiendo entre otras cosas de la gama (no todo es la c\u00e1mara).<\/em><\/p>\n<ul>\n<li><em><strong><span style=\"color: #ff6600\"><span style=\"color: #800080\">Medio formato<\/span><\/span><\/strong><\/em><\/li>\n<\/ul>\n<p style=\"padding-left: 60px\"><img decoding=\"async\" class=\"size-full wp-image-93 alignnone\" title=\"camaras_medio_formato\" src=\"http:\/\/www.thewebfoto.com\/wp-content\/uploads\/2008\/07\/camaras_medio_formato.jpg\" alt=\"\" \/><\/p>\n<p style=\"text-align: justify;padding-left: 60px\"><em>Las c\u00e1maras de medio formato tienen un sensor mucho m\u00e1s grande que las DSLR.<\/em><\/p>\n<p style=\"text-align: justify;padding-left: 60px\"><em>Son c\u00e1maras dedicadas \u00fanicamente al \u00e1mbito profesional y cient\u00edfico donde la clave es poder realizar ampliaciones realmente grandes. Fuera de este tipo de fotograf\u00eda no tiene sentido una c\u00e1mara de estas caracter\u00edsticas.<\/em><\/p>\n<p style=\"text-align: justify;padding-left: 60px\"><em>Por ello todos sus componentes y accesorios\u00a0son de la m\u00e1xima calidad y precisi\u00f3n, al igual que sus precios son muy muy altos.<\/em><\/p>\n<p style=\"text-align: justify;padding-left: 60px\"><em>No hay un tipo de c\u00e1mara perfecta, sino una c\u00e1mara adecuada a las necesidades de cada uno. No obstante la c\u00e1mara DSLR suele ser la id\u00f3nea para el aficionado interesado en controlar qu\u00e9 hace con su c\u00e1mara al hacer fotos y quiere ser creativo en sus fotos.<\/em><\/p>\n<p style=\"text-align: justify;padding-left: 60px\"><em>Si bien la mayor\u00eda de los temas ser\u00e1n v\u00e1lidos para todos los tipos de c\u00e1maras, el curso est\u00e1 m\u00e1s bien orientado a las c\u00e1maras DSLR.<\/em><\/p>\n<h2 style=\"padding-left: 60px\"><span style=\"color: #ff6600\"><em><strong><span style=\"color: #ff6600\">Visores<\/span><\/strong><\/em><\/span><\/h2>\n<p style=\"text-align: justify;padding-left: 90px\"><em>Adem\u00e1s de por el tama\u00f1o de la c\u00e1mara o del sensor podemos clasificar las c\u00e1maras tambi\u00e9n seg\u00fan el tipo de visor que tengan en:<\/em><\/p>\n<h3 style=\"padding-left: 60px\"><span style=\"color: #800080\"><em><strong><span style=\"color: #800080\">Pantalla LCD<\/span><\/strong><\/em><\/span><\/h3>\n<p style=\"text-align: justify;padding-left: 60px\"><em>La mayor\u00eda de las c\u00e1maras compactas actuales no tienen visor como tal. Utilizan la pantalla LCD para encuadrar.<\/em><\/p>\n<p style=\"padding-left: 60px\"><img loading=\"lazy\" decoding=\"async\" class=\" wp-image-277 alignnone\" title=\"visor_lcd\" src=\"http:\/\/www.thewebfoto.com\/wp-content\/uploads\/2008\/07\/visor_lcd.jpg\" alt=\"\" width=\"255\" height=\"190\" \/><\/p>\n<h3 style=\"padding-left: 60px\"><span style=\"color: #800080\"><em><strong><span style=\"color: #800080\">Visor directo<\/span><\/strong><\/em><\/span><\/h3>\n<p style=\"text-align: justify;padding-left: 60px\"><em>Se llama as\u00ed porque el visor es independiente del objetivo. El sujeto se ve a trav\u00e9s de un sistema \u00f3ptico montado aparte en el que aparece encuadrado el \u00e1rea de la escena cubierta por el objetivo. Este tipo de objetivos es el que suelen usar las c\u00e1maras compactas que tienen visor, en las que no es n<\/em><em>ecesario enfocar.<\/em><\/p>\n<p style=\"padding-left: 60px\"><img loading=\"lazy\" decoding=\"async\" class=\"wp-image-276 alignleft\" title=\"visor_directo01\" src=\"http:\/\/www.thewebfoto.com\/wp-content\/uploads\/2008\/07\/visor_directo01.jpg\" alt=\"\" width=\"302\" height=\"201\" \/><\/p>\n<p style=\"padding-left: 60px\">\n<p style=\"padding-left: 60px\">\n<p style=\"padding-left: 60px\">\n<p style=\"padding-left: 60px\">\n<p style=\"padding-left: 60px\">\n<h3 style=\"padding-left: 60px\"><strong><em><span style=\"color: #800080\">Visor r\u00e9flex<\/span><\/em><\/strong><\/h3>\n<p style=\"text-align: justify;padding-left: 60px\"><em>La imagen proyectada en el sensor por el objetivo esta boca abajo e invertida lateralmente. El visor r\u00e9flex utiliza un espejo para volverla boca arriba y un pentaprisma (bloque de cristal de cinco caras, tres de ellas plateadas) o un pentaespejo, para corregir la inversi\u00f3n lateral. Por tanto el fot\u00f3grafo contempla la escena en su posici\u00f3n real. En el momento del disparo el espejo se levanta y deja pasar la luz al sensor.<\/em><\/p>\n<p style=\"text-align: justify;padding-left: 60px\"><em>Este es el tipo de visor que llevan las c\u00e1maras DSLR, tambi\u00e9n llamadas r\u00e9flex por esta raz\u00f3n.<\/em><\/p>\n<p style=\"padding-left: 60px\"><img decoding=\"async\" class=\"size-full wp-image-275 alignleft\" title=\"pentaprisma2\" src=\"http:\/\/www.thewebfoto.com\/wp-content\/uploads\/2008\/07\/pentaprisma2.jpg\" alt=\"\" \/><\/p>\n<p style=\"padding-left: 60px\">\n<p style=\"padding-left: 60px\">\n<p style=\"padding-left: 60px\">\n<p style=\"padding-left: 60px\">\n<h3 style=\"padding-left: 60px\"><strong><em><span style=\"color: #800080\">Fiabilidad de los visores<\/span><\/em><\/strong><\/h3>\n<p style=\"text-align: justify;padding-left: 60px\"><em>La pantalla LCD es el visor m\u00e1s fiable en cuanto a recorte, ya que lo que aparece en la pantalla es exactamente lo que quedar\u00e1 recogido en la foto. Sin embargo este m\u00e9todo no es el m\u00e1s fiable en cuanto a enfoque, ya que no tiene la nitidez suficiente para ver si los objetos est\u00e1n correctamente enfocados. Igualmente no es fiable en cuanto a exposici\u00f3n, ya que se alteran f\u00e1cilmente con el exceso de luz ambiente. En caso de mucha luz veremos las im\u00e1genes oscuras en la pantalla y al verlas en nuestro ordenador las veremos mucho m\u00e1s brillantes y claras.<\/em><\/p>\n<p style=\"text-align: justify;padding-left: 60px\"><em>El visor directo es el menos fiable de los tres, ya que tiene un problema llamado paralelaje, acentuado en las fotograf\u00edas en las que el sujeto est\u00e1 cerca de la c\u00e1mara. Tal como muestra la imagen, consiste en que la imagen visualizada a trav\u00e9s del visor no coincide con la imagen enfocada por el objetivo. Lo he exagerado un poco, pero se puede ver c\u00f3mo aunque t\u00fa hayas encuadrado al caballo bien con el visor directo (en azul), la imagen que el objetivo registra es otra (en rojo), y pueden no coincidir exactamente.<\/em><\/p>\n<p style=\"padding-left: 60px\"><img loading=\"lazy\" decoding=\"async\" class=\"wp-image-278 alignleft\" title=\"paralelaje\" src=\"http:\/\/www.thewebfoto.com\/wp-content\/uploads\/2008\/07\/paralelaje.jpg\" alt=\"\" width=\"402\" height=\"201\" \/><\/p>\n<p style=\"padding-left: 60px\">\n<p><em>El visor r\u00e9flex es muy fiable en cuanto al enfoque, pero tienen un factor de recorte, dependiendo del modelo de c\u00e1mara.<\/p>\n<p><strong>Cr\u00e9ditos:\u00a0<a href=\"http:\/\/www.thewebfoto.com\/1-introduccion\/104-tipos-de-camaras\">http:\/\/www.thewebfoto.com\/1-introduccion\/104-tipos-de-camaras<\/a><\/strong><\/em><\/p>\n<p>&nbsp;<\/p>\n","protected":false},"excerpt":{"rendered":"<p>Tipos de c\u00e1maras Las c\u00e1maras se pueden clasificar en funci\u00f3n de muchas cosas: del soporte en que se almacenan las im\u00e1genes (anal\u00f3gico o digital), del tama\u00f1o del sensor o pel\u00edcula, del tama\u00f1o (compactas, bridge, DSLR) o tambi\u00e9n en funci\u00f3n del grado de automatismo (esto m\u00e1s bien en la era anal\u00f3gica en la que hab\u00eda c\u00e1maras [&hellip;]<\/p>\n","protected":false},"author":10053,"featured_media":0,"parent":0,"menu_order":0,"comment_status":"closed","ping_status":"closed","template":"","meta":{"_monsterinsights_skip_tracking":false,"_monsterinsights_sitenote_active":false,"_monsterinsights_sitenote_note":"","_monsterinsights_sitenote_category":0,"footnotes":""},"class_list":["post-67","page","type-page","status-publish","hentry"],"aioseo_notices":[],"_links":{"self":[{"href":"https:\/\/blog.espol.edu.ec\/madmsole\/wp-json\/wp\/v2\/pages\/67","targetHints":{"allow":["GET"]}}],"collection":[{"href":"https:\/\/blog.espol.edu.ec\/madmsole\/wp-json\/wp\/v2\/pages"}],"about":[{"href":"https:\/\/blog.espol.edu.ec\/madmsole\/wp-json\/wp\/v2\/types\/page"}],"author":[{"embeddable":true,"href":"https:\/\/blog.espol.edu.ec\/madmsole\/wp-json\/wp\/v2\/users\/10053"}],"replies":[{"embeddable":true,"href":"https:\/\/blog.espol.edu.ec\/madmsole\/wp-json\/wp\/v2\/comments?post=67"}],"version-history":[{"count":1,"href":"https:\/\/blog.espol.edu.ec\/madmsole\/wp-json\/wp\/v2\/pages\/67\/revisions"}],"predecessor-version":[{"id":70,"href":"https:\/\/blog.espol.edu.ec\/madmsole\/wp-json\/wp\/v2\/pages\/67\/revisions\/70"}],"wp:attachment":[{"href":"https:\/\/blog.espol.edu.ec\/madmsole\/wp-json\/wp\/v2\/media?parent=67"}],"curies":[{"name":"wp","href":"https:\/\/api.w.org\/{rel}","templated":true}]}}