{"id":76,"date":"2015-11-23T23:53:40","date_gmt":"2015-11-23T23:53:40","guid":{"rendered":"http:\/\/blog.espol.edu.ec\/madmsole\/?page_id=76"},"modified":"2015-11-23T23:57:25","modified_gmt":"2015-11-23T23:57:25","slug":"eres-nuevo-aqui","status":"publish","type":"page","link":"https:\/\/blog.espol.edu.ec\/madmsole\/eres-nuevo-aqui\/","title":{"rendered":"\u00bfEres nuevo aqu\u00ed?"},"content":{"rendered":"<h1><img loading=\"lazy\" decoding=\"async\" class=\"\" src=\"http:\/\/3.bp.blogspot.com\/-3rDFabnt3Sc\/Tg0o27NIGmI\/AAAAAAAAAAY\/peRRUM2NP1A\/s1600\/velita-saludo.png\" alt=\"\" width=\"275\" height=\"414\" \/><\/h1>\n<p>&nbsp;<\/p>\n<h3 style=\"text-align: justify\"><span style=\"color: #000000\"><em>Soy Madison Soledispa y te doy la bienvenida al este blog de fotograf\u00eda.<\/em><\/span><\/h3>\n<h3 style=\"text-align: justify\"><span style=\"color: #000000\"><em>Si te apasiona la fotograf\u00eda ya somos dos En realidad somos unos cuantos cientos de miles los que nos reunimos un blog para compartir y nutrir nuestro amor por la fotograf\u00eda.<\/em><\/span><\/h3>\n<h3 style=\"text-align: justify\"><span style=\"color: #000000\"><em>Espero que sea de tu agrado los articulos que ser\u00e1n publicados continuamente en este blog. Aqu\u00ed todos aprenderemos sobre el mundo de la fotograf\u00eda, tanto ustedes a trav\u00e9s de la informaci\u00f3n publicada en este medio y viceversa. Pueden dejar sus comentarios para agregar mas informaci\u00f3n o para sugerir alguna mejora en este blog.<\/em><\/span><\/h3>\n<h3 style=\"text-align: justify\"><\/h3>\n","protected":false},"excerpt":{"rendered":"<p>&nbsp; Soy Madison Soledispa y te doy la bienvenida al este blog de fotograf\u00eda. Si te apasiona la fotograf\u00eda ya somos dos En realidad somos unos cuantos cientos de miles los que nos reunimos un blog para compartir y nutrir nuestro amor por la fotograf\u00eda. Espero que sea de tu agrado los articulos que ser\u00e1n [&hellip;]<\/p>\n","protected":false},"author":10053,"featured_media":0,"parent":0,"menu_order":0,"comment_status":"closed","ping_status":"closed","template":"","meta":{"_monsterinsights_skip_tracking":false,"_monsterinsights_sitenote_active":false,"_monsterinsights_sitenote_note":"","_monsterinsights_sitenote_category":0,"footnotes":""},"class_list":["post-76","page","type-page","status-publish","hentry"],"aioseo_notices":[],"_links":{"self":[{"href":"https:\/\/blog.espol.edu.ec\/madmsole\/wp-json\/wp\/v2\/pages\/76","targetHints":{"allow":["GET"]}}],"collection":[{"href":"https:\/\/blog.espol.edu.ec\/madmsole\/wp-json\/wp\/v2\/pages"}],"about":[{"href":"https:\/\/blog.espol.edu.ec\/madmsole\/wp-json\/wp\/v2\/types\/page"}],"author":[{"embeddable":true,"href":"https:\/\/blog.espol.edu.ec\/madmsole\/wp-json\/wp\/v2\/users\/10053"}],"replies":[{"embeddable":true,"href":"https:\/\/blog.espol.edu.ec\/madmsole\/wp-json\/wp\/v2\/comments?post=76"}],"version-history":[{"count":6,"href":"https:\/\/blog.espol.edu.ec\/madmsole\/wp-json\/wp\/v2\/pages\/76\/revisions"}],"predecessor-version":[{"id":83,"href":"https:\/\/blog.espol.edu.ec\/madmsole\/wp-json\/wp\/v2\/pages\/76\/revisions\/83"}],"wp:attachment":[{"href":"https:\/\/blog.espol.edu.ec\/madmsole\/wp-json\/wp\/v2\/media?parent=76"}],"curies":[{"name":"wp","href":"https:\/\/api.w.org\/{rel}","templated":true}]}}