{"id":35,"date":"2010-06-04T17:36:02","date_gmt":"2010-06-04T17:36:02","guid":{"rendered":"http:\/\/blog.espol.edu.ec\/maestrad\/?page_id=35"},"modified":"2010-06-10T17:31:09","modified_gmt":"2010-06-10T17:31:09","slug":"condiciones-2","status":"publish","type":"page","link":"https:\/\/blog.espol.edu.ec\/maestrad\/condiciones-2\/","title":{"rendered":"tradiciones marineras"},"content":{"rendered":"<p style=\"text-align: center\"><strong>Tradiones marineras<\/strong><\/p>\n<p style=\"text-align: center\"><strong>quieres ver mas <a title=\"Presiona aqui\" href=\"http:\/\/www.armada.mil.ec\/index.php?option=com_content&amp;task=blogcategory&amp;id=106&amp;Itemid=50\">presiona aqui<\/a><\/strong><\/p>\n<p style=\"text-align: center\"><strong>\u00a0<\/strong><\/p>\n<p style=\"text-align: center\"><strong>AMOR DEL MARINO<\/strong><br \/>\nAmo tus cabellos amigos del viento, adoro tus ojos mis mares inmensos, pero no puedo arrancar el ancla de mi pecho.<\/p>\n<p style=\"text-align: center\">As\u00ed es el amor del marino, que comienza con un beso que te dice te quiero, y termina con otro que te dice adi\u00f3s.<\/p>\n<p style=\"text-align: center\">Hoy tengo que zarpar, levar anclas, estibar mis penas y hacerme a la mar.<\/p>\n<p style=\"text-align: center\">Te juro vida m\u00eda que te quiero pero al mar conoc\u00ed y lo am\u00e9 primero.<\/p>\n<p style=\"text-align: center\"><strong>\u00a0<\/strong><\/p>\n<p style=\"text-align: center\"><strong>\u00a0<\/strong><\/p>\n<p style=\"text-align: center\"><strong>VERSOS DE THOMAS GRAY<\/strong><br \/>\nSi ambas luces de un vapor<br \/>\npor tu proa has avistado<br \/>\ndebes caer a estribor<br \/>\ndejando ver tu encarnado.<\/p>\n<p style=\"text-align: center\">Si da verde con el verde<br \/>\no encarnado con su igual<br \/>\nentonces nada se pierde<br \/>\nsigue su rumbo cada cual.<\/p>\n<p style=\"text-align: center\">Si ha estribor ves colorado<br \/>\ndebes con cuidado obrar,<br \/>\ngobierna a uno u otro lado,<br \/>\nmodera, para o manda a ciar.<\/p>\n<p style=\"text-align: center\">Si acaso por babor<br \/>\nel verde se deja ver<br \/>\nsigue avante ojo visor<br \/>\nd\u00e9base el otro mover.<\/p>\n<p style=\"text-align: center\">Y estad siempre vigilante<br \/>\ny ten presente adem\u00e1s<br \/>\nque si hay peligro por delante<br \/>\nmodera, para o manda a ciar.<\/p>\n<p style=\"text-align: center\"><a href=\"http:\/\/blog.espol.edu.ec\/maestrad\/files\/2010\/06\/IMG0097A.jpg\"><img loading=\"lazy\" decoding=\"async\" class=\"aligncenter size-medium wp-image-61\" title=\"Marcos Estrada\" src=\"http:\/\/blog.espol.edu.ec\/maestrad\/files\/2010\/06\/IMG0097A-300x225.jpg\" alt=\"\" width=\"300\" height=\"225\" srcset=\"https:\/\/blog.espol.edu.ec\/maestrad\/files\/2010\/06\/IMG0097A-300x225.jpg 300w, https:\/\/blog.espol.edu.ec\/maestrad\/files\/2010\/06\/IMG0097A.jpg 640w\" sizes=\"auto, (max-width: 300px) 100vw, 300px\" \/><\/a><\/p>\n<p style=\"text-align: center\">\u00a0<\/p>\n<p style=\"text-align: center\">\u00a0<\/p>\n<p style=\"text-align: center\"><strong>BRINDIS DEL MARINO<\/strong><br \/>\nAgua cristalina y pura<br \/>\nlavadora de trastos y trapos<br \/>\ncreadora de ranas y sapos<br \/>\nquer\u00e9is que la beba yo.<\/p>\n<p style=\"text-align: center\">No, como est\u00e1 escrito<br \/>\nen las sagradas leyes<br \/>\nel agua es para los bueyes<br \/>\nque tienen el cuero duro.<\/p>\n<p style=\"text-align: center\">La cerveza el vino y las mujeres<br \/>\nse hicieron para nosotros<br \/>\nlos bravos marinos, y Dios<br \/>\nque es c\u00famulo de bondad infinita.<\/p>\n<p style=\"text-align: center\">Y nosotros sus buenos muchachos<br \/>\nya que nos hizo borrachos<br \/>\nh\u00e1gase Se\u00f1or tu voluntad.<\/p>\n<p style=\"text-align: center\">\u00a0<\/p>\n<p style=\"text-align: center\">\u00a0<\/p>\n<p style=\"text-align: center\">Marinos, estamos todos\u2026\u2026\u2026\u2026\u2026\u2026\u2026\u2026\u2026s\u00ed estamos<br \/>\ncomo caballeros cumplimos\u2026\u2026\u2026\u2026\u2026\u2026s\u00ed cumplimos<br \/>\na las mujeres amamos\u2026\u2026\u2026\u2026\u2026\u2026\u2026\u2026\u2026\u2026\u2026no, las adoramos<br \/>\nhace cuanto tiempo que no tomamos\u2026\u2026\u2026\u2026\u2026\u2026hace puf<br \/>\npues entonces bebamos.<\/p>\n<p style=\"text-align: center\">Arriba, abajo, al centro y adentro.<\/p>\n<p style=\"text-align: center\">\u00a0<\/p>\n<p style=\"text-align: center\"><a href=\"http:\/\/blog.espol.edu.ec\/maestrad\/files\/2010\/06\/brindis-marino.jpg\"><img loading=\"lazy\" decoding=\"async\" class=\"aligncenter size-full wp-image-62\" title=\"brindis marino\" src=\"http:\/\/blog.espol.edu.ec\/maestrad\/files\/2010\/06\/brindis-marino.jpg\" alt=\"Marcos Estrada\" width=\"128\" height=\"99\" \/><\/a><\/p>\n<p style=\"text-align: center\"><strong>\u00a0<\/strong><\/p>\n<p style=\"text-align: center\"><strong>\u00a0<\/strong><\/p>\n<p style=\"text-align: center\"><strong>\u00a0<\/strong><\/p>\n","protected":false},"excerpt":{"rendered":"<p>Tradiones marineras quieres ver mas presiona aqui \u00a0 AMOR DEL MARINO Amo tus cabellos amigos del viento, adoro tus ojos mis mares inmensos, pero no puedo arrancar el ancla de mi pecho. As\u00ed es el amor del marino, que comienza con un beso que te dice te quiero, y termina con otro que te dice [&hellip;]<\/p>\n","protected":false},"author":3726,"featured_media":0,"parent":0,"menu_order":0,"comment_status":"open","ping_status":"open","template":"","meta":{"footnotes":""},"class_list":["post-35","page","type-page","status-publish","hentry"],"_links":{"self":[{"href":"https:\/\/blog.espol.edu.ec\/maestrad\/wp-json\/wp\/v2\/pages\/35","targetHints":{"allow":["GET"]}}],"collection":[{"href":"https:\/\/blog.espol.edu.ec\/maestrad\/wp-json\/wp\/v2\/pages"}],"about":[{"href":"https:\/\/blog.espol.edu.ec\/maestrad\/wp-json\/wp\/v2\/types\/page"}],"author":[{"embeddable":true,"href":"https:\/\/blog.espol.edu.ec\/maestrad\/wp-json\/wp\/v2\/users\/3726"}],"replies":[{"embeddable":true,"href":"https:\/\/blog.espol.edu.ec\/maestrad\/wp-json\/wp\/v2\/comments?post=35"}],"version-history":[{"count":5,"href":"https:\/\/blog.espol.edu.ec\/maestrad\/wp-json\/wp\/v2\/pages\/35\/revisions"}],"predecessor-version":[{"id":48,"href":"https:\/\/blog.espol.edu.ec\/maestrad\/wp-json\/wp\/v2\/pages\/35\/revisions\/48"}],"wp:attachment":[{"href":"https:\/\/blog.espol.edu.ec\/maestrad\/wp-json\/wp\/v2\/media?parent=35"}],"curies":[{"name":"wp","href":"https:\/\/api.w.org\/{rel}","templated":true}]}}