{"id":64,"date":"2010-06-10T17:47:33","date_gmt":"2010-06-10T17:47:33","guid":{"rendered":"http:\/\/blog.espol.edu.ec\/maestrad\/?page_id=64"},"modified":"2010-06-10T17:47:33","modified_gmt":"2010-06-10T17:47:33","slug":"curiosidades-y-otros-mas-de-la-armada","status":"publish","type":"page","link":"https:\/\/blog.espol.edu.ec\/maestrad\/curiosidades-y-otros-mas-de-la-armada\/","title":{"rendered":"curiosidades y otros mas de la armada"},"content":{"rendered":"<p style=\"text-align: center\"><strong>TRADICI\u00d3N DE LA GORRA<\/strong><br \/>\nYo soy la representaci\u00f3n del orgullo y el valor marino, y es deseo del dios Neptuno que toda mujer que me posea sobre su cabeza, d\u00e9 a mi due\u00f1o el n\u00e9ctar de sus labios.<\/p>\n<p style=\"text-align: center\"><strong>LOS 5 TRAGOS<\/strong><br \/>\nLos oficiales de la marina tenemos ganas de celebrar<br \/>\nsolicitamos al cantinero nos venga a colaborar<br \/>\nel cantinero nos responde: no hay buen whyski para celebrar,<br \/>\npues con buen whyski o sin buen whyski los cinco tragos vamos a tomar:<br \/>\nel primer trago es por la marina<br \/>\nel segundo trago por la amistad<br \/>\nel tercer trago por las mujeres,<br \/>\nque a los marinos dan felicidad;<br \/>\nel cuarto trago por las canciones,<br \/>\nque esta noche vamos a cantar<br \/>\nel quinto trago por la cirrosis<br \/>\nque a largo plazo vamos a ganar<\/p>\n<p style=\"text-align: center\">\u00a0<\/p>\n<p style=\"text-align: center\"><strong><span style=\"text-decoration: underline\">ORACI\u00d3N DEL NAVEGANTE<\/span><\/strong><br \/>\n<strong>Se\u00f1or de infinita misericordia<\/strong><br \/>\n<strong>bendice a este buque y a tus hijos que lo tripulamos<\/strong><br \/>\n<strong>danos fuerza y sabidur\u00eda para que seamos<\/strong><br \/>\n<strong>dignos representantes de nuestra fe y nuestra Patria<\/strong><br \/>\n<strong>te rogamos por ella tambi\u00e9n Se\u00f1or<\/strong><br \/>\n<strong>y por todos aquellos seres queridos que dejamos atr\u00e1s<\/strong><br \/>\n<strong>cu\u00eddalos y prot\u00e9gelos en nuestra ausencia<\/strong><br \/>\n<strong>mientras surcamos los mares<\/strong><br \/>\n<strong>cumpliendo diariamente con nuestro deber ...<\/strong><\/p>\n<p style=\"text-align: center\"><strong>\u00a0<\/strong><\/p>\n<p style=\"text-align: center\"><strong>DIANA GENERAL<\/strong><br \/>\nAlza arriba, trinca el coy<br \/>\ncuerpo vago y descansado.<br \/>\nSe acabo la vida horizontal<br \/>\ncomienza la vida vertical.<br \/>\nLevantate a trabajar:<br \/>\nDiana general, diana general.<\/p>\n<p style=\"text-align: center\">\u00a0<\/p>\n<p><strong>\u00bfPARA QU\u00c9 NOS PREPARAMOS LOS HOMBRES DE MAR?<\/strong><br \/>\nPara ser verdaderos caballeros para ser verdaderos profesionales, y cumplir como guerreros en el campo del honor.<\/p>\n<p><strong>\u00bfCU\u00c1L ES LA CONSIGNA DEL BUEN GUARDIAMARINA?<\/strong><br \/>\nSer cada d\u00eda mejores, para honrar con dignidad nuestra escuela, nuestra Armada y nuestro Ecuador.<\/p>\n<p><strong>\u00bfQUI\u00c9NES SON USTEDES?<\/strong><br \/>\nCaballeros de mar, con honor lealtad y disciplina, cumpliremos nuestro lema de Vencer o Morir.<\/p>\n<p><strong>\u00bfPARA QU\u00c9 VAMOS A TRABAJAR EN ESTE D\u00cdA?<\/strong><br \/>\nPara fortalecer nuestro cuerpo y esp\u00edritu, para reconquistar con las armas lo que la pol\u00edtica y la diplomacia han cedido.<br \/>\nViva el Ecuador.<\/p>\n<p><strong>\u00bfDE QUI\u00c9N SON EL AMAZONAS Y LA REGI\u00d3N ORIENTAL?<\/strong><br \/>\nDel Ecuador son por herencia, del Ecuador son por derecho, del Ecuador ser\u00e1n por las armas.<br \/>\nViva el Ecuador.<\/p>\n<p><strong>\u00bfPOR QU\u00c9 GUARDAMOS UN MINUTO DE SILENCIO?<\/strong><br \/>\nGuardamos un minuto de silencio en memoria de los h\u00e9roes ca\u00eddos en defensa de la Patria y para recordar nuestros deberes y obligaciones como guardiamarinas.<\/p>\n<p><strong>\u00bfVENCIDOS?<\/strong><br \/>\nJam\u00e1s, mil veces heridos, perseguidos en el fango de la noche fr\u00eda, mil veces muertos pero jam\u00e1s vencidos.<\/p>\n<p><strong>\u00bfQU\u00c9 OFREND\u00c1IS A LA PATRIA EN ESTE D\u00cdA?<\/strong><br \/>\nOfrendarte con el alma Patria m\u00eda, mi vida, mi coraje y mi valor, te juro que al nacer de cada d\u00eda har\u00e9 todo por tu gloria por tu honor.<\/p>\n<p><strong>\u00bfPOR QU\u00c9 NO EXISTE EL 22 EN LA ARMADA?<\/strong><br \/>\nPorque el 22 de noviembre de 1964 naufrag\u00f3 en aguas del mar Caribe el BAE RUMI\u00d1AHUI al mando del 1er. CMDTE. CPFG Fausto Cevallos Villacreses y el 2do. CMDTE ALNV Oswaldo Jarr\u00edn Ampundia<\/p>\n","protected":false},"excerpt":{"rendered":"<p>TRADICI\u00d3N DE LA GORRA Yo soy la representaci\u00f3n del orgullo y el valor marino, y es deseo del dios Neptuno que toda mujer que me posea sobre su cabeza, d\u00e9 a mi due\u00f1o el n\u00e9ctar de sus labios. LOS 5 TRAGOS Los oficiales de la marina tenemos ganas de celebrar solicitamos al cantinero nos venga [&hellip;]<\/p>\n","protected":false},"author":3726,"featured_media":0,"parent":0,"menu_order":0,"comment_status":"open","ping_status":"open","template":"","meta":{"footnotes":""},"class_list":["post-64","page","type-page","status-publish","hentry"],"_links":{"self":[{"href":"https:\/\/blog.espol.edu.ec\/maestrad\/wp-json\/wp\/v2\/pages\/64","targetHints":{"allow":["GET"]}}],"collection":[{"href":"https:\/\/blog.espol.edu.ec\/maestrad\/wp-json\/wp\/v2\/pages"}],"about":[{"href":"https:\/\/blog.espol.edu.ec\/maestrad\/wp-json\/wp\/v2\/types\/page"}],"author":[{"embeddable":true,"href":"https:\/\/blog.espol.edu.ec\/maestrad\/wp-json\/wp\/v2\/users\/3726"}],"replies":[{"embeddable":true,"href":"https:\/\/blog.espol.edu.ec\/maestrad\/wp-json\/wp\/v2\/comments?post=64"}],"version-history":[{"count":2,"href":"https:\/\/blog.espol.edu.ec\/maestrad\/wp-json\/wp\/v2\/pages\/64\/revisions"}],"predecessor-version":[{"id":66,"href":"https:\/\/blog.espol.edu.ec\/maestrad\/wp-json\/wp\/v2\/pages\/64\/revisions\/66"}],"wp:attachment":[{"href":"https:\/\/blog.espol.edu.ec\/maestrad\/wp-json\/wp\/v2\/media?parent=64"}],"curies":[{"name":"wp","href":"https:\/\/api.w.org\/{rel}","templated":true}]}}