{"id":2,"date":"2011-06-02T12:48:59","date_gmt":"2011-06-02T12:48:59","guid":{"rendered":""},"modified":"2011-06-23T09:17:45","modified_gmt":"2011-06-23T09:17:45","slug":"about","status":"publish","type":"page","link":"https:\/\/blog.espol.edu.ec\/mafavele\/about\/","title":{"rendered":"About"},"content":{"rendered":"<p>Este blog habla sobre mis experiencias y la fortaleza que me anima a transitar los nuevos caminos para alcanzar mis metas, mis sue\u00f1os...<br \/>\nhe aprendido que el amor de Dios todo lo puede y por \u00c9l estoy aqu\u00ed...<br \/>\nespero que les agrade mi blog \ud83d\ude42<br \/>\ny sobre todo, espero que te animes a so\u00f1ar y a vivir tu propia Leyenda Personal, sin importar cu\u00e1les son los caminos que tengas que recorrer... bendiciones \ud83d\ude09<\/p>\n","protected":false},"excerpt":{"rendered":"<p>Este blog habla sobre mis experiencias y la fortaleza que me anima a transitar los nuevos caminos para alcanzar mis metas, mis sue\u00f1os... he aprendido que el amor de Dios todo lo puede y por \u00c9l estoy aqu\u00ed... espero que les agrade mi blog \ud83d\ude42 y sobre todo, espero que te animes a so\u00f1ar y [&hellip;]<\/p>\n","protected":false},"author":6006,"featured_media":0,"parent":0,"menu_order":0,"comment_status":"open","ping_status":"open","template":"","meta":{"footnotes":""},"class_list":["post-2","page","type-page","status-publish","hentry"],"_links":{"self":[{"href":"https:\/\/blog.espol.edu.ec\/mafavele\/wp-json\/wp\/v2\/pages\/2","targetHints":{"allow":["GET"]}}],"collection":[{"href":"https:\/\/blog.espol.edu.ec\/mafavele\/wp-json\/wp\/v2\/pages"}],"about":[{"href":"https:\/\/blog.espol.edu.ec\/mafavele\/wp-json\/wp\/v2\/types\/page"}],"author":[{"embeddable":true,"href":"https:\/\/blog.espol.edu.ec\/mafavele\/wp-json\/wp\/v2\/users\/6006"}],"replies":[{"embeddable":true,"href":"https:\/\/blog.espol.edu.ec\/mafavele\/wp-json\/wp\/v2\/comments?post=2"}],"version-history":[{"count":3,"href":"https:\/\/blog.espol.edu.ec\/mafavele\/wp-json\/wp\/v2\/pages\/2\/revisions"}],"predecessor-version":[{"id":76,"href":"https:\/\/blog.espol.edu.ec\/mafavele\/wp-json\/wp\/v2\/pages\/2\/revisions\/76"}],"wp:attachment":[{"href":"https:\/\/blog.espol.edu.ec\/mafavele\/wp-json\/wp\/v2\/media?parent=2"}],"curies":[{"name":"wp","href":"https:\/\/api.w.org\/{rel}","templated":true}]}}