{"id":177,"date":"2015-05-25T03:45:16","date_gmt":"2015-05-25T03:45:16","guid":{"rendered":"http:\/\/blog.espol.edu.ec\/maferpacheco\/?page_id=177"},"modified":"2015-05-25T03:45:16","modified_gmt":"2015-05-25T03:45:16","slug":"para-cumpleanos","status":"publish","type":"page","link":"https:\/\/blog.espol.edu.ec\/maferpacheco\/para-cumpleanos\/","title":{"rendered":"PaRa CuMPLea\u00d1oS"},"content":{"rendered":"<p>Si quieres hacer alg\u00fan detalle para regalar, esta es una buena opci\u00f3n para decir feliz cumplea\u00f1os y poder incluir una carta en ella... es muy f\u00e1cil... RECUERDA QUE EL DETALLE ES VALIOSO!!<\/p>\n<p>&nbsp;<\/p>\n<div id=\"attachment_134\" style=\"width: 285px\" class=\"wp-caption aligncenter\"><a href=\"http:\/\/blog.espol.edu.ec\/maferpacheco\/files\/2015\/05\/20150523_172558-1.jpg\"><img loading=\"lazy\" decoding=\"async\" aria-describedby=\"caption-attachment-134\" class=\"size-medium wp-image-134\" src=\"http:\/\/blog.espol.edu.ec\/maferpacheco\/files\/2015\/05\/20150523_172558-1-275x300.jpg\" alt=\"*TARJETA FIESTA- VISTA FRONTAL*\" width=\"275\" height=\"300\" srcset=\"https:\/\/blog.espol.edu.ec\/maferpacheco\/files\/2015\/05\/20150523_172558-1-275x300.jpg 275w, https:\/\/blog.espol.edu.ec\/maferpacheco\/files\/2015\/05\/20150523_172558-1-938x1024.jpg 938w, https:\/\/blog.espol.edu.ec\/maferpacheco\/files\/2015\/05\/20150523_172558-1.jpg 1152w\" sizes=\"auto, (max-width: 275px) 100vw, 275px\" \/><\/a><p id=\"caption-attachment-134\" class=\"wp-caption-text\">*TARJETA FIESTA- VISTA FRONTAL*<\/p><\/div>\n<div id=\"attachment_135\" style=\"width: 310px\" class=\"wp-caption aligncenter\"><a href=\"http:\/\/blog.espol.edu.ec\/maferpacheco\/files\/2015\/05\/20150523_172840.jpg\"><img loading=\"lazy\" decoding=\"async\" aria-describedby=\"caption-attachment-135\" class=\"size-medium wp-image-135\" src=\"http:\/\/blog.espol.edu.ec\/maferpacheco\/files\/2015\/05\/20150523_172840-300x169.jpg\" alt=\"*TARJETA FIESTA-INTERIOR*\" width=\"300\" height=\"169\" srcset=\"https:\/\/blog.espol.edu.ec\/maferpacheco\/files\/2015\/05\/20150523_172840-300x169.jpg 300w, https:\/\/blog.espol.edu.ec\/maferpacheco\/files\/2015\/05\/20150523_172840-1024x576.jpg 1024w, https:\/\/blog.espol.edu.ec\/maferpacheco\/files\/2015\/05\/20150523_172840.jpg 2048w\" sizes=\"auto, (max-width: 300px) 100vw, 300px\" \/><\/a><p id=\"caption-attachment-135\" class=\"wp-caption-text\">*TARJETA FIESTA-INTERIOR*<\/p><\/div>\n<div id=\"attachment_136\" style=\"width: 310px\" class=\"wp-caption aligncenter\"><a href=\"http:\/\/blog.espol.edu.ec\/maferpacheco\/files\/2015\/05\/20150523_172951-1.jpg\"><img loading=\"lazy\" decoding=\"async\" aria-describedby=\"caption-attachment-136\" class=\"size-medium wp-image-136\" src=\"http:\/\/blog.espol.edu.ec\/maferpacheco\/files\/2015\/05\/20150523_172951-1-300x176.jpg\" alt=\"*TARJETA FIESTA- VISTA LATERAL*\" width=\"300\" height=\"176\" srcset=\"https:\/\/blog.espol.edu.ec\/maferpacheco\/files\/2015\/05\/20150523_172951-1-300x176.jpg 300w, https:\/\/blog.espol.edu.ec\/maferpacheco\/files\/2015\/05\/20150523_172951-1-1024x600.jpg 1024w, https:\/\/blog.espol.edu.ec\/maferpacheco\/files\/2015\/05\/20150523_172951-1.jpg 1581w\" sizes=\"auto, (max-width: 300px) 100vw, 300px\" \/><\/a><p id=\"caption-attachment-136\" class=\"wp-caption-text\">*TARJETA FIESTA- VISTA LATERAL*<\/p><\/div>\n<div id=\"attachment_140\" style=\"width: 310px\" class=\"wp-caption aligncenter\"><a href=\"http:\/\/blog.espol.edu.ec\/maferpacheco\/files\/2015\/05\/20150523_173350-1.jpg\"><img loading=\"lazy\" decoding=\"async\" aria-describedby=\"caption-attachment-140\" class=\"size-medium wp-image-140\" src=\"http:\/\/blog.espol.edu.ec\/maferpacheco\/files\/2015\/05\/20150523_173350-1-300x212.jpg\" alt=\"*CARTEL CON LETRAS DECORATIVAS*\" width=\"300\" height=\"212\" srcset=\"https:\/\/blog.espol.edu.ec\/maferpacheco\/files\/2015\/05\/20150523_173350-1-300x212.jpg 300w, https:\/\/blog.espol.edu.ec\/maferpacheco\/files\/2015\/05\/20150523_173350-1-1024x722.jpg 1024w, https:\/\/blog.espol.edu.ec\/maferpacheco\/files\/2015\/05\/20150523_173350-1.jpg 1584w\" sizes=\"auto, (max-width: 300px) 100vw, 300px\" \/><\/a><p id=\"caption-attachment-140\" class=\"wp-caption-text\">*CARTEL CON LETRAS DECORATIVAS*<\/p><\/div>\n","protected":false},"excerpt":{"rendered":"<p>Si quieres hacer alg\u00fan detalle para regalar, esta es una buena opci\u00f3n para decir feliz cumplea\u00f1os y poder incluir una carta en ella... es muy f\u00e1cil... RECUERDA QUE EL DETALLE ES VALIOSO!! &nbsp;<\/p>\n","protected":false},"author":9590,"featured_media":0,"parent":0,"menu_order":0,"comment_status":"open","ping_status":"open","template":"","meta":{"footnotes":""},"class_list":["post-177","page","type-page","status-publish","hentry"],"_links":{"self":[{"href":"https:\/\/blog.espol.edu.ec\/maferpacheco\/wp-json\/wp\/v2\/pages\/177","targetHints":{"allow":["GET"]}}],"collection":[{"href":"https:\/\/blog.espol.edu.ec\/maferpacheco\/wp-json\/wp\/v2\/pages"}],"about":[{"href":"https:\/\/blog.espol.edu.ec\/maferpacheco\/wp-json\/wp\/v2\/types\/page"}],"author":[{"embeddable":true,"href":"https:\/\/blog.espol.edu.ec\/maferpacheco\/wp-json\/wp\/v2\/users\/9590"}],"replies":[{"embeddable":true,"href":"https:\/\/blog.espol.edu.ec\/maferpacheco\/wp-json\/wp\/v2\/comments?post=177"}],"version-history":[{"count":1,"href":"https:\/\/blog.espol.edu.ec\/maferpacheco\/wp-json\/wp\/v2\/pages\/177\/revisions"}],"predecessor-version":[{"id":179,"href":"https:\/\/blog.espol.edu.ec\/maferpacheco\/wp-json\/wp\/v2\/pages\/177\/revisions\/179"}],"wp:attachment":[{"href":"https:\/\/blog.espol.edu.ec\/maferpacheco\/wp-json\/wp\/v2\/media?parent=177"}],"curies":[{"name":"wp","href":"https:\/\/api.w.org\/{rel}","templated":true}]}}