{"id":198,"date":"2015-05-25T04:38:15","date_gmt":"2015-05-25T04:38:15","guid":{"rendered":"http:\/\/blog.espol.edu.ec\/maferpacheco\/?page_id=198"},"modified":"2015-06-01T04:19:05","modified_gmt":"2015-06-01T04:19:05","slug":"extras-2","status":"publish","type":"page","link":"https:\/\/blog.espol.edu.ec\/maferpacheco\/extras-2\/","title":{"rendered":"eXTRaS"},"content":{"rendered":"<p><em>\"EXTRAS\" <\/em>\u00a0CONTIENE \u00a0INFORMACI\u00d3N ADICIONAL DE TEMAS RELACIONADOS AL BLOG... POR EJEMPLO, OUTFITS ES LA CATEGOR\u00cdA DE ROPA TENDENCIA EN LA WEB SELECCIONADA PARA USTEDES, EN LA QUE ADEM\u00c1S TENDR\u00c1N UNAS SUB-P\u00c1GINAS... ESPERO QUE LES AGRADE \ud83d\ude09<\/p>\n","protected":false},"excerpt":{"rendered":"<p>\"EXTRAS\" \u00a0CONTIENE \u00a0INFORMACI\u00d3N ADICIONAL DE TEMAS RELACIONADOS AL BLOG... POR EJEMPLO, OUTFITS ES LA CATEGOR\u00cdA DE ROPA TENDENCIA EN LA WEB SELECCIONADA PARA USTEDES, EN LA QUE ADEM\u00c1S TENDR\u00c1N UNAS SUB-P\u00c1GINAS... ESPERO QUE LES AGRADE \ud83d\ude09<\/p>\n","protected":false},"author":9590,"featured_media":0,"parent":0,"menu_order":0,"comment_status":"open","ping_status":"open","template":"","meta":{"footnotes":""},"class_list":["post-198","page","type-page","status-publish","hentry"],"_links":{"self":[{"href":"https:\/\/blog.espol.edu.ec\/maferpacheco\/wp-json\/wp\/v2\/pages\/198","targetHints":{"allow":["GET"]}}],"collection":[{"href":"https:\/\/blog.espol.edu.ec\/maferpacheco\/wp-json\/wp\/v2\/pages"}],"about":[{"href":"https:\/\/blog.espol.edu.ec\/maferpacheco\/wp-json\/wp\/v2\/types\/page"}],"author":[{"embeddable":true,"href":"https:\/\/blog.espol.edu.ec\/maferpacheco\/wp-json\/wp\/v2\/users\/9590"}],"replies":[{"embeddable":true,"href":"https:\/\/blog.espol.edu.ec\/maferpacheco\/wp-json\/wp\/v2\/comments?post=198"}],"version-history":[{"count":3,"href":"https:\/\/blog.espol.edu.ec\/maferpacheco\/wp-json\/wp\/v2\/pages\/198\/revisions"}],"predecessor-version":[{"id":384,"href":"https:\/\/blog.espol.edu.ec\/maferpacheco\/wp-json\/wp\/v2\/pages\/198\/revisions\/384"}],"wp:attachment":[{"href":"https:\/\/blog.espol.edu.ec\/maferpacheco\/wp-json\/wp\/v2\/media?parent=198"}],"curies":[{"name":"wp","href":"https:\/\/api.w.org\/{rel}","templated":true}]}}