{"id":82,"date":"2015-05-25T01:12:54","date_gmt":"2015-05-25T01:12:54","guid":{"rendered":"http:\/\/blog.espol.edu.ec\/maferpacheco\/?page_id=82"},"modified":"2015-05-25T04:16:42","modified_gmt":"2015-05-25T04:16:42","slug":"ninos","status":"publish","type":"page","link":"https:\/\/blog.espol.edu.ec\/maferpacheco\/ninos\/","title":{"rendered":"Ni\u00d1@S"},"content":{"rendered":"<p>&nbsp;<\/p>\n<ul>\n<li style=\"text-align: center\">VESTIDOS OTAVALE\u00d1OS PARA NI\u00d1AS:\u00a0TALLAS DE 0 A 5, DESDE $6 HASTA $10<\/li>\n<\/ul>\n<p>&nbsp;<\/p>\n<p><a href=\"http:\/\/blog.espol.edu.ec\/maferpacheco\/files\/2015\/05\/20150523_161834-e1432526951324.jpg\"><img loading=\"lazy\" decoding=\"async\" class=\"aligncenter wp-image-111 size-large\" src=\"http:\/\/blog.espol.edu.ec\/maferpacheco\/files\/2015\/05\/20150523_161834-e1432526951324-576x1024.jpg\" alt=\"20150523_161834\" width=\"576\" height=\"1024\" srcset=\"https:\/\/blog.espol.edu.ec\/maferpacheco\/files\/2015\/05\/20150523_161834-e1432526951324-576x1024.jpg 576w, https:\/\/blog.espol.edu.ec\/maferpacheco\/files\/2015\/05\/20150523_161834-e1432526951324-169x300.jpg 169w, https:\/\/blog.espol.edu.ec\/maferpacheco\/files\/2015\/05\/20150523_161834-e1432526951324.jpg 1152w\" sizes=\"auto, (max-width: 576px) 100vw, 576px\" \/><\/a><\/p>\n<p><a href=\"http:\/\/blog.espol.edu.ec\/maferpacheco\/files\/2015\/05\/20150523_161840-e1432526999625.jpg\"><img loading=\"lazy\" decoding=\"async\" class=\"aligncenter wp-image-112 size-large\" src=\"http:\/\/blog.espol.edu.ec\/maferpacheco\/files\/2015\/05\/20150523_161840-e1432526999625-576x1024.jpg\" alt=\"20150523_161840\" width=\"576\" height=\"1024\" srcset=\"https:\/\/blog.espol.edu.ec\/maferpacheco\/files\/2015\/05\/20150523_161840-e1432526999625-576x1024.jpg 576w, https:\/\/blog.espol.edu.ec\/maferpacheco\/files\/2015\/05\/20150523_161840-e1432526999625-169x300.jpg 169w, https:\/\/blog.espol.edu.ec\/maferpacheco\/files\/2015\/05\/20150523_161840-e1432526999625.jpg 1152w\" sizes=\"auto, (max-width: 576px) 100vw, 576px\" \/><\/a><\/p>\n<p>&nbsp;<\/p>\n<p>&nbsp;<\/p>\n<ul>\n<li style=\"text-align: center\">CONJUNTO\u00a0OTAVALE\u00d1O PARA NI\u00d1OS: TALLAS DE 0 A 8, PANTAL\u00d3N Y CAMISA $12 (POR SEPARADO $6 CADA UNO)<\/li>\n<\/ul>\n<p>&nbsp;<\/p>\n<p><a href=\"http:\/\/blog.espol.edu.ec\/maferpacheco\/files\/2015\/05\/20150523_162126-e1432527217266.jpg\"><img loading=\"lazy\" decoding=\"async\" class=\"aligncenter wp-image-116 size-large\" src=\"http:\/\/blog.espol.edu.ec\/maferpacheco\/files\/2015\/05\/20150523_162126-e1432527217266-576x1024.jpg\" alt=\"20150523_162126\" width=\"576\" height=\"1024\" srcset=\"https:\/\/blog.espol.edu.ec\/maferpacheco\/files\/2015\/05\/20150523_162126-e1432527217266-576x1024.jpg 576w, https:\/\/blog.espol.edu.ec\/maferpacheco\/files\/2015\/05\/20150523_162126-e1432527217266-169x300.jpg 169w, https:\/\/blog.espol.edu.ec\/maferpacheco\/files\/2015\/05\/20150523_162126-e1432527217266.jpg 1152w\" sizes=\"auto, (max-width: 576px) 100vw, 576px\" \/><\/a><\/p>\n<p><a href=\"http:\/\/blog.espol.edu.ec\/maferpacheco\/files\/2015\/05\/20150523_162117-e1432527252581.jpg\"><img loading=\"lazy\" decoding=\"async\" class=\"aligncenter size-large wp-image-115\" src=\"http:\/\/blog.espol.edu.ec\/maferpacheco\/files\/2015\/05\/20150523_162117-e1432527252581-576x1024.jpg\" alt=\"20150523_162117\" width=\"576\" height=\"1024\" srcset=\"https:\/\/blog.espol.edu.ec\/maferpacheco\/files\/2015\/05\/20150523_162117-e1432527252581-576x1024.jpg 576w, https:\/\/blog.espol.edu.ec\/maferpacheco\/files\/2015\/05\/20150523_162117-e1432527252581-169x300.jpg 169w, https:\/\/blog.espol.edu.ec\/maferpacheco\/files\/2015\/05\/20150523_162117-e1432527252581.jpg 1152w\" sizes=\"auto, (max-width: 576px) 100vw, 576px\" \/><\/a><\/p>\n<p>&nbsp;<\/p>\n","protected":false},"excerpt":{"rendered":"<p>&nbsp; VESTIDOS OTAVALE\u00d1OS PARA NI\u00d1AS:\u00a0TALLAS DE 0 A 5, DESDE $6 HASTA $10 &nbsp; &nbsp; &nbsp; CONJUNTO\u00a0OTAVALE\u00d1O PARA NI\u00d1OS: TALLAS DE 0 A 8, PANTAL\u00d3N Y CAMISA $12 (POR SEPARADO $6 CADA UNO) &nbsp; &nbsp;<\/p>\n","protected":false},"author":9590,"featured_media":0,"parent":0,"menu_order":0,"comment_status":"open","ping_status":"open","template":"","meta":{"footnotes":""},"class_list":["post-82","page","type-page","status-publish","hentry"],"_links":{"self":[{"href":"https:\/\/blog.espol.edu.ec\/maferpacheco\/wp-json\/wp\/v2\/pages\/82","targetHints":{"allow":["GET"]}}],"collection":[{"href":"https:\/\/blog.espol.edu.ec\/maferpacheco\/wp-json\/wp\/v2\/pages"}],"about":[{"href":"https:\/\/blog.espol.edu.ec\/maferpacheco\/wp-json\/wp\/v2\/types\/page"}],"author":[{"embeddable":true,"href":"https:\/\/blog.espol.edu.ec\/maferpacheco\/wp-json\/wp\/v2\/users\/9590"}],"replies":[{"embeddable":true,"href":"https:\/\/blog.espol.edu.ec\/maferpacheco\/wp-json\/wp\/v2\/comments?post=82"}],"version-history":[{"count":4,"href":"https:\/\/blog.espol.edu.ec\/maferpacheco\/wp-json\/wp\/v2\/pages\/82\/revisions"}],"predecessor-version":[{"id":186,"href":"https:\/\/blog.espol.edu.ec\/maferpacheco\/wp-json\/wp\/v2\/pages\/82\/revisions\/186"}],"wp:attachment":[{"href":"https:\/\/blog.espol.edu.ec\/maferpacheco\/wp-json\/wp\/v2\/media?parent=82"}],"curies":[{"name":"wp","href":"https:\/\/api.w.org\/{rel}","templated":true}]}}