{"id":1,"date":"2009-02-02T15:18:34","date_gmt":"2009-02-02T20:18:34","guid":{"rendered":""},"modified":"2009-03-04T14:00:18","modified_gmt":"2009-03-04T19:00:18","slug":"about","status":"publish","type":"page","link":"https:\/\/blog.espol.edu.ec\/maglemur\/about\/","title":{"rendered":"DATOS PERSONALES"},"content":{"rendered":"<p><B><SPAN lang=\"ES-TRAD\"><FONT face=\"Calibri\"><br \/>\n<DIV class=\"mceTemp\"><br \/>\n<DL><br \/>\n<DT><A href=\"http:\/\/www.icm.espol.edu.ec\/estudiantes\/2008\/200817666\"><IMG class=\"size-medium wp-image-83\" height=\"300\" alt=\"MI SITIO WEB\" src=\"http:\/\/blog.espol.edu.ec\/maglemur\/files\/2009\/03\/compromisos-special-0781-225x300.jpg\" width=\"225\"><\/A><\/DT><br \/>\n<DD>MI SITIO WEB<\/DD><\/DL><\/DIV><br \/>\n<P class=\"MsoNormal\">DATOS PERSONALES<\/FONT><\/SPAN><\/B><\/P><br \/>\n<P class=\"MsoNormal\"><FONT size=\"3\"><FONT face=\"Calibri\"><B><SPAN lang=\"ES-TRAD\">Nombre:<\/SPAN><\/B><B><SPAN lang=\"ES-TRAD\"> Magdalena Leonor<\/SPAN><\/B><\/FONT><\/FONT><\/P><br \/>\n<P class=\"MsoNormal\"><FONT size=\"3\"><FONT face=\"Calibri\"><B><SPAN lang=\"ES-TRAD\">Apellido:<\/SPAN><\/B><B><SPAN lang=\"ES-TRAD\"> Murillo Baja\u00f1a<\/SPAN><\/B><\/FONT><\/FONT><\/P><br \/>\n<P class=\"MsoNormal\"><FONT size=\"3\"><FONT face=\"Calibri\"><B><SPAN lang=\"ES-TRAD\">Hobbies:<\/SPAN><\/B><B><SPAN lang=\"ES-TRAD\"> Pasarla bien<\/SPAN><\/B><\/FONT><\/FONT><\/P><br \/>\n<P class=\"MsoNormal\"><FONT size=\"3\"><FONT face=\"Calibri\"><B><SPAN lang=\"ES-TRAD\">Deporte:<\/SPAN><\/B><B><SPAN lang=\"ES-TRAD\"> Nataci\u00f3n<\/SPAN><\/B><\/FONT><\/FONT><\/P><br \/>\n<P class=\"MsoNormal\"><FONT size=\"3\"><FONT face=\"Calibri\"><B><SPAN lang=\"ES-TRAD\">Madre:<\/SPAN><\/B><B><SPAN lang=\"ES-TRAD\"> Patricia Baja\u00f1a<\/SPAN><\/B><\/FONT><\/FONT><\/P><br \/>\n<P class=\"MsoNormal\"><FONT size=\"3\"><FONT face=\"Calibri\"><B><SPAN lang=\"ES-TRAD\">Padre:<\/SPAN><\/B><B><SPAN lang=\"ES-TRAD\"> Le\u00f3nidas Murillo<\/SPAN><\/B><\/FONT><\/FONT><\/P><br \/>\n<P class=\"MsoNormal\"><FONT size=\"3\"><FONT face=\"Calibri\"><B><SPAN lang=\"ES-TRAD\">Escuela:<\/SPAN><\/B><B><SPAN lang=\"ES-TRAD\"> Don Bosco (Parroquia EL laurel) DAULE<\/SPAN><\/B><\/FONT><\/FONT><\/P><br \/>\n<P class=\"MsoNormal\"><FONT size=\"3\"><FONT face=\"Calibri\"><B><SPAN lang=\"ES-TRAD\">Colegio:<\/SPAN><\/B><B><SPAN lang=\"ES-TRAD\"> I.T.S \u201cGuayaquil\u201d<\/SPAN><\/B><\/FONT><\/FONT><\/P><br \/>\n<P class=\"MsoNormal\"><SPAN lang=\"ES-TRAD\"><FONT face=\"Calibri\" size=\"3\">&nbsp;<\/FONT><\/SPAN><\/P><br \/>\n<P class=\"MsoNormal\"><B><SPAN lang=\"ES-TRAD\"><FONT face=\"Calibri\">DATOS UNIVERSIDAD<\/FONT><\/SPAN><\/B><\/P><br \/>\n<P class=\"MsoNormal\"><FONT size=\"3\"><FONT face=\"Calibri\"><B><SPAN lang=\"ES-TRAD\">Universidad:<\/SPAN><\/B><B><SPAN lang=\"ES-TRAD\"> Escuela superior Polit\u00e9cnica.<\/SPAN><\/B><\/FONT><\/FONT><\/P><br \/>\n<P class=\"MsoNormal\"><FONT size=\"3\"><FONT face=\"Calibri\"><B><SPAN lang=\"ES-TRAD\">Facultad:<\/SPAN><\/B><B><SPAN lang=\"ES-TRAD\"> Instituto de Ciencias Matem\u00e1ticas<\/SPAN><\/B><\/FONT><\/FONT><\/P><br \/>\n<P class=\"MsoNormal\"><FONT size=\"3\"><FONT face=\"Calibri\"><B><SPAN lang=\"ES-TRAD\">Carrera:<\/SPAN><\/B><B><SPAN lang=\"ES-TRAD\"> Ing. en Auditor\u00eda y Control de Gesti\u00f3n.<\/SPAN><\/B><\/FONT><\/FONT><\/P><br \/>\n<P><\/P><\/p>\n","protected":false},"excerpt":{"rendered":"<p>MI SITIO WEB DATOS PERSONALES Nombre: Magdalena Leonor Apellido: Murillo Baja\u00f1a Hobbies: Pasarla bien Deporte: Nataci\u00f3n Madre: Patricia Baja\u00f1a Padre: Le\u00f3nidas Murillo Escuela: Don Bosco (Parroquia EL laurel) DAULE Colegio: I.T.S \u201cGuayaquil\u201d &nbsp; DATOS UNIVERSIDAD Universidad: Escuela superior Polit\u00e9cnica. Facultad: Instituto de Ciencias Matem\u00e1ticas Carrera: Ing. en Auditor\u00eda y Control de Gesti\u00f3n.<\/p>\n","protected":false},"author":1308,"featured_media":0,"parent":0,"menu_order":0,"comment_status":"open","ping_status":"open","template":"","meta":{"footnotes":""},"class_list":["post-1","page","type-page","status-publish","hentry"],"_links":{"self":[{"href":"https:\/\/blog.espol.edu.ec\/maglemur\/wp-json\/wp\/v2\/pages\/1","targetHints":{"allow":["GET"]}}],"collection":[{"href":"https:\/\/blog.espol.edu.ec\/maglemur\/wp-json\/wp\/v2\/pages"}],"about":[{"href":"https:\/\/blog.espol.edu.ec\/maglemur\/wp-json\/wp\/v2\/types\/page"}],"author":[{"embeddable":true,"href":"https:\/\/blog.espol.edu.ec\/maglemur\/wp-json\/wp\/v2\/users\/1308"}],"replies":[{"embeddable":true,"href":"https:\/\/blog.espol.edu.ec\/maglemur\/wp-json\/wp\/v2\/comments?post=1"}],"version-history":[{"count":1,"href":"https:\/\/blog.espol.edu.ec\/maglemur\/wp-json\/wp\/v2\/pages\/1\/revisions"}],"predecessor-version":[{"id":84,"href":"https:\/\/blog.espol.edu.ec\/maglemur\/wp-json\/wp\/v2\/pages\/1\/revisions\/84"}],"wp:attachment":[{"href":"https:\/\/blog.espol.edu.ec\/maglemur\/wp-json\/wp\/v2\/media?parent=1"}],"curies":[{"name":"wp","href":"https:\/\/api.w.org\/{rel}","templated":true}]}}