{"id":68,"date":"2009-03-04T13:22:51","date_gmt":"2009-03-04T18:22:51","guid":{"rendered":"http:\/\/blog.espol.edu.ec\/maglemur\/?page_id=68"},"modified":"2009-03-04T13:52:53","modified_gmt":"2009-03-04T18:52:53","slug":"acerca-de-moi%c2%a1%c2%a1%c2%a1%c2%a1%c2%a1","status":"publish","type":"page","link":"https:\/\/blog.espol.edu.ec\/maglemur\/acerca-de-moi%c2%a1%c2%a1%c2%a1%c2%a1%c2%a1\/","title":{"rendered":"M\u00c1S ACERCA DE MOI....\u00a1\u00a1\u00a1\u00a1\u00a1"},"content":{"rendered":"<p>Soy una persona muy paciente, adem\u00e1s me gusta ayudar a mis compa\u00f1eros, tengos muchos amigos(as) y siempre que pueda me gusta pasar tiempo con ellos. Tambi\u00e9n para mi lo m\u00e1s importante es la familia, ya que son las \u00fanicas personas que estan contigo cuando las necesitas y sobre todo mi mami que ella siempre me apoya y me quiere.<\/p>\n<p>Ante todo tambi\u00e9n esta Dios que el siempre me\u00a0contribuye para que todo me salga bien\u00a0y cuando no lo hace es por algo el sabe cuando y donde se debe dar todo.<\/p>\n","protected":false},"excerpt":{"rendered":"<p>Soy una persona muy paciente, adem\u00e1s me gusta ayudar a mis compa\u00f1eros, tengos muchos amigos(as) y siempre que pueda me gusta pasar tiempo con ellos. Tambi\u00e9n para mi lo m\u00e1s importante es la familia, ya que son las \u00fanicas personas que estan contigo cuando las necesitas y sobre todo mi mami que ella siempre me [&hellip;]<\/p>\n","protected":false},"author":1308,"featured_media":0,"parent":0,"menu_order":0,"comment_status":"open","ping_status":"open","template":"","meta":{"footnotes":""},"class_list":["post-68","page","type-page","status-publish","hentry"],"_links":{"self":[{"href":"https:\/\/blog.espol.edu.ec\/maglemur\/wp-json\/wp\/v2\/pages\/68","targetHints":{"allow":["GET"]}}],"collection":[{"href":"https:\/\/blog.espol.edu.ec\/maglemur\/wp-json\/wp\/v2\/pages"}],"about":[{"href":"https:\/\/blog.espol.edu.ec\/maglemur\/wp-json\/wp\/v2\/types\/page"}],"author":[{"embeddable":true,"href":"https:\/\/blog.espol.edu.ec\/maglemur\/wp-json\/wp\/v2\/users\/1308"}],"replies":[{"embeddable":true,"href":"https:\/\/blog.espol.edu.ec\/maglemur\/wp-json\/wp\/v2\/comments?post=68"}],"version-history":[{"count":2,"href":"https:\/\/blog.espol.edu.ec\/maglemur\/wp-json\/wp\/v2\/pages\/68\/revisions"}],"predecessor-version":[{"id":82,"href":"https:\/\/blog.espol.edu.ec\/maglemur\/wp-json\/wp\/v2\/pages\/68\/revisions\/82"}],"wp:attachment":[{"href":"https:\/\/blog.espol.edu.ec\/maglemur\/wp-json\/wp\/v2\/media?parent=68"}],"curies":[{"name":"wp","href":"https:\/\/api.w.org\/{rel}","templated":true}]}}