{"id":61,"date":"2009-03-07T15:40:07","date_gmt":"2009-03-07T20:40:07","guid":{"rendered":"http:\/\/blog.espol.edu.ec\/maherrer\/?page_id=61"},"modified":"2009-03-07T15:40:07","modified_gmt":"2009-03-07T20:40:07","slug":"limites","status":"publish","type":"page","link":"https:\/\/blog.espol.edu.ec\/maherrer\/limites\/","title":{"rendered":"Limites"},"content":{"rendered":"<p><span class=\"html\">El l\u00edmite de una funci\u00f3n es un concepto fundamental del c\u00e1lculo diferencial matem\u00e1tico.<\/p>\n<p>Informalmente, el hecho que una funci\u00f3n f tiene un l\u00edmite L en el punto p, significa que el valor de f puede ser tan cercano a L como se desee, tomando puntos suficientemente cercanos a p, pero distintos de p.<\/p>\n<p>La definici\u00f3n formal, hecha a finales del siglo XIX se muestra a continuaci\u00f3n.<\/p>\n<p>Para una generalizaci\u00f3n del concepto de l\u00edmite, v\u00e9ase \"topolog\u00eda de red\".<\/p>\n<p><strong>Definici\u00f3n formal<\/strong><\/p>\n<p><strong>Funciones en espacios m\u00e9tricos<\/strong><em><\/span><\/p>\n<p><span class=\"html\">El l\u00edmite de la funci\u00f3n f(x) cuando x se aproxima a p ser\u00e1 L si y solo s\u00ed para todo \u03b5 &gt; 0 existe un \u03b4 &gt; 0 tal que para todo n\u00famero real x en <img decoding=\"async\" src=\"http:\/\/upload.wikimedia.org\/math\/f\/c\/8\/fc8e5e724eed0a668841cd7d19577737.png\" alt=\"\" \/>, tenemos que<img decoding=\"async\" src=\"http:\/\/upload.wikimedia.org\/math\/3\/8\/7\/3870c78fd813bc59be44e6e8ca6064fa.png\" alt=\"\" \/><\/p>\n<p>l siguiente concepto de l\u00edmite es el de la definici\u00f3n formal, la cual no es muy aprensible para el com\u00fan de la gente. Dicha formulaci\u00f3n matem\u00e1tica es m\u00e1s conocida como epsilon - delta. Por ello es importante entender el concepto de l\u00edmite como aquella herramienta matem\u00e1tica que sirve para conocer el comportamiento de una funci\u00f3n alrededor de un punto, y que no dice nada de tal comportamiento precisamente en dicho punto.<\/p>\n<p>Sup\u00f3ngase f : (M, dM) -&gt; (N, dN) es mapeado entre dos espacios m\u00e9tricos, p es un punto l\u00edmite de M y L\u2208N. Decimos que \"el l\u00edmite de f en p es L\" y escribimos<br \/>\n<img decoding=\"async\" src=\"http:\/\/upload.wikimedia.org\/math\/e\/8\/7\/e879d1b2b7a9e19d16438c24fb8a7990.png\" alt=\"\" \/><br \/>\nsi y s\u00f3lo si para todo \u03b5 &gt; 0 existe un \u03b4 &gt; 0 tal que para toda x\u2208M en 0 &lt; dM(x, p) &lt; \u03b4, tenemos dN(f(x), L)  0 existe un \u03b4 (\u03b5) &gt; 0 tal que, para toda x:<br \/>\nsi<img decoding=\"async\" src=\"http:\/\/upload.wikimedia.org\/math\/2\/6\/7\/2677ef95d6999220ecfa5a3e57fbdc31.png\" alt=\"\" \/>entonces <img decoding=\"async\" src=\"http:\/\/upload.wikimedia.org\/math\/3\/8\/7\/3870c78fd813bc59be44e6e8ca6064fa.png\" alt=\"\" \/><br \/>\nObservemos que la soluci\u00f3n de la desigualdad 0 &lt; | x - a | &lt; \u03b4 es la siguiente:<\/p>\n<p>x pertenece a la vecindad ( a - \u03b4 , a ) U ( a, a + \u03b4 ): x no toca el valor de a, pues<\/p>\n<p>0 &lt; | x - a | implica x distinto de a,<\/p>\n<p>mientras que la soluci\u00f3n de | f (x) - L | &lt; \u03b5 es la siguiente:<\/p>\n<p>y pertenece al intervalo ( L - \u03b5 , L + \u03b5 ).<\/p>\n<p>Esto proporciona la clave de la comprensi\u00f3n del concepto de l\u00edmite, pues mientras que el valor de la x est\u00e1 en la vecindad horizontal alrededor del punto \"a\" y agujereada en \"a\" con radio delta y centro \"a\", aun cuando en ese punto \"a\" no est\u00e9 definida, el valor de y est\u00e1 en el intervalo vertical con centro en f(a) y radio \u00e9psilon.<\/p>\n<p><strong>Funciones de valor real<\/strong><br \/>\nLa recta Real con metric\u00f3 d(x,y): = | x \u2212 y | es un espacio m\u00e9trico. Tambi\u00e9n la l\u00ednea Real extendida con m\u00e9trica d(x,y) = | arctan(x) \u2212 arctan(y) | es un espacio m\u00e9trico.<\/p>\n<p><strong>L\u00edmite de una funci\u00f3n en un punto<\/strong><br \/>\nSea f una funci\u00f3n Real, entonces<br \/>\n<img decoding=\"async\" src=\"http:\/\/upload.wikimedia.org\/math\/e\/8\/7\/e879d1b2b7a9e19d16438c24fb8a7990.png\" alt=\"\" \/>(donde<img decoding=\"async\" src=\"http:\/\/upload.wikimedia.org\/math\/4\/5\/2\/45215726bec139991b2ed73cccc73ea9.png\" alt=\"\" \/>y L es un n\u00famero real)<br \/>\nsi y solo si<br \/>\n    para todo \u03b5 &gt; 0 existe un \u03b4 &gt; 0 tal que para todo n\u00famero real x en 0 &lt; |x-p| &lt; \u03b4, tenemos que |f(x)-L| &lt; \u03b5<\/p>\n<p>Con s\u00edmbolos: <img decoding=\"async\" src=\"http:\/\/upload.wikimedia.org\/math\/a\/2\/2\/a22fbc0eaf268a92a1ef638c389b6e92.png\" alt=\"\" \/><\/span><\/p>\n","protected":false},"excerpt":{"rendered":"<p>El l\u00edmite de una funci\u00f3n es un concepto fundamental del c\u00e1lculo diferencial matem\u00e1tico. Informalmente, el hecho que una funci\u00f3n f tiene un l\u00edmite L en el punto p, significa que el valor de f puede ser tan cercano a L como se desee, tomando puntos suficientemente cercanos a p, pero distintos de p. La definici\u00f3n [&hellip;]<\/p>\n","protected":false},"author":808,"featured_media":0,"parent":0,"menu_order":0,"comment_status":"open","ping_status":"open","template":"","meta":{"footnotes":""},"class_list":["post-61","page","type-page","status-publish","hentry"],"_links":{"self":[{"href":"https:\/\/blog.espol.edu.ec\/maherrer\/wp-json\/wp\/v2\/pages\/61","targetHints":{"allow":["GET"]}}],"collection":[{"href":"https:\/\/blog.espol.edu.ec\/maherrer\/wp-json\/wp\/v2\/pages"}],"about":[{"href":"https:\/\/blog.espol.edu.ec\/maherrer\/wp-json\/wp\/v2\/types\/page"}],"author":[{"embeddable":true,"href":"https:\/\/blog.espol.edu.ec\/maherrer\/wp-json\/wp\/v2\/users\/808"}],"replies":[{"embeddable":true,"href":"https:\/\/blog.espol.edu.ec\/maherrer\/wp-json\/wp\/v2\/comments?post=61"}],"version-history":[{"count":1,"href":"https:\/\/blog.espol.edu.ec\/maherrer\/wp-json\/wp\/v2\/pages\/61\/revisions"}],"predecessor-version":[{"id":62,"href":"https:\/\/blog.espol.edu.ec\/maherrer\/wp-json\/wp\/v2\/pages\/61\/revisions\/62"}],"wp:attachment":[{"href":"https:\/\/blog.espol.edu.ec\/maherrer\/wp-json\/wp\/v2\/media?parent=61"}],"curies":[{"name":"wp","href":"https:\/\/api.w.org\/{rel}","templated":true}]}}