{"id":11,"date":"2013-11-07T23:54:30","date_gmt":"2013-11-07T23:54:30","guid":{"rendered":"http:\/\/blog.espol.edu.ec\/majoleon\/?page_id=11"},"modified":"2013-11-08T00:02:43","modified_gmt":"2013-11-08T00:02:43","slug":"hola-bienvenidos-a-mi-blog","status":"publish","type":"page","link":"https:\/\/blog.espol.edu.ec\/majoleon\/hola-bienvenidos-a-mi-blog\/","title":{"rendered":"Hola BIENVENIDOS A MI BLOG :)"},"content":{"rendered":"<p>Hola mi nombre es Mar\u00eda Jos\u00e9 Le\u00f3n Erazo, estudio en la Escuela Superior Polit\u00e9cnica del Litoral en el Instituto de Ciencias Matem\u00e1ticas, mi blog va a tratar de los meses de gestaci\u00f3n y los cambios que se producen dentro del vientre de la madre espero les guste. <\/p>\n","protected":false},"excerpt":{"rendered":"<p>Hola mi nombre es Mar\u00eda Jos\u00e9 Le\u00f3n Erazo, estudio en la Escuela Superior Polit\u00e9cnica del Litoral en el Instituto de Ciencias Matem\u00e1ticas, mi blog va a tratar de los meses de gestaci\u00f3n y los cambios que se producen dentro del vientre de la madre espero les guste.<\/p>\n","protected":false},"author":8805,"featured_media":0,"parent":0,"menu_order":0,"comment_status":"open","ping_status":"open","template":"","meta":{"footnotes":""},"class_list":["post-11","page","type-page","status-publish","hentry"],"_links":{"self":[{"href":"https:\/\/blog.espol.edu.ec\/majoleon\/wp-json\/wp\/v2\/pages\/11","targetHints":{"allow":["GET"]}}],"collection":[{"href":"https:\/\/blog.espol.edu.ec\/majoleon\/wp-json\/wp\/v2\/pages"}],"about":[{"href":"https:\/\/blog.espol.edu.ec\/majoleon\/wp-json\/wp\/v2\/types\/page"}],"author":[{"embeddable":true,"href":"https:\/\/blog.espol.edu.ec\/majoleon\/wp-json\/wp\/v2\/users\/8805"}],"replies":[{"embeddable":true,"href":"https:\/\/blog.espol.edu.ec\/majoleon\/wp-json\/wp\/v2\/comments?post=11"}],"version-history":[{"count":2,"href":"https:\/\/blog.espol.edu.ec\/majoleon\/wp-json\/wp\/v2\/pages\/11\/revisions"}],"predecessor-version":[{"id":13,"href":"https:\/\/blog.espol.edu.ec\/majoleon\/wp-json\/wp\/v2\/pages\/11\/revisions\/13"}],"wp:attachment":[{"href":"https:\/\/blog.espol.edu.ec\/majoleon\/wp-json\/wp\/v2\/media?parent=11"}],"curies":[{"name":"wp","href":"https:\/\/api.w.org\/{rel}","templated":true}]}}