{"id":50,"date":"2014-11-09T22:49:19","date_gmt":"2014-11-09T22:49:19","guid":{"rendered":"http:\/\/blog.espol.edu.ec\/majoocam\/?page_id=50"},"modified":"2014-11-09T22:56:06","modified_gmt":"2014-11-09T22:56:06","slug":"ventajas-y-desventajas-2","status":"publish","type":"page","link":"https:\/\/blog.espol.edu.ec\/majoocam\/ventajas-y-desventajas-2\/","title":{"rendered":"Ventajas y Desventajas"},"content":{"rendered":"<hr \/>\n<p style=\"text-align: center\"><em><strong>VENTAJAS<\/strong><\/em><\/p>\n<ul>\n<li>Con la realidad virtual puedes aprender a manipular objetos tridimensionales.<\/li>\n<li>Existen cantidad de beneficios para personas minusvalidas, ya que la realidad virtual ofrece grandes ayudas a la m\u00e9dicina y a la construcci\u00f3n de implementos para discapacitados.<\/li>\n<li>Tambi\u00e9n se puede utilizar este nuevo lenguaje para los entrenamientos de soldados o militares en situaciones peligrosas, simulando mundos virtuales.<\/li>\n<li>Permite realizar un examen minucioso de hechos o procesos que se van a realizar.<\/li>\n<li>En esta nueva sociedad de la informaci\u00f3n aporta grandes elementos para avances tecnol\u00f3gicos<\/li>\n<\/ul>\n<p><a href=\"http:\/\/blog.espol.edu.ec\/majoocam\/files\/2014\/11\/VENT.jpg\"><img loading=\"lazy\" decoding=\"async\" class=\"aligncenter size-full wp-image-42\" src=\"http:\/\/blog.espol.edu.ec\/majoocam\/files\/2014\/11\/VENT.jpg\" alt=\"VENT\" width=\"226\" height=\"200\" \/><\/a><\/p>\n<hr \/>\n<p style=\"text-align: center\"><em><strong>DESVENTAJAS<\/strong><\/em><\/p>\n<ul>\n<li>El usuario puede llegar a confundirse hasta tal punto de no diferenciar lo real de lo ficticio.<\/li>\n<li>Muchos de los equipos que se utilizan para navegar en mundos virtuales pueden llegar a proporcionar dolores musculares o de cabeza.<\/li>\n<li>Existe la dificultad en poder dominar los controles o mandos.<\/li>\n<li>Adicci\u00f3n a vivir en un mundo ficticio inventado y desorientaci\u00f3n espacial del mundo real.<\/li>\n<\/ul>\n<p><a href=\"http:\/\/blog.espol.edu.ec\/majoocam\/files\/2014\/11\/DESV.jpg\"><img loading=\"lazy\" decoding=\"async\" class=\"aligncenter size-full wp-image-43\" src=\"http:\/\/blog.espol.edu.ec\/majoocam\/files\/2014\/11\/DESV.jpg\" alt=\"DESV\" width=\"266\" height=\"190\" \/><\/a><\/p>\n<hr \/>\n<p>&nbsp;<\/p>\n","protected":false},"excerpt":{"rendered":"<p>VENTAJAS Con la realidad virtual puedes aprender a manipular objetos tridimensionales. Existen cantidad de beneficios para personas minusvalidas, ya que la realidad virtual ofrece grandes ayudas a la m\u00e9dicina y a la construcci\u00f3n de implementos para discapacitados. Tambi\u00e9n se puede utilizar este nuevo lenguaje para los entrenamientos de soldados o militares en situaciones peligrosas, simulando [&hellip;]<\/p>\n","protected":false},"author":9314,"featured_media":0,"parent":0,"menu_order":0,"comment_status":"open","ping_status":"open","template":"","meta":{"footnotes":""},"class_list":["post-50","page","type-page","status-publish","hentry"],"_links":{"self":[{"href":"https:\/\/blog.espol.edu.ec\/majoocam\/wp-json\/wp\/v2\/pages\/50","targetHints":{"allow":["GET"]}}],"collection":[{"href":"https:\/\/blog.espol.edu.ec\/majoocam\/wp-json\/wp\/v2\/pages"}],"about":[{"href":"https:\/\/blog.espol.edu.ec\/majoocam\/wp-json\/wp\/v2\/types\/page"}],"author":[{"embeddable":true,"href":"https:\/\/blog.espol.edu.ec\/majoocam\/wp-json\/wp\/v2\/users\/9314"}],"replies":[{"embeddable":true,"href":"https:\/\/blog.espol.edu.ec\/majoocam\/wp-json\/wp\/v2\/comments?post=50"}],"version-history":[{"count":1,"href":"https:\/\/blog.espol.edu.ec\/majoocam\/wp-json\/wp\/v2\/pages\/50\/revisions"}],"predecessor-version":[{"id":51,"href":"https:\/\/blog.espol.edu.ec\/majoocam\/wp-json\/wp\/v2\/pages\/50\/revisions\/51"}],"wp:attachment":[{"href":"https:\/\/blog.espol.edu.ec\/majoocam\/wp-json\/wp\/v2\/media?parent=50"}],"curies":[{"name":"wp","href":"https:\/\/api.w.org\/{rel}","templated":true}]}}