{"id":72,"date":"2014-11-09T23:17:52","date_gmt":"2014-11-09T23:17:52","guid":{"rendered":"http:\/\/blog.espol.edu.ec\/majoocam\/?page_id=72"},"modified":"2014-11-09T23:19:54","modified_gmt":"2014-11-09T23:19:54","slug":"impacto-social","status":"publish","type":"page","link":"https:\/\/blog.espol.edu.ec\/majoocam\/impacto-social\/","title":{"rendered":"Sobre Impacto Social"},"content":{"rendered":"<hr \/>\n<p style=\"text-align: center\"><em><strong>NUEVA SOCIEDAD EN DESPLIEGUE.<\/strong><\/em><\/p>\n<p>Los m\u00fasicos comenzar\u00e1n a organizar conciertos virtuales en vivo, desde el living de su casa, cobrando un precio muy m\u00f3dico. Cada concierto contar\u00e1 con un m\u00ednimo de 1.000.000 personas, ya que puede asistir cualquier persona en cualquier lugar del mundo. SGAE y RIAA quebrar\u00e1n A la salida de los conciertos, te podr\u00e1s llevar la m\u00fasica en MP3, para escucharla donde quieras. A los artistas no les preocupar\u00e1, sabr\u00e1n que vas a regresar para verlos en vivo<\/p>\n<p>Con la expansi\u00f3n de las comunicaciones en red una nueva sociedad est\u00e1 emergiendo al lado de la sociedad real. Se trata de la sociedad virtual. Su territorio es el ciberespacio y su tiempo, como no, es el tiempo virtual. Se trata de un fen\u00f3meno novedoso, cuyas caracter\u00edsticas son escasamente conocidas, puesto que esta sociedad est\u00e1 en pleno despliegue. Es una sociedad que no podr\u00eda existir al margen de la sociedad real, que es su soporte material. Pero, aunque comparte con ella un conjunto de rasgos comunes, tiene sus propias especifidades, que la han convertido en un tema de gran inter\u00e9s para los acad\u00e9micos interesados en indagar las caracter\u00edsticas que tendr\u00e1 la nueva sociedad que se est\u00e1 gestando en medio de la crisis de la sociedad industrial.<\/p>\n<p><a href=\"http:\/\/blog.espol.edu.ec\/majoocam\/files\/2014\/11\/impac.jpg\"><img loading=\"lazy\" decoding=\"async\" class=\"aligncenter size-full wp-image-73\" src=\"http:\/\/blog.espol.edu.ec\/majoocam\/files\/2014\/11\/impac.jpg\" alt=\"impac\" width=\"297\" height=\"170\" \/><\/a><\/p>\n<p><a href=\"http:\/\/blog.espol.edu.ec\/majoocam\/files\/2014\/11\/concierto.jpg\"><img loading=\"lazy\" decoding=\"async\" class=\"aligncenter size-medium wp-image-76\" src=\"http:\/\/blog.espol.edu.ec\/majoocam\/files\/2014\/11\/concierto-300x222.jpg\" alt=\"concierto\" width=\"300\" height=\"222\" srcset=\"https:\/\/blog.espol.edu.ec\/majoocam\/files\/2014\/11\/concierto-300x222.jpg 300w, https:\/\/blog.espol.edu.ec\/majoocam\/files\/2014\/11\/concierto.jpg 500w\" sizes=\"auto, (max-width: 300px) 100vw, 300px\" \/><\/a><\/p>\n<hr \/>\n<p>&nbsp;<\/p>\n<p>&nbsp;<\/p>\n<p style=\"text-align: center\"><em><strong>LA SOCIEDAD VIRTUAL Y LA ACADEMIA.<\/strong><\/em><\/p>\n<p>Dos indicadores de este creciente inter\u00e9s son la aparici\u00f3n de disciplinas acad\u00e9micas dedicadas a su estudio, como la flamante ciberantropolog\u00eda, reconocida como disciplina acad\u00e9mica en 1992, y la multiplicaci\u00f3n de eventos acad\u00e9micos dedicados a discutir su naturaleza, de los cuales los m\u00e1s importantes son los Congresos Mundiales sobre el Ciberespacio, el quinto de los cuales se realiz\u00f3 en Madrid en junio de 1996, y las implicaciones que tendr\u00e1 su expansi\u00f3n sobre los distintos \u00f3rdenes de lo social.<\/p>\n<p>&nbsp;<\/p>\n<p>Se vienen multiplicando, tambi\u00e9n, los ensayos y las tesis acad\u00e9micas dedicadas al an\u00e1lisis de la sociedad virtual. Sus temas son tan variados como el estudio etnogr\u00e1fico de las comunidades virtuales los hackers, los cultores de los juegos de rol en l\u00ednea (muds), los cyberpunks, etc., las nuevas identidades sociales que vienen emergiendo en el mundo virtual, y la forma c\u00f3mo se plantean viejos temas de la din\u00e1mica social real en la sociedad virtual, como, por ejemplo, las percepciones y las interacciones entre raza, etn\u00eda y g\u00e9nero, o la relaciones entre la econom\u00eda, las comunicaciones y el poder.<\/p>\n<p>Existe una rica y compleja dial\u00e9ctica entre la sociedad real y la sociedad virtual, cuyas caracter\u00edsticas reci\u00e9n empiezan a explorarse. Una influye sobre la otra y viceversa. A medida que un mayor n\u00famero de personas se van incorporando a las redes, y a trav\u00e9s de ellas en diverso grado a la sociedad virtual, el peso relativo de ambas se va modificando y con \u00e9l se altera tambi\u00e9n la l\u00f3gica de sus interacciones.<\/p>\n<p>&nbsp;<\/p>\n<p>La sociedad real y la virtual comparten un conjunto de caracter\u00edsticas comunes, pero tambi\u00e9n tienen grandes diferencias. Por una parte, pr\u00e1cticamente todas las contradicciones sociales de la sociedad real se encuentran tambi\u00e9n en la sociedad virtual, pero la forma en que \u00e9stas se despliegan adquiere en algunos casos matices propios y en ciertas oportunidades adopta una l\u00f3gica abiertamente contradictoria con la del mundo social real. Tal cosa sucede, por ejemplo, en las relaciones entre las colectividades sociales y las naciones. Mientras que en la sociedad real moderna las naciones son un referente decisivo, en la sociedad virtual \u00e9stas no tienen una significativa importancia. El ciberespacio no tiene fronteras y es planetario por su naturaleza. Sin embargo, las posibilidades del pleno despliegue de las potencialidades de la sociedad virtual pueden ser apoyadas o bloqueadas de acuerdo, por ejemplo, a la pol\u00edtica adoptada por los gobiernos de la sociedad real. A su vez, la trama de las relaciones sociales establecidas en el ciberespacio puede jugar un papel muy importante en la aceleraci\u00f3n de la crisis del Estado-naci\u00f3n de base territorial, como hoy lo conocemos.<\/p>\n<p><a href=\"http:\/\/blog.espol.edu.ec\/majoocam\/files\/2014\/11\/impact.jpeg\"><img loading=\"lazy\" decoding=\"async\" class=\"aligncenter size-medium wp-image-74\" src=\"http:\/\/blog.espol.edu.ec\/majoocam\/files\/2014\/11\/impact-300x200.jpeg\" alt=\"impact\" width=\"300\" height=\"200\" srcset=\"https:\/\/blog.espol.edu.ec\/majoocam\/files\/2014\/11\/impact-300x200.jpeg 300w, https:\/\/blog.espol.edu.ec\/majoocam\/files\/2014\/11\/impact.jpeg 620w\" sizes=\"auto, (max-width: 300px) 100vw, 300px\" \/><\/a><\/p>\n<p>&nbsp;<\/p>\n<p><a href=\"http:\/\/blog.espol.edu.ec\/majoocam\/files\/2014\/11\/trascender-realidad-virtual-redes-sociales-te-L-XPwXP0.jpeg\"><img loading=\"lazy\" decoding=\"async\" class=\"aligncenter size-medium wp-image-75\" src=\"http:\/\/blog.espol.edu.ec\/majoocam\/files\/2014\/11\/trascender-realidad-virtual-redes-sociales-te-L-XPwXP0-300x300.jpeg\" alt=\"trascender-realidad-virtual-redes-sociales-te-L-XPwXP0\" width=\"300\" height=\"300\" srcset=\"https:\/\/blog.espol.edu.ec\/majoocam\/files\/2014\/11\/trascender-realidad-virtual-redes-sociales-te-L-XPwXP0-300x300.jpeg 300w, https:\/\/blog.espol.edu.ec\/majoocam\/files\/2014\/11\/trascender-realidad-virtual-redes-sociales-te-L-XPwXP0-150x150.jpeg 150w, https:\/\/blog.espol.edu.ec\/majoocam\/files\/2014\/11\/trascender-realidad-virtual-redes-sociales-te-L-XPwXP0.jpeg 320w\" sizes=\"auto, (max-width: 300px) 100vw, 300px\" \/><\/a><\/p>\n<hr \/>\n","protected":false},"excerpt":{"rendered":"<p>NUEVA SOCIEDAD EN DESPLIEGUE. Los m\u00fasicos comenzar\u00e1n a organizar conciertos virtuales en vivo, desde el living de su casa, cobrando un precio muy m\u00f3dico. Cada concierto contar\u00e1 con un m\u00ednimo de 1.000.000 personas, ya que puede asistir cualquier persona en cualquier lugar del mundo. SGAE y RIAA quebrar\u00e1n A la salida de los conciertos, te [&hellip;]<\/p>\n","protected":false},"author":9314,"featured_media":0,"parent":0,"menu_order":0,"comment_status":"open","ping_status":"open","template":"","meta":{"footnotes":""},"class_list":["post-72","page","type-page","status-publish","hentry"],"_links":{"self":[{"href":"https:\/\/blog.espol.edu.ec\/majoocam\/wp-json\/wp\/v2\/pages\/72","targetHints":{"allow":["GET"]}}],"collection":[{"href":"https:\/\/blog.espol.edu.ec\/majoocam\/wp-json\/wp\/v2\/pages"}],"about":[{"href":"https:\/\/blog.espol.edu.ec\/majoocam\/wp-json\/wp\/v2\/types\/page"}],"author":[{"embeddable":true,"href":"https:\/\/blog.espol.edu.ec\/majoocam\/wp-json\/wp\/v2\/users\/9314"}],"replies":[{"embeddable":true,"href":"https:\/\/blog.espol.edu.ec\/majoocam\/wp-json\/wp\/v2\/comments?post=72"}],"version-history":[{"count":3,"href":"https:\/\/blog.espol.edu.ec\/majoocam\/wp-json\/wp\/v2\/pages\/72\/revisions"}],"predecessor-version":[{"id":79,"href":"https:\/\/blog.espol.edu.ec\/majoocam\/wp-json\/wp\/v2\/pages\/72\/revisions\/79"}],"wp:attachment":[{"href":"https:\/\/blog.espol.edu.ec\/majoocam\/wp-json\/wp\/v2\/media?parent=72"}],"curies":[{"name":"wp","href":"https:\/\/api.w.org\/{rel}","templated":true}]}}