{"id":80,"date":"2014-11-10T19:23:45","date_gmt":"2014-11-10T19:23:45","guid":{"rendered":"http:\/\/blog.espol.edu.ec\/majoocam\/?page_id=80"},"modified":"2014-11-10T20:03:21","modified_gmt":"2014-11-10T20:03:21","slug":"sobre-hologramas","status":"publish","type":"page","link":"https:\/\/blog.espol.edu.ec\/majoocam\/sobre-hologramas\/","title":{"rendered":"Sobre Hologramas"},"content":{"rendered":"<hr \/>\n<p>&nbsp;<\/p>\n<p style=\"text-align: center\"><em><strong>HOLOGRAMAS<\/strong><\/em><\/p>\n<p>Esta tecnolog\u00eda vincula sensores remotos en el mundo real con los sentidos de un operador humano. Los sensores utilizados pueden hallarse instalados en un robot o en los extremos de herramientas tipo Waldo. De esta forma el usuario puede operar el equipo como si fuera parte de \u00e9l.<\/p>\n<p>Esta tecnolog\u00eda posee un futuro extremadamente prometedor. La NASA se propone utilizarla como recurso para la exploraci\u00f3n planetaria a distancia.<\/p>\n<p>La telepresencia contempla, obligatoriamente, un grado de inmersi\u00f3n que involucra el uso de control remoto, pero tiene caracter\u00edsticas propias lo suficientemente discernibles como para asignarle una clasificaci\u00f3n particular<\/p>\n<p><a href=\"http:\/\/blog.espol.edu.ec\/majoocam\/files\/2014\/11\/holo.jpg\"><img loading=\"lazy\" decoding=\"async\" class=\"aligncenter size-full wp-image-81\" src=\"http:\/\/blog.espol.edu.ec\/majoocam\/files\/2014\/11\/holo.jpg\" alt=\"holo\" width=\"255\" height=\"198\" \/><\/a><b><\/b><\/p>\n<p>&nbsp;<\/p>\n<p style=\"text-align: center\"><strong>EL PRINCIPIO DE FUNCIONAMIENTO DE UN HOLOGRAMA<\/strong><\/p>\n<p>&nbsp;<\/p>\n<p>Los hologramas se confeccionan exponiendo un fragmento de pel\u00edcula a la luz de un l\u00e1ser, que sufre una dispersi\u00f3n por el objeto que se desea reproducir. La pel\u00edcula tambi\u00e9n se expone a la luz que procede directamente del l\u00e1ser (el haz de referencia). Los dos haces de luz interfieren al incidir sobre la pel\u00edcula, ya que siguen trayectorias diferentes y ya no est\u00e1n en fase entre s\u00ed. La pel\u00edcula registra este patr\u00f3n de interferencia, que constituye el holograma. Para reconstruir (ver) la imagen, se ilumina el holograma con un haz de luz, que sufre difracci\u00f3n en el patr\u00f3n de interferencia sobre la pel\u00edcula. Esto reproduce el modelo original del objeto en tres dimensiones.<\/p>\n<p>Realmente la holografia fue inventada en 1947 por el f\u00edsico h\u00fangaro Dennis Gabor, que recibi\u00f3 por esto el Premio Nobel de F\u00edsica en 1971.<br \/>\nSin embargo, se perfeccion\u00f3 a\u00f1os m\u00e1s tarde con el desarrollo del l\u00e1ser, pues los hologramas de Gabor eran muy primitivos a causa de las fuentes de luz tan pobres que se utilizaban en sus tiempos.<br \/>\nOriginalmente, Gabor s\u00f3lo quer\u00eda encontrar una manera para mejorar la resoluci\u00f3n y definici\u00f3n de las im\u00e1genes del microscopio electr\u00f3nico. Llam\u00f3 a este proceso holograf\u00eda, del griego holos, \"completo\", ya que los hologramas mostraban un objeto completamente y no s\u00f3lo una perspectiva.<br \/>\nLos primeros hologramas que verdaderamente representaban un objeto tridimensional bien definido fueron hechos por Emmett Leith y Juris Upatnieks, en Estados Unidos en 1963, y por Yuri Denisyuk en la Uni\u00f3n Sovi\u00e9tica.<br \/>\nUno de los avances m\u00e1s prometedores hechos recientemente ha sido su uso para los reproductores de DVD y otras aplicaciones. Tambi\u00e9n se utiliza actualmente en tarjetas de cr\u00e9dito, billetes y discos compactos, adem\u00e1s de su uso como s\u00edmbolo de originalidad y seguridad.<br \/>\nGrabado de un holograma.<\/p>\n<p>En la imagen de la derecha se alumbra la escena con ondas planas que vienen de la izquierda. Una parte de la luz se refleja en el punto, representado como un c\u00edrculo blanco. S\u00f3lo est\u00e1 representada la luz reflejada hacia la derecha. Esas ondas esf\u00e9ricas se alejan del punto y se adicionan a las ondas planas que alumbran la escena. En los sitios donde las crestas coinciden con crestas y los valles con valles habr\u00e1 m\u00e1ximos de amplitud. Sim\u00e9tricamente, donde las crestas coinciden con valles y los valles con crestas la amplitud ser\u00e1 m\u00ednima. Hay sitios del espacio donde siempre la amplitud es m\u00e1xima y sitios donde la amplitud siempre es m\u00ednima.<br \/>\nLa superficie de una placa fotosensible ubicada en el sitio punteado de la imagen estar\u00e1 lo m\u00e1s expuesta en donde la amplitud es m\u00e1xima y lo menos expuesta en los sitios donde la amplitud es m\u00ednima. Despu\u00e9s de un tratamiento adecuado, las zonas m\u00e1s expuestas resultar\u00e1n m\u00e1s transparentes y las zonas menos expuestas m\u00e1s opacas.<br \/>\nEs interesante se\u00f1alar, que si durante la exposici\u00f3n, la placa se mueve media longitud de onda (un cuarto de micr\u00f3n), una buena parte de las zonas habr\u00e1 pasado de las m\u00e1s expuestas a las menos expuestas y el grabado del holograma habr\u00e1 fracasado.<br \/>\nObservaci\u00f3n del holograma<br \/>\n<a href=\"http:\/\/blog.espol.edu.ec\/majoocam\/files\/2014\/11\/holog.jpg\"><img loading=\"lazy\" decoding=\"async\" class=\"aligncenter size-full wp-image-82\" src=\"http:\/\/blog.espol.edu.ec\/majoocam\/files\/2014\/11\/holog.jpg\" alt=\"holog\" width=\"248\" height=\"203\" \/><\/a><\/p>\n<hr \/>\n<p style=\"text-align: center\"><strong><em>CELULARES HOLOGRAFICOS<br \/>\n<\/em><\/strong><\/p>\n<p><iframe loading=\"lazy\" src=\"\/\/www.youtube.com\/embed\/avnsvPsRLfU\" width=\"560\" height=\"315\" frameborder=\"0\" allowfullscreen=\"allowfullscreen\"><\/iframe><\/p>\n<hr \/>\n<p>&nbsp;<\/p>\n","protected":false},"excerpt":{"rendered":"<p>&nbsp; HOLOGRAMAS Esta tecnolog\u00eda vincula sensores remotos en el mundo real con los sentidos de un operador humano. Los sensores utilizados pueden hallarse instalados en un robot o en los extremos de herramientas tipo Waldo. De esta forma el usuario puede operar el equipo como si fuera parte de \u00e9l. Esta tecnolog\u00eda posee un futuro [&hellip;]<\/p>\n","protected":false},"author":9314,"featured_media":0,"parent":0,"menu_order":0,"comment_status":"open","ping_status":"open","template":"","meta":{"footnotes":""},"class_list":["post-80","page","type-page","status-publish","hentry"],"_links":{"self":[{"href":"https:\/\/blog.espol.edu.ec\/majoocam\/wp-json\/wp\/v2\/pages\/80","targetHints":{"allow":["GET"]}}],"collection":[{"href":"https:\/\/blog.espol.edu.ec\/majoocam\/wp-json\/wp\/v2\/pages"}],"about":[{"href":"https:\/\/blog.espol.edu.ec\/majoocam\/wp-json\/wp\/v2\/types\/page"}],"author":[{"embeddable":true,"href":"https:\/\/blog.espol.edu.ec\/majoocam\/wp-json\/wp\/v2\/users\/9314"}],"replies":[{"embeddable":true,"href":"https:\/\/blog.espol.edu.ec\/majoocam\/wp-json\/wp\/v2\/comments?post=80"}],"version-history":[{"count":6,"href":"https:\/\/blog.espol.edu.ec\/majoocam\/wp-json\/wp\/v2\/pages\/80\/revisions"}],"predecessor-version":[{"id":90,"href":"https:\/\/blog.espol.edu.ec\/majoocam\/wp-json\/wp\/v2\/pages\/80\/revisions\/90"}],"wp:attachment":[{"href":"https:\/\/blog.espol.edu.ec\/majoocam\/wp-json\/wp\/v2\/media?parent=80"}],"curies":[{"name":"wp","href":"https:\/\/api.w.org\/{rel}","templated":true}]}}