{"id":102,"date":"2011-05-27T19:10:38","date_gmt":"2011-05-27T19:10:38","guid":{"rendered":"http:\/\/blog.espol.edu.ec\/majorami\/?page_id=102"},"modified":"2011-06-03T19:35:01","modified_gmt":"2011-06-03T19:35:01","slug":"cuartos-para-hombres","status":"publish","type":"page","link":"https:\/\/blog.espol.edu.ec\/majorami\/cuartos-para-hombres\/","title":{"rendered":"Cuartos para hombres"},"content":{"rendered":"<p>Si eres un hombre soltero, yganas muy bien en tu trabajo por qu\u00e9 no darte un regalo a ti mismo, decorando tu habitacion, o tienes un trabajo un poco estresante, la mejor manera de relajarte en en tu cuarto por lo que no es un gasto sino una inversi\u00f3n, \u00a1qu\u00e9 lindo es llgar del trabajo y encontrar un sitio confortable!, un sitio confortable en d\u00f3nde t\u00fa puedes relajarte y de esa forma inspirarte para tener buenas ideas, puedes adem\u00e1s olvidarte de todos tus problemas para renovarte. Para los cuartos de hombres hay muchos dise\u00f1os bonitos para que tu tengas una facil elecci\u00f3n, adem\u00e1s hay muchos muebles con los cuales tu puedes decidir.<\/p>\n<p><a href=\"http:\/\/blog.espol.edu.ec\/majorami\/files\/2011\/05\/colores-masculinos-para-pintar-una-habitacion.jpg\"><img loading=\"lazy\" decoding=\"async\" class=\"alignleft size-full wp-image-103\" title=\"colores-masculinos-para-pintar-una-habitacion\" src=\"http:\/\/blog.espol.edu.ec\/majorami\/files\/2011\/05\/colores-masculinos-para-pintar-una-habitacion.jpg\" alt=\"\" width=\"604\" height=\"430\" \/><\/a><a href=\"http:\/\/blog.espol.edu.ec\/majorami\/files\/2011\/05\/dormitorios-masculinos.jpg\"><img loading=\"lazy\" decoding=\"async\" class=\"alignleft size-full wp-image-107\" title=\"dormitorios-masculinos\" src=\"http:\/\/blog.espol.edu.ec\/majorami\/files\/2011\/05\/dormitorios-masculinos.jpg\" alt=\"\" width=\"606\" height=\"445\" \/><\/a><a href=\"http:\/\/blog.espol.edu.ec\/majorami\/files\/2011\/05\/dormitorio-para-hombres-cuartos-para-varones.jpg\"><img loading=\"lazy\" decoding=\"async\" class=\"alignleft size-full wp-image-106\" title=\"dormitorio-para-hombres-cuartos-para-varones\" src=\"http:\/\/blog.espol.edu.ec\/majorami\/files\/2011\/05\/dormitorio-para-hombres-cuartos-para-varones.jpg\" alt=\"\" width=\"500\" height=\"332\" srcset=\"https:\/\/blog.espol.edu.ec\/majorami\/files\/2011\/05\/dormitorio-para-hombres-cuartos-para-varones.jpg 500w, https:\/\/blog.espol.edu.ec\/majorami\/files\/2011\/05\/dormitorio-para-hombres-cuartos-para-varones-300x199.jpg 300w\" sizes=\"auto, (max-width: 500px) 100vw, 500px\" \/><\/a><a href=\"http:\/\/blog.espol.edu.ec\/majorami\/files\/2011\/05\/dfghtyutru.jpg\"><img loading=\"lazy\" decoding=\"async\" class=\"alignleft size-full wp-image-105\" title=\"dfghtyutru\" src=\"http:\/\/blog.espol.edu.ec\/majorami\/files\/2011\/05\/dfghtyutru.jpg\" alt=\"\" width=\"450\" height=\"269\" srcset=\"https:\/\/blog.espol.edu.ec\/majorami\/files\/2011\/05\/dfghtyutru.jpg 450w, https:\/\/blog.espol.edu.ec\/majorami\/files\/2011\/05\/dfghtyutru-300x179.jpg 300w\" sizes=\"auto, (max-width: 450px) 100vw, 450px\" \/><\/a><a href=\"http:\/\/blog.espol.edu.ec\/majorami\/files\/2011\/05\/cuarto-para-hombres-modernos-1_a6b.jpg\"><img loading=\"lazy\" decoding=\"async\" class=\"alignleft size-full wp-image-104\" title=\"cuarto-para-hombres-modernos-1_a6b\" src=\"http:\/\/blog.espol.edu.ec\/majorami\/files\/2011\/05\/cuarto-para-hombres-modernos-1_a6b.jpg\" alt=\"\" width=\"470\" height=\"317\" srcset=\"https:\/\/blog.espol.edu.ec\/majorami\/files\/2011\/05\/cuarto-para-hombres-modernos-1_a6b.jpg 470w, https:\/\/blog.espol.edu.ec\/majorami\/files\/2011\/05\/cuarto-para-hombres-modernos-1_a6b-300x202.jpg 300w\" sizes=\"auto, (max-width: 470px) 100vw, 470px\" \/><\/a><\/p>\n<p>En la actualidad los hombres solteros prefieren que sus cuartos tengan colores relajantes o llamativos como el blanco con negro, rojo con negro y blanco, tambi\u00e9n desean que en sus habitaciones haya una especie de minibar como tipo de decoracion, prefieren adem\u00e1s que las paredes sean blancas como tipo de relajaci\u00f3n en su propia habitaci\u00f3n y en caso de tener muebles en su habitacion no hay mejor elecci\u00f3n que un color blanco o preferible negro pero de cuero para que tenga una mayor duraci\u00f3n y no se ensucie tan rapido, preferible el color negro porque el negro no da a notar tanto la suciedad como el blanco, adem\u00e1s el blanco con el tiepo puede tomar un color amarillento con el tiempo.<\/p>\n","protected":false},"excerpt":{"rendered":"<p>Si eres un hombre soltero, yganas muy bien en tu trabajo por qu\u00e9 no darte un regalo a ti mismo, decorando tu habitacion, o tienes un trabajo un poco estresante, la mejor manera de relajarte en en tu cuarto por lo que no es un gasto sino una inversi\u00f3n, \u00a1qu\u00e9 lindo es llgar del trabajo [&hellip;]<\/p>\n","protected":false},"author":5765,"featured_media":0,"parent":0,"menu_order":0,"comment_status":"open","ping_status":"open","template":"","meta":{"footnotes":""},"class_list":["post-102","page","type-page","status-publish","hentry"],"_links":{"self":[{"href":"https:\/\/blog.espol.edu.ec\/majorami\/wp-json\/wp\/v2\/pages\/102","targetHints":{"allow":["GET"]}}],"collection":[{"href":"https:\/\/blog.espol.edu.ec\/majorami\/wp-json\/wp\/v2\/pages"}],"about":[{"href":"https:\/\/blog.espol.edu.ec\/majorami\/wp-json\/wp\/v2\/types\/page"}],"author":[{"embeddable":true,"href":"https:\/\/blog.espol.edu.ec\/majorami\/wp-json\/wp\/v2\/users\/5765"}],"replies":[{"embeddable":true,"href":"https:\/\/blog.espol.edu.ec\/majorami\/wp-json\/wp\/v2\/comments?post=102"}],"version-history":[{"count":3,"href":"https:\/\/blog.espol.edu.ec\/majorami\/wp-json\/wp\/v2\/pages\/102\/revisions"}],"predecessor-version":[{"id":113,"href":"https:\/\/blog.espol.edu.ec\/majorami\/wp-json\/wp\/v2\/pages\/102\/revisions\/113"}],"wp:attachment":[{"href":"https:\/\/blog.espol.edu.ec\/majorami\/wp-json\/wp\/v2\/media?parent=102"}],"curies":[{"name":"wp","href":"https:\/\/api.w.org\/{rel}","templated":true}]}}