{"id":114,"date":"2011-06-03T19:40:23","date_gmt":"2011-06-03T19:40:23","guid":{"rendered":"http:\/\/blog.espol.edu.ec\/majorami\/?page_id=114"},"modified":"2011-06-04T04:59:15","modified_gmt":"2011-06-04T04:59:15","slug":"banos","status":"publish","type":"page","link":"https:\/\/blog.espol.edu.ec\/majorami\/banos\/","title":{"rendered":"Ba\u00f1os"},"content":{"rendered":"<p><a href=\"http:\/\/blog.espol.edu.ec\/majorami\/files\/2011\/06\/bano5.jpg\"><img loading=\"lazy\" decoding=\"async\" class=\"aligncenter size-full wp-image-121\" title=\"bano5\" src=\"http:\/\/blog.espol.edu.ec\/majorami\/files\/2011\/06\/bano5.jpg\" alt=\"\" width=\"450\" height=\"286\" srcset=\"https:\/\/blog.espol.edu.ec\/majorami\/files\/2011\/06\/bano5.jpg 450w, https:\/\/blog.espol.edu.ec\/majorami\/files\/2011\/06\/bano5-300x190.jpg 300w\" sizes=\"auto, (max-width: 450px) 100vw, 450px\" \/><\/a>Si te gusta estar en todos los detalles, no te puedes perder esta nota. Quiz\u00e1s el ba\u00f1o es el espacio al que menos atenci\u00f3n le prestamos pero tambi\u00e9n tiene que tener tu sello para as\u00ed estar en armon\u00eda con el resto de la casa.<\/p>\n<p><strong>Es importante que la cortina de tu ducha combine con los colores de las paredes. Las mismas las puedes pintar s\u00f3lo de un color en tonos naturales como el blanco o el tostado. O bien puedes empapelarlas de colores llamativos, pero eso s\u00ed luego tienes que buscar que todo est\u00e9 en armon\u00eda.<\/strong><\/p>\n<p><strong>Las alfombras para el ba\u00f1o tienen que coincidir con los colores de las toallas. Los accesorios son la clave de la decoraci\u00f3n en este espacio de tu casa. <\/strong>Ser\u00e1n los encargados de darle el toque final a toda la decoraci\u00f3n.<\/p>\n<p><strong>Una buena opci\u00f3n para aportar armon\u00eda al cuarto de ba\u00f1o es prender de vez en cuando algunas velas. O bien colocarlas a modo de decoraci\u00f3n en las esquinas de la ba\u00f1era.<\/strong><\/p>\n<p><strong>Tambi\u00e9n muchas personas optan por coleccionar botellas y luego pintarlas con distintos colores o bien utilizarlas como mini floreros <\/strong>que no s\u00f3lo le dar\u00e1n un toque de decoraci\u00f3n al ba\u00f1o sino que tambi\u00e9n si utilizas flores con aromas, el mismo se impregnar\u00e1 en este espacio.<\/p>\n<p><a href=\"http:\/\/blog.espol.edu.ec\/majorami\/files\/2011\/06\/El-ba\u00f1o-un-espacio-m\u00e1s-de-la-casa-para-decorar.jpg\"><img loading=\"lazy\" decoding=\"async\" class=\"aligncenter size-full wp-image-115\" title=\"ba\u00f1o con estilo\" src=\"http:\/\/blog.espol.edu.ec\/majorami\/files\/2011\/06\/El-ba\u00f1o-un-espacio-m\u00e1s-de-la-casa-para-decorar.jpg\" alt=\"\" width=\"616\" height=\"445\" \/><\/a><\/p>\n<p>Hay muchos dise\u00f1os para los ba\u00f1os de la casa, y puesdes combinas muchos colores segun tu estilo \ud83d\ude42\u00a0. Hoy en dia hay muchisimos estilos diferentes de ba\u00f1os y bastantes variedades desde su tama\u00f1o, su forma, su textura.<\/p>\n<p>El ba\u00f1o esta compuesto por muchas cosas como los espejos, la ducha, ceramica, el inodoro, etc<\/p>\n<p><a href=\"http:\/\/blog.espol.edu.ec\/majorami\/files\/2011\/06\/4.-Vista-Cuarto-Bano.jpg\"><img loading=\"lazy\" decoding=\"async\" class=\"aligncenter size-full wp-image-118\" title=\"4. Vista Cuarto Bano\" src=\"http:\/\/blog.espol.edu.ec\/majorami\/files\/2011\/06\/4.-Vista-Cuarto-Bano.jpg\" alt=\"\" width=\"646\" height=\"407\" \/><\/a><\/p>\n<p><a href=\"http:\/\/blog.espol.edu.ec\/majorami\/files\/2011\/06\/bano4.jpg\"><img loading=\"lazy\" decoding=\"async\" class=\"aligncenter size-full wp-image-120\" title=\"bano4\" src=\"http:\/\/blog.espol.edu.ec\/majorami\/files\/2011\/06\/bano4.jpg\" alt=\"\" width=\"781\" height=\"357\" \/><\/a><\/p>\n<p>Si te gustan los colores claros puedes usar desde el crema, blanco, amarillo p\u00e1lido, ect. Pero si te gustan los colores intensos puedes usar desde azul, verde olivo, negro, etc.<\/p>\n","protected":false},"excerpt":{"rendered":"<p>Si te gusta estar en todos los detalles, no te puedes perder esta nota. Quiz\u00e1s el ba\u00f1o es el espacio al que menos atenci\u00f3n le prestamos pero tambi\u00e9n tiene que tener tu sello para as\u00ed estar en armon\u00eda con el resto de la casa. Es importante que la cortina de tu ducha combine con los [&hellip;]<\/p>\n","protected":false},"author":5765,"featured_media":0,"parent":0,"menu_order":0,"comment_status":"open","ping_status":"open","template":"","meta":{"footnotes":""},"class_list":["post-114","page","type-page","status-publish","hentry"],"_links":{"self":[{"href":"https:\/\/blog.espol.edu.ec\/majorami\/wp-json\/wp\/v2\/pages\/114","targetHints":{"allow":["GET"]}}],"collection":[{"href":"https:\/\/blog.espol.edu.ec\/majorami\/wp-json\/wp\/v2\/pages"}],"about":[{"href":"https:\/\/blog.espol.edu.ec\/majorami\/wp-json\/wp\/v2\/types\/page"}],"author":[{"embeddable":true,"href":"https:\/\/blog.espol.edu.ec\/majorami\/wp-json\/wp\/v2\/users\/5765"}],"replies":[{"embeddable":true,"href":"https:\/\/blog.espol.edu.ec\/majorami\/wp-json\/wp\/v2\/comments?post=114"}],"version-history":[{"count":7,"href":"https:\/\/blog.espol.edu.ec\/majorami\/wp-json\/wp\/v2\/pages\/114\/revisions"}],"predecessor-version":[{"id":117,"href":"https:\/\/blog.espol.edu.ec\/majorami\/wp-json\/wp\/v2\/pages\/114\/revisions\/117"}],"wp:attachment":[{"href":"https:\/\/blog.espol.edu.ec\/majorami\/wp-json\/wp\/v2\/media?parent=114"}],"curies":[{"name":"wp","href":"https:\/\/api.w.org\/{rel}","templated":true}]}}