{"id":139,"date":"2011-06-05T19:34:46","date_gmt":"2011-06-05T19:34:46","guid":{"rendered":"http:\/\/blog.espol.edu.ec\/majorami\/?page_id=139"},"modified":"2011-06-05T19:34:46","modified_gmt":"2011-06-05T19:34:46","slug":"cuarto-para-chicos","status":"publish","type":"page","link":"https:\/\/blog.espol.edu.ec\/majorami\/cuarto-para-chicos\/","title":{"rendered":"cuarto para chicos"},"content":{"rendered":"<p>En la <strong>actualidad<\/strong>, son miles de j\u00f3venes que estudian en institutos y universidades, y ellos se multiplican m\u00e1s cada d\u00eda. Y es que el mercado laboral es cada vez m\u00e1s competitivo y eso nos exige tener m\u00e1s estudios en las diversas carreras que existen.<\/p>\n<p>Por experiencia propia, los <strong>estudiantes <\/strong>necesitamos de un espacio ideal para nosotros, para poder estudiar tranquilos, sin que la bulla nos afecte y con una luz que nos permita leer y concentrarnos perfectamente; debe ser un espacio personalizado por nosotros mismos.<\/p>\n<p>As\u00ed como vamos creciendo, tambi\u00e9n algunos de nuestros gustos van cambiando y se van conviertiendo en gustos m\u00e1s de adultos y comenzamos a <strong>renovar nuestras habitaciones<\/strong>. Si estabas pensando en renovar la tuya, pues este art\u00edculo es para ti.<\/p>\n","protected":false},"excerpt":{"rendered":"<p>En la actualidad, son miles de j\u00f3venes que estudian en institutos y universidades, y ellos se multiplican m\u00e1s cada d\u00eda. Y es que el mercado laboral es cada vez m\u00e1s competitivo y eso nos exige tener m\u00e1s estudios en las diversas carreras que existen. Por experiencia propia, los estudiantes necesitamos de un espacio ideal para [&hellip;]<\/p>\n","protected":false},"author":5765,"featured_media":0,"parent":0,"menu_order":0,"comment_status":"open","ping_status":"open","template":"","meta":{"footnotes":""},"class_list":["post-139","page","type-page","status-publish","hentry"],"_links":{"self":[{"href":"https:\/\/blog.espol.edu.ec\/majorami\/wp-json\/wp\/v2\/pages\/139","targetHints":{"allow":["GET"]}}],"collection":[{"href":"https:\/\/blog.espol.edu.ec\/majorami\/wp-json\/wp\/v2\/pages"}],"about":[{"href":"https:\/\/blog.espol.edu.ec\/majorami\/wp-json\/wp\/v2\/types\/page"}],"author":[{"embeddable":true,"href":"https:\/\/blog.espol.edu.ec\/majorami\/wp-json\/wp\/v2\/users\/5765"}],"replies":[{"embeddable":true,"href":"https:\/\/blog.espol.edu.ec\/majorami\/wp-json\/wp\/v2\/comments?post=139"}],"version-history":[{"count":1,"href":"https:\/\/blog.espol.edu.ec\/majorami\/wp-json\/wp\/v2\/pages\/139\/revisions"}],"predecessor-version":[{"id":140,"href":"https:\/\/blog.espol.edu.ec\/majorami\/wp-json\/wp\/v2\/pages\/139\/revisions\/140"}],"wp:attachment":[{"href":"https:\/\/blog.espol.edu.ec\/majorami\/wp-json\/wp\/v2\/media?parent=139"}],"curies":[{"name":"wp","href":"https:\/\/api.w.org\/{rel}","templated":true}]}}