{"id":141,"date":"2011-06-05T19:43:43","date_gmt":"2011-06-05T19:43:43","guid":{"rendered":"http:\/\/blog.espol.edu.ec\/majorami\/?page_id=141"},"modified":"2011-06-05T19:53:52","modified_gmt":"2011-06-05T19:53:52","slug":"cuarto-para-chicas-adolescentes","status":"publish","type":"page","link":"https:\/\/blog.espol.edu.ec\/majorami\/cuarto-para-chicas-adolescentes\/","title":{"rendered":"Cuartos para chicas adolescentes"},"content":{"rendered":"<p>El color rojo es, por excelencia, el color de la pasi\u00f3n y las mujeres s\u00ed que lo somos. Decorar tu habitaci\u00f3n con este color ser\u00e1 genial, porque, adem\u00e1s, despertar\u00e1 tus sentidos y podr\u00e1s sentirte en un ambiente muy c\u00f3modo.<\/p>\n<p><a href=\"http:\/\/blog.espol.edu.ec\/majorami\/files\/2011\/06\/imagesa.jpg\"><img loading=\"lazy\" decoding=\"async\" class=\"aligncenter size-full wp-image-142\" title=\"imagesa\" src=\"http:\/\/blog.espol.edu.ec\/majorami\/files\/2011\/06\/imagesa.jpg\" alt=\"\" width=\"285\" height=\"177\" \/><\/a><\/p>\n<p>Muchas dir\u00e1n que los colores pasteles se utilizan solo para decorar habitaciones de ni\u00f1as, pero nada que ver. Los tonos pasteles, como el lila o el rosa, se ven geniales si los sabemos combinar muy bien.<\/p>\n<p><a href=\"http:\/\/blog.espol.edu.ec\/majorami\/files\/2011\/06\/sdrtdy.jpg\"><img loading=\"lazy\" decoding=\"async\" class=\"aligncenter size-medium wp-image-143\" title=\"sdrtdy\" src=\"http:\/\/blog.espol.edu.ec\/majorami\/files\/2011\/06\/sdrtdy-300x164.jpg\" alt=\"\" width=\"300\" height=\"164\" srcset=\"https:\/\/blog.espol.edu.ec\/majorami\/files\/2011\/06\/sdrtdy-300x164.jpg 300w, https:\/\/blog.espol.edu.ec\/majorami\/files\/2011\/06\/sdrtdy.jpg 450w\" sizes=\"auto, (max-width: 300px) 100vw, 300px\" \/><\/a><\/p>\n<p>Pero adem\u00e1s de gustale estos colores haychicas que no hay mejor combinaci\u00f3n para ellas que el fucsia con negro, todo objeto que ellas desean quieren o prefieren que sea fucsia con negro desde las cortinas las paredes las mesas, los edredones, las s\u00e1banas, la ceramica, etc. Pero gracias a la tecnolog\u00eda de hoy y a las exigencias que son cada vez mayores se han hecho muchos dise\u00f1os pensando en las exigencias de ellas, aqu\u00ed te presentamos uno a continuaci\u00f3n.<\/p>\n<p><a href=\"http:\/\/blog.espol.edu.ec\/majorami\/files\/2011\/06\/dormitorio_rosado7.jpg\"><img loading=\"lazy\" decoding=\"async\" class=\"aligncenter size-medium wp-image-144\" title=\"dormitorio_rosado7\" src=\"http:\/\/blog.espol.edu.ec\/majorami\/files\/2011\/06\/dormitorio_rosado7-249x300.jpg\" alt=\"\" width=\"249\" height=\"300\" srcset=\"https:\/\/blog.espol.edu.ec\/majorami\/files\/2011\/06\/dormitorio_rosado7-249x300.jpg 249w, https:\/\/blog.espol.edu.ec\/majorami\/files\/2011\/06\/dormitorio_rosado7.jpg 332w\" sizes=\"auto, (max-width: 249px) 100vw, 249px\" \/><\/a><\/p>\n","protected":false},"excerpt":{"rendered":"<p>El color rojo es, por excelencia, el color de la pasi\u00f3n y las mujeres s\u00ed que lo somos. Decorar tu habitaci\u00f3n con este color ser\u00e1 genial, porque, adem\u00e1s, despertar\u00e1 tus sentidos y podr\u00e1s sentirte en un ambiente muy c\u00f3modo. Muchas dir\u00e1n que los colores pasteles se utilizan solo para decorar habitaciones de ni\u00f1as, pero nada [&hellip;]<\/p>\n","protected":false},"author":5765,"featured_media":0,"parent":0,"menu_order":0,"comment_status":"open","ping_status":"open","template":"","meta":{"footnotes":""},"class_list":["post-141","page","type-page","status-publish","hentry"],"_links":{"self":[{"href":"https:\/\/blog.espol.edu.ec\/majorami\/wp-json\/wp\/v2\/pages\/141","targetHints":{"allow":["GET"]}}],"collection":[{"href":"https:\/\/blog.espol.edu.ec\/majorami\/wp-json\/wp\/v2\/pages"}],"about":[{"href":"https:\/\/blog.espol.edu.ec\/majorami\/wp-json\/wp\/v2\/types\/page"}],"author":[{"embeddable":true,"href":"https:\/\/blog.espol.edu.ec\/majorami\/wp-json\/wp\/v2\/users\/5765"}],"replies":[{"embeddable":true,"href":"https:\/\/blog.espol.edu.ec\/majorami\/wp-json\/wp\/v2\/comments?post=141"}],"version-history":[{"count":4,"href":"https:\/\/blog.espol.edu.ec\/majorami\/wp-json\/wp\/v2\/pages\/141\/revisions"}],"predecessor-version":[{"id":147,"href":"https:\/\/blog.espol.edu.ec\/majorami\/wp-json\/wp\/v2\/pages\/141\/revisions\/147"}],"wp:attachment":[{"href":"https:\/\/blog.espol.edu.ec\/majorami\/wp-json\/wp\/v2\/media?parent=141"}],"curies":[{"name":"wp","href":"https:\/\/api.w.org\/{rel}","templated":true}]}}