{"id":149,"date":"2011-06-05T20:08:27","date_gmt":"2011-06-05T20:08:27","guid":{"rendered":"http:\/\/blog.espol.edu.ec\/majorami\/?page_id=149"},"modified":"2011-06-05T20:08:27","modified_gmt":"2011-06-05T20:08:27","slug":"cuartos-matrimoniales","status":"publish","type":"page","link":"https:\/\/blog.espol.edu.ec\/majorami\/cuartos-matrimoniales\/","title":{"rendered":"Cuartos matrimoniales"},"content":{"rendered":"<p>Habitaciones de todos los gustos y colores, algunas g\u00f3ticas, otras que desplegan mucha pasi\u00f3n y otras que aparentan ser de campo. Sea como sea, todas son lindas y\u00a0 hay una, para tu personalidad<\/p>\n<p><a href=\"http:\/\/blog.espol.edu.ec\/majorami\/files\/2011\/06\/dor1.jpg\"><img loading=\"lazy\" decoding=\"async\" class=\"aligncenter size-medium wp-image-150\" title=\"dor1\" src=\"http:\/\/blog.espol.edu.ec\/majorami\/files\/2011\/06\/dor1-300x197.jpg\" alt=\"\" width=\"300\" height=\"197\" srcset=\"https:\/\/blog.espol.edu.ec\/majorami\/files\/2011\/06\/dor1-300x197.jpg 300w, https:\/\/blog.espol.edu.ec\/majorami\/files\/2011\/06\/dor1.jpg 320w\" sizes=\"auto, (max-width: 300px) 100vw, 300px\" \/><\/a><\/p>\n<p>Adem\u00e1s existen m\u00e1s dise\u00f1os como los cl\u00e1sicos, los c\u00f3modos, todo con los colores de la madera, llena de muchas paz a la habitacion y es perfecta para crear armon\u00eda entre t\u00fa y tu pareja.<\/p>\n<p><a href=\"http:\/\/blog.espol.edu.ec\/majorami\/files\/2011\/06\/do2.jpg\"><img loading=\"lazy\" decoding=\"async\" class=\"aligncenter size-full wp-image-151\" title=\"do2\" src=\"http:\/\/blog.espol.edu.ec\/majorami\/files\/2011\/06\/do2.jpg\" alt=\"\" width=\"320\" height=\"166\" srcset=\"https:\/\/blog.espol.edu.ec\/majorami\/files\/2011\/06\/do2.jpg 320w, https:\/\/blog.espol.edu.ec\/majorami\/files\/2011\/06\/do2-300x155.jpg 300w\" sizes=\"auto, (max-width: 320px) 100vw, 320px\" \/><\/a><\/p>\n<p>Pero hay habitaciones m\u00e1s elegantes donde podr\u00e1s relajarte, son habitaciones m\u00e1s amplias y con dise\u00f1os exclusivos que responden a las mayores exigencias del mercado, en estos dise\u00f1os es normal usar loc colores blanco y negro.<\/p>\n<p><a href=\"http:\/\/blog.espol.edu.ec\/majorami\/files\/2011\/06\/dormitorios_matrimoniales.jpg\"><img loading=\"lazy\" decoding=\"async\" class=\"aligncenter size-full wp-image-152\" title=\"dormitorios_matrimoniales\" src=\"http:\/\/blog.espol.edu.ec\/majorami\/files\/2011\/06\/dormitorios_matrimoniales.jpg\" alt=\"\" width=\"500\" height=\"333\" srcset=\"https:\/\/blog.espol.edu.ec\/majorami\/files\/2011\/06\/dormitorios_matrimoniales.jpg 500w, https:\/\/blog.espol.edu.ec\/majorami\/files\/2011\/06\/dormitorios_matrimoniales-300x199.jpg 300w\" sizes=\"auto, (max-width: 500px) 100vw, 500px\" \/><\/a><\/p>\n<p><a href=\"http:\/\/blog.espol.edu.ec\/majorami\/files\/2011\/06\/dormitorio.jpg\"><img loading=\"lazy\" decoding=\"async\" class=\"aligncenter size-full wp-image-154\" title=\"dormitorio\" src=\"http:\/\/blog.espol.edu.ec\/majorami\/files\/2011\/06\/dormitorio.jpg\" alt=\"\" width=\"400\" height=\"269\" srcset=\"https:\/\/blog.espol.edu.ec\/majorami\/files\/2011\/06\/dormitorio.jpg 400w, https:\/\/blog.espol.edu.ec\/majorami\/files\/2011\/06\/dormitorio-300x201.jpg 300w\" sizes=\"auto, (max-width: 400px) 100vw, 400px\" \/><\/a><\/p>\n","protected":false},"excerpt":{"rendered":"<p>Habitaciones de todos los gustos y colores, algunas g\u00f3ticas, otras que desplegan mucha pasi\u00f3n y otras que aparentan ser de campo. Sea como sea, todas son lindas y\u00a0 hay una, para tu personalidad Adem\u00e1s existen m\u00e1s dise\u00f1os como los cl\u00e1sicos, los c\u00f3modos, todo con los colores de la madera, llena de muchas paz a la [&hellip;]<\/p>\n","protected":false},"author":5765,"featured_media":0,"parent":0,"menu_order":0,"comment_status":"open","ping_status":"open","template":"","meta":{"footnotes":""},"class_list":["post-149","page","type-page","status-publish","hentry"],"_links":{"self":[{"href":"https:\/\/blog.espol.edu.ec\/majorami\/wp-json\/wp\/v2\/pages\/149","targetHints":{"allow":["GET"]}}],"collection":[{"href":"https:\/\/blog.espol.edu.ec\/majorami\/wp-json\/wp\/v2\/pages"}],"about":[{"href":"https:\/\/blog.espol.edu.ec\/majorami\/wp-json\/wp\/v2\/types\/page"}],"author":[{"embeddable":true,"href":"https:\/\/blog.espol.edu.ec\/majorami\/wp-json\/wp\/v2\/users\/5765"}],"replies":[{"embeddable":true,"href":"https:\/\/blog.espol.edu.ec\/majorami\/wp-json\/wp\/v2\/comments?post=149"}],"version-history":[{"count":2,"href":"https:\/\/blog.espol.edu.ec\/majorami\/wp-json\/wp\/v2\/pages\/149\/revisions"}],"predecessor-version":[{"id":156,"href":"https:\/\/blog.espol.edu.ec\/majorami\/wp-json\/wp\/v2\/pages\/149\/revisions\/156"}],"wp:attachment":[{"href":"https:\/\/blog.espol.edu.ec\/majorami\/wp-json\/wp\/v2\/media?parent=149"}],"curies":[{"name":"wp","href":"https:\/\/api.w.org\/{rel}","templated":true}]}}