{"id":165,"date":"2011-06-05T20:36:39","date_gmt":"2011-06-05T20:36:39","guid":{"rendered":"http:\/\/blog.espol.edu.ec\/majorami\/?page_id=165"},"modified":"2011-06-05T20:36:39","modified_gmt":"2011-06-05T20:36:39","slug":"camas-para-ninos-y-ninas","status":"publish","type":"page","link":"https:\/\/blog.espol.edu.ec\/majorami\/camas-para-ninos-y-ninas\/","title":{"rendered":"Camas para ni\u00f1os y ni\u00f1as"},"content":{"rendered":"<p>hay distintos tipos de camas y a distintos precios aqu\u00ed te presentamos unos dise\u00f1os variados<\/p>\n<p>Cuando se piensa en el cuarto de los chicos o en un cuarto de invitados en el que se puedan quedar varias personas siempre se piensa en las <strong>camas estilo camarote o literas<\/strong>, que son esencialmente una encima de la otra, y que son una excelente opci\u00f3n. Sin embargo, en la actualidad se han hecho avances en cuanto a estas camas dobles para que sean m\u00e1s c\u00f3modas y m\u00e1s ahorradoras de espacio como son aquellas que ruedan.<\/p>\n<p><a href=\"http:\/\/blog.espol.edu.ec\/majorami\/files\/2011\/06\/doblecama.jpg\"><img loading=\"lazy\" decoding=\"async\" class=\"aligncenter size-full wp-image-166\" title=\"doblecama\" src=\"http:\/\/blog.espol.edu.ec\/majorami\/files\/2011\/06\/doblecama.jpg\" alt=\"\" width=\"441\" height=\"336\" srcset=\"https:\/\/blog.espol.edu.ec\/majorami\/files\/2011\/06\/doblecama.jpg 441w, https:\/\/blog.espol.edu.ec\/majorami\/files\/2011\/06\/doblecama-300x228.jpg 300w\" sizes=\"auto, (max-width: 441px) 100vw, 441px\" \/><\/a><\/p>\n<p>Estos muebles son conocidos normalmente como <strong>cama-nido<\/strong> y es b\u00e1sicamente un marco que dentro tiene un colch\u00f3n y que debajo tiene un juego de ruedas que permite que se saque de debajo de la otra cama. Cuando ves esta cama sin sacar la otra parece que hubiera s\u00f3lo una, lo que hace que ahorres mucho espacio tanto en la extensi\u00f3n del suelo como hacia arriba, porque algunas veces las literas puedes hacer ver el espacio mucho m\u00e1s ocupado de lo que est\u00e1.<\/p>\n<p>La idea de esta cama viene de las tradicionales camas europeas que se ten\u00edan debajo de la cama principal para que los chicos durmieran en ese mismo espacio. Lo \u00fanico que necesitas para poner esta clase de camas, es el <strong>suficiente espacio en el suelo<\/strong> para que salga la otra, algo que no tienes que considerar con las literas, pero si se tiene es en general una mejor opci\u00f3n para que el espacio parezca m\u00e1s grande de lo que es.<\/p>\n<p><a href=\"http:\/\/blog.espol.edu.ec\/majorami\/files\/2011\/06\/cama-nido-juvenil.jpg\"><img loading=\"lazy\" decoding=\"async\" class=\"aligncenter size-full wp-image-167\" title=\"cama-nido-juvenil\" src=\"http:\/\/blog.espol.edu.ec\/majorami\/files\/2011\/06\/cama-nido-juvenil.jpg\" alt=\"\" width=\"400\" height=\"380\" srcset=\"https:\/\/blog.espol.edu.ec\/majorami\/files\/2011\/06\/cama-nido-juvenil.jpg 400w, https:\/\/blog.espol.edu.ec\/majorami\/files\/2011\/06\/cama-nido-juvenil-300x285.jpg 300w\" sizes=\"auto, (max-width: 400px) 100vw, 400px\" \/><\/a><\/p>\n<p>Esta clase de camas son ideales en las habitaciones de los peque\u00f1os de la casa, porque dejan un poco m\u00e1s de espacio en el suelo para que lo disfruten cuando quieran y sus amigos o sus hermanos s\u00f3lo tienen que <strong>sacar la cama de debajo de la otra<\/strong> o del sof\u00e1 y ya estar\u00e1n listos para ir a dormir. Muchas personas creen que esta es otra opci\u00f3n a un colch\u00f3n inflable, pero este brinda un mejor sue\u00f1o porque es un colch\u00f3n de verdad y el tiempo invertido en sacarla es menor que el que se toma en inflar el otro.<\/p>\n<p><a href=\"http:\/\/blog.espol.edu.ec\/majorami\/files\/2011\/06\/cama-nido-para-ninos-nina-214440.jpg\"><img loading=\"lazy\" decoding=\"async\" class=\"aligncenter size-full wp-image-169\" title=\"cama-nido-para-ninos-nina-214440\" src=\"http:\/\/blog.espol.edu.ec\/majorami\/files\/2011\/06\/cama-nido-para-ninos-nina-214440.jpg\" alt=\"\" width=\"700\" height=\"522\" srcset=\"https:\/\/blog.espol.edu.ec\/majorami\/files\/2011\/06\/cama-nido-para-ninos-nina-214440.jpg 700w, https:\/\/blog.espol.edu.ec\/majorami\/files\/2011\/06\/cama-nido-para-ninos-nina-214440-300x223.jpg 300w\" sizes=\"auto, (max-width: 700px) 100vw, 700px\" \/><\/a><\/p>\n","protected":false},"excerpt":{"rendered":"<p>hay distintos tipos de camas y a distintos precios aqu\u00ed te presentamos unos dise\u00f1os variados Cuando se piensa en el cuarto de los chicos o en un cuarto de invitados en el que se puedan quedar varias personas siempre se piensa en las camas estilo camarote o literas, que son esencialmente una encima de la [&hellip;]<\/p>\n","protected":false},"author":5765,"featured_media":0,"parent":0,"menu_order":0,"comment_status":"open","ping_status":"open","template":"","meta":{"footnotes":""},"class_list":["post-165","page","type-page","status-publish","hentry"],"_links":{"self":[{"href":"https:\/\/blog.espol.edu.ec\/majorami\/wp-json\/wp\/v2\/pages\/165","targetHints":{"allow":["GET"]}}],"collection":[{"href":"https:\/\/blog.espol.edu.ec\/majorami\/wp-json\/wp\/v2\/pages"}],"about":[{"href":"https:\/\/blog.espol.edu.ec\/majorami\/wp-json\/wp\/v2\/types\/page"}],"author":[{"embeddable":true,"href":"https:\/\/blog.espol.edu.ec\/majorami\/wp-json\/wp\/v2\/users\/5765"}],"replies":[{"embeddable":true,"href":"https:\/\/blog.espol.edu.ec\/majorami\/wp-json\/wp\/v2\/comments?post=165"}],"version-history":[{"count":1,"href":"https:\/\/blog.espol.edu.ec\/majorami\/wp-json\/wp\/v2\/pages\/165\/revisions"}],"predecessor-version":[{"id":170,"href":"https:\/\/blog.espol.edu.ec\/majorami\/wp-json\/wp\/v2\/pages\/165\/revisions\/170"}],"wp:attachment":[{"href":"https:\/\/blog.espol.edu.ec\/majorami\/wp-json\/wp\/v2\/media?parent=165"}],"curies":[{"name":"wp","href":"https:\/\/api.w.org\/{rel}","templated":true}]}}